{"id":14145,"date":"2025-10-12T21:46:50","date_gmt":"2025-10-12T13:46:50","guid":{"rendered":"https:\/\/green-grasshopper-921422.hostingersite.com\/?post_type=product&#038;p=14145"},"modified":"2026-01-30T17:28:32","modified_gmt":"2026-01-30T09:28:32","slug":"aivono-aim-fatmax-50k-puffow-dtl-shisha-vape","status":"publish","type":"product","link":"https:\/\/agoravape.com\/pl\/product\/aivono-aim-fatmax-50k-puffs-dtl-shisha-vape\/","title":{"rendered":"Aivono Aim Fatmax 50K Puffs DTL Shisha Vape | Mocny smak DTL, kt\u00f3ry przetrwa pr\u00f3b\u0119 czasu"},"content":{"rendered":"<h2 data-v-md-heading=\"what-are-the-advantages-of-using-aivono-aim-fatmax-50k-to-smoke-dtl-hookah\" data-v-md-line=\"3\"><img loading=\"lazy\" decoding=\"async\" class=\"aligncenter size-full wp-image-14144\" src=\"https:\/\/agoravape.com\/wp-content\/uploads\/2025\/10\/Aivono-Aim-Fatmax-50K-Puffs-DTL-Shisha-Vape_Agora_vape-1-scaled.webp\" alt=\"\" width=\"2560\" height=\"1312\" srcset=\"https:\/\/agoravape.com\/wp-content\/uploads\/2025\/10\/Aivono-Aim-Fatmax-50K-Puffs-DTL-Shisha-Vape_Agora_vape-1-scaled.webp 2560w, https:\/\/agoravape.com\/wp-content\/uploads\/2025\/10\/Aivono-Aim-Fatmax-50K-Puffs-DTL-Shisha-Vape_Agora_vape-1-scaled-1200x615.webp 1200w, https:\/\/agoravape.com\/wp-content\/uploads\/2025\/10\/Aivono-Aim-Fatmax-50K-Puffs-DTL-Shisha-Vape_Agora_vape-1-300x154.webp 300w, https:\/\/agoravape.com\/wp-content\/uploads\/2025\/10\/Aivono-Aim-Fatmax-50K-Puffs-DTL-Shisha-Vape_Agora_vape-1-1024x525.webp 1024w, https:\/\/agoravape.com\/wp-content\/uploads\/2025\/10\/Aivono-Aim-Fatmax-50K-Puffs-DTL-Shisha-Vape_Agora_vape-1-768x394.webp 768w, https:\/\/agoravape.com\/wp-content\/uploads\/2025\/10\/Aivono-Aim-Fatmax-50K-Puffs-DTL-Shisha-Vape_Agora_vape-1-1536x787.webp 1536w, https:\/\/agoravape.com\/wp-content\/uploads\/2025\/10\/Aivono-Aim-Fatmax-50K-Puffs-DTL-Shisha-Vape_Agora_vape-1-2048x1050.webp 2048w\" sizes=\"auto, (max-width: 2560px) 100vw, 2560px\" \/><\/h2>\n<h2 data-v-md-heading=\"what-are-the-advantages-of-using-aivono-aim-fatmax-50k-to-smoke-dtl-hookah\" data-v-md-line=\"3\">Jakie s\u0105 zalety korzystania z Aivono Aim Fatmax 50K do palenia sziszy DTL?<\/h2>\n<p data-v-md-line=\"4\">Je\u015bli chcesz mie\u0107 trwa\u0142\u0105 i wytrzyma\u0142\u0105 fajk\u0119 wodn\u0105 w stylu sziszy, ten produkt pomo\u017ce Ci \u0142atwo zacz\u0105\u0107. Aivono Aim Fatmax mo\u017ce zassa\u0107 do 50000 zaci\u0105gni\u0119\u0107 i ma niezmiennie bogat\u0105 tekstur\u0119 DTL.<\/p>\n<p data-v-md-line=\"6\">Jest odpowiedni dla wszystkich, kt\u00f3rzy lubi\u0105 g\u0142adk\u0105, przejrzyst\u0105 i bogat\u0105 mieszank\u0119 smak\u00f3w fajki wodnej. Nie wymaga \u017cmudnych operacji, skomplikowanych ustawie\u0144, niezawodnej wydajno\u015bci i smaku, kt\u00f3rego naprawd\u0119 oczekujesz.<\/p>\n<h2 data-v-md-heading=\"excellent-performance-without-any-complexity\" data-v-md-line=\"8\">Doskona\u0142a wydajno\u015b\u0107 bez z\u0142o\u017cono\u015bci<\/h2>\n<p data-v-md-line=\"9\">Siatkowa cewka 0,6 \u03a9 nap\u0119dza smak, sprawiaj\u0105c, \u017ce ka\u017cdy k\u0119s jest czysty i pe\u0142ny bez \u017cadnej ospa\u0142o\u015bci. Dost\u0119pny jest r\u00f3wnie\u017c wygodny wska\u017anik poziomu na\u0142adowania baterii i poziomu e-liquidu, co oznacza, \u017ce nieoczekiwane sytuacje w po\u0142udnie zostan\u0105 ograniczone. Gdy poziom na\u0142adowania baterii jest niski, wystarczy pod\u0142\u0105czy\u0107 kabel danych typu C, aby na\u0142adowa\u0107 urz\u0105dzenie za pomoc\u0105 tego samego kabla, co telefon. \u0141atwy w u\u017cyciu.<\/p>\n<h2 data-v-md-heading=\"specification-overview\" data-v-md-line=\"11\">Przegl\u0105d specyfikacji<\/h2>\n<ul data-v-md-line=\"12\">\n<li>Cz\u0119stotliwo\u015b\u0107 zasysania: do 50000 razy<\/li>\n<li>Zawarto\u015b\u0107 nikotyny: 0%, 2%, 3%, 5% (konkretna poda\u017c mo\u017ce si\u0119 r\u00f3\u017cni\u0107 w zale\u017cno\u015bci od regionu)<\/li>\n<li>Cewka: cewka siatkowa 0,6 \u03a9<\/li>\n<li>Pojemno\u015b\u0107 e-liquidu: 30 mililitr\u00f3w<\/li>\n<li>Bateria: akumulator o pojemno\u015bci 800 mAh<\/li>\n<li>Zasada dzia\u0142ania: Ssanie DTL, praca wspomagana ekranem, \u0142atwa obs\u0142uga<\/li>\n<li>\u0141adowanie: Standardowy interfejs USB typu C<\/li>\n<li>Ekran wy\u015bwietlacza: wska\u017anik poziomu baterii i e-liquidu<\/li>\n<li>Status: Gotowy do u\u017cycia po rozpakowaniu<\/li>\n<\/ul>\n<h2 data-v-md-heading=\"multiple-flavor-options\" data-v-md-line=\"22\">Wiele opcji smakowych<\/h2>\n<ul data-v-md-line=\"23\">\n<li>Wi\u015bnia Malina<\/li>\n<li>Podw\u00f3jne jab\u0142ka<\/li>\n<li>Mi\u0119ta winogronowa<\/li>\n<li>Guma jagodowa<\/li>\n<li>Love 66 (marakuja, krwista pomara\u0144cza, mi\u0119ta)<\/li>\n<li>Lucid Dream (Blueberry Lemon Mint)<\/li>\n<li>Lush Ice (l\u00f3d arbuzowy)<\/li>\n<li>Brzoskwiniowy l\u00f3d<\/li>\n<li>Berry Ice<\/li>\n<li>Strawberry Panqu (dojrza\u0142e truskawki i orze\u017awiaj\u0105ce owoce)<\/li>\n<\/ul>\n<h2 data-v-md-heading=\"for-you-and-your-company\" data-v-md-line=\"34\">Dla Ciebie i Twojej firmy<\/h2>\n<p data-v-md-line=\"35\">Mo\u017cesz kupi\u0107 Aivono Aim Fatmax 50K dla siebie lub doda\u0107 go do swojego sklepu. Zapewniamy 140 hurtowych pude\u0142ek kartonowych, kt\u00f3re mo\u017cna wys\u0142a\u0107 w dowolnym momencie. Je\u015bli Twoi klienci chc\u0105 trwa\u0142ego jednorazowego e-liquidu DTL, kt\u00f3ry mo\u017ce p\u0142ynnie \u0142\u0105czy\u0107 si\u0119 ze smakiem fajki wodnej, to jest to m\u0105dry wyb\u00f3r.<\/p>\n<p data-v-md-line=\"37\">\u015awiadczymy us\u0142ugi dostawy DDP w ca\u0142ej Europie za po\u015brednictwem zaufanych partner\u00f3w, takich jak UPS, DPD i DHL, zapewniaj\u0105c przejrzyste ceny i brak nieoczekiwanych problem\u00f3w celnych. Mo\u017cesz cieszy\u0107 si\u0119 \u015bledzeniem dostawy i niezawodnym obrotem.<\/p>\n<h2 data-v-md-heading=\"why-do-you-like-it\" data-v-md-line=\"39\">Dlaczego to lubisz?<\/h2>\n<ul data-v-md-line=\"40\">\n<li>Ogromne ssanie: do 50 tys. ssania oznacza mniej powt\u00f3rnych zakup\u00f3w i wy\u017csz\u0105 warto\u015b\u0107.<\/li>\n<li>Wyb\u00f3r nikotyny: Wybierz odpowiednie st\u0119\u017cenie nikotyny na dany dzie\u0144.<\/li>\n<li>Mo\u017cliwo\u015b\u0107 \u0142adowania: W pe\u0142ni wykorzystaj ka\u017cd\u0105 kropl\u0119 30 ml zakupionego e-liquidu.<\/li>\n<li>Siatkowa cewka: Sp\u00f3jny smak, p\u0142ynne doznania DTL.<\/li>\n<li>Inteligentny ekran wy\u015bwietlacza: Poziomy baterii i e-liquidu s\u0105 czytelne na pierwszy rzut oka, dzi\u0119ki czemu nigdy nie utkniesz.<\/li>\n<\/ul>\n<h2 data-v-md-heading=\"why-collaborate-with-agoravape\" data-v-md-line=\"46\">Dlaczego warto wsp\u00f3\u0142pracowa\u0107 z AgoraVape?<\/h2>\n<p data-v-md-line=\"47\">Sprzedajemy tylko oryginalne produkty 100% i gwarantujemy jako\u015b\u0107 dostarczanych przez nas produkt\u00f3w. Nasi klienci B2B mog\u0105 cieszy\u0107 si\u0119 obni\u017conymi cenami hurtowymi, elastycznym wsparciem technicznym i szybkimi us\u0142ugami dostawy DDP dla Aivono Aim Fatmax 50K Puffs DTL hookah vapes. Je\u015bli potrzebujesz niezawodnego produktu jednorazowego u\u017cytku DTL o du\u017cej pojemno\u015bci, kt\u00f3ry przyci\u0105gnie klient\u00f3w do powrotu, skontaktuj si\u0119 z nami.<\/p>","protected":false},"excerpt":{"rendered":"<p>What are the advantages of using Aivono Aim Fatmax 50K to smoke DTL hookah? If you want a long-lasting and<\/p>","protected":false},"featured_media":14166,"comment_status":"open","ping_status":"closed","template":"","meta":[],"product_brand":[211],"product_cat":[124,187,185,189,1641,138,174,175,193,191,179,173,186,180,190,192],"product_tag":[],"class_list":{"0":"post-14145","1":"product","2":"type-product","3":"status-publish","4":"has-post-thumbnail","6":"product_brand-aivono","7":"product_cat-vape-by-brand","8":"product_cat-0mg-nicotine-free-vapes","9":"product_cat-10000-puffs-high-capacity","10":"product_cat-20mg-standard-nicotine-vapes","11":"product_cat-50000-puffs","12":"product_cat-aivono","13":"product_cat-fruit-flavors","14":"product_cat-icy-mint","15":"product_cat-mesh-coil","16":"product_cat-rechargeable-disposables","17":"product_cat-unique-blends","18":"product_cat-vape-by-flavor-profile","19":"product_cat-vape-by-nicotine-strength","20":"product_cat-vape-by-puff-count","21":"product_cat-vape-by-feature-or-type","22":"product_cat-vapes-with-screens","24":"first","25":"instock","26":"shipping-taxable","27":"purchasable","28":"product-type-variable","29":"has-default-attributes"},"tiered_pricing_type":"percentage","tiered_pricing_fixed_rules":[],"tiered_pricing_product_settings":{"layout":"default","base_unit_name":{"singular":null,"plural":null},"default_variation":null},"tiered_pricing_minimum_quantity":10,"tiered_pricing_roles_data":[],"tiered_pricing_percentage_rules":{"30":"29","50":"35","100":"40","200":"44","500":"47","1000":"49"},"tiered_pricing_maximum_quantity":null,"tiered_pricing_quantity_step":"10","_links":{"self":[{"href":"https:\/\/agoravape.com\/pl\/wp-json\/wp\/v2\/product\/14145","targetHints":{"allow":["GET"]}}],"collection":[{"href":"https:\/\/agoravape.com\/pl\/wp-json\/wp\/v2\/product"}],"about":[{"href":"https:\/\/agoravape.com\/pl\/wp-json\/wp\/v2\/types\/product"}],"replies":[{"embeddable":true,"href":"https:\/\/agoravape.com\/pl\/wp-json\/wp\/v2\/comments?post=14145"}],"version-history":[{"count":0,"href":"https:\/\/agoravape.com\/pl\/wp-json\/wp\/v2\/product\/14145\/revisions"}],"wp:featuredmedia":[{"embeddable":true,"href":"https:\/\/agoravape.com\/pl\/wp-json\/wp\/v2\/media\/14166"}],"wp:attachment":[{"href":"https:\/\/agoravape.com\/pl\/wp-json\/wp\/v2\/media?parent=14145"}],"wp:term":[{"taxonomy":"product_brand","embeddable":true,"href":"https:\/\/agoravape.com\/pl\/wp-json\/wp\/v2\/product_brand?post=14145"},{"taxonomy":"product_cat","embeddable":true,"href":"https:\/\/agoravape.com\/pl\/wp-json\/wp\/v2\/product_cat?post=14145"},{"taxonomy":"product_tag","embeddable":true,"href":"https:\/\/agoravape.com\/pl\/wp-json\/wp\/v2\/product_tag?post=14145"}],"curies":[{"name":"wp","href":"https:\/\/api.w.org\/{rel}","templated":true}]}}