{"id":14170,"date":"2025-10-12T22:04:18","date_gmt":"2025-10-12T14:04:18","guid":{"rendered":"https:\/\/green-grasshopper-921422.hostingersite.com\/?post_type=product&#038;p=14170"},"modified":"2026-01-19T22:06:46","modified_gmt":"2026-01-19T14:06:46","slug":"aivono-aim-flame-30k-puffs-vape-z-podwojnym-przeplywem-powietrza","status":"publish","type":"product","link":"https:\/\/agoravape.com\/pl\/product\/aivono-aim-flame-30k-puffs-dual-airflow-vape\/","title":{"rendered":"Aivono Aim Flame 30K Puffs Dual Airflow Vape | Du\u017ce zaci\u0105gni\u0119cia z \u0142atw\u0105 regulacj\u0105 ci\u0105gu"},"content":{"rendered":"<h2 data-v-md-heading=\"what-are-the-highlights-of-the-aivono-aim-flame-30k-dual-intake-vape\" data-v-md-line=\"3\">Jakie s\u0105 najwa\u017cniejsze cechy vape Aivono Aim Flame 30K z podw\u00f3jnym wlotem?<\/h2>\n<p data-v-md-line=\"4\">Je\u015bli jeste\u015b zm\u0119czony u\u017cywaniem jednorazowych waporyzator\u00f3w przed weekendem, ten produkt jest zdecydowanie warty uwagi. Aivono Aim Flame ma pojemno\u015b\u0107 do 30000 port\u00f3w, prost\u0105 obs\u0142ug\u0119 i p\u0142ynne zasysanie. Mo\u017cna go dostosowa\u0107 do w\u0142asnych preferencji.<\/p>\n<p data-v-md-line=\"6\">Je\u015bli zale\u017cy Ci na niezawodnym, stabilnym smaku i braku konieczno\u015bci cz\u0119stej wymiany vape, to ten produkt jest idealnym wyborem. Posiada on funkcj\u0119 podw\u00f3jnej regulacji wlotu, co pozwala na \u0142atwe zasysanie bardziej zwartej tekstury lub szerszego pola widzenia. Ponadto jest on wyposa\u017cony w wygodne kontrolki baterii i e-liquidu, kt\u00f3re przypominaj\u0105 o konieczno\u015bci na\u0142adowania lub wymiany urz\u0105dzenia.<\/p>\n<h2 data-v-md-heading=\"excellent-performance-easy-and-convenient\" data-v-md-line=\"8\">Doskona\u0142a wydajno\u015b\u0107, \u0142atwo\u015b\u0107 i wygoda<\/h2>\n<p data-v-md-line=\"9\">Rdzeniem Aim Flame jest cewka z podw\u00f3jn\u0105 siatk\u0105. Dlatego ka\u017cdy k\u0119s pozostaje czysty i orze\u017awiaj\u0105cy, o sp\u00f3jnym smaku. Gdy bateria jest roz\u0142adowana, mo\u017cna j\u0105 na\u0142adowa\u0107 przez Type-C za pomoc\u0105 kabli powszechnie u\u017cywanych w telefonie. Posiada r\u00f3wnie\u017c blokad\u0119 przed dzie\u0107mi, kt\u00f3ra zapewnia spok\u00f3j ducha, a funkcja szybkiego \u0142adowania pozwala \u0142atwo cieszy\u0107 si\u0119 przyjemno\u015bci\u0105 z waporyzacji.<\/p>\n<h2 data-v-md-heading=\"specification-introduction\" data-v-md-line=\"11\">Wprowadzenie do specyfikacji<\/h2>\n<ul data-v-md-line=\"12\">\n<li>Cz\u0119stotliwo\u015b\u0107 zasysania: do 30000 razy<\/li>\n<li>Zawarto\u015b\u0107 nikotyny: 2%, 3% lub 5%<\/li>\n<li>Zasada dzia\u0142ania: Aktywacja jednym zaci\u0105gni\u0119ciem<\/li>\n<li>\u0141adowanie: Interfejs USB typu C<\/li>\n<li>Status: Gotowy do u\u017cycia od razu po wyj\u0119ciu z pude\u0142ka<\/li>\n<li>Pojemno\u015b\u0107 e-liquidu: 25 mililitr\u00f3w<\/li>\n<li>Rdze\u0144 rozpylaj\u0105cy: podw\u00f3jna siatka 1,2 \u03a9<\/li>\n<li>Bateria: akumulator 13450 o pojemno\u015bci 650 mAh z czystego kobaltu<\/li>\n<li>Wlot powietrza: Podw\u00f3jny regulowany wlot powietrza<\/li>\n<li>Ekran wy\u015bwietlacza: wska\u017aniki poziomu na\u0142adowania baterii i poziomu e-cieczy<\/li>\n<li>Bezpiecze\u0144stwo: Blokada przed dzie\u0107mi<\/li>\n<li>Rozmiar i waga: 48 \u00d7 82 mm, 87 g<\/li>\n<\/ul>\n<h2 data-v-md-heading=\"for-you-for-your-business\" data-v-md-line=\"25\">Dla Ciebie, dla Twojej firmy<\/h2>\n<p data-v-md-line=\"26\">Mo\u017cesz u\u017cywa\u0107 Aivono Aim Flame 30K do u\u017cytku osobistego lub doda\u0107 go do swojego sklepu. Hurtowe pude\u0142ka kartonowe zawieraj\u0105 200 sztuk, dzi\u0119ki czemu \u0142atwo jest utrzyma\u0107 p\u00f3\u0142ki w pe\u0142ni za\u0142adowane i zadowoli\u0107 klient\u00f3w.<\/p>\n<p data-v-md-line=\"28\">Wysy\u0142amy za po\u015brednictwem zaufanych partner\u00f3w, takich jak UPS, DPD i DHL na zasadzie DDP po op\u0142aceniu podatku. Twoje zam\u00f3wienie zostanie dostarczone na czas i b\u0119dzie mia\u0142o zapisy \u015bledzenia, aby unikn\u0105\u0107 wypadk\u00f3w w urz\u0119dzie celnym.<\/p>\n<h2 data-v-md-heading=\"why-do-you-like-it\" data-v-md-line=\"30\">Dlaczego to lubisz?<\/h2>\n<ul data-v-md-line=\"31\">\n<li>Du\u017ca wydajno\u015b\u0107 ssania: d\u0142u\u017cszy czas ssania, brak konieczno\u015bci cz\u0119stego zakupu nowych wk\u0142ad\u00f3w.<\/li>\n<li>Wyb\u00f3r nikotyny: Wybierz st\u0119\u017cenie, kt\u00f3re odpowiada Twojej dziennej dawce.<\/li>\n<li>Mo\u017cliwo\u015b\u0107 wielokrotnego \u0142adowania: Przy ka\u017cdym zakupie zabraknie Ci e-liquidu.<\/li>\n<li>Siatkowa cewka: utrzymuje sta\u0142\u0105 tekstur\u0119 przy ka\u017cdym zasysaniu.<\/li>\n<li>Regulowany wlot: mo\u017cliwo\u015b\u0107 prze\u0142\u0105czania mi\u0119dzy mocnym ssaniem a lekkim ssaniem.<\/li>\n<\/ul>\n<h2 data-v-md-heading=\"why-choose-to-collaborate-with-agoravape\" data-v-md-line=\"37\">Dlaczego warto zdecydowa\u0107 si\u0119 na wsp\u00f3\u0142prac\u0119 z AgoraVape?<\/h2>\n<p data-v-md-line=\"38\">Sprzedajemy tylko oryginalne produkty 100% i nie mamy co do tego w\u0105tpliwo\u015bci. Je\u015bli kupisz Aivono Aim Flame 30K dual intake vapes hurtowo, otrzymasz obni\u017cone ceny, niezawodne wsparcie oraz szybki i niezawodny transport. Skontaktuj si\u0119 z nami, a my dostarczymy Twoim klientom urz\u0105dzenia, kt\u00f3re naprawd\u0119 pokochaj\u0105.<\/p>","protected":false},"excerpt":{"rendered":"<p>Jakie s\u0105 zalety waporyzatora z podw\u00f3jnym wlotem Aivono Aim Flame 30K? Je\u015bli jeste\u015b zm\u0119czony u\u017cywaniem jednorazowych waporyzator\u00f3w<\/p>","protected":false},"featured_media":14185,"comment_status":"open","ping_status":"closed","template":"","meta":[],"product_brand":[211],"product_cat":[124,185,189,1637,194,138,196,174,175,193,191,173,186,180,190,192],"product_tag":[],"class_list":{"0":"post-14170","1":"product","2":"type-product","3":"status-publish","4":"has-post-thumbnail","6":"product_brand-aivono","7":"product_cat-vape-by-brand","8":"product_cat-10000-puffs-high-capacity","9":"product_cat-20mg-standard-nicotine-vapes","10":"product_cat-30000-puffs","11":"product_cat-adjustable-airflow","12":"product_cat-aivono","13":"product_cat-child-safety-features","14":"product_cat-fruit-flavors","15":"product_cat-icy-mint","16":"product_cat-mesh-coil","17":"product_cat-rechargeable-disposables","18":"product_cat-vape-by-flavor-profile","19":"product_cat-vape-by-nicotine-strength","20":"product_cat-vape-by-puff-count","21":"product_cat-vape-by-feature-or-type","22":"product_cat-vapes-with-screens","24":"first","25":"onbackorder","26":"shipping-taxable","27":"purchasable","28":"product-type-variable","29":"has-default-attributes"},"tiered_pricing_type":"percentage","tiered_pricing_fixed_rules":[],"tiered_pricing_product_settings":{"layout":"default","base_unit_name":{"singular":null,"plural":null},"default_variation":null},"tiered_pricing_minimum_quantity":10,"tiered_pricing_roles_data":[],"tiered_pricing_percentage_rules":{"30":"29","50":"35","100":"40","200":"44","500":"47","1000":"49"},"tiered_pricing_maximum_quantity":null,"tiered_pricing_quantity_step":"10","_links":{"self":[{"href":"https:\/\/agoravape.com\/pl\/wp-json\/wp\/v2\/product\/14170","targetHints":{"allow":["GET"]}}],"collection":[{"href":"https:\/\/agoravape.com\/pl\/wp-json\/wp\/v2\/product"}],"about":[{"href":"https:\/\/agoravape.com\/pl\/wp-json\/wp\/v2\/types\/product"}],"replies":[{"embeddable":true,"href":"https:\/\/agoravape.com\/pl\/wp-json\/wp\/v2\/comments?post=14170"}],"version-history":[{"count":0,"href":"https:\/\/agoravape.com\/pl\/wp-json\/wp\/v2\/product\/14170\/revisions"}],"wp:featuredmedia":[{"embeddable":true,"href":"https:\/\/agoravape.com\/pl\/wp-json\/wp\/v2\/media\/14185"}],"wp:attachment":[{"href":"https:\/\/agoravape.com\/pl\/wp-json\/wp\/v2\/media?parent=14170"}],"wp:term":[{"taxonomy":"product_brand","embeddable":true,"href":"https:\/\/agoravape.com\/pl\/wp-json\/wp\/v2\/product_brand?post=14170"},{"taxonomy":"product_cat","embeddable":true,"href":"https:\/\/agoravape.com\/pl\/wp-json\/wp\/v2\/product_cat?post=14170"},{"taxonomy":"product_tag","embeddable":true,"href":"https:\/\/agoravape.com\/pl\/wp-json\/wp\/v2\/product_tag?post=14170"}],"curies":[{"name":"wp","href":"https:\/\/api.w.org\/{rel}","templated":true}]}}