{"id":14195,"date":"2025-10-12T22:12:57","date_gmt":"2025-10-12T14:12:57","guid":{"rendered":"https:\/\/green-grasshopper-921422.hostingersite.com\/?post_type=product&#038;p=14195"},"modified":"2025-12-31T22:59:31","modified_gmt":"2025-12-31T14:59:31","slug":"aivono-aim-flash-35k-puffs-dual-mesh-vape","status":"publish","type":"product","link":"https:\/\/agoravape.com\/pl\/product\/aivono-aim-flash-35k-puffs-dual-mesh-vape\/","title":{"rendered":"Aivono Aim Flash 35K Puffs Dual Mesh Jednorazowe Vape | Du\u017ce zaci\u0105gni\u0119cia, sp\u00f3jny smak"},"content":{"rendered":"<h2 data-v-md-heading=\"what-are-the-highlights-of-the-aivono-aim-flash-35k-dual-network-disposable-vape\" data-v-md-line=\"3\">Jakie s\u0105 najwa\u017cniejsze cechy jednorazowego waporyzatora Aivono Aim Flash 35K z podw\u00f3jn\u0105 sieci\u0105?<\/h2>\n<p data-v-md-line=\"4\">Je\u015bli jeste\u015b zm\u0119czony jednorazowymi waporyzatorami, kt\u00f3re trac\u0105 wa\u017cno\u015b\u0107 w ci\u0105gu kilku dni, ten produkt zmieni Twoje wra\u017cenia. Aivono Aim Flash jest wyposa\u017cony w dwa rdzenie i mo\u017ce pomie\u015bci\u0107 do 35000 zaci\u0105gni\u0119\u0107, pozwalaj\u0105c zachowa\u0107 bogaty smak od pocz\u0105tku do ko\u0144ca. Je\u015bli chcesz waporyzatora, kt\u00f3ry jest trwa\u0142y, ma doskona\u0142y smak i nie wymaga \u017cmudnej konfiguracji ani konserwacji, to jest to idealny wyb\u00f3r.<\/p>\n<p data-v-md-line=\"6\">Mo\u017cna by pomy\u015ble\u0107, \u017ce smak b\u0119dzie si\u0119 stopniowo pogarsza\u0142 po tak d\u0142ugim czasie u\u017cytkowania urz\u0105dzenia, ale konstrukcja z podw\u00f3jn\u0105 siatk\u0105 mo\u017ce utrzyma\u0107 p\u0142ynne i sp\u00f3jne ssanie za ka\u017cdym razem. Wystarczy wybra\u0107 ulubiony smak i st\u0119\u017cenie nikotyny, aby z \u0142atwo\u015bci\u0105 rozpocz\u0105\u0107 palenie.<\/p>\n<h2 data-v-md-heading=\"excellent-performance-no-need-for-complex-operations\" data-v-md-line=\"8\">Doskona\u0142a wydajno\u015b\u0107, brak konieczno\u015bci wykonywania skomplikowanych operacji<\/h2>\n<p data-v-md-line=\"9\">Podw\u00f3jny rdze\u0144 jest najwa\u017cniejszym elementem tego produktu. Mo\u017ce on r\u00f3wnomiernie si\u0119 nagrzewa\u0107, pozwalaj\u0105c uzyska\u0107 pe\u0142ny i czysty smak przy ka\u017cdym zaci\u0105gni\u0119ciu. Gdy bateria jest roz\u0142adowana, mo\u017cna j\u0105 na\u0142adowa\u0107 za pomoc\u0105 interfejsu typu C, a kabel do \u0142adowania mo\u017ce by\u0107 taki sam jak kabel do \u0142adowania telefonu. Nie ma potrzeby korzystania z przycisk\u00f3w ani menu. Wystarczy wzi\u0105\u0107 wdech i jest gotowy do u\u017cycia.<\/p>\n<h2 data-v-md-heading=\"specification-introduction\" data-v-md-line=\"11\">Wprowadzenie do specyfikacji<\/h2>\n<ul data-v-md-line=\"12\">\n<li>Liczba przyssawek: do 35000 przyssawek<\/li>\n<li>Pojemno\u015b\u0107 e-liquidu: 28 mililitr\u00f3w<\/li>\n<li>Bateria: akumulator o pojemno\u015bci 850 mAh<\/li>\n<li>Rdze\u0144 rozpylaj\u0105cy: podw\u00f3jna siatka 1,0 \u03a9<\/li>\n<li>St\u0119\u017cenie nikotyny: 0%, 2%, 3% i 5% opcjonalnie<\/li>\n<li>\u0141adowanie: Interfejs USB typu C<\/li>\n<li>Zasada dzia\u0142ania: Aktywacja jednym zaci\u0105gni\u0119ciem<\/li>\n<li>Status: Gotowy do u\u017cycia po rozpakowaniu<\/li>\n<\/ul>\n<h2 data-v-md-heading=\"full-range-of-flavors\" data-v-md-line=\"21\">Pe\u0142na gama smak\u00f3w<\/h2>\n<ul data-v-md-line=\"22\">\n<li>Koktajl truskawkowy<\/li>\n<li>Truskawka arbuz<\/li>\n<li>Raspberry Cherry<\/li>\n<li>Koktajl jagodowy<\/li>\n<li>Cytryna jako<\/li>\n<li>Sok brzoskwiniowy<\/li>\n<li>Jagody i winogrona<\/li>\n<li>Guma balonowa o smaku arbuza<\/li>\n<li>Kwa\u015bne jab\u0142ka<\/li>\n<li>Mango Ananas<\/li>\n<li>Blue Ranch<\/li>\n<li>Koktajl arbuzowy<\/li>\n<li>Koktajl winogronowy<\/li>\n<li>Mieszane jagody<\/li>\n<li>Truskawka Kiwi<\/li>\n<\/ul>\n<h2 data-v-md-heading=\"for-you-for-your-business\" data-v-md-line=\"38\">Dla Ciebie, dla Twojej firmy<\/h2>\n<p data-v-md-line=\"39\">Mo\u017cesz kupi\u0107 Aivono Aim Flash 35K do u\u017cytku osobistego lub doda\u0107 go do swojego sklepu. Oferujemy opakowania hurtowe, a ilo\u015b\u0107 opakowa\u0144 mo\u017ce si\u0119 r\u00f3\u017cni\u0107 w zale\u017cno\u015bci od partii. Skontaktuj si\u0119 z nami, a potwierdzimy aktualn\u0105 wielko\u015b\u0107 opakowania Twojego zam\u00f3wienia.<\/p>\n<p data-v-md-line=\"41\">\u015awiadczymy us\u0142ugi Duty Paid Delivery (DDP) za po\u015brednictwem zaufanych partner\u00f3w, takich jak UPS, DPD i DHL w ca\u0142ej Europie, aby zapewni\u0107 dostaw\u0119 DDP i unikn\u0105\u0107 nieoczekiwanych incydent\u00f3w celnych. Zam\u00f3wienie mo\u017cna \u015bledzi\u0107. Poufno\u015b\u0107 opakowania. P\u0142atno\u015b\u0107 jest przetwarzana za po\u015brednictwem bezpiecznej bramki.<\/p>\n<h2 data-v-md-heading=\"why-do-you-like-it\" data-v-md-line=\"43\">Dlaczego to lubisz?<\/h2>\n<ul data-v-md-line=\"44\">\n<li>Ogromne ssanie: Wytrzyma\u0142y i d\u0142ugotrwa\u0142y, bez konieczno\u015bci cz\u0119stej wymiany vap\u00f3w.<\/li>\n<li>Wyb\u00f3r nikotyny: Wybierz st\u0119\u017cenie, kt\u00f3re odpowiada Twoim preferencjom i lokalnym przepisom.<\/li>\n<li>Akumulator: U\u017cywasz wszystkich zakupionych e-liquid\u00f3w.<\/li>\n<li>Siatkowa cewka: Od pierwszego do ostatniego \u0142yku smak pozostaje niezmienny.<\/li>\n<\/ul>\n<h2 data-v-md-heading=\"quick-explanation-of-compliance\" data-v-md-line=\"49\">Szybkie wyja\u015bnienie zgodno\u015bci<\/h2>\n<p data-v-md-line=\"50\">Poda\u017c nikotyny r\u00f3\u017cni si\u0119 w zale\u017cno\u015bci od rynku. W razie potrzeby oferujemy opcje zgodne z normami TPD\/TRRP i mo\u017cemy przedstawi\u0107 zalecenia dotycz\u0105ce dopuszczalnego st\u0119\u017cenia e-liquidu w danym kraju\/regionie. Wszystkie produkty s\u0105 oryginalne i opatrzone czytelnymi etykietami oraz informacjami dotycz\u0105cymi bezpiecze\u0144stwa.<\/p>\n<h2 data-v-md-heading=\"why-choose-to-collaborate-with-agoravape\" data-v-md-line=\"52\">Dlaczego warto zdecydowa\u0107 si\u0119 na wsp\u00f3\u0142prac\u0119 z AgoraVape?<\/h2>\n<p data-v-md-line=\"53\">Jeste\u015bmy jednym z zaufanych dystrybutor\u00f3w vape w Europie i sprzedajemy tylko oryginalne produkty. Klienci korporacyjni mog\u0105 cieszy\u0107 si\u0119 obni\u017conymi cenami hurtowymi, szybkim wsparciem i szybkimi us\u0142ugami dostawy DDP dla jednorazowych vape Aivono Aim Flash 35K. Na \u017cyczenie mo\u017cemy zapewni\u0107 opcje OEM\/ODM. Skontaktuj si\u0119 z nami, aby zarezerwowa\u0107 godne zaufania urz\u0105dzenie dla swoich klient\u00f3w.<\/p>","protected":false},"excerpt":{"rendered":"<p>&nbsp;<\/p>","protected":false},"featured_media":14215,"comment_status":"open","ping_status":"closed","template":"","meta":[],"product_brand":[211],"product_cat":[124,187,185,189,138,174,175,193,191,173,186,180,190],"product_tag":[],"class_list":{"0":"post-14195","1":"product","2":"type-product","3":"status-publish","4":"has-post-thumbnail","6":"product_brand-aivono","7":"product_cat-vape-by-brand","8":"product_cat-0mg-nicotine-free-vapes","9":"product_cat-10000-puffs-high-capacity","10":"product_cat-20mg-standard-nicotine-vapes","11":"product_cat-aivono","12":"product_cat-fruit-flavors","13":"product_cat-icy-mint","14":"product_cat-mesh-coil","15":"product_cat-rechargeable-disposables","16":"product_cat-vape-by-flavor-profile","17":"product_cat-vape-by-nicotine-strength","18":"product_cat-vape-by-puff-count","19":"product_cat-vape-by-feature-or-type","21":"first","22":"instock","23":"shipping-taxable","24":"purchasable","25":"product-type-variable","26":"has-default-attributes"},"tiered_pricing_type":"percentage","tiered_pricing_fixed_rules":[],"tiered_pricing_product_settings":{"layout":"default","base_unit_name":{"singular":null,"plural":null},"default_variation":null},"tiered_pricing_minimum_quantity":10,"tiered_pricing_roles_data":[],"tiered_pricing_percentage_rules":{"30":"29","50":"35","100":"40","200":"44","500":"47","1000":"49"},"tiered_pricing_maximum_quantity":null,"tiered_pricing_quantity_step":"10","_links":{"self":[{"href":"https:\/\/agoravape.com\/pl\/wp-json\/wp\/v2\/product\/14195","targetHints":{"allow":["GET"]}}],"collection":[{"href":"https:\/\/agoravape.com\/pl\/wp-json\/wp\/v2\/product"}],"about":[{"href":"https:\/\/agoravape.com\/pl\/wp-json\/wp\/v2\/types\/product"}],"replies":[{"embeddable":true,"href":"https:\/\/agoravape.com\/pl\/wp-json\/wp\/v2\/comments?post=14195"}],"version-history":[{"count":0,"href":"https:\/\/agoravape.com\/pl\/wp-json\/wp\/v2\/product\/14195\/revisions"}],"wp:featuredmedia":[{"embeddable":true,"href":"https:\/\/agoravape.com\/pl\/wp-json\/wp\/v2\/media\/14215"}],"wp:attachment":[{"href":"https:\/\/agoravape.com\/pl\/wp-json\/wp\/v2\/media?parent=14195"}],"wp:term":[{"taxonomy":"product_brand","embeddable":true,"href":"https:\/\/agoravape.com\/pl\/wp-json\/wp\/v2\/product_brand?post=14195"},{"taxonomy":"product_cat","embeddable":true,"href":"https:\/\/agoravape.com\/pl\/wp-json\/wp\/v2\/product_cat?post=14195"},{"taxonomy":"product_tag","embeddable":true,"href":"https:\/\/agoravape.com\/pl\/wp-json\/wp\/v2\/product_tag?post=14195"}],"curies":[{"name":"wp","href":"https:\/\/api.w.org\/{rel}","templated":true}]}}