{"id":14233,"date":"2025-10-12T22:25:23","date_gmt":"2025-10-12T14:25:23","guid":{"rendered":"https:\/\/green-grasshopper-921422.hostingersite.com\/?post_type=product&#038;p=14233"},"modified":"2026-03-27T06:21:43","modified_gmt":"2026-03-27T05:21:43","slug":"aivono-aim-magic-20k-puffs-top-fill-vape","status":"publish","type":"product","link":"https:\/\/agoravape.com\/pl\/product\/aivono-aim-magic-20k-puffs-top-fill-vape\/","title":{"rendered":"Aivono Aim Magic 20K Puffs Top Fill Disposable Vape | D\u0142ugotrwa\u0142a wygoda i wyrazisty smak"},"content":{"rendered":"<h2 data-v-md-heading=\"what-are-the-advantages-of-aivono-aim-magic-20k-suction-top-injection-disposable-vape\" data-v-md-line=\"3\"><\/h2>\n<h2 data-v-md-heading=\"what-are-the-advantages-of-aivono-aim-magic-20k-suction-top-injection-disposable-vape\" data-v-md-line=\"3\">Jakie s\u0105 zalety jednorazowego waporyzatora Aivono Aim Magic 20K z g\u00f3rnym wtryskiem ss\u0105cym?<\/h2>\n<p data-v-md-line=\"4\">Je\u015bli jeste\u015b zm\u0119czony wymian\u0105 vape co kilka dni, to ten produkt z pewno\u015bci\u0105 Ci\u0119 od\u015bwie\u017cy. Aivono Aim Magic ma pojemno\u015b\u0107 ssania do 20000, jest kompaktowy i przeno\u015bny, co pozwala \u0142atwo osi\u0105gn\u0105\u0107 d\u0142ugotrwa\u0142\u0105 \u017cywotno\u015b\u0107 baterii.<\/p>\n<p data-v-md-line=\"6\">Dla u\u017cytkownik\u00f3w, kt\u00f3rym zale\u017cy na stabilnym smaku i wygodnym codziennym u\u017cytkowaniu, jest to zdecydowanie idealny wyb\u00f3r. Wyra\u017any wska\u017anik poziomu baterii i e-liquidu pozwala \u015bledzi\u0107 stan w dowolnym momencie. Brak wypadk\u00f3w podczas dojazd\u00f3w, p\u0142ynne u\u017cytkowanie.<\/p>\n<h2 data-v-md-heading=\"excellent-performance-worry-free\" data-v-md-line=\"8\">Doskona\u0142a wydajno\u015b\u0107, bez obaw<\/h2>\n<p data-v-md-line=\"9\">Wbudowane podw\u00f3jne cewki siatkowe 1,0 \u03a9 zapewniaj\u0105, \u017ce ka\u017cdy k\u0119s jest tak pyszny, jak pierwszy \u0142yk. Stabilny smak i czysty dym. Gdy poziom na\u0142adowania baterii jest niski, do \u0142adowania mo\u017cna u\u017cy\u0107 kabla do transmisji danych typu C, powszechnie u\u017cywanego w telefonie. Prosty i wygodny. G\u00f3rna konstrukcja \u0142adowania zapewnia praktyczn\u0105 wygod\u0119 konserwacji i \u0142adowania w \u015brodowiskach B2B.<\/p>\n<h2 data-v-md-heading=\"specification-introduction\" data-v-md-line=\"11\">Wprowadzenie do specyfikacji<\/h2>\n<ul data-v-md-line=\"12\">\n<li>Cz\u0119stotliwo\u015b\u0107 zasysania: do 20000 razy<\/li>\n<li>Zawarto\u015b\u0107 nikotyny: 0%, 2%, 3% lub 5%<\/li>\n<li>Zasada dzia\u0142ania: Aktywacja jednym zaci\u0105gni\u0119ciem<\/li>\n<li>Spos\u00f3b \u0142adowania: Interfejs USB typu C<\/li>\n<li>Pojemno\u015b\u0107 e-liquidu: 26 mililitr\u00f3w<\/li>\n<li>Rdze\u0144 rozpylaj\u0105cy: podw\u00f3jna siatka 1,0 \u03a9<\/li>\n<li>Bateria: akumulator o pojemno\u015bci 600 mAh<\/li>\n<li>Ekran wy\u015bwietlacza: wska\u017anik poziomu na\u0142adowania baterii i wska\u017anik poziomu e-cieczy<\/li>\n<li>Status: Gotowy do u\u017cycia po rozpakowaniu<\/li>\n<\/ul>\n<h2 data-v-md-heading=\"full-range-of-flavors\" data-v-md-line=\"22\">Pe\u0142na gama smak\u00f3w<\/h2>\n<ul data-v-md-line=\"23\">\n<li>Koktajl jagodowy<\/li>\n<li>Koktajl truskawkowy<\/li>\n<li>Koktajl arbuzowy<\/li>\n<li>Ananasowo-kokosowe smoothie<\/li>\n<li>Koktajl ananasowo-mango<\/li>\n<li>Koktajl z mieszanych jag\u00f3d<\/li>\n<li>Koktajl truskawkowo-arbuzowy<\/li>\n<li>Koktajl jagodowy<\/li>\n<li>Koktajl brzoskwiniowy<\/li>\n<li>Lody truskawkowe<\/li>\n<\/ul>\n<h2 data-v-md-heading=\"for-you-and-your-business\" data-v-md-line=\"34\">Dla Ciebie i Twojego biznesu<\/h2>\n<p data-v-md-line=\"35\">Mo\u017cesz zakupi\u0107 urz\u0105dzenie do u\u017cytku osobistego lub zaopatrzy\u0107 w nie sw\u00f3j sklep. Hurtowe pude\u0142ka kartonowe mog\u0105 pomie\u015bci\u0107 200 sztuk, dzi\u0119ki czemu mo\u017cna \u0142atwo zaplanowa\u0107 zapasy. Zapewniamy op\u0142acone podatkiem us\u0142ugi wysy\u0142ki DDP z zaufanymi partnerami, takimi jak UPS DPD i DHL, wi\u0119c nie b\u0119dzie \u017cadnych wypadk\u00f3w przy odprawie celnej.<\/p>\n<p data-v-md-line=\"37\">W przypadku zespo\u0142\u00f3w B2B Aim Magic mo\u017ce transportowa\u0107 puste pojemniki, kt\u00f3re klienci mog\u0105 nape\u0142nia\u0107 samodzielnie. Ponadto mo\u017cesz wybra\u0107 niestandardowe \u015bwiec\u0105ce logo, aby wyr\u00f3\u017cni\u0107 swoj\u0105 mark\u0119 na p\u00f3\u0142kach.<\/p>\n<h2 data-v-md-heading=\"why-do-you-like-it\" data-v-md-line=\"39\">Dlaczego to lubisz?<\/h2>\n<ul data-v-md-line=\"40\">\n<li>Masowe palenie: Trwa\u0142e i d\u0142ugowieczne, nie ma potrzeby cz\u0119stego kupowania nowych papieros\u00f3w.<\/li>\n<li>Wyb\u00f3r nikotyny: Wybierz st\u0119\u017cenie odpowiednie do codziennego u\u017cytku.<\/li>\n<li>Mo\u017cliwo\u015b\u0107 wielokrotnego \u0142adowania: Wykorzystujesz wszystkie zakupione e-liquidy.<\/li>\n<li>Siatkowa cewka: Zapewnia sp\u00f3jne i pyszne doznania za ka\u017cdym razem.<\/li>\n<li>Inteligentny ekran wy\u015bwietlacza: Zapewnia przejrzysty widok poziomu baterii i e-liquidu, aby\u015b m\u00f3g\u0142 planowa\u0107 z wyprzedzeniem.<\/li>\n<li>G\u00f3rny wtrysk oleju: Zar\u00f3wno zesp\u00f3\u0142 operacyjny, jak i u\u017cytkownicy masowi mog\u0105 z \u0142atwo\u015bci\u0105 wtryskiwa\u0107 olej.<\/li>\n<\/ul>\n<h2 data-v-md-heading=\"why-collaborate-with-agoravape\" data-v-md-line=\"47\">Dlaczego warto wsp\u00f3\u0142pracowa\u0107 z AgoraVape?<\/h2>\n<p data-v-md-line=\"48\">Sprzedajemy wy\u0142\u0105cznie oryginalne produkty 100% i gwarantujemy jako\u015b\u0107 dostarczanych przez nas produkt\u00f3w. Dla klient\u00f3w komercyjnych oznacza to, \u017ce <a class=\"wpil_keyword_link\" href=\"https:\/\/agoravape.com\/pl\/marka\/aivono\/\" target=\"_blank\" rel=\"noopener\" title=\"Aivono\" data-wpil-keyword-link=\"linked\" data-wpil-monitor-id=\"7176\">Aivono<\/a> Jednorazowe waporyzatory Aim Magic 20K maj\u0105 obni\u017cone ceny hurtowe, niezawodn\u0105 obs\u0142ug\u0119 klienta oraz szybk\u0105 i niezawodn\u0105 logistyk\u0119. Skontaktuj si\u0119 z nami i kup urz\u0105dzenie, kt\u00f3re Twoi klienci naprawd\u0119 doceni\u0105.<\/p>","protected":false},"excerpt":{"rendered":"<p>What are the advantages of Aivono Aim Magic 20K suction top injection disposable vape? If you are tired of changing<\/p>","protected":false},"featured_media":14264,"comment_status":"open","ping_status":"closed","template":"","meta":[],"product_brand":[211],"product_cat":[124,187,185,1636,189,138,174,175,193,191,173,186,180,190,192],"product_tag":[],"class_list":{"0":"post-14233","1":"product","2":"type-product","3":"status-publish","4":"has-post-thumbnail","6":"product_brand-aivono","7":"product_cat-vape-by-brand","8":"product_cat-0mg-nicotine-free-vapes","9":"product_cat-10000-puffs-high-capacity","10":"product_cat-20000-puffs","11":"product_cat-20mg-standard-nicotine-vapes","12":"product_cat-aivono","13":"product_cat-fruit-flavors","14":"product_cat-icy-mint","15":"product_cat-mesh-coil","16":"product_cat-rechargeable-disposables","17":"product_cat-vape-by-flavor-profile","18":"product_cat-vape-by-nicotine-strength","19":"product_cat-vape-by-puff-count","20":"product_cat-vape-by-feature-or-type","21":"product_cat-vapes-with-screens","23":"first","24":"instock","25":"shipping-taxable","26":"purchasable","27":"product-type-variable","28":"has-default-attributes"},"tiered_pricing_type":"percentage","tiered_pricing_fixed_rules":[],"tiered_pricing_product_settings":{"layout":"default","base_unit_name":{"singular":null,"plural":null},"default_variation":null},"tiered_pricing_minimum_quantity":10,"tiered_pricing_roles_data":[],"tiered_pricing_percentage_rules":{"30":"29","50":"35","100":"40","200":"44","500":"47","1000":"49"},"tiered_pricing_maximum_quantity":null,"tiered_pricing_quantity_step":"10","_links":{"self":[{"href":"https:\/\/agoravape.com\/pl\/wp-json\/wp\/v2\/product\/14233","targetHints":{"allow":["GET"]}}],"collection":[{"href":"https:\/\/agoravape.com\/pl\/wp-json\/wp\/v2\/product"}],"about":[{"href":"https:\/\/agoravape.com\/pl\/wp-json\/wp\/v2\/types\/product"}],"replies":[{"embeddable":true,"href":"https:\/\/agoravape.com\/pl\/wp-json\/wp\/v2\/comments?post=14233"}],"version-history":[{"count":1,"href":"https:\/\/agoravape.com\/pl\/wp-json\/wp\/v2\/product\/14233\/revisions"}],"predecessor-version":[{"id":29828,"href":"https:\/\/agoravape.com\/pl\/wp-json\/wp\/v2\/product\/14233\/revisions\/29828"}],"wp:featuredmedia":[{"embeddable":true,"href":"https:\/\/agoravape.com\/pl\/wp-json\/wp\/v2\/media\/14264"}],"wp:attachment":[{"href":"https:\/\/agoravape.com\/pl\/wp-json\/wp\/v2\/media?parent=14233"}],"wp:term":[{"taxonomy":"product_brand","embeddable":true,"href":"https:\/\/agoravape.com\/pl\/wp-json\/wp\/v2\/product_brand?post=14233"},{"taxonomy":"product_cat","embeddable":true,"href":"https:\/\/agoravape.com\/pl\/wp-json\/wp\/v2\/product_cat?post=14233"},{"taxonomy":"product_tag","embeddable":true,"href":"https:\/\/agoravape.com\/pl\/wp-json\/wp\/v2\/product_tag?post=14233"}],"curies":[{"name":"wp","href":"https:\/\/api.w.org\/{rel}","templated":true}]}}