{"id":14381,"date":"2025-10-13T13:12:29","date_gmt":"2025-10-13T05:12:29","guid":{"rendered":"https:\/\/green-grasshopper-921422.hostingersite.com\/?post_type=product&#038;p=14381"},"modified":"2025-12-15T21:30:54","modified_gmt":"2025-12-15T13:30:54","slug":"elf-box-rgb14000-14k-puffow-rgb-vape","status":"publish","type":"product","link":"https:\/\/agoravape.com\/pl\/product\/elf-box-rgb14000-14k-puffs-rgb-vape\/","title":{"rendered":"Elf Box RGB14000 Pufy 14K ze \u015bwiat\u0142em RGB i smycz\u0105 | D\u0142ugotrwa\u0142e pufy z \u0142atwym \u0142adowaniem"},"content":{"rendered":"<h2 data-v-md-heading=\"what-are-the-advantages-of-elf-box-rgb14000-with-a-suction-capacity-of-14k-equipped-with-rgb-lights-and-hanging-ropes\" data-v-md-line=\"3\">Jakie s\u0105 zalety Elf Box RGB14000 z moc\u0105 ssania 14K, wyposa\u017conego w \u015bwiat\u0142a RGB i wisz\u0105ce liny?<\/h2>\n<p data-v-md-line=\"4\">Je\u015bli jeste\u015b zm\u0119czony zbyt szybkim zu\u017cywaniem jednorazowego e-liquidu, ten produkt b\u0119dzie idealnym wyborem. Elf Box RGB14000 ma zdolno\u015b\u0107 zasysania do 14000 port\u00f3w i jest wyposa\u017cony w kolorowe \u015bwiat\u0142a RGB oraz wygodny sznurek do zawieszania dla \u0142atwego dost\u0119pu w dowolnym momencie.<\/p>\n<p data-v-md-line=\"6\">Jest odpowiedni dla ka\u017cdego, kto chce z \u0142atwo\u015bci\u0105 cieszy\u0107 si\u0119 pysznymi doznaniami z waporyzacji. Oferuje r\u00f3\u017cne opcje st\u0119\u017cenia nikotyny, du\u017c\u0105 pojemno\u015b\u0107 e-liquidu wynosz\u0105c\u0105 25 mililitr\u00f3w i d\u0142ugotrwa\u0142y smak. Mo\u017cna by pomy\u015ble\u0107, \u017ce waporyzator o tak du\u017cej pojemno\u015bci b\u0119dzie wydawa\u0142 si\u0119 niepor\u0119czny, ale jest on zaskakuj\u0105co lekki, wa\u017c\u0105c zaledwie 100 gram\u00f3w.<\/p>\n<h2 data-v-md-heading=\"excellent-performance-without-any-complexity\" data-v-md-line=\"8\">Doskona\u0142a wydajno\u015b\u0107 bez z\u0142o\u017cono\u015bci<\/h2>\n<p data-v-md-line=\"9\">Siatkowy rdze\u0144 rozpylaj\u0105cy 1,0 \u03a9, g\u0142adki smak, jeden k\u0119s po drugim. Po tygodniu u\u017cytkowania nie b\u0119dzie wyczuwalny zapach spalenizny. Gdy bateria jest roz\u0142adowana, mo\u017cna j\u0105 na\u0142adowa\u0107 za pomoc\u0105 z\u0142\u0105cza Type-C, kt\u00f3re jest tym samym kablem, kt\u00f3ry jest u\u017cywany w wi\u0119kszo\u015bci telefon\u00f3w. Pod\u0142\u0105cz zasilanie, na\u0142aduj i mo\u017cesz kontynuowa\u0107 u\u017cytkowanie.<\/p>\n<h2 data-v-md-heading=\"specification-introduction\" data-v-md-line=\"11\">Wprowadzenie do specyfikacji<\/h2>\n<ul data-v-md-line=\"12\">\n<li>Cz\u0119stotliwo\u015b\u0107 ssania: do 14000 razy<\/li>\n<li>Zawarto\u015b\u0107 nikotyny: 0%\/2%\/3%\/5%<\/li>\n<li>Zasada dzia\u0142ania: Aktywacja jednym zaci\u0105gni\u0119ciem<\/li>\n<li>\u0141adowanie: Standardowy interfejs USB typu C<\/li>\n<li>Status: Gotowy do u\u017cycia od razu po wyj\u0119ciu z pude\u0142ka<\/li>\n<li>Pojemno\u015b\u0107 e-liquidu: 25 mililitr\u00f3w<\/li>\n<li>Rdze\u0144 rozpylaj\u0105cy: oczko 1,0 \u03a9<\/li>\n<li>Bateria: 600 mAh (18250)<\/li>\n<li>Wymiary i waga: 35 \u00d7 36 \u00d7 133,5 milimetra, oko\u0142o 100 gram\u00f3w<\/li>\n<li>Dodatkowe funkcje: Pasek \u015bwietlny RGB i do\u0142\u0105czona smycz<\/li>\n<li>Opakowanie: 10 sztuk w pude\u0142ku, 200 sztuk w pude\u0142ku<\/li>\n<\/ul>\n<h2 data-v-md-heading=\"full-range-of-flavors\" data-v-md-line=\"24\">Pe\u0142na gama smak\u00f3w<\/h2>\n<ul data-v-md-line=\"25\">\n<li>Smak truskawkowy i arbuzowy<\/li>\n<li>Smak jagodowego smoothie<\/li>\n<li>Smak smoothie truskawkowego<\/li>\n<li>Smak smoothie winogronowego<\/li>\n<li>Smak mi\u0119towego smoothie<\/li>\n<li>Smak Red Bulla<\/li>\n<li>Podw\u00f3jny smak jab\u0142kowy<\/li>\n<li>Pachn\u0105cy smak smoothie<\/li>\n<li>Smak brzoskwiniowy i smak mango<\/li>\n<li>Nap\u00f3j gazowany o smaku wi\u015bniowym<\/li>\n<\/ul>\n<h2 data-v-md-heading=\"for-you-and-for-your-business-as-well\" data-v-md-line=\"36\">Dla Ciebie i dla Twojej firmy<\/h2>\n<p data-v-md-line=\"37\">Istnieje mo\u017cliwo\u015b\u0107 zakupu pojedynczych sztuk do u\u017cytku osobistego lub do zarz\u0105dzania zapasami. Opakowania hurtowe zawieraj\u0105 10 sztuk w pude\u0142ku i 200 sztuk w pude\u0142ku, co u\u0142atwia planowanie. \u015awiadczymy us\u0142ugi dostawy DDP za po\u015brednictwem zaufanych partner\u00f3w, takich jak UPS, DPD i DHL, co pozwala uzyska\u0107 przejrzyste ceny i unikn\u0105\u0107 wypadk\u00f3w celnych.<\/p>\n<h2 data-v-md-heading=\"why-do-you-like-it\" data-v-md-line=\"39\">Dlaczego to lubisz?<\/h2>\n<ul data-v-md-line=\"40\">\n<li>Masowe palenie: Trwa\u0142e i d\u0142ugowieczne, nie ma potrzeby cz\u0119stego kupowania nowych papieros\u00f3w.<\/li>\n<li>Wyb\u00f3r nikotyny: Wybierz st\u0119\u017cenie, kt\u00f3re odpowiada Twoim codziennym potrzebom.<\/li>\n<li>Mo\u017cliwo\u015b\u0107 wielokrotnego \u0142adowania: Za ka\u017cdym razem mo\u017cesz zu\u017cy\u0107 ca\u0142y zakupiony e-liquid.<\/li>\n<li>Siatkowy rdze\u0144 rozpylaj\u0105cy: zapewnia stabilny i d\u0142ugotrwa\u0142y smak za ka\u017cdym razem.<\/li>\n<\/ul>\n<h2 data-v-md-heading=\"why-choose-to-collaborate-with-agoravape\" data-v-md-line=\"45\">Dlaczego warto zdecydowa\u0107 si\u0119 na wsp\u00f3\u0142prac\u0119 z AgoraVape?<\/h2>\n<p data-v-md-line=\"46\">Sprzedajemy tylko oryginalne produkty 100%, dzi\u0119ki czemu mo\u017cesz naprawd\u0119 zrozumie\u0107 zakupione produkty. Dla klient\u00f3w biznesowych oznacza to, \u017ce mo\u017cesz cieszy\u0107 si\u0119 stabilnymi cenami hurtowymi, niezawodnym wsparciem i szybkimi us\u0142ugami dostawy DDP w ca\u0142ej Europie dla pask\u00f3w \u015bwietlnych i smyczy Elf Box RGB14000 14K RGB. Skontaktuj si\u0119 z nami, aby zaopatrzy\u0107 si\u0119 w urz\u0105dzenie, kt\u00f3re naprawd\u0119 kochasz dla swoich klient\u00f3w.<\/p>","protected":false},"excerpt":{"rendered":"<p>&nbsp;<\/p>\n<p><script src=\"chrome-extension:\/\/fpelahbljekknahkcaegamhcndkfpfnc\/iFrame.js\" type=\"text\/javascript\"><\/script><\/p>\n<p><script src=\"chrome-extension:\/\/fpelahbljekknahkcaegamhcndkfpfnc\/iFrame.js\" type=\"text\/javascript\"><\/script><\/p>\n<p><script src=\"chrome-extension:\/\/fpelahbljekknahkcaegamhcndkfpfnc\/iFrame.js\" type=\"text\/javascript\"><\/script><\/p>\n<p><script src=\"chrome-extension:\/\/fpelahbljekknahkcaegamhcndkfpfnc\/iFrame.js\" type=\"text\/javascript\"><\/script><\/p>\n<p><script src=\"chrome-extension:\/\/fpelahbljekknahkcaegamhcndkfpfnc\/iFrame.js\" type=\"text\/javascript\"><\/script><\/p>","protected":false},"featured_media":14402,"comment_status":"open","ping_status":"closed","template":"","meta":[],"product_brand":[212],"product_cat":[124,187,185,189,176,139,174,175,193,191,173,186,180,190],"product_tag":[],"class_list":{"0":"post-14381","1":"product","2":"type-product","3":"status-publish","4":"has-post-thumbnail","6":"product_brand-elf-box","7":"product_cat-vape-by-brand","8":"product_cat-0mg-nicotine-free-vapes","9":"product_cat-10000-puffs-high-capacity","10":"product_cat-20mg-standard-nicotine-vapes","11":"product_cat-beverage","12":"product_cat-elf-box","13":"product_cat-fruit-flavors","14":"product_cat-icy-mint","15":"product_cat-mesh-coil","16":"product_cat-rechargeable-disposables","17":"product_cat-vape-by-flavor-profile","18":"product_cat-vape-by-nicotine-strength","19":"product_cat-vape-by-puff-count","20":"product_cat-vape-by-feature-or-type","22":"first","23":"instock","24":"shipping-taxable","25":"purchasable","26":"product-type-variable","27":"has-default-attributes"},"tiered_pricing_type":"percentage","tiered_pricing_fixed_rules":[],"tiered_pricing_product_settings":{"layout":"default","base_unit_name":{"singular":null,"plural":null},"default_variation":null},"tiered_pricing_minimum_quantity":10,"tiered_pricing_roles_data":[],"tiered_pricing_percentage_rules":{"30":"29","50":"35","100":"40","200":"44","500":"47","1000":"49"},"tiered_pricing_maximum_quantity":null,"tiered_pricing_quantity_step":"10","_links":{"self":[{"href":"https:\/\/agoravape.com\/pl\/wp-json\/wp\/v2\/product\/14381","targetHints":{"allow":["GET"]}}],"collection":[{"href":"https:\/\/agoravape.com\/pl\/wp-json\/wp\/v2\/product"}],"about":[{"href":"https:\/\/agoravape.com\/pl\/wp-json\/wp\/v2\/types\/product"}],"replies":[{"embeddable":true,"href":"https:\/\/agoravape.com\/pl\/wp-json\/wp\/v2\/comments?post=14381"}],"version-history":[{"count":0,"href":"https:\/\/agoravape.com\/pl\/wp-json\/wp\/v2\/product\/14381\/revisions"}],"wp:featuredmedia":[{"embeddable":true,"href":"https:\/\/agoravape.com\/pl\/wp-json\/wp\/v2\/media\/14402"}],"wp:attachment":[{"href":"https:\/\/agoravape.com\/pl\/wp-json\/wp\/v2\/media?parent=14381"}],"wp:term":[{"taxonomy":"product_brand","embeddable":true,"href":"https:\/\/agoravape.com\/pl\/wp-json\/wp\/v2\/product_brand?post=14381"},{"taxonomy":"product_cat","embeddable":true,"href":"https:\/\/agoravape.com\/pl\/wp-json\/wp\/v2\/product_cat?post=14381"},{"taxonomy":"product_tag","embeddable":true,"href":"https:\/\/agoravape.com\/pl\/wp-json\/wp\/v2\/product_tag?post=14381"}],"curies":[{"name":"wp","href":"https:\/\/api.w.org\/{rel}","templated":true}]}}