{"id":14426,"date":"2025-10-13T13:40:04","date_gmt":"2025-10-13T05:40:04","guid":{"rendered":"https:\/\/green-grasshopper-921422.hostingersite.com\/?post_type=product&#038;p=14426"},"modified":"2026-01-19T22:06:35","modified_gmt":"2026-01-19T14:06:35","slug":"vopk-triple-pro-75000-puffow-3-w-1-vape","status":"publish","type":"product","link":"https:\/\/agoravape.com\/pl\/product\/vopk-triple-pro-75000-puffs-3-in-1-vape\/","title":{"rendered":"VOPK Triple Pro 75000 Puffs 3 w 1 Flavor Vape | Trzy smaki w jednym, stworzone, by trwa\u0107"},"content":{"rendered":"<h2 data-v-md-heading=\"what-is-the-charm-of-vopk-triple-pro-75000-three-in-one-vape\" data-v-md-line=\"3\">Jaki jest urok VOPK Triple Pro 75000 trzy w jednym vape?<\/h2>\n<p data-v-md-line=\"4\">Je\u015bli jeste\u015b zm\u0119czony zmienianiem urz\u0105dze\u0144 co kilka dni, ten produkt z pewno\u015bci\u0105 przyci\u0105gnie Twoj\u0105 uwag\u0119. VOPK Triple Pro mo\u017ce pomie\u015bci\u0107 do 75000 porcji trzech smak\u00f3w w jednym urz\u0105dzeniu, eliminuj\u0105c potrzeb\u0119 zmagania si\u0119. Mo\u017cesz zmienia\u0107 sw\u00f3j smak w zale\u017cno\u015bci od zmian nastroju w ci\u0105gu dnia i \u0142atwo cieszy\u0107 si\u0119 zabaw\u0105 przynoszon\u0105 przez waporyzatory.<\/p>\n<p data-v-md-line=\"6\">Je\u015bli zale\u017cy Ci na d\u0142ugiej \u017cywotno\u015bci baterii, prostej obs\u0142udze i bogatym smaku, ten produkt jest idealnym wyborem. Nie ma skomplikowanego menu, nie trzeba zgadywa\u0107. Po prostu p\u0142ynne ssanie i \u0142atwy wyb\u00f3r smaku, wyposa\u017cony w akumulatory i czytelny ekran urz\u0105dzenia.<\/p>\n<h2 data-v-md-heading=\"excellent-performance-easy-and-convenient\" data-v-md-line=\"8\">Doskona\u0142a wydajno\u015b\u0107, \u0142atwo\u015b\u0107 i wygoda<\/h2>\n<p data-v-md-line=\"9\">Potr\u00f3jny siatkowy rdze\u0144 atomizuj\u0105cy 0,9 \u03a9 zapewnia p\u0142ynny przep\u0142yw dymu i sp\u00f3jny smak od pierwszego do ostatniego zaci\u0105gni\u0119cia. Podw\u00f3jny ekran wy\u015bwietla poziom baterii i e-cieczy w ka\u017cdym zbiorniku, umo\u017cliwiaj\u0105c \u015bledzenie stanu w dowolnym momencie. Gdy poziom na\u0142adowania baterii jest niski, do \u0142adowania mo\u017cna u\u017cy\u0107 kabla do transmisji danych typu C, kt\u00f3ry prawdopodobnie jest kablem do \u0142adowania telefonu. Prosty i wygodny.<\/p>\n<h2 data-v-md-heading=\"specification-overview\" data-v-md-line=\"11\">Przegl\u0105d specyfikacji<\/h2>\n<ul data-v-md-line=\"12\">\n<li>Cz\u0119stotliwo\u015b\u0107 ssania: do 75000 razy<\/li>\n<li>Zawarto\u015b\u0107 nikotyny: Poda\u017c r\u00f3\u017cni si\u0119 w zale\u017cno\u015bci od rynku. Zobacz lokalne opcje lub skonsultuj si\u0119 z naszym zespo\u0142em<\/li>\n<li>Zasada dzia\u0142ania: Aktywacja poprzez wdech<\/li>\n<li>\u0141adowanie: Standardowy port USB typu C<\/li>\n<li>Status: Gotowy do u\u017cycia od razu po wyj\u0119ciu z pude\u0142ka<\/li>\n<\/ul>\n<h2 data-v-md-heading=\"full-flavor-series\" data-v-md-line=\"18\">Seria o pe\u0142nym smaku<\/h2>\n<ul data-v-md-line=\"19\">\n<li>Watermelon Ice\/Blueberry Ice\/Strawberry Kiwi Ice<\/li>\n<li>Blueberry Raspberry Ice\/Black Dragon Ice\/Cherry Soda Ice<\/li>\n<li>L\u00f3d winogronowy\/truskawkowy malinowy\/wi\u015bniowy\/truskawkowy arbuzowy<\/li>\n<li>Ananas Mango Brzoskwinia\/Brzoskwinia Jagoda\/L\u00f3d Cytrynowo-Limonkowy<\/li>\n<li>Triple Melon Ice\/Teddy Bear Candy\/Blueberry Candy<\/li>\n<li>L\u00f3d truskawkowo-bananowo-ananasowo-kokosowy z owocami tropikalnymi<\/li>\n<li>Double Apple Ice\/Rainbow Sugar\/Cherry Sugar Ice<\/li>\n<li>Truskawkowe mango\/ arbuz Red Bull\/ arbuzowy l\u00f3d malinowy<\/li>\n<li>Love 66\/Blueberry marshmallows\/Truskawkowe cukierki malinowe<\/li>\n<li>Strawberry Vanilla Cola\/Cherry Cola Ice\/Strawberry Cola<\/li>\n<\/ul>\n<h2 data-v-md-heading=\"for-you-and-your-business\" data-v-md-line=\"30\">Dla Ciebie i Twojego biznesu<\/h2>\n<p data-v-md-line=\"31\">Mo\u017cesz odebra\u0107 VOPK Triple Pro do u\u017cytku osobistego lub zaopatrzy\u0107 w nie sw\u00f3j sklep. Pude\u0142ko hurtowe zawiera 10 sztuk w pude\u0142ku, a pude\u0142ko zewn\u0119trzne zawiera 160 sztuk w pude\u0142ku. U\u0142atwia to planowanie miejsca na p\u00f3\u0142kach i zmian\u0119 kolejno\u015bci.<\/p>\n<p data-v-md-line=\"33\">\u015awiadczymy us\u0142ugi dostawy DDP w ca\u0142ej Europie za po\u015brednictwem zaufanych partner\u00f3w, takich jak UPS, DPD i DHL, dzi\u0119ki czemu taryfy mog\u0105 by\u0107 przetwarzane z wyprzedzeniem, aby unikn\u0105\u0107 nieoczekiwanych sytuacji celnych. Mo\u017cesz cieszy\u0107 si\u0119 szybk\u0105 dostaw\u0105 i spokojem ducha.<\/p>\n<h2 data-v-md-heading=\"why-do-you-like-it\" data-v-md-line=\"35\">Dlaczego to lubisz?<\/h2>\n<ul data-v-md-line=\"36\">\n<li>Masowe palenie: trwa\u0142e i d\u0142ugotrwa\u0142e, nie ma potrzeby cz\u0119stego kupowania nowych papieros\u00f3w<\/li>\n<li>Wyb\u00f3r nikotyny: Wybierz st\u0119\u017cenie, kt\u00f3re odpowiada Twojemu rynkowi lub preferencjom<\/li>\n<li>Mo\u017cliwo\u015b\u0107 wielokrotnego \u0142adowania: Mo\u017cna u\u017cywa\u0107 wszystkich zakupionych e-liquid\u00f3w<\/li>\n<li>Siatkowa cewka: Sp\u00f3jny smak przy ka\u017cdym zasysaniu<\/li>\n<\/ul>\n<h2 data-v-md-heading=\"why-choose-agoravape\" data-v-md-line=\"41\">Dlaczego warto wybra\u0107 AgoraVape?<\/h2>\n<p data-v-md-line=\"42\">Sprzedajemy wy\u0142\u0105cznie oryginalne produkty 100%, oferuj\u0105c obni\u017cone ceny hurtowe i niezawodne wsparcie. Jako jeden z zaufanych dystrybutor\u00f3w vape w Europie, kupujemy szybko i wysy\u0142amy niezawodnie. Dodaj VOPK Triple Pro 75000 Puffs 3-in-1 flavor vape do swojej linii produkt\u00f3w i oferuj produkty, po kt\u00f3re klienci b\u0119d\u0105 wraca\u0107.<\/p>","protected":false},"excerpt":{"rendered":"<p>&nbsp;<\/p>\n<p><script src=\"chrome-extension:\/\/fpelahbljekknahkcaegamhcndkfpfnc\/iFrame.js\" type=\"text\/javascript\"><\/script><\/p>\n<p><script src=\"chrome-extension:\/\/fpelahbljekknahkcaegamhcndkfpfnc\/iFrame.js\" type=\"text\/javascript\"><\/script><\/p>\n<p><script src=\"chrome-extension:\/\/fpelahbljekknahkcaegamhcndkfpfnc\/iFrame.js\" type=\"text\/javascript\"><\/script><\/p>\n<p><script src=\"chrome-extension:\/\/fpelahbljekknahkcaegamhcndkfpfnc\/iFrame.js\" type=\"text\/javascript\"><\/script><\/p>\n<p><script src=\"chrome-extension:\/\/fpelahbljekknahkcaegamhcndkfpfnc\/iFrame.js\" type=\"text\/javascript\"><\/script><\/p>","protected":false},"featured_media":14447,"comment_status":"open","ping_status":"closed","template":"","meta":[],"product_brand":[213],"product_cat":[124,187,185,189,176,177,195,174,175,193,191,173,186,180,190,192,140],"product_tag":[],"class_list":{"0":"post-14426","1":"product","2":"type-product","3":"status-publish","4":"has-post-thumbnail","6":"product_brand-vopk","7":"product_cat-vape-by-brand","8":"product_cat-0mg-nicotine-free-vapes","9":"product_cat-10000-puffs-high-capacity","10":"product_cat-20mg-standard-nicotine-vapes","11":"product_cat-beverage","12":"product_cat-dessert-sweets","13":"product_cat-dual-flavor-switch","14":"product_cat-fruit-flavors","15":"product_cat-icy-mint","16":"product_cat-mesh-coil","17":"product_cat-rechargeable-disposables","18":"product_cat-vape-by-flavor-profile","19":"product_cat-vape-by-nicotine-strength","20":"product_cat-vape-by-puff-count","21":"product_cat-vape-by-feature-or-type","22":"product_cat-vapes-with-screens","23":"product_cat-vopk","25":"first","26":"onbackorder","27":"shipping-taxable","28":"purchasable","29":"product-type-variable","30":"has-default-attributes"},"tiered_pricing_type":"percentage","tiered_pricing_fixed_rules":[],"tiered_pricing_product_settings":{"layout":"default","base_unit_name":{"singular":null,"plural":null},"default_variation":null},"tiered_pricing_minimum_quantity":10,"tiered_pricing_roles_data":[],"tiered_pricing_percentage_rules":{"30":"29","50":"35","100":"40","200":"44","500":"47","1000":"49"},"tiered_pricing_maximum_quantity":null,"tiered_pricing_quantity_step":"10","_links":{"self":[{"href":"https:\/\/agoravape.com\/pl\/wp-json\/wp\/v2\/product\/14426","targetHints":{"allow":["GET"]}}],"collection":[{"href":"https:\/\/agoravape.com\/pl\/wp-json\/wp\/v2\/product"}],"about":[{"href":"https:\/\/agoravape.com\/pl\/wp-json\/wp\/v2\/types\/product"}],"replies":[{"embeddable":true,"href":"https:\/\/agoravape.com\/pl\/wp-json\/wp\/v2\/comments?post=14426"}],"version-history":[{"count":0,"href":"https:\/\/agoravape.com\/pl\/wp-json\/wp\/v2\/product\/14426\/revisions"}],"wp:featuredmedia":[{"embeddable":true,"href":"https:\/\/agoravape.com\/pl\/wp-json\/wp\/v2\/media\/14447"}],"wp:attachment":[{"href":"https:\/\/agoravape.com\/pl\/wp-json\/wp\/v2\/media?parent=14426"}],"wp:term":[{"taxonomy":"product_brand","embeddable":true,"href":"https:\/\/agoravape.com\/pl\/wp-json\/wp\/v2\/product_brand?post=14426"},{"taxonomy":"product_cat","embeddable":true,"href":"https:\/\/agoravape.com\/pl\/wp-json\/wp\/v2\/product_cat?post=14426"},{"taxonomy":"product_tag","embeddable":true,"href":"https:\/\/agoravape.com\/pl\/wp-json\/wp\/v2\/product_tag?post=14426"}],"curies":[{"name":"wp","href":"https:\/\/api.w.org\/{rel}","templated":true}]}}