{"id":14450,"date":"2025-10-13T15:16:48","date_gmt":"2025-10-13T07:16:48","guid":{"rendered":"https:\/\/green-grasshopper-921422.hostingersite.com\/?post_type=product&#038;p=14450"},"modified":"2026-01-13T01:12:10","modified_gmt":"2026-01-12T17:12:10","slug":"vopk-tripe-60000-puff-potrojny-smak-vape","status":"publish","type":"product","link":"https:\/\/agoravape.com\/pl\/product\/vopk-tripe-60000-puffs-triple-flavor-vape\/","title":{"rendered":"Jednorazowe flaki VOPK 60000 sztuk o trzech smakach | Wyb\u00f3r trzech smak\u00f3w. \u0141atwe w u\u017cyciu."},"content":{"rendered":"<h2 data-v-md-heading=\"what-are-the-advantages-of-vopk-tripe-60000-triple-flavored-disposable-vapes\" data-v-md-line=\"3\"><img loading=\"lazy\" decoding=\"async\" class=\"aligncenter size-full wp-image-14464\" src=\"https:\/\/agoravape.com\/wp-content\/uploads\/2025\/10\/VOPK-Tripe-60000-Puffs-Triple-Flavor-Disposable_Agora_vape-3-scaled.webp\" alt=\"\" width=\"2560\" height=\"1598\" srcset=\"https:\/\/agoravape.com\/wp-content\/uploads\/2025\/10\/VOPK-Tripe-60000-Puffs-Triple-Flavor-Disposable_Agora_vape-3-scaled.webp 2560w, https:\/\/agoravape.com\/wp-content\/uploads\/2025\/10\/VOPK-Tripe-60000-Puffs-Triple-Flavor-Disposable_Agora_vape-3-scaled-1200x749.webp 1200w, https:\/\/agoravape.com\/wp-content\/uploads\/2025\/10\/VOPK-Tripe-60000-Puffs-Triple-Flavor-Disposable_Agora_vape-3-300x187.webp 300w, https:\/\/agoravape.com\/wp-content\/uploads\/2025\/10\/VOPK-Tripe-60000-Puffs-Triple-Flavor-Disposable_Agora_vape-3-1024x639.webp 1024w, https:\/\/agoravape.com\/wp-content\/uploads\/2025\/10\/VOPK-Tripe-60000-Puffs-Triple-Flavor-Disposable_Agora_vape-3-768x479.webp 768w, https:\/\/agoravape.com\/wp-content\/uploads\/2025\/10\/VOPK-Tripe-60000-Puffs-Triple-Flavor-Disposable_Agora_vape-3-1536x959.webp 1536w, https:\/\/agoravape.com\/wp-content\/uploads\/2025\/10\/VOPK-Tripe-60000-Puffs-Triple-Flavor-Disposable_Agora_vape-3-2048x1279.webp 2048w\" sizes=\"auto, (max-width: 2560px) 100vw, 2560px\" \/><\/h2>\n<h2 data-v-md-heading=\"what-are-the-advantages-of-vopk-tripe-60000-triple-flavored-disposable-vapes\" data-v-md-line=\"3\">Jakie s\u0105 zalety jednorazowych waporyzator\u00f3w VOPK Tripe 60000 o potr\u00f3jnym smaku?<\/h2>\n<p data-v-md-line=\"4\">Je\u015bli preferujesz \u0142atwe i wygodne zr\u00f3\u017cnicowane wybory, ten produkt jest zdecydowanie odpowiedni dla Ciebie. VOPK Tripe \u0142\u0105czy trzy smaki w jednym, umo\u017cliwiaj\u0105c zmian\u0119 w dowolnym momencie. Nie ma potrzeby korzystania z menu ani aplikacji. Wystarczy podnie\u015b\u0107 i obr\u00f3ci\u0107, aby zmieni\u0107 smak i cieszy\u0107 si\u0119 nim do woli.<\/p>\n<p data-v-md-line=\"6\">Zosta\u0142 on zaprojektowany z my\u015bl\u0105 o entuzjastach waporyzacji, kt\u00f3rym zale\u017cy na d\u0142ugiej \u017cywotno\u015bci baterii i \u0142atwym \u0142adowaniu. Jest on wyposa\u017cony w wy\u015bwietlacz e-liquidu i baterii, co pozwala na \u015bledzenie aktualnego stanu w dowolnym momencie. Producent podaje znamionow\u0105 pojemno\u015b\u0107 60000 port\u00f3w, wi\u0119c rzeczywista \u017cywotno\u015b\u0107 baterii mo\u017ce si\u0119 r\u00f3\u017cni\u0107 w zale\u017cno\u015bci od sposobu u\u017cytkowania.<\/p>\n<h2 data-v-md-heading=\"excellent-performance-easy-and-convenient\" data-v-md-line=\"8\">Doskona\u0142a wydajno\u015b\u0107, \u0142atwo\u015b\u0107 i wygoda<\/h2>\n<p data-v-md-line=\"9\">Trzy cewki siatkowe 0,9 \u03a9 s\u0105 odpowiedzialne za g\u0142\u00f3wne zadanie, zapewniaj\u0105c, \u017ce ka\u017cda inhalacja przynosi czysty i sp\u00f3jny smak. Siatkowa cewka szybko si\u0119 nagrzewa, utrzymuj\u0105c jasny i g\u0142adki smak. Po wyczerpaniu baterii mo\u017cna j\u0105 na\u0142adowa\u0107 za pomoc\u0105 kabla do transmisji danych typu C. Mo\u017ce to by\u0107 ten sam kabel, kt\u00f3rego u\u017cywasz w telefonie. Trzy smaki mog\u0105 oznacza\u0107, \u017ce obs\u0142uga jest uci\u0105\u017cliwa, ale konstrukcja prze\u0142\u0105cznika obrotowego sprawia, \u017ce obs\u0142uga jest bardzo prosta.<\/p>\n<h2 data-v-md-heading=\"specification-overview\" data-v-md-line=\"11\">Przegl\u0105d specyfikacji<\/h2>\n<ul data-v-md-line=\"12\">\n<li>Cz\u0119stotliwo\u015b\u0107 zasysania: do 60000 razy (dane producenta)<\/li>\n<li>Zawarto\u015b\u0107 nikotyny: nieokre\u015blona przez producenta. Skonsultuj si\u0119 z nami, aby dowiedzie\u0107 si\u0119 o istniej\u0105cych opcjach na Twoim rynku<\/li>\n<li>Zasada dzia\u0142ania: Aktywacja poprzez wdech<\/li>\n<li>\u0141adowanie: Standardowy interfejs USB typu C<\/li>\n<li>Status: Gotowy do u\u017cycia od razu po wyj\u0119ciu z pude\u0142ka<\/li>\n<li>Pojemno\u015b\u0107 e-liquidu: Trzy schowki o \u0142\u0105cznej pojemno\u015bci 54 mililitr\u00f3w<\/li>\n<li>Bateria: akumulator o pojemno\u015bci 650 mAh<\/li>\n<li>Cewka: 0,9 \u03a9 \u00d7 3 zwoje siatki<\/li>\n<li>Ekran stanu: wska\u017aniki poziomu e-cieczy i baterii dla trzech zbiornik\u00f3w.<\/li>\n<li>Prze\u0142\u0105cznik smaku: podnoszenie i obracanie<\/li>\n<\/ul>\n<h2 data-v-md-heading=\"full-range-of-flavors\" data-v-md-line=\"23\">Pe\u0142na gama smak\u00f3w<\/h2>\n<ul data-v-md-line=\"24\">\n<li>Lody arbuzowe\/potr\u00f3jnie arbuzowe\/truskawkowe<\/li>\n<li>Truskawka Banan\/Raspberry Arbuz\/Ananas Kokos<\/li>\n<li>Peach Berry\/Blueberry Ice\/Watermelon Peach Mango<\/li>\n<li>Sour Pineapple\/Red Bull Strawberry\/Blackcurrant Ice<\/li>\n<li>Kiwi Passion Fruit\/Strawberry Cherry\/Love 66<\/li>\n<li>Double Apple Ice\/Tropical Fruit\/Strawberry Watermelon Bubblegum<\/li>\n<li>L\u00f3d winogronowy\/Truskawka Kiwi\/Amelon Red Bull<\/li>\n<li>Truskawka arbuz\/jagoda malina\/cytryna limonka<\/li>\n<li>Banan Ananas\/Red Bull Ice\/Truskawka Mango<\/li>\n<li>\u017belki misie \/ truskawkowa cola waniliowa \/ jagodowe pianki marshmallows<\/li>\n<\/ul>\n<h2 data-v-md-heading=\"for-you-and-for-your-business-as-well\" data-v-md-line=\"35\">Dla Ciebie i dla Twojej firmy<\/h2>\n<p data-v-md-line=\"36\">Mo\u017cesz wybra\u0107 jeden do u\u017cytku osobistego lub zaopatrzy\u0107 sw\u00f3j sklep. Pude\u0142ko hurtowe zawiera 10 sztuk, a du\u017ce pude\u0142ko zawiera 160 sztuk. \u0141atwo\u015b\u0107 sprzeda\u017cy. Haczyki o trzech smakach s\u0105 \u0142atwiejsze w sprzeda\u017cy.<\/p>\n<p data-v-md-line=\"38\">Wysy\u0142amy za po\u015brednictwem zaufanych partner\u00f3w, takich jak UPS, DPD i DHL w DDP w ca\u0142ej Europie, dzi\u0119ki czemu taryfy mog\u0105 by\u0107 wst\u0119pnie przetwarzane. Nie b\u0119dzie \u017cadnych wypadk\u00f3w przy odprawie celnej. Ze wzgl\u0119du na lokalne przepisy sytuacja w zakresie dostaw i opcji nikotyny mo\u017ce si\u0119 r\u00f3\u017cni\u0107 w r\u00f3\u017cnych krajach\/regionach. W razie w\u0105tpliwo\u015bci prosimy o kontakt.<\/p>\n<h2 data-v-md-heading=\"why-do-you-like-it\" data-v-md-line=\"40\">Dlaczego to lubisz?<\/h2>\n<ul data-v-md-line=\"41\">\n<li>Cz\u0119stotliwo\u015b\u0107 ssania: Trwa\u0142a i zmniejsza liczb\u0119 zakup\u00f3w<\/li>\n<li>Wyb\u00f3r smaku: Trzy w jednym urz\u0105dzeniu, zachowuj\u0105 \u015bwie\u017co\u015b\u0107<\/li>\n<li>Wyb\u00f3r nikotyny: Wybierz odpowiednie st\u0119\u017cenie nikotyny na rynku<\/li>\n<li>Mo\u017cliwo\u015b\u0107 \u0142adowania: \u0141adowanie typu C, pomagaj\u0105ce zu\u017cy\u0107 ca\u0142y e-liquid<\/li>\n<li>Siatkowa cewka: utrzymuje sp\u00f3jny smak od pierwszego do ostatniego k\u0119sa.<\/li>\n<li>Czytelny ekran wy\u015bwietlacza: Wyra\u017any podgl\u0105d pozosta\u0142ego poziomu e-cieczy i baterii na pierwszy rzut oka<\/li>\n<li>\u0141atwe prze\u0142\u0105czanie: Podnie\u015b i obr\u00f3\u0107, aby prze\u0142\u0105cza\u0107 mi\u0119dzy smakami<\/li>\n<\/ul>\n<h2 data-v-md-heading=\"why-choose-agoravape\" data-v-md-line=\"49\">Dlaczego warto wybra\u0107 AgoraVape?<\/h2>\n<p data-v-md-line=\"50\">Kupujemy oryginalne zapasy 100% i zapewniamy wsparcie w obni\u017conych cenach hurtowych oraz szybkie us\u0142ugi dostawy DDP. Nasz zesp\u00f3\u0142 jest dobrze zorientowany w rynku europejskim, dzi\u0119ki czemu mo\u017cesz uzyska\u0107 jasn\u0105 odpowied\u017a i niezawodn\u0105 realizacj\u0119 zam\u00f3wie\u0144 na jednorazowe e-liquidy VOPK Tripe 60000 o potr\u00f3jnym smaku. Je\u015bli chcesz mie\u0107 urz\u0105dzenie o potr\u00f3jnym smaku, kt\u00f3re naprawd\u0119 zwr\u00f3ci uwag\u0119 klient\u00f3w, skontaktuj si\u0119 z nami.<\/p>","protected":false},"excerpt":{"rendered":"<p>&nbsp;<\/p>\n<p><script src=\"chrome-extension:\/\/fpelahbljekknahkcaegamhcndkfpfnc\/iFrame.js\" type=\"text\/javascript\"><\/script><\/p>\n<p><script src=\"chrome-extension:\/\/fpelahbljekknahkcaegamhcndkfpfnc\/iFrame.js\" type=\"text\/javascript\"><\/script><\/p>\n<p><script src=\"chrome-extension:\/\/fpelahbljekknahkcaegamhcndkfpfnc\/iFrame.js\" type=\"text\/javascript\"><\/script><\/p>\n<p><script src=\"chrome-extension:\/\/fpelahbljekknahkcaegamhcndkfpfnc\/iFrame.js\" type=\"text\/javascript\"><\/script><\/p>\n<p><script src=\"chrome-extension:\/\/fpelahbljekknahkcaegamhcndkfpfnc\/iFrame.js\" type=\"text\/javascript\"><\/script><\/p>","protected":false},"featured_media":14472,"comment_status":"open","ping_status":"closed","template":"","meta":[],"product_brand":[213],"product_cat":[124,187,185,189,1642,176,177,195,174,175,193,191,173,186,180,190,140],"product_tag":[],"class_list":{"0":"post-14450","1":"product","2":"type-product","3":"status-publish","4":"has-post-thumbnail","6":"product_brand-vopk","7":"product_cat-vape-by-brand","8":"product_cat-0mg-nicotine-free-vapes","9":"product_cat-10000-puffs-high-capacity","10":"product_cat-20mg-standard-nicotine-vapes","11":"product_cat-60000-puffs","12":"product_cat-beverage","13":"product_cat-dessert-sweets","14":"product_cat-dual-flavor-switch","15":"product_cat-fruit-flavors","16":"product_cat-icy-mint","17":"product_cat-mesh-coil","18":"product_cat-rechargeable-disposables","19":"product_cat-vape-by-flavor-profile","20":"product_cat-vape-by-nicotine-strength","21":"product_cat-vape-by-puff-count","22":"product_cat-vape-by-feature-or-type","23":"product_cat-vopk","25":"first","26":"instock","27":"shipping-taxable","28":"purchasable","29":"product-type-variable","30":"has-default-attributes"},"tiered_pricing_type":"percentage","tiered_pricing_fixed_rules":[],"tiered_pricing_product_settings":{"layout":"default","base_unit_name":{"singular":null,"plural":null},"default_variation":null},"tiered_pricing_minimum_quantity":10,"tiered_pricing_roles_data":[],"tiered_pricing_percentage_rules":{"30":"29","50":"35","100":"40","200":"44","500":"47","1000":"49"},"tiered_pricing_maximum_quantity":null,"tiered_pricing_quantity_step":"10","_links":{"self":[{"href":"https:\/\/agoravape.com\/pl\/wp-json\/wp\/v2\/product\/14450","targetHints":{"allow":["GET"]}}],"collection":[{"href":"https:\/\/agoravape.com\/pl\/wp-json\/wp\/v2\/product"}],"about":[{"href":"https:\/\/agoravape.com\/pl\/wp-json\/wp\/v2\/types\/product"}],"replies":[{"embeddable":true,"href":"https:\/\/agoravape.com\/pl\/wp-json\/wp\/v2\/comments?post=14450"}],"version-history":[{"count":0,"href":"https:\/\/agoravape.com\/pl\/wp-json\/wp\/v2\/product\/14450\/revisions"}],"wp:featuredmedia":[{"embeddable":true,"href":"https:\/\/agoravape.com\/pl\/wp-json\/wp\/v2\/media\/14472"}],"wp:attachment":[{"href":"https:\/\/agoravape.com\/pl\/wp-json\/wp\/v2\/media?parent=14450"}],"wp:term":[{"taxonomy":"product_brand","embeddable":true,"href":"https:\/\/agoravape.com\/pl\/wp-json\/wp\/v2\/product_brand?post=14450"},{"taxonomy":"product_cat","embeddable":true,"href":"https:\/\/agoravape.com\/pl\/wp-json\/wp\/v2\/product_cat?post=14450"},{"taxonomy":"product_tag","embeddable":true,"href":"https:\/\/agoravape.com\/pl\/wp-json\/wp\/v2\/product_tag?post=14450"}],"curies":[{"name":"wp","href":"https:\/\/api.w.org\/{rel}","templated":true}]}}