{"id":14474,"date":"2025-10-13T15:31:30","date_gmt":"2025-10-13T07:31:30","guid":{"rendered":"https:\/\/green-grasshopper-921422.hostingersite.com\/?post_type=product&#038;p=14474"},"modified":"2026-01-13T01:04:04","modified_gmt":"2026-01-12T17:04:04","slug":"vopk-ultra-40000-puffs-dual-flavor-vape","status":"publish","type":"product","link":"https:\/\/agoravape.com\/pl\/product\/vopk-ultra-40000-puffs-dual-flavor-vape\/","title":{"rendered":"VOPK Ultra 40000 Puffs Dual Flavor Screen Vape | Du\u017ce zaci\u0105gni\u0119cia, dwa smaki, zero zamieszania"},"content":{"rendered":"<h2 data-v-md-heading=\"what-are-the-advantages-of-vopk-ultra-40000-dual-flavor-screen-vapes\" data-v-md-line=\"3\"><img loading=\"lazy\" decoding=\"async\" class=\"aligncenter size-full wp-image-14496\" src=\"https:\/\/agoravape.com\/wp-content\/uploads\/2025\/10\/VOPK-Ultra-40000-Puffs-Dual-Flavor-Screen-Vape_Agora_vape-11.webp\" alt=\"\" width=\"2000\" height=\"1088\" srcset=\"https:\/\/agoravape.com\/wp-content\/uploads\/2025\/10\/VOPK-Ultra-40000-Puffs-Dual-Flavor-Screen-Vape_Agora_vape-11.webp 2000w, https:\/\/agoravape.com\/wp-content\/uploads\/2025\/10\/VOPK-Ultra-40000-Puffs-Dual-Flavor-Screen-Vape_Agora_vape-11-1200x653.webp 1200w, https:\/\/agoravape.com\/wp-content\/uploads\/2025\/10\/VOPK-Ultra-40000-Puffs-Dual-Flavor-Screen-Vape_Agora_vape-11-300x163.webp 300w, https:\/\/agoravape.com\/wp-content\/uploads\/2025\/10\/VOPK-Ultra-40000-Puffs-Dual-Flavor-Screen-Vape_Agora_vape-11-1024x557.webp 1024w, https:\/\/agoravape.com\/wp-content\/uploads\/2025\/10\/VOPK-Ultra-40000-Puffs-Dual-Flavor-Screen-Vape_Agora_vape-11-768x418.webp 768w, https:\/\/agoravape.com\/wp-content\/uploads\/2025\/10\/VOPK-Ultra-40000-Puffs-Dual-Flavor-Screen-Vape_Agora_vape-11-1536x836.webp 1536w\" sizes=\"auto, (max-width: 2000px) 100vw, 2000px\" \/><\/h2>\n<h2 data-v-md-heading=\"what-are-the-advantages-of-vopk-ultra-40000-dual-flavor-screen-vapes\" data-v-md-line=\"3\">Jakie s\u0105 zalety VOPK Ultra 40000 dual flavor screen vapes?<\/h2>\n<p data-v-md-line=\"4\">Je\u015bli jeste\u015b zm\u0119czony wymian\u0105 jednorazowych vape'\u00f3w co kilka dni, ten produkt u\u0142atwi Ci \u017cycie. VOPK Ultra ma pojemno\u015b\u0107 do 40000 zaci\u0105gni\u0119\u0107 i oferuje dwa smaki w jednym urz\u0105dzeniu, dzi\u0119ki czemu mo\u017cna \u0142atwo prze\u0142\u0105cza\u0107 si\u0119 bez konieczno\u015bci noszenia drugiego vape.<\/p>\n<p data-v-md-line=\"6\">Jest odpowiedni dla ka\u017cdego, kto d\u0105\u017cy do d\u0142ugotrwa\u0142ej wydajno\u015bci i bezpo\u015bredniego, pysznego smaku. Du\u017cy ekran wy\u015bwietla poziom baterii i e-liquidu na pierwszy rzut oka, umo\u017cliwiaj\u0105c dok\u0142adne zrozumienie aktualnego stanu. Mo\u017cna pomy\u015ble\u0107, \u017ce ekran w jednorazowych waporyzatorach to tylko sztuczka, ale w rzeczywisto\u015bci rozwi\u0105zuje on problem, kt\u00f3rego nie mo\u017cna dok\u0142adnie oceni\u0107.<\/p>\n<h2 data-v-md-heading=\"excellent-performance-easy-and-convenient\" data-v-md-line=\"8\">Doskona\u0142a wydajno\u015b\u0107, \u0142atwo\u015b\u0107 i wygoda<\/h2>\n<p data-v-md-line=\"9\">Wbudowany rdze\u0144 atomizuj\u0105cy z podw\u00f3jn\u0105 siatk\u0105 zapewnia szybkie i r\u00f3wnomierne ogrzewanie, zapewniaj\u0105c sp\u00f3jny smak i d\u0142ugotrwa\u0142e bogactwo. Gdy bateria jest roz\u0142adowana, mo\u017cna j\u0105 \u0142adowa\u0107 przez Type-C. U\u017cyj tego samego kabla do transmisji danych, co telefon, aby szybko przywr\u00f3ci\u0107 dzia\u0142anie.<\/p>\n<h2 data-v-md-heading=\"specification-overview\" data-v-md-line=\"11\">Przegl\u0105d specyfikacji<\/h2>\n<ul data-v-md-line=\"12\">\n<li>Cz\u0119stotliwo\u015b\u0107 ssania: do 40000 razy<\/li>\n<li>Zawarto\u015b\u0107 nikotyny: R\u00f3\u017cne rynki oferuj\u0105 r\u00f3\u017cne opcje, z regionem TPD wynosz\u0105cym 0 miligram\u00f3w. Prosimy o sprawdzenie lokalnej sytuacji poda\u017cowej<\/li>\n<li>Zasada dzia\u0142ania: Aktywowany przez wdychanie<\/li>\n<li>\u0141adowanie: Interfejs USB typu C<\/li>\n<li>Status: Gotowy do u\u017cycia od razu po wyj\u0119ciu z pude\u0142ka<\/li>\n<li>Pojemno\u015b\u0107 e-liquidu: 36 mililitr\u00f3w<\/li>\n<li>Bateria: 650 mAh (16350 ogniw)<\/li>\n<li>Rdze\u0144 rozpylaj\u0105cy: podw\u00f3jna siatka<\/li>\n<li>Ekran wy\u015bwietlacza: du\u017cy ekran ze wska\u017anikiem baterii i e-liquidu<\/li>\n<\/ul>\n<p data-v-md-line=\"22\">Uwaga: Ze wzgl\u0119du na lokalne przepisy, sytuacja w zakresie dostaw i opcje zawarto\u015bci nikotyny mog\u0105 si\u0119 r\u00f3\u017cni\u0107 w r\u00f3\u017cnych krajach\/regionach.<\/p>\n<h2 data-v-md-heading=\"full-range-of-flavors\" data-v-md-line=\"24\">Pe\u0142na gama smak\u00f3w<\/h2>\n<ul data-v-md-line=\"25\">\n<li>Truskawka arbuz\/kiwi marakuja guawa<\/li>\n<li>Jagody, maliny, brzoskwinie, mango, arbuzy<\/li>\n<li>\u017belki jagodowe\/ Kiwi truskawkowe<\/li>\n<li>Jagoda Wi\u015bnia\/Truskawka Malina<\/li>\n<li>Soda cytrynowo-limonkowa\/mi\u0119ta arbuzowa<\/li>\n<li>L\u00f3d arbuzowy\/l\u00f3d jagodowy<\/li>\n<li>Jagoda z ananasem\/potr\u00f3jne mango<\/li>\n<li>Grape Berry Explosion \/ Pear Apple Raspberry<\/li>\n<li>Truskawka \u017burawina Wi\u015bnia\/Ananas Marakuja Limonka<\/li>\n<li>Mi\u0119ta jagodowo-truskawkowa\/mi\u0119ta jagodowo-malinowa<\/li>\n<\/ul>\n<h2 data-v-md-heading=\"for-you-and-your-business\" data-v-md-line=\"36\">Dla Ciebie i Twojego biznesu<\/h2>\n<p data-v-md-line=\"37\">Je\u015bli potrzebujesz niezawodnego waporyzatora na ka\u017cd\u0105 pogod\u0119 o odpowiednim smaku i wygodnym \u0142adowaniu, pospiesz si\u0119 i kup go! Du\u017cy ekran eliminuje potrzeb\u0119 zgadywania i nie musisz si\u0119 martwi\u0107, \u017ce bateria si\u0119 roz\u0142aduje lub zbiornik paliwa wyschnie.<\/p>\n<p data-v-md-line=\"39\">Prowadzisz sklep stacjonarny lub internetowy? Dostarczamy VOPK Ultra 40000 w pude\u0142kach hurtowych, po 10 sztuk w pude\u0142ku i 160 sztuk w pude\u0142ku. Korzystamy z us\u0142ug zaufanych partner\u00f3w, takich jak UPS, DPD i DHL do wysy\u0142ki na terenie Europy za po\u015brednictwem DDP, dzi\u0119ki czemu taryfy mog\u0105 by\u0107 przetwarzane z wyprzedzeniem, aby unikn\u0105\u0107 nieoczekiwanych sytuacji celnych.<\/p>\n<h2 data-v-md-heading=\"why-do-you-like-it\" data-v-md-line=\"41\">Dlaczego to lubisz?<\/h2>\n<ul data-v-md-line=\"42\">\n<li>Du\u017ca moc ssania: d\u0142u\u017csza \u017cywotno\u015b\u0107 baterii, brak konieczno\u015bci cz\u0119stego uzupe\u0142niania baterii<\/li>\n<li>Podw\u00f3jny wyb\u00f3r smaku: Jedno urz\u0105dzenie zapewnia dwie opcje smakowe dla \u0142atwego prze\u0142\u0105czania<\/li>\n<li>Mo\u017cliwo\u015b\u0107 \u0142adowania: \u0141adowanie typu C pozwala w pe\u0142ni wykorzysta\u0107 ka\u017cd\u0105 kropl\u0119 e-cieczy.<\/li>\n<li>Siatkowa cewka: od pierwszego do ostatniego k\u0119sa smak pozostaje niezmienny.<\/li>\n<li>Czytelny ekran: poziom na\u0142adowania baterii i poziom e-cieczy s\u0105 widoczne na pierwszy rzut oka.<\/li>\n<\/ul>\n<h2 data-v-md-heading=\"why-collaborate-with-agoravape\" data-v-md-line=\"48\">Dlaczego warto wsp\u00f3\u0142pracowa\u0107 z AgoraVape?<\/h2>\n<p data-v-md-line=\"49\">Sprzedajemy tylko oryginalne produkty 100% i jeste\u015bmy odpowiedzialni za produkty, kt\u00f3re wysy\u0142amy. VOPK Ultra 40000 dual flavor screen vape pozwala cieszy\u0107 si\u0119 obni\u017conymi cenami hurtowymi, szybkim wsparciem technicznym i us\u0142ugami szybkiej dostawy DDP na terenie Europy. Przedyskutuj z nami aktualne smaki, regionalny wyb\u00f3r nikotyny i ceny hurtowe, a nast\u0119pnie zaopatrz si\u0119 w urz\u0105dzenia, kt\u00f3re Twoi klienci naprawd\u0119 b\u0119d\u0105 kupowa\u0107.<\/p>","protected":false},"excerpt":{"rendered":"<p>&nbsp;<\/p>","protected":false},"featured_media":14495,"comment_status":"open","ping_status":"closed","template":"","meta":[],"product_brand":[213],"product_cat":[124,187,185,189,1639,195,174,175,193,191,173,186,180,190,192,140],"product_tag":[],"class_list":{"0":"post-14474","1":"product","2":"type-product","3":"status-publish","4":"has-post-thumbnail","6":"product_brand-vopk","7":"product_cat-vape-by-brand","8":"product_cat-0mg-nicotine-free-vapes","9":"product_cat-10000-puffs-high-capacity","10":"product_cat-20mg-standard-nicotine-vapes","11":"product_cat-40000-puffs","12":"product_cat-dual-flavor-switch","13":"product_cat-fruit-flavors","14":"product_cat-icy-mint","15":"product_cat-mesh-coil","16":"product_cat-rechargeable-disposables","17":"product_cat-vape-by-flavor-profile","18":"product_cat-vape-by-nicotine-strength","19":"product_cat-vape-by-puff-count","20":"product_cat-vape-by-feature-or-type","21":"product_cat-vapes-with-screens","22":"product_cat-vopk","24":"first","25":"instock","26":"shipping-taxable","27":"purchasable","28":"product-type-variable","29":"has-default-attributes"},"tiered_pricing_type":"percentage","tiered_pricing_fixed_rules":[],"tiered_pricing_product_settings":{"layout":"default","base_unit_name":{"singular":null,"plural":null},"default_variation":null},"tiered_pricing_minimum_quantity":10,"tiered_pricing_roles_data":[],"tiered_pricing_percentage_rules":{"30":"29","50":"35","100":"40","200":"44","500":"47","1000":"49"},"tiered_pricing_maximum_quantity":null,"tiered_pricing_quantity_step":"10","_links":{"self":[{"href":"https:\/\/agoravape.com\/pl\/wp-json\/wp\/v2\/product\/14474","targetHints":{"allow":["GET"]}}],"collection":[{"href":"https:\/\/agoravape.com\/pl\/wp-json\/wp\/v2\/product"}],"about":[{"href":"https:\/\/agoravape.com\/pl\/wp-json\/wp\/v2\/types\/product"}],"replies":[{"embeddable":true,"href":"https:\/\/agoravape.com\/pl\/wp-json\/wp\/v2\/comments?post=14474"}],"version-history":[{"count":0,"href":"https:\/\/agoravape.com\/pl\/wp-json\/wp\/v2\/product\/14474\/revisions"}],"wp:featuredmedia":[{"embeddable":true,"href":"https:\/\/agoravape.com\/pl\/wp-json\/wp\/v2\/media\/14495"}],"wp:attachment":[{"href":"https:\/\/agoravape.com\/pl\/wp-json\/wp\/v2\/media?parent=14474"}],"wp:term":[{"taxonomy":"product_brand","embeddable":true,"href":"https:\/\/agoravape.com\/pl\/wp-json\/wp\/v2\/product_brand?post=14474"},{"taxonomy":"product_cat","embeddable":true,"href":"https:\/\/agoravape.com\/pl\/wp-json\/wp\/v2\/product_cat?post=14474"},{"taxonomy":"product_tag","embeddable":true,"href":"https:\/\/agoravape.com\/pl\/wp-json\/wp\/v2\/product_tag?post=14474"}],"curies":[{"name":"wp","href":"https:\/\/api.w.org\/{rel}","templated":true}]}}