{"id":14498,"date":"2025-10-13T15:42:26","date_gmt":"2025-10-13T07:42:26","guid":{"rendered":"https:\/\/green-grasshopper-921422.hostingersite.com\/?post_type=product&#038;p=14498"},"modified":"2026-03-26T13:22:24","modified_gmt":"2026-03-26T12:22:24","slug":"vopk-shisha-bar-20000-puffow-dtl-vape","status":"publish","type":"product","link":"https:\/\/agoravape.com\/pl\/product\/vopk-shisha-bar-20000-puffs-dtl-vape\/","title":{"rendered":"VOPK Shisha Bar 20000 zaci\u0105gni\u0119\u0107 DTL Hookah Vape | D\u0142ugotrwa\u0142y smak DTL z \u0142atwym \u0142adowaniem typu C"},"content":{"rendered":"<h2 data-v-md-heading=\"what-are-the-advantages-of-vopk-shisha-bar-20000-dtl-hookah-vapes\" data-v-md-line=\"3\">Jakie s\u0105 zalety vaper\u00f3w do fajki wodnej VOPK Shisha Bar 20000 DTL?<\/h2>\n<p data-v-md-line=\"4\">Je\u015bli potrzebujesz jednorazowego waporyzatora o du\u017cych ustach, kt\u00f3ry zachowa sw\u00f3j smak przez d\u0142ugi czas, ten produkt mo\u017ce u\u0142atwi\u0107 Ci \u017cycie. VOPK Shisha Bar zapewnia prawdziwe wra\u017cenia z palenia DTL, z g\u0142adkim dymem i czystym smakiem od pierwszego do ostatniego \u0142yku.<\/p>\n<p data-v-md-line=\"6\">Jest odpowiedni dla ka\u017cdego, kto chce \u0142atwo do\u015bwiadczy\u0107 inhalacji w stylu sziszy. Nie wymaga menu ani wymiany cewek. Wyra\u017any wy\u015bwietlacz poziomu baterii i e-liquidu pozwala \u015bledzi\u0107 stan w dowolnym momencie.<\/p>\n<h2 data-v-md-heading=\"excellent-performance-easy-and-convenient\" data-v-md-line=\"8\">Doskona\u0142a wydajno\u015b\u0107, \u0142atwo\u015b\u0107 i wygoda<\/h2>\n<p data-v-md-line=\"9\">Rdzeniem VOPK Shisha Bar jest cewka siatkowa 0,6 \u03a9, dzi\u0119ki czemu ka\u017cdy k\u0119s mo\u017ce zachowa\u0107 sp\u00f3jny smak, a nie tylko kilka pierwszych k\u0119s\u00f3w. Bateria o du\u017cej pojemno\u015bci pozwala cieszy\u0107 si\u0119 u\u017cytkowaniem, a boczny wy\u015bwietlacz wyra\u017anie pokazuje pozosta\u0142y poziom baterii i e-liquidu. Gdy potrzebne jest \u0142adowanie, wystarczy pod\u0142\u0105czy\u0107 kabel danych typu C, aby kontynuowa\u0107 u\u017cytkowanie. Prosty i wygodny.<\/p>\n<h2 data-v-md-heading=\"specification-overview\" data-v-md-line=\"11\">Przegl\u0105d specyfikacji<\/h2>\n<ul data-v-md-line=\"12\">\n<li>Cz\u0119stotliwo\u015b\u0107 zasysania: do 20000 razy<\/li>\n<li>Nikotyna: Opcje mog\u0105 si\u0119 r\u00f3\u017cni\u0107 w zale\u017cno\u015bci od rynku. Sprawd\u017a dost\u0119pne st\u0119\u017cenie nikotyny przy kasie<\/li>\n<li>Zasada dzia\u0142ania: Aktywowany przez wdychanie<\/li>\n<li>\u0141adowanie: Standardowy port USB typu C<\/li>\n<li>Status: Gotowy do u\u017cycia po rozpakowaniu<\/li>\n<\/ul>\n<h2 data-v-md-heading=\"full-range-of-flavors\" data-v-md-line=\"18\">Pe\u0142na gama smak\u00f3w<\/h2>\n<ul data-v-md-line=\"19\">\n<li>Koktajl jagodowy<\/li>\n<li>Truskawka kiwi<\/li>\n<li>Mieszane jagody<\/li>\n<li>Truskawka arbuz<\/li>\n<li>Koktajl arbuzowy<\/li>\n<li>Brzoskwinia Mang Ananas<\/li>\n<li>Bor\u00f3wki i maliny<\/li>\n<li>Cukierki truskawkowo-malinowe<\/li>\n<li>Arbuz wi\u015bnia<\/li>\n<li>Koktajl z czarnej porzeczki<\/li>\n<\/ul>\n<h2 data-v-md-heading=\"for-you-and-your-business\" data-v-md-line=\"30\">Dla Ciebie i Twojego biznesu<\/h2>\n<p data-v-md-line=\"31\">Wybierz jeden dla siebie lub kup pe\u0142n\u0105 gam\u0119 produkt\u00f3w do swojego sklepu. Dostarczamy VOPK Shisha Bar 20000 DTL w opakowaniach hurtowych po 10 sztuk w pude\u0142ku. Zam\u00f3wienia hurtowe b\u0119d\u0105 wysy\u0142ane w formie 200 sztuk w pude\u0142ku.<\/p>\n<p data-v-md-line=\"33\">\u015awiadczymy us\u0142ugi dostawy DDP na terenie Europy za po\u015brednictwem zaufanych partner\u00f3w, takich jak UPS, DPD i DHL, dzi\u0119ki czemu mo\u017cesz uzyska\u0107 przejrzyste ceny bez ponoszenia dodatkowych op\u0142at celnych. Wystarczy, \u017ce z\u0142o\u017cysz zam\u00f3wienie, reszt\u0119 zostaw nam.<\/p>\n<h2 data-v-md-heading=\"why-do-you-like-it\" data-v-md-line=\"35\">Dlaczego to lubisz?<\/h2>\n<ul data-v-md-line=\"36\">\n<li>Du\u017ca pojemno\u015b\u0107: do 20000 port\u00f3w, co oznacza kr\u00f3tszy czas wymiany i mniej k\u0142opot\u00f3w.<\/li>\n<li>Wyb\u00f3r st\u0119\u017cenia nikotyny: Wybierz st\u0119\u017cenie nikotyny, kt\u00f3re pasuje do Twoich codziennych nawyk\u00f3w i rynku<\/li>\n<li>Mo\u017cliwo\u015b\u0107 \u0142adowania: \u0141adowanie typu C, pomagaj\u0105ce wykorzysta\u0107 ka\u017cd\u0105 kropl\u0119<\/li>\n<li>Siatkowy rdze\u0144 atomizera: siatkowy rdze\u0144 atomizera 0,6 \u03a9 zapewnia stabilny smak i g\u0142adki dym<\/li>\n<li>Zrozumienie pozosta\u0142ego poziomu na\u0142adowania baterii: Du\u017cy ekran boczny wy\u015bwietla poziom na\u0142adowania baterii i poziom e-cieczy na pierwszy rzut oka.<\/li>\n<\/ul>\n<h2 data-v-md-heading=\"why-choose-agoravape\" data-v-md-line=\"42\">Dlaczego warto wybra\u0107 AgoraVape?<\/h2>\n<p data-v-md-line=\"43\">Dostarczamy tylko oryginalne produkty 100% i jeste\u015bmy odpowiedzialni za ich jako\u015b\u0107. Nasi klienci komercyjni mog\u0105 cieszy\u0107 si\u0119 obni\u017conymi cenami hurtowymi, troskliw\u0105 obs\u0142ug\u0105 klienta i szybkimi us\u0142ugami dostawy DDP, kupuj\u0105c fajki wodne VOPK Shisha Bar 20000 DTL. Je\u015bli chcesz mie\u0107 niezawodn\u0105 jednorazow\u0105 fajk\u0119 wodn\u0105 DTL i zdoby\u0107 przychylno\u015b\u0107 klient\u00f3w, skontaktuj si\u0119 z nami w dowolnym momencie.<\/p>","protected":false},"excerpt":{"rendered":"<p>&nbsp;<\/p>\n<p><script src=\"chrome-extension:\/\/fpelahbljekknahkcaegamhcndkfpfnc\/iFrame.js\" type=\"text\/javascript\"><\/script><\/p>\n<p><script src=\"chrome-extension:\/\/fpelahbljekknahkcaegamhcndkfpfnc\/iFrame.js\" type=\"text\/javascript\"><\/script><\/p>\n<p><script src=\"chrome-extension:\/\/fpelahbljekknahkcaegamhcndkfpfnc\/iFrame.js\" type=\"text\/javascript\"><\/script><\/p>\n<p><script src=\"chrome-extension:\/\/fpelahbljekknahkcaegamhcndkfpfnc\/iFrame.js\" type=\"text\/javascript\"><\/script><\/p>\n<p><script src=\"chrome-extension:\/\/fpelahbljekknahkcaegamhcndkfpfnc\/iFrame.js\" type=\"text\/javascript\"><\/script><\/p>","protected":false},"featured_media":14519,"comment_status":"open","ping_status":"closed","template":"","meta":[],"product_brand":[213],"product_cat":[124,187,185,1636,189,174,175,193,191,173,186,180,190,192,140],"product_tag":[],"class_list":{"0":"post-14498","1":"product","2":"type-product","3":"status-publish","4":"has-post-thumbnail","6":"product_brand-vopk","7":"product_cat-vape-by-brand","8":"product_cat-0mg-nicotine-free-vapes","9":"product_cat-10000-puffs-high-capacity","10":"product_cat-20000-puffs","11":"product_cat-20mg-standard-nicotine-vapes","12":"product_cat-fruit-flavors","13":"product_cat-icy-mint","14":"product_cat-mesh-coil","15":"product_cat-rechargeable-disposables","16":"product_cat-vape-by-flavor-profile","17":"product_cat-vape-by-nicotine-strength","18":"product_cat-vape-by-puff-count","19":"product_cat-vape-by-feature-or-type","20":"product_cat-vapes-with-screens","21":"product_cat-vopk","23":"first","24":"onbackorder","25":"shipping-taxable","26":"purchasable","27":"product-type-variable","28":"has-default-attributes"},"tiered_pricing_type":"percentage","tiered_pricing_fixed_rules":[],"tiered_pricing_product_settings":{"layout":"default","base_unit_name":{"singular":null,"plural":null},"default_variation":null},"tiered_pricing_minimum_quantity":10,"tiered_pricing_roles_data":[],"tiered_pricing_percentage_rules":{"30":"29","50":"35","100":"40","200":"44","500":"47","1000":"49"},"tiered_pricing_maximum_quantity":null,"tiered_pricing_quantity_step":"10","_links":{"self":[{"href":"https:\/\/agoravape.com\/pl\/wp-json\/wp\/v2\/product\/14498","targetHints":{"allow":["GET"]}}],"collection":[{"href":"https:\/\/agoravape.com\/pl\/wp-json\/wp\/v2\/product"}],"about":[{"href":"https:\/\/agoravape.com\/pl\/wp-json\/wp\/v2\/types\/product"}],"replies":[{"embeddable":true,"href":"https:\/\/agoravape.com\/pl\/wp-json\/wp\/v2\/comments?post=14498"}],"version-history":[{"count":0,"href":"https:\/\/agoravape.com\/pl\/wp-json\/wp\/v2\/product\/14498\/revisions"}],"wp:featuredmedia":[{"embeddable":true,"href":"https:\/\/agoravape.com\/pl\/wp-json\/wp\/v2\/media\/14519"}],"wp:attachment":[{"href":"https:\/\/agoravape.com\/pl\/wp-json\/wp\/v2\/media?parent=14498"}],"wp:term":[{"taxonomy":"product_brand","embeddable":true,"href":"https:\/\/agoravape.com\/pl\/wp-json\/wp\/v2\/product_brand?post=14498"},{"taxonomy":"product_cat","embeddable":true,"href":"https:\/\/agoravape.com\/pl\/wp-json\/wp\/v2\/product_cat?post=14498"},{"taxonomy":"product_tag","embeddable":true,"href":"https:\/\/agoravape.com\/pl\/wp-json\/wp\/v2\/product_tag?post=14498"}],"curies":[{"name":"wp","href":"https:\/\/api.w.org\/{rel}","templated":true}]}}