{"id":14547,"date":"2025-10-13T16:10:30","date_gmt":"2025-10-13T08:10:30","guid":{"rendered":"https:\/\/green-grasshopper-921422.hostingersite.com\/?post_type=product&#038;p=14547"},"modified":"2026-03-26T13:22:24","modified_gmt":"2026-03-26T12:22:24","slug":"vopk-cool-bar-9000-puffs-vape","status":"publish","type":"product","link":"https:\/\/agoravape.com\/pl\/product\/vopk-cool-bar-9000-puffs-vape\/","title":{"rendered":"VOPK Cool Bar 9000 Puffs Regulowany przep\u0142yw powietrza Vape | D\u0142ugotrwa\u0142y smak, \u0142atwy w u\u017cyciu"},"content":{"rendered":"<h2 data-v-md-heading=\"what-is-the-charm-of-vopk-cool-bar-9000-adjustable-intake-vape\" data-v-md-line=\"3\"><img loading=\"lazy\" decoding=\"async\" class=\"aligncenter size-full wp-image-14546\" src=\"https:\/\/agoravape.com\/wp-content\/uploads\/2025\/10\/VOPK-Cool-Bar-9000-Puffs-Adjustable-Airflow-Vape_Agora_vape-1-scaled.webp\" alt=\"\" width=\"2560\" height=\"2560\" srcset=\"https:\/\/agoravape.com\/wp-content\/uploads\/2025\/10\/VOPK-Cool-Bar-9000-Puffs-Adjustable-Airflow-Vape_Agora_vape-1-scaled.webp 2560w, https:\/\/agoravape.com\/wp-content\/uploads\/2025\/10\/VOPK-Cool-Bar-9000-Puffs-Adjustable-Airflow-Vape_Agora_vape-1-scaled-600x600.webp 600w, https:\/\/agoravape.com\/wp-content\/uploads\/2025\/10\/VOPK-Cool-Bar-9000-Puffs-Adjustable-Airflow-Vape_Agora_vape-1-scaled-1200x1200.webp 1200w, https:\/\/agoravape.com\/wp-content\/uploads\/2025\/10\/VOPK-Cool-Bar-9000-Puffs-Adjustable-Airflow-Vape_Agora_vape-1-300x300.webp 300w, https:\/\/agoravape.com\/wp-content\/uploads\/2025\/10\/VOPK-Cool-Bar-9000-Puffs-Adjustable-Airflow-Vape_Agora_vape-1-1024x1024.webp 1024w, https:\/\/agoravape.com\/wp-content\/uploads\/2025\/10\/VOPK-Cool-Bar-9000-Puffs-Adjustable-Airflow-Vape_Agora_vape-1-150x150.webp 150w, https:\/\/agoravape.com\/wp-content\/uploads\/2025\/10\/VOPK-Cool-Bar-9000-Puffs-Adjustable-Airflow-Vape_Agora_vape-1-768x768.webp 768w, https:\/\/agoravape.com\/wp-content\/uploads\/2025\/10\/VOPK-Cool-Bar-9000-Puffs-Adjustable-Airflow-Vape_Agora_vape-1-1536x1536.webp 1536w, https:\/\/agoravape.com\/wp-content\/uploads\/2025\/10\/VOPK-Cool-Bar-9000-Puffs-Adjustable-Airflow-Vape_Agora_vape-1-2048x2048.webp 2048w\" sizes=\"auto, (max-width: 2560px) 100vw, 2560px\" \/><\/h2>\n<h2 data-v-md-heading=\"what-is-the-charm-of-vopk-cool-bar-9000-adjustable-intake-vape\" data-v-md-line=\"3\">Na czym polega urok vape z regulowanym wlotem VOPK Cool Bar 9000?<\/h2>\n<p data-v-md-line=\"4\">Je\u015bli jeste\u015b zm\u0119czony tymi ulotnymi jednorazowymi vapami, ten produkt mo\u017ce zaspokoi\u0107 Twoje potrzeby. VOPK Cool Bar mo\u017ce zapewni\u0107 do 9000 miejsc, pozwalaj\u0105c cieszy\u0107 si\u0119 smakiem ze spokojem bez konieczno\u015bci cz\u0119stej wymiany urz\u0105dzenia. Jest \u0142atwy w u\u017cyciu, z mi\u0119kk\u0105 pow\u0142ok\u0105 antypo\u015blizgow\u0105, kt\u00f3ra zapewnia wygod\u0119, umo\u017cliwiaj\u0105c regulacj\u0119 przycisk\u00f3w lub ustawie\u0144 bez obaw.<\/p>\n<p data-v-md-line=\"6\">Jest odpowiedni dla ka\u017cdego, kto poszukuje niezawodnego smaku, stabilnego dymu i swobodnie regulowanego ssania. Regulowany dolny wlot powietrza umo\u017cliwia przej\u015bcie od ciasnego palenia przypominaj\u0105cego papierosa do lekko przewiewnego palenia. R\u00f3\u017cnorodny wyb\u00f3r, bez konieczno\u015bci wykonywania skomplikowanych operacji.<\/p>\n<h2 data-v-md-heading=\"excellent-performance-easy-and-convenient\" data-v-md-line=\"8\">Doskona\u0142a wydajno\u015b\u0107, \u0142atwo\u015b\u0107 i wygoda<\/h2>\n<p data-v-md-line=\"9\">Podstawowym elementem Cool Bar jest siatkowy rdze\u0144 rozpylaj\u0105cy 1,0 \u03a9, kt\u00f3ry zapewnia czysty i sp\u00f3jny smak przy ka\u017cdym ssaniu. Siatkowy rdze\u0144 rozpylaj\u0105cy r\u00f3wnomiernie rozprasza ciep\u0142o, zapewniaj\u0105c sp\u00f3jny smak od pierwszego do ostatniego k\u0119sa. Gdy bateria jest roz\u0142adowana, mo\u017cna j\u0105 pod\u0142\u0105czy\u0107 za pomoc\u0105 kabla do transmisji danych typu C. Mo\u017ce to by\u0107 ten sam kabel, kt\u00f3ry jest u\u017cywany w telefonie. Proste i wygodne, nie musisz si\u0119 martwi\u0107.<\/p>\n<h2 data-v-md-heading=\"specification-overview\" data-v-md-line=\"11\">Przegl\u0105d specyfikacji<\/h2>\n<ul data-v-md-line=\"12\">\n<li>Cz\u0119stotliwo\u015b\u0107 ssania: do 9000 razy<\/li>\n<li>Pojemno\u015b\u0107 e-liquidu: 15 mililitr\u00f3w<\/li>\n<li>Rdze\u0144 rozpylaj\u0105cy: rdze\u0144 rozpylaj\u0105cy o oczkach 1,0 \u03a9<\/li>\n<li>Metoda wlotu powietrza: dolny regulowany wlot powietrza<\/li>\n<li>Bateria: 600 mAh (akumulator, 18250 ogniw)<\/li>\n<li>Spos\u00f3b \u0142adowania: Interfejs USB typu C<\/li>\n<li>Zasada dzia\u0142ania: Automatyczne zasysanie (mo\u017ce by\u0107 u\u017cywane przez wdychanie)<\/li>\n<li>Obr\u00f3bka powierzchni: pow\u0142oka gumowa, nadruk UV<\/li>\n<li>Status: Gotowy do u\u017cycia od razu po wyj\u0119ciu z pude\u0142ka<\/li>\n<li>Zawarto\u015b\u0107 nikotyny: Sytuacja w zakresie dostaw mo\u017ce si\u0119 r\u00f3\u017cni\u0107 w zale\u017cno\u015bci od rynku i przepis\u00f3w. Przed z\u0142o\u017ceniem zam\u00f3wienia prosimy o sprawdzenie aktualnego smaku na tej stronie.<\/li>\n<\/ul>\n<h2 data-v-md-heading=\"full-range-of-flavors\" data-v-md-line=\"23\">Pe\u0142na gama smak\u00f3w<\/h2>\n<ul data-v-md-line=\"24\">\n<li>Brzoskwiniowy l\u00f3d<\/li>\n<li>Podw\u00f3jna mi\u0119ta<\/li>\n<li>Bubble Lemon<\/li>\n<li>Aloes winogronowy<\/li>\n<li>Liczi winogronowe<\/li>\n<li>Coca-Cola Ice<\/li>\n<li>Kwa\u015bna pomara\u0144cza<\/li>\n<li>Mieszane jagody<\/li>\n<li>Red Bull Ice<\/li>\n<li>Arbuzowy l\u00f3d<\/li>\n<\/ul>\n<h2 data-v-md-heading=\"for-you-and-for-your-business-as-well\" data-v-md-line=\"35\">Dla Ciebie i dla Twojej firmy<\/h2>\n<p data-v-md-line=\"36\">Zakup finansowany ze \u015brodk\u00f3w w\u0142asnych? Wybierz sw\u00f3j ulubiony smak i zacznij go u\u017cywa\u0107. Mog\u0142oby si\u0119 wydawa\u0107, \u017ce jednorazowy vape z 9000 zaci\u0105gni\u0119ciami mo\u017ce wydawa\u0107 si\u0119 niepor\u0119czny, ale Cool Bar ma gumow\u0105 pow\u0142ok\u0119 zapewniaj\u0105c\u0105 wygodne i przeno\u015bne wra\u017cenia.<\/p>\n<p data-v-md-line=\"38\">Prowadzisz sklep stacjonarny lub internetowy? Dostarczamy VOPK Cool Bar 9000 vapes z regulowanym wlotem w pude\u0142kach hurtowych, po 10 papieros\u00f3w w pude\u0142ku (200 papieros\u00f3w w pude\u0142ku). \u015awiadczymy us\u0142ugi dostawy DDP za po\u015brednictwem zaufanych partner\u00f3w, takich jak UPS, DPD i DHL, dzi\u0119ki czemu taryfy mog\u0105 by\u0107 przetwarzane z wyprzedzeniem, aby unikn\u0105\u0107 nieoczekiwanych sytuacji celnych. Sytuacja w zakresie dostaw i opcje nikotyny zale\u017c\u0105 od lokalnych przepis\u00f3w, dlatego nale\u017cy zapozna\u0107 si\u0119 z obowi\u0105zuj\u0105cymi przepisami w danym kraju\/regionie.<\/p>\n<h2 data-v-md-heading=\"why-do-you-like-it\" data-v-md-line=\"40\">Dlaczego to lubisz?<\/h2>\n<ul data-v-md-line=\"41\">\n<li>Ogromne ssanie: trwa\u0142e i d\u0142ugotrwa\u0142e, nie wymaga cz\u0119stego uzupe\u0142niania.<\/li>\n<li>Regulowany przep\u0142yw powietrza: Dostosuj, aby uzyska\u0107 mocniejsze lub p\u0142ynniejsze ssanie w zale\u017cno\u015bci od nastroju.<\/li>\n<li>Mo\u017cliwo\u015b\u0107 \u0142adowania: \u0141adowanie typu C pomaga wykorzysta\u0107 ka\u017cd\u0105 kropl\u0119 e-liquidu.<\/li>\n<li>Siatkowa cewka: Sp\u00f3jny smak i g\u0142adki dym od pocz\u0105tku do ko\u0144ca.<\/li>\n<li>\u0141atwy w u\u017cyciu: Automatyczna konstrukcja ssania oznacza brak przycisk\u00f3w, brak menu i nacisk bez wysi\u0142ku.<\/li>\n<li>Komfort u\u017cytkowania: Gumowa pow\u0142oka zapewnia stabilny chwyt podczas podr\u00f3\u017cy.<\/li>\n<\/ul>\n<h2 data-v-md-heading=\"why-choose-to-collaborate-with-agoravape\" data-v-md-line=\"48\">Dlaczego warto zdecydowa\u0107 si\u0119 na wsp\u00f3\u0142prac\u0119 z AgoraVape?<\/h2>\n<p data-v-md-line=\"49\">Sprzedajemy wy\u0142\u0105cznie oryginalne produkty i udzielamy na nie gwarancji. Dla nabywc\u00f3w komercyjnych oznacza to obni\u017cone ceny hurtowe, niezawodne zapasy i szybk\u0105 dostaw\u0119 DDP w ca\u0142ej Europie. Nasz zesp\u00f3\u0142 u\u0142atwia wystawianie i sprzeda\u017c waporyzator\u00f3w z regulowanym wlotem VOPK Cool Bar 9000, daj\u0105c klientom urz\u0105dzenie warte ponownego zakupu. Skontaktuj si\u0119 z nami, aby ustali\u0107 ceny i kombinacje smak\u00f3w odpowiednie dla Twojej linii produkt\u00f3w.<\/p>","protected":false},"excerpt":{"rendered":"<p>&nbsp;<\/p>\n<p><script src=\"chrome-extension:\/\/fpelahbljekknahkcaegamhcndkfpfnc\/iFrame.js\" type=\"text\/javascript\"><\/script><\/p>\n<p><script src=\"chrome-extension:\/\/fpelahbljekknahkcaegamhcndkfpfnc\/iFrame.js\" type=\"text\/javascript\"><\/script><\/p>\n<p><script src=\"chrome-extension:\/\/fpelahbljekknahkcaegamhcndkfpfnc\/iFrame.js\" type=\"text\/javascript\"><\/script><\/p>\n<p><script src=\"chrome-extension:\/\/fpelahbljekknahkcaegamhcndkfpfnc\/iFrame.js\" type=\"text\/javascript\"><\/script><\/p>\n<p><script src=\"chrome-extension:\/\/fpelahbljekknahkcaegamhcndkfpfnc\/iFrame.js\" type=\"text\/javascript\"><\/script><\/p>","protected":false},"featured_media":14568,"comment_status":"open","ping_status":"closed","template":"","meta":[],"product_brand":[213],"product_cat":[124,187,185,189,194,176,174,175,193,191,173,186,180,190,140],"product_tag":[],"class_list":{"0":"post-14547","1":"product","2":"type-product","3":"status-publish","4":"has-post-thumbnail","6":"product_brand-vopk","7":"product_cat-vape-by-brand","8":"product_cat-0mg-nicotine-free-vapes","9":"product_cat-10000-puffs-high-capacity","10":"product_cat-20mg-standard-nicotine-vapes","11":"product_cat-adjustable-airflow","12":"product_cat-beverage","13":"product_cat-fruit-flavors","14":"product_cat-icy-mint","15":"product_cat-mesh-coil","16":"product_cat-rechargeable-disposables","17":"product_cat-vape-by-flavor-profile","18":"product_cat-vape-by-nicotine-strength","19":"product_cat-vape-by-puff-count","20":"product_cat-vape-by-feature-or-type","21":"product_cat-vopk","23":"first","24":"instock","25":"shipping-taxable","26":"purchasable","27":"product-type-variable","28":"has-default-attributes"},"tiered_pricing_type":"percentage","tiered_pricing_fixed_rules":[],"tiered_pricing_product_settings":{"layout":"default","base_unit_name":{"singular":null,"plural":null},"default_variation":null},"tiered_pricing_minimum_quantity":10,"tiered_pricing_roles_data":[],"tiered_pricing_percentage_rules":{"30":"29","50":"35","100":"40","200":"44","500":"47","1000":"49"},"tiered_pricing_maximum_quantity":null,"tiered_pricing_quantity_step":"10","_links":{"self":[{"href":"https:\/\/agoravape.com\/pl\/wp-json\/wp\/v2\/product\/14547","targetHints":{"allow":["GET"]}}],"collection":[{"href":"https:\/\/agoravape.com\/pl\/wp-json\/wp\/v2\/product"}],"about":[{"href":"https:\/\/agoravape.com\/pl\/wp-json\/wp\/v2\/types\/product"}],"replies":[{"embeddable":true,"href":"https:\/\/agoravape.com\/pl\/wp-json\/wp\/v2\/comments?post=14547"}],"version-history":[{"count":0,"href":"https:\/\/agoravape.com\/pl\/wp-json\/wp\/v2\/product\/14547\/revisions"}],"wp:featuredmedia":[{"embeddable":true,"href":"https:\/\/agoravape.com\/pl\/wp-json\/wp\/v2\/media\/14568"}],"wp:attachment":[{"href":"https:\/\/agoravape.com\/pl\/wp-json\/wp\/v2\/media?parent=14547"}],"wp:term":[{"taxonomy":"product_brand","embeddable":true,"href":"https:\/\/agoravape.com\/pl\/wp-json\/wp\/v2\/product_brand?post=14547"},{"taxonomy":"product_cat","embeddable":true,"href":"https:\/\/agoravape.com\/pl\/wp-json\/wp\/v2\/product_cat?post=14547"},{"taxonomy":"product_tag","embeddable":true,"href":"https:\/\/agoravape.com\/pl\/wp-json\/wp\/v2\/product_tag?post=14547"}],"curies":[{"name":"wp","href":"https:\/\/api.w.org\/{rel}","templated":true}]}}