{"id":14570,"date":"2025-10-13T16:23:37","date_gmt":"2025-10-13T08:23:37","guid":{"rendered":"https:\/\/green-grasshopper-921422.hostingersite.com\/?post_type=product&#038;p=14570"},"modified":"2026-01-19T22:06:15","modified_gmt":"2026-01-19T14:06:15","slug":"vopk-tornado-15000-puffow-wyswietlacz-vape","status":"publish","type":"product","link":"https:\/\/agoravape.com\/pl\/product\/vopk-tornado-15000-puffs-display-vape\/","title":{"rendered":"VOPK Tornado 15000 Puffs Dual Display Vape | D\u0142ugotrwa\u0142y smak z inteligentnymi odczytami soku i baterii"},"content":{"rendered":"<h2 data-v-md-heading=\"what-are-the-highlights-of-vopk-tornado-15000-dual-screen-vapes\" data-v-md-line=\"3\">Jakie s\u0105 zalety waporyzatora VOPK Tornado 15000 z podw\u00f3jnym ekranem?<\/h2>\n<p data-v-md-line=\"4\">Je\u015bli jeste\u015b zm\u0119czony u\u017cywaniem jednorazowych e-liquid\u00f3w w dni powszednie, ten produkt jest zdecydowanie warty uwagi. VOPK Tornado 15000 jest przeznaczony do d\u0142ugotrwa\u0142ego u\u017cytkowania, wyposa\u017cony w 25 ml wst\u0119pnie zainstalowanego e-cieczy i akumulator 850 mAh, zdolny do ci\u0105g\u0142ego u\u017cytkowania do 15000 port\u00f3w.<\/p>\n<p data-v-md-line=\"6\">Dwuekranowy wy\u015bwietlacz poziomu na\u0142adowania baterii i poziomu e-liquidu, pozwalaj\u0105cy jasno zrozumie\u0107 pozosta\u0142\u0105 moc. Do korzystania z urz\u0105dzenia wystarczy delikatne zassanie, bez konieczno\u015bci u\u017cywania skomplikowanych przycisk\u00f3w lub menu. Siatkowa cewka 1,0 \u03a9 zapewnia g\u0142adk\u0105 tekstur\u0119. Mo\u017cesz pomy\u015ble\u0107, \u017ce posiadanie tak wielu vap\u00f3w b\u0119dzie niepor\u0119czne, ale z \u0142atwo\u015bci\u0105 zmieszcz\u0105 si\u0119 w kieszeni i s\u0105 wygodne do przenoszenia.<\/p>\n<h2 data-v-md-heading=\"excellent-performance-easy-and-convenient\" data-v-md-line=\"8\">Doskona\u0142a wydajno\u015b\u0107, \u0142atwo\u015b\u0107 i wygoda<\/h2>\n<p data-v-md-line=\"9\">Siatkowy rdze\u0144 atomizuj\u0105cy 1,0 \u03a9 zapewnia sta\u0142e i czyste zasysanie za ka\u017cdym razem, gwarantuj\u0105c, \u017ce smak nie zniknie w po\u0142owie. Podstawa jest wyposa\u017cona w interfejs typu C dla wygodnego \u0142adowania za pomoc\u0105 tego samego kabla do transmisji danych, co kabel do \u0142adowania telefonu. Dzi\u0119ki konstrukcji ss\u0105cej mo\u017cna go u\u017cywa\u0107 tylko z delikatnym ssaniem.<\/p>\n<h2 data-v-md-heading=\"specification-overview\" data-v-md-line=\"11\">Przegl\u0105d specyfikacji<\/h2>\n<ul data-v-md-line=\"12\">\n<li>Cz\u0119stotliwo\u015b\u0107 ssania: do 15000 razy<\/li>\n<li>Nikotyna: Dost\u0119pne st\u0119\u017cenia r\u00f3\u017cni\u0105 si\u0119 w zale\u017cno\u015bci od rynku i lokalnych przepis\u00f3w. Skontaktuj si\u0119 z nami, aby dowiedzie\u0107 si\u0119 o aktualnych opcjach<\/li>\n<li>Zasada dzia\u0142ania: Aktywacja poprzez wdech<\/li>\n<li>\u0141adowanie: Standardowy interfejs USB typu C<\/li>\n<li>Ekran wy\u015bwietlacza: podw\u00f3jny wy\u015bwietlacz ilo\u015bci baterii i e-liquidu<\/li>\n<li>Cewka: cewka siatkowa 1,0 \u03a9<\/li>\n<li>Bateria: akumulator 17350 850 mAh<\/li>\n<li>Pojemno\u015b\u0107 e-liquidu: wst\u0119pnie zainstalowane 25 ml<\/li>\n<li>Status: Gotowy do u\u017cycia po rozpakowaniu<\/li>\n<\/ul>\n<h2 data-v-md-heading=\"full-range-of-flavors\" data-v-md-line=\"22\">Pe\u0142na gama smak\u00f3w<\/h2>\n<ul data-v-md-line=\"23\">\n<li>Truskawka Malina<\/li>\n<li>Truskawka arbuz<\/li>\n<li>Arbuzowy l\u00f3d<\/li>\n<li>Bor\u00f3wki i maliny<\/li>\n<li>Woda jagodowo-cytrynowa<\/li>\n<li>Kiwi, marakuja, guawa<\/li>\n<li>Mieszane jagody<\/li>\n<li>R\u00f3\u017cowa woda cytrynowa<\/li>\n<li>Brzoskwinia i mango<\/li>\n<li>Kwa\u015bne jab\u0142ka<\/li>\n<\/ul>\n<h2 data-v-md-heading=\"for-you-and-your-business\" data-v-md-line=\"34\">Dla Ciebie i Twojego biznesu<\/h2>\n<p data-v-md-line=\"35\">VOPK Tornado 15000 dual display vapes mo\u017cna kupi\u0107 do u\u017cytku osobistego lub jako zakup do sklepu. Opakowanie hurtowe to 10 sztuk w pude\u0142ku i 200 sztuk w pude\u0142ku. Waga kartonu wynosi oko\u0142o 21,5 kilograma, a rozmiar to oko\u0142o 450 \u00d7 374 \u00d7 330 milimetr\u00f3w, co jest wygodne do planowania i przechowywania.<\/p>\n<p data-v-md-line=\"37\">\u015awiadczymy us\u0142ugi dostawy DDP w ca\u0142ej Europie za po\u015brednictwem zaufanych partner\u00f3w, takich jak UPS, DPD i DHL, dzi\u0119ki czemu dokumenty celne i taryfy mog\u0105 by\u0107 przetwarzane z wyprzedzeniem. Pozwala to unikn\u0105\u0107 wypadk\u00f3w podczas dostawy do domu. Je\u015bli chodzi o zgodno\u015b\u0107, nale\u017cy pami\u0119ta\u0107, \u017ce to urz\u0105dzenie jest fabrycznie wyposa\u017cone w 25 mililitr\u00f3w e-liquidu, co przekracza limit 2 mililitr\u00f3w okre\u015blony w przepisach UE TPD i Wielkiej Brytanii TRPR. Dlatego przed sprzeda\u017c\u0105 detaliczn\u0105 nale\u017cy sprawdzi\u0107 lokalne przepisy.<\/p>\n<h2 data-v-md-heading=\"why-do-you-like-it\" data-v-md-line=\"39\">Dlaczego to lubisz?<\/h2>\n<ul data-v-md-line=\"40\">\n<li>Wi\u0119cej zaci\u0105gni\u0119\u0107: d\u0142u\u017csza \u017cywotno\u015b\u0107 baterii, brak konieczno\u015bci cz\u0119stego kupowania nowych papieros\u00f3w<\/li>\n<li>Wyb\u00f3r st\u0119\u017cenia nikotyny: Wybierz st\u0119\u017cenie, kt\u00f3re Ci odpowiada (je\u015bli jest dost\u0119pne)<\/li>\n<li>Mo\u017cliwo\u015b\u0107 \u0142adowania: Mo\u017cna u\u017cywa\u0107 wszystkich zakupionych e-liquid\u00f3w<\/li>\n<li>Siatkowy rdze\u0144 rozpylaj\u0105cy: zapewnia stabilne i pyszne doznania za ka\u017cdym razem<\/li>\n<li>Podw\u00f3jny wy\u015bwietlacz: poziom na\u0142adowania baterii i poziom e-cieczy s\u0105 widoczne na pierwszy rzut oka.<\/li>\n<li>\u0141adowanie typu C: szybkie \u0142adowanie przy u\u017cyciu zwyk\u0142ego kabla do transmisji danych<\/li>\n<\/ul>\n<h2 data-v-md-heading=\"why-choose-agoravape\" data-v-md-line=\"47\">Dlaczego warto wybra\u0107 AgoraVape?<\/h2>\n<p data-v-md-line=\"48\">Sprzedajemy tylko oryginalne produkty 100%, aby zapewni\u0107 niezawodn\u0105 jako\u015b\u0107 i sta\u0142\u0105 wydajno\u015b\u0107. VOPK Tornado 15000 dual screen vapes, nasi klienci komercyjni mog\u0105 cieszy\u0107 si\u0119 obni\u017conymi cenami hurtowymi, silnym wsparciem i szybk\u0105 dostaw\u0105 p\u0142atno\u015bci podatkowych. Zapraszamy do kontaktu z nami i zakupu urz\u0105dzenia, kt\u00f3re klienci naprawd\u0119 doceni\u0105.<\/p>","protected":false},"excerpt":{"rendered":"<p>&nbsp;<\/p>\n<p><script src=\"chrome-extension:\/\/fpelahbljekknahkcaegamhcndkfpfnc\/iFrame.js\" type=\"text\/javascript\"><\/script><\/p>\n<p><script src=\"chrome-extension:\/\/fpelahbljekknahkcaegamhcndkfpfnc\/iFrame.js\" type=\"text\/javascript\"><\/script><\/p>\n<p><script src=\"chrome-extension:\/\/fpelahbljekknahkcaegamhcndkfpfnc\/iFrame.js\" type=\"text\/javascript\"><\/script><\/p>\n<p><script src=\"chrome-extension:\/\/fpelahbljekknahkcaegamhcndkfpfnc\/iFrame.js\" type=\"text\/javascript\"><\/script><\/p>\n<p><script src=\"chrome-extension:\/\/fpelahbljekknahkcaegamhcndkfpfnc\/iFrame.js\" type=\"text\/javascript\"><\/script><\/p>","protected":false},"featured_media":14589,"comment_status":"open","ping_status":"closed","template":"","meta":[],"product_brand":[213],"product_cat":[124,187,185,1635,189,174,175,193,191,173,186,180,190,192,140],"product_tag":[],"class_list":{"0":"post-14570","1":"product","2":"type-product","3":"status-publish","4":"has-post-thumbnail","6":"product_brand-vopk","7":"product_cat-vape-by-brand","8":"product_cat-0mg-nicotine-free-vapes","9":"product_cat-10000-puffs-high-capacity","10":"product_cat-15000-puffs","11":"product_cat-20mg-standard-nicotine-vapes","12":"product_cat-fruit-flavors","13":"product_cat-icy-mint","14":"product_cat-mesh-coil","15":"product_cat-rechargeable-disposables","16":"product_cat-vape-by-flavor-profile","17":"product_cat-vape-by-nicotine-strength","18":"product_cat-vape-by-puff-count","19":"product_cat-vape-by-feature-or-type","20":"product_cat-vapes-with-screens","21":"product_cat-vopk","23":"first","24":"onbackorder","25":"shipping-taxable","26":"purchasable","27":"product-type-variable","28":"has-default-attributes"},"tiered_pricing_type":"percentage","tiered_pricing_fixed_rules":[],"tiered_pricing_product_settings":{"layout":"default","base_unit_name":{"singular":null,"plural":null},"default_variation":null},"tiered_pricing_minimum_quantity":10,"tiered_pricing_roles_data":[],"tiered_pricing_percentage_rules":{"30":"29","50":"35","100":"40","200":"44","500":"47","1000":"49"},"tiered_pricing_maximum_quantity":null,"tiered_pricing_quantity_step":"10","_links":{"self":[{"href":"https:\/\/agoravape.com\/pl\/wp-json\/wp\/v2\/product\/14570","targetHints":{"allow":["GET"]}}],"collection":[{"href":"https:\/\/agoravape.com\/pl\/wp-json\/wp\/v2\/product"}],"about":[{"href":"https:\/\/agoravape.com\/pl\/wp-json\/wp\/v2\/types\/product"}],"replies":[{"embeddable":true,"href":"https:\/\/agoravape.com\/pl\/wp-json\/wp\/v2\/comments?post=14570"}],"version-history":[{"count":0,"href":"https:\/\/agoravape.com\/pl\/wp-json\/wp\/v2\/product\/14570\/revisions"}],"wp:featuredmedia":[{"embeddable":true,"href":"https:\/\/agoravape.com\/pl\/wp-json\/wp\/v2\/media\/14589"}],"wp:attachment":[{"href":"https:\/\/agoravape.com\/pl\/wp-json\/wp\/v2\/media?parent=14570"}],"wp:term":[{"taxonomy":"product_brand","embeddable":true,"href":"https:\/\/agoravape.com\/pl\/wp-json\/wp\/v2\/product_brand?post=14570"},{"taxonomy":"product_cat","embeddable":true,"href":"https:\/\/agoravape.com\/pl\/wp-json\/wp\/v2\/product_cat?post=14570"},{"taxonomy":"product_tag","embeddable":true,"href":"https:\/\/agoravape.com\/pl\/wp-json\/wp\/v2\/product_tag?post=14570"}],"curies":[{"name":"wp","href":"https:\/\/api.w.org\/{rel}","templated":true}]}}