{"id":14592,"date":"2025-10-13T16:35:55","date_gmt":"2025-10-13T08:35:55","guid":{"rendered":"https:\/\/green-grasshopper-921422.hostingersite.com\/?post_type=product&#038;p=14592"},"modified":"2026-03-26T13:22:24","modified_gmt":"2026-03-26T12:22:24","slug":"vopk-tornado-9000-puffow-light-vape","status":"publish","type":"product","link":"https:\/\/agoravape.com\/pl\/product\/vopk-tornado-9000-puffs-light-vape\/","title":{"rendered":"VOPK Tornado 9000 Puffs Marquee Light Vape | Du\u017ce zaci\u0105gni\u0119cia, \u0142atwe \u0142adowanie"},"content":{"rendered":"<h2 data-v-md-heading=\"what-exactly-is-the-vopk-tornado-9000-marquee-light-vape\" data-v-md-line=\"3\"><img loading=\"lazy\" decoding=\"async\" class=\"aligncenter size-full wp-image-14591\" src=\"https:\/\/agoravape.com\/wp-content\/uploads\/2025\/10\/VOPK-Tornado-9000-Puffs-Marquee-Light-Vape_Agora_vape-1-scaled.webp\" alt=\"\" width=\"2560\" height=\"1447\" srcset=\"https:\/\/agoravape.com\/wp-content\/uploads\/2025\/10\/VOPK-Tornado-9000-Puffs-Marquee-Light-Vape_Agora_vape-1-scaled.webp 2560w, https:\/\/agoravape.com\/wp-content\/uploads\/2025\/10\/VOPK-Tornado-9000-Puffs-Marquee-Light-Vape_Agora_vape-1-scaled-1200x678.webp 1200w, https:\/\/agoravape.com\/wp-content\/uploads\/2025\/10\/VOPK-Tornado-9000-Puffs-Marquee-Light-Vape_Agora_vape-1-300x170.webp 300w, https:\/\/agoravape.com\/wp-content\/uploads\/2025\/10\/VOPK-Tornado-9000-Puffs-Marquee-Light-Vape_Agora_vape-1-1024x579.webp 1024w, https:\/\/agoravape.com\/wp-content\/uploads\/2025\/10\/VOPK-Tornado-9000-Puffs-Marquee-Light-Vape_Agora_vape-1-768x434.webp 768w, https:\/\/agoravape.com\/wp-content\/uploads\/2025\/10\/VOPK-Tornado-9000-Puffs-Marquee-Light-Vape_Agora_vape-1-1536x868.webp 1536w, https:\/\/agoravape.com\/wp-content\/uploads\/2025\/10\/VOPK-Tornado-9000-Puffs-Marquee-Light-Vape_Agora_vape-1-2048x1158.webp 2048w\" sizes=\"auto, (max-width: 2560px) 100vw, 2560px\" \/><\/h2>\n<h2 data-v-md-heading=\"what-exactly-is-the-vopk-tornado-9000-marquee-light-vape\" data-v-md-line=\"3\">Czym dok\u0142adnie jest vape VOPK Tornado 9000 Marquee Light?<\/h2>\n<p data-v-md-line=\"4\">Je\u015bli jeste\u015b zm\u0119czony jednorazowym e-liquidem, kt\u00f3ry ko\u0144czy si\u0119 na pocz\u0105tku degustacji, to warto przyjrze\u0107 si\u0119 temu produktowi. VOPK Tornado jest wyposa\u017cony w akumulator, kt\u00f3ry mo\u017ce pomie\u015bci\u0107 do 9000 zaci\u0105gni\u0119\u0107, dzi\u0119ki czemu mo\u017cna wykorzysta\u0107 18 mililitr\u00f3w e-cieczy. Nie wymaga obs\u0142ugi, nie wymaga przycisk\u00f3w, po prostu wdychaj i u\u017cywaj.<\/p>\n<p data-v-md-line=\"6\">Nadaje si\u0119 dla ka\u017cdego, kto chce uzyska\u0107 stabilny smak bez konieczno\u015bci regulacji. Prosta kontrolka Marquee Light w dolnej cz\u0119\u015bci nadaje mu odrobin\u0119 osobowo\u015bci, ale nie rzuca si\u0119 w oczy. Dobrze le\u017cy w d\u0142oni, a jednocze\u015bnie jest \u0142atwy do przenoszenia.<\/p>\n<h2 data-v-md-heading=\"excellent-performance-without-any-complexity\" data-v-md-line=\"8\">Doskona\u0142a wydajno\u015b\u0107 bez z\u0142o\u017cono\u015bci<\/h2>\n<p data-v-md-line=\"9\">Siatkowa cewka 1,0 \u03a9 jest rdzeniem Tornado. Dlatego ka\u017cde ssanie mo\u017ce by\u0107 p\u0142ynne i sp\u00f3jne, od pierwszego do ostatniego. Gdy poziom na\u0142adowania baterii jest niski, do \u0142adowania mo\u017cna u\u017cy\u0107 istniej\u0105cego kabla do transmisji danych typu C. Proste. Niezawodny.<\/p>\n<h2 data-v-md-heading=\"specification-overview\" data-v-md-line=\"11\">Przegl\u0105d specyfikacji<\/h2>\n<ul data-v-md-line=\"12\">\n<li>Cz\u0119stotliwo\u015b\u0107 ssania: do 9000 razy<\/li>\n<li>Pojemno\u015b\u0107 e-liquidu: 18 mililitr\u00f3w<\/li>\n<li>Bateria: 18250 ogniw, 600 mAh (akumulator)<\/li>\n<li>Rdze\u0144 rozpylaj\u0105cy: oczko 1,0 \u03a9<\/li>\n<li>Nikotyna: Poda\u017c i st\u0119\u017cenie r\u00f3\u017cni\u0105 si\u0119 w zale\u017cno\u015bci od rynku. Skontaktuj si\u0119 z nami, aby dowiedzie\u0107 si\u0119 o aktualnych opcjach.<\/li>\n<li>Zasada dzia\u0142ania: Aktywacja poprzez wykonanie wdechu<\/li>\n<li>\u0141adowanie: Standardowy interfejs USB typu C<\/li>\n<li>Status: Gotowy do u\u017cycia od razu po wyj\u0119ciu z pude\u0142ka<\/li>\n<\/ul>\n<h2 data-v-md-heading=\"full-range-of-flavors\" data-v-md-line=\"21\">Pe\u0142na gama smak\u00f3w<\/h2>\n<ul data-v-md-line=\"22\">\n<li>Smak jagodowy i malinowy<\/li>\n<li>Smak jagodowy, wi\u015bniowy, \u017curawinowy<\/li>\n<li>Koktajl jagodowy<\/li>\n<li>Koktajl arbuzowo-jagodowy<\/li>\n<li>Smak truskawkowy i arbuzowy<\/li>\n<li>Koktajl truskawkowo-malinowy<\/li>\n<li>Smak brzoskwiniowy i ananasowy<\/li>\n<li>Potr\u00f3jny smak mango<\/li>\n<li>Koktajl mi\u0119towy<\/li>\n<li>Aromat cytryny i limonki<\/li>\n<\/ul>\n<h2 data-v-md-heading=\"for-you-and-for-your-business-as-well\" data-v-md-line=\"33\">Dla Ciebie i dla Twojej firmy<\/h2>\n<p data-v-md-line=\"34\">VOPK Tornado 9000 mo\u017cna kupi\u0107 do u\u017cytku osobistego lub na zapas do sklepu. Opakowanie hurtowe po 10 sztuk w pude\u0142ku u\u0142atwia przewidywanie i uzupe\u0142nianie zapas\u00f3w na p\u00f3\u0142kach. W przypadku zam\u00f3wie\u0144 hurtowych ka\u017cde pude\u0142ko mo\u017ce pomie\u015bci\u0107 200 sztuk, a pude\u0142ko zewn\u0119trzne jest wyra\u017anie oznakowane, co u\u0142atwia odbi\u00f3r.<\/p>\n<p data-v-md-line=\"36\">Korzystamy z us\u0142ug zaufanych partner\u00f3w, takich jak UPS, DPD i DHL, aby wysy\u0142a\u0107 towary w ca\u0142ej Europie za po\u015brednictwem DDP po opodatkowaniu, unikaj\u0105c dodatkowych op\u0142at celnych i zapewniaj\u0105c niezawodne \u015bledzenie w ca\u0142ym procesie.<\/p>\n<h2 data-v-md-heading=\"why-do-you-like-it\" data-v-md-line=\"38\">Dlaczego to lubisz?<\/h2>\n<ul data-v-md-line=\"39\">\n<li>Wiele zaci\u0105gni\u0119\u0107: Wytrzyma\u0142y i trwa\u0142y, nie ma potrzeby cz\u0119stego kupowania nowych wk\u0142ad\u00f3w.<\/li>\n<li>Wyb\u00f3r st\u0119\u017cenia nikotyny: Wybierz st\u0119\u017cenie, kt\u00f3re odpowiada Twoim przyzwyczajeniom. Skontaktuj si\u0119 z nami, aby dowiedzie\u0107 si\u0119 o dost\u0119pnych opcjach w Twoim kraju\/regionie.<\/li>\n<li>Mo\u017cliwo\u015b\u0107 wielokrotnego \u0142adowania: Przy ka\u017cdym zakupie zabraknie Ci e-liquidu.<\/li>\n<li>Siatkowy rdze\u0144 atomizera: Sta\u0142y smak i p\u0142ynne ssanie.<\/li>\n<li>\u015awiat\u0142a brokatowe: Znakomite efekty wizualne, \u0142atwe do zidentyfikowania i pe\u0142ne zabawy w u\u017cyciu.<\/li>\n<\/ul>\n<h2 data-v-md-heading=\"why-choose-to-collaborate-with-agoravape\" data-v-md-line=\"45\">Dlaczego warto zdecydowa\u0107 si\u0119 na wsp\u00f3\u0142prac\u0119 z AgoraVape?<\/h2>\n<p data-v-md-line=\"46\">Dostarczamy tylko oryginalne produkty 100% i jeste\u015bmy odpowiedzialni za sprzedawane przez nas produkty. Je\u015bli kupisz VOPK Tornado 9000 Puffs glitter lights hurtowo, otrzymasz bardzo konkurencyjne ceny, wygodne wsparcie techniczne i szybkie us\u0142ugi dostawy DDP. Chcesz pozna\u0107 smak, st\u0119\u017cenie nikotyny lub szczeg\u00f3\u0142y dotycz\u0105ce zgodno\u015bci na swoim rynku? Skontaktuj si\u0119 z nami, a my pomo\u017cemy Ci zrozumie\u0107 lokalne wymagania, aby\u015b m\u00f3g\u0142 spokojnie zaopatrywa\u0107 si\u0119 w produkty.<\/p>","protected":false},"excerpt":{"rendered":"<p>&nbsp;<\/p>\n<p><script src=\"chrome-extension:\/\/fpelahbljekknahkcaegamhcndkfpfnc\/iFrame.js\" type=\"text\/javascript\"><\/script><\/p>\n<p><script src=\"chrome-extension:\/\/fpelahbljekknahkcaegamhcndkfpfnc\/iFrame.js\" type=\"text\/javascript\"><\/script><\/p>\n<p><script src=\"chrome-extension:\/\/fpelahbljekknahkcaegamhcndkfpfnc\/iFrame.js\" type=\"text\/javascript\"><\/script><\/p>\n<p><script src=\"chrome-extension:\/\/fpelahbljekknahkcaegamhcndkfpfnc\/iFrame.js\" type=\"text\/javascript\"><\/script><\/p>\n<p><script src=\"chrome-extension:\/\/fpelahbljekknahkcaegamhcndkfpfnc\/iFrame.js\" type=\"text\/javascript\"><\/script><\/p>","protected":false},"featured_media":14613,"comment_status":"open","ping_status":"closed","template":"","meta":[],"product_brand":[213],"product_cat":[124,187,185,189,174,175,193,191,173,186,180,190,140],"product_tag":[],"class_list":{"0":"post-14592","1":"product","2":"type-product","3":"status-publish","4":"has-post-thumbnail","6":"product_brand-vopk","7":"product_cat-vape-by-brand","8":"product_cat-0mg-nicotine-free-vapes","9":"product_cat-10000-puffs-high-capacity","10":"product_cat-20mg-standard-nicotine-vapes","11":"product_cat-fruit-flavors","12":"product_cat-icy-mint","13":"product_cat-mesh-coil","14":"product_cat-rechargeable-disposables","15":"product_cat-vape-by-flavor-profile","16":"product_cat-vape-by-nicotine-strength","17":"product_cat-vape-by-puff-count","18":"product_cat-vape-by-feature-or-type","19":"product_cat-vopk","21":"first","22":"onbackorder","23":"shipping-taxable","24":"purchasable","25":"product-type-variable","26":"has-default-attributes"},"tiered_pricing_type":"percentage","tiered_pricing_fixed_rules":[],"tiered_pricing_product_settings":{"layout":"default","base_unit_name":{"singular":null,"plural":null},"default_variation":null},"tiered_pricing_minimum_quantity":10,"tiered_pricing_roles_data":[],"tiered_pricing_percentage_rules":{"30":"29","50":"35","100":"40","200":"44","500":"47","1000":"49"},"tiered_pricing_maximum_quantity":null,"tiered_pricing_quantity_step":"10","_links":{"self":[{"href":"https:\/\/agoravape.com\/pl\/wp-json\/wp\/v2\/product\/14592","targetHints":{"allow":["GET"]}}],"collection":[{"href":"https:\/\/agoravape.com\/pl\/wp-json\/wp\/v2\/product"}],"about":[{"href":"https:\/\/agoravape.com\/pl\/wp-json\/wp\/v2\/types\/product"}],"replies":[{"embeddable":true,"href":"https:\/\/agoravape.com\/pl\/wp-json\/wp\/v2\/comments?post=14592"}],"version-history":[{"count":0,"href":"https:\/\/agoravape.com\/pl\/wp-json\/wp\/v2\/product\/14592\/revisions"}],"wp:featuredmedia":[{"embeddable":true,"href":"https:\/\/agoravape.com\/pl\/wp-json\/wp\/v2\/media\/14613"}],"wp:attachment":[{"href":"https:\/\/agoravape.com\/pl\/wp-json\/wp\/v2\/media?parent=14592"}],"wp:term":[{"taxonomy":"product_brand","embeddable":true,"href":"https:\/\/agoravape.com\/pl\/wp-json\/wp\/v2\/product_brand?post=14592"},{"taxonomy":"product_cat","embeddable":true,"href":"https:\/\/agoravape.com\/pl\/wp-json\/wp\/v2\/product_cat?post=14592"},{"taxonomy":"product_tag","embeddable":true,"href":"https:\/\/agoravape.com\/pl\/wp-json\/wp\/v2\/product_tag?post=14592"}],"curies":[{"name":"wp","href":"https:\/\/api.w.org\/{rel}","templated":true}]}}