{"id":14646,"date":"2025-10-13T22:44:12","date_gmt":"2025-10-13T14:44:12","guid":{"rendered":"https:\/\/green-grasshopper-921422.hostingersite.com\/?post_type=product&#038;p=14646"},"modified":"2026-02-22T15:15:47","modified_gmt":"2026-02-22T14:15:47","slug":"vapen-drta-12000-puffow-vape-do-wielokrotnego-napelniania","status":"publish","type":"product","link":"https:\/\/agoravape.com\/pl\/product\/vapen-drta-12000-puffs-refillable-vape\/","title":{"rendered":"Vapen DRTA 12000 Puffs Jednorazowy Vape wielokrotnego nape\u0142niania | Du\u017ca pojemno\u015b\u0107, \u0142atwe uzupe\u0142nianie"},"content":{"rendered":"<h2 data-v-md-heading=\"what-are-the-advantages-of-vapen-drta-12000-refillable-disposable-vapes\" data-v-md-line=\"3\"><img loading=\"lazy\" decoding=\"async\" class=\"size-full wp-image-14665 alignright\" src=\"https:\/\/agoravape.com\/wp-content\/uploads\/2025\/10\/Vapen-DRTA-12000-Puffs-Refillable-Disposable-Vape_Agora_vape-8.webp\" alt=\"\" width=\"1000\" height=\"1000\" srcset=\"https:\/\/agoravape.com\/wp-content\/uploads\/2025\/10\/Vapen-DRTA-12000-Puffs-Refillable-Disposable-Vape_Agora_vape-8.webp 1000w, https:\/\/agoravape.com\/wp-content\/uploads\/2025\/10\/Vapen-DRTA-12000-Puffs-Refillable-Disposable-Vape_Agora_vape-8-600x600.webp 600w, https:\/\/agoravape.com\/wp-content\/uploads\/2025\/10\/Vapen-DRTA-12000-Puffs-Refillable-Disposable-Vape_Agora_vape-8-300x300.webp 300w, https:\/\/agoravape.com\/wp-content\/uploads\/2025\/10\/Vapen-DRTA-12000-Puffs-Refillable-Disposable-Vape_Agora_vape-8-150x150.webp 150w, https:\/\/agoravape.com\/wp-content\/uploads\/2025\/10\/Vapen-DRTA-12000-Puffs-Refillable-Disposable-Vape_Agora_vape-8-768x768.webp 768w\" sizes=\"auto, (max-width: 1000px) 100vw, 1000px\" \/><\/h2>\n<h2 data-v-md-heading=\"what-are-the-advantages-of-vapen-drta-12000-refillable-disposable-vapes\" data-v-md-line=\"3\">Jakie s\u0105 zalety jednorazowych waporyzator\u00f3w Vapen DRTA 12000 wielokrotnego nape\u0142niania?<\/h2>\n<p data-v-md-line=\"4\">Je\u015bli jeste\u015b zm\u0119czony zmienianiem urz\u0105dze\u0144 co kilka dni, ten produkt u\u0142atwi Ci \u017cycie. Vapen DRTA ma konstrukcj\u0119 wielokrotnego nape\u0142niania, kt\u00f3ra umo\u017cliwia do 12000 nape\u0142nie\u0144, co pozwala zachowa\u0107 to samo urz\u0105dzenie i dodawa\u0107 e-ciecz w razie potrzeby.<\/p>\n<p data-v-md-line=\"6\">Jest odpowiedni dla ka\u017cdego, kto chce d\u0142ugotrwa\u0142ego u\u017cytkowania bez obaw. Wyra\u017any wska\u017anik poziomu e-liquidu i baterii pozwala szybko zorientowa\u0107 si\u0119, kiedy nale\u017cy uzupe\u0142ni\u0107 paliwo lub na\u0142adowa\u0107 bateri\u0119. Nie trzeba zgadywa\u0107, \u0142atwo i wygodnie.<\/p>\n<h2 data-v-md-heading=\"excellent-performance-easy-and-convenient\" data-v-md-line=\"8\">Doskona\u0142a wydajno\u015b\u0107, \u0142atwo\u015b\u0107 i wygoda<\/h2>\n<p data-v-md-line=\"9\">DRTA wykorzystuje inteligentny uk\u0142ad cewki i separacji e-liquidu, kt\u00f3ry pomaga zachowa\u0107 \u015bwie\u017cy smak i zmniejszy\u0107 plamy oleju. Od pierwszego do ostatniego zaci\u0105gni\u0119cia si\u0119, mo\u017cesz cieszy\u0107 si\u0119 sp\u00f3jnym smakiem. Gdy poziom na\u0142adowania baterii jest niski, mo\u017cna pod\u0142\u0105czy\u0107 kabel do transmisji danych typu C, aby kontynuowa\u0107 korzystanie z urz\u0105dzenia. Jest to ta sama \u0142adowarka, kt\u00f3ra jest u\u017cywana w wi\u0119kszo\u015bci telefon\u00f3w, wi\u0119c mo\u017cesz ju\u017c j\u0105 mie\u0107.<\/p>\n<h2 data-v-md-heading=\"specification-overview\" data-v-md-line=\"11\">Przegl\u0105d specyfikacji<\/h2>\n<p data-v-md-line=\"12\"><strong>Liczba przyssawek<\/strong>do 12000 zasysa\u0144<br \/>\n<strong>Nikotyna<\/strong>2% (20 mg\/ml) i 5% (50 mg\/ml) s\u0105 opcjonalne.<br \/>\n<strong>Pojemno\u015b\u0107 e-liquidu<\/strong>24 mililitry<br \/>\n<strong>Bateria<\/strong>Akumulator 650 mAh<br \/>\n<strong>\u0141adowanie<\/strong>: Standardowy port USB typu C<br \/>\n<strong>Ekran wy\u015bwietlacza<\/strong>poziom e-liquidu i wska\u017anik na\u0142adowania baterii<br \/>\n<strong>Zasada dzia\u0142ania<\/strong>: Jednorazowe urz\u0105dzenie, kt\u00f3re mo\u017cna ponownie nape\u0142ni\u0107 olejem, wyposa\u017cone w rdze\u0144 rozpylaj\u0105cy i urz\u0105dzenie do oddzielania e-cieczy.<br \/>\n<strong>Status<\/strong>: Gotowy do u\u017cycia po rozpakowaniu<\/p>\n<p data-v-md-line=\"21\">Uwaga: St\u0119\u017cenie nikotyny zale\u017cy od kraju\/regionu. Wiele rynk\u00f3w UE nie zezwala na stosowanie st\u0119\u017cenia nikotyny 5%. Nale\u017cy sprawdzi\u0107 lokalne przepisy.<\/p>\n<h2 data-v-md-heading=\"full-range-of-flavors\" data-v-md-line=\"23\">Pe\u0142na gama smak\u00f3w<\/h2>\n<ul data-v-md-line=\"24\">\n<li>Arbuzowy l\u00f3d<\/li>\n<li>Niebieskie lodowisko<\/li>\n<li>Lody truskawkowo-arbuzowe<\/li>\n<li>L\u00f3d truskawkowy z kiwi<\/li>\n<li>White Mamba Ice (truskawka, smoczy owoc)<\/li>\n<li>Love 66 Ice (marakuja, melon, arbuz, mi\u0119ta)<\/li>\n<li>Blue Acid Raspberry Ice<\/li>\n<li>Kiwi, marakuja, l\u00f3d z guawy<\/li>\n<li>Brzoskwiniowy l\u00f3d<\/li>\n<li>L\u00f3d \u017curawinowo-wi\u015bniowo-jagodowy<\/li>\n<li>L\u00f3d brzoskwiniowy, mango, ananasowy<\/li>\n<li>Wi\u015bniowy l\u00f3d sodowy<\/li>\n<li>L\u00f3d hawajski (s\u0142odkie mango, ananas, mi\u0119ta)<\/li>\n<li>Damska Kira Ice (melon, mango, jagoda, mi\u0119ta)<\/li>\n<li>Black Dragon Ice (smoczy owoc, cytryna)<\/li>\n<\/ul>\n<h2 data-v-md-heading=\"for-you-and-your-business\" data-v-md-line=\"40\">Dla Ciebie i Twojego biznesu<\/h2>\n<p data-v-md-line=\"41\">Je\u015bli zale\u017cy Ci na du\u017cej pojemno\u015bci i \u0142atwym uzupe\u0142nianiu lodu, wybierz go dla siebie. Je\u015bli prowadzisz sklep, mo\u017cesz kupi\u0107 l\u00f3d DRTA luzem. Dostarczamy 10 kostek lodu na pude\u0142ko ekspozycyjne i 200 kostek lodu na pude\u0142ko, dzi\u0119ki czemu mo\u017cna \u0142atwo zaplanowa\u0107 p\u00f3\u0142ki i przep\u0142yw got\u00f3wki.<\/p>\n<p data-v-md-line=\"43\">Wsp\u00f3\u0142pracujemy z zaufanymi partnerami, takimi jak UPS, DPD i DHL, aby \u015bwiadczy\u0107 us\u0142ugi dostawy DDP w ca\u0142ej Europie. Oznacza to, \u017ce zapewniamy us\u0142ug\u0119 dostawy do domu po op\u0142aceniu podatku, dzi\u0119ki czemu nie napotkasz \u017cadnych wypadk\u00f3w w urz\u0119dzie celnym. \u0141atwe do zrozumienia i przewidywalne.<\/p>\n<h2 data-v-md-heading=\"why-do-you-like-it\" data-v-md-line=\"45\">Dlaczego to lubisz?<\/h2>\n<ul data-v-md-line=\"46\">\n<li>Ogromne pociski dymne: Do 12000 zaci\u0105gni\u0119\u0107, co eliminuje potrzeb\u0119 ci\u0105g\u0142ego kupowania nowych urz\u0105dze\u0144.<\/li>\n<li>Wyb\u00f3r zawarto\u015bci nikotyny: Wybierz zawarto\u015b\u0107 nikotyny 2% lub 5% w oparciu o swoje preferencje i lokalne przepisy.<\/li>\n<li>Mo\u017cliwo\u015b\u0107 \u0142adowania: Mo\u017cesz zu\u017cy\u0107 ca\u0142y zakupiony e-liquid, poniewa\u017c mo\u017cesz na\u0142adowa\u0107 bateri\u0119.<\/li>\n<li>Czytelny ekran wy\u015bwietlacza: Kontrolki e-liquidu i baterii eliminuj\u0105 potrzeb\u0119 martwienia si\u0119 o uzupe\u0142nianie i \u0142adowanie.<\/li>\n<li>Konstrukcja do wielokrotnego nape\u0142niania olejem: Konstrukcja cewki i separacji e-liquidu pomaga utrzyma\u0107 sta\u0142y smak.<\/li>\n<\/ul>\n<h2 data-v-md-heading=\"why-choose-to-collaborate-with-agoravape\" data-v-md-line=\"52\">Dlaczego warto zdecydowa\u0107 si\u0119 na wsp\u00f3\u0142prac\u0119 z AgoraVape?<\/h2>\n<p data-v-md-line=\"53\">Sprzedajemy tylko oryginalne produkty 100% i jeste\u015bmy za nie odpowiedzialni. Nabywcy komercyjni mog\u0105 cieszy\u0107 si\u0119 obni\u017conymi cenami hurtowymi, niezawodnym wsparciem oraz szybkimi i niezawodnymi us\u0142ugami dostawy DDP dla jednorazowych waporyzator\u00f3w Vapen DRTA 12000. Je\u015bli chcesz kupi\u0107 trwa\u0142y i niezawodny sprz\u0119t do nape\u0142niania, skontaktuj si\u0119 z nami.<\/p>","protected":false},"excerpt":{"rendered":"<p>Jakie s\u0105 zalety jednorazowych waporyzator\u00f3w Vapen DRTA 12000 wielokrotnego nape\u0142niania? Je\u015bli masz do\u015b\u0107 zmieniania urz\u0105dze\u0144 co kilka dni,<\/p>","protected":false},"featured_media":14644,"comment_status":"open","ping_status":"closed","template":"","meta":[],"product_brand":[214],"product_cat":[124,185,1634,189,174,175,191,179,173,186,180,190,141],"product_tag":[],"class_list":{"0":"post-14646","1":"product","2":"type-product","3":"status-publish","4":"has-post-thumbnail","6":"product_brand-vapen","7":"product_cat-vape-by-brand","8":"product_cat-10000-puffs-high-capacity","9":"product_cat-12000-puffs","10":"product_cat-20mg-standard-nicotine-vapes","11":"product_cat-fruit-flavors","12":"product_cat-icy-mint","13":"product_cat-rechargeable-disposables","14":"product_cat-unique-blends","15":"product_cat-vape-by-flavor-profile","16":"product_cat-vape-by-nicotine-strength","17":"product_cat-vape-by-puff-count","18":"product_cat-vape-by-feature-or-type","19":"product_cat-vapen","21":"first","22":"instock","23":"shipping-taxable","24":"purchasable","25":"product-type-variable","26":"has-default-attributes"},"tiered_pricing_type":"percentage","tiered_pricing_fixed_rules":[],"tiered_pricing_product_settings":{"layout":"default","base_unit_name":{"singular":null,"plural":null},"default_variation":null},"tiered_pricing_minimum_quantity":10,"tiered_pricing_roles_data":[],"tiered_pricing_percentage_rules":{"50":"35","100":"40","200":"44","500":"47","1000":"49"},"tiered_pricing_maximum_quantity":null,"tiered_pricing_quantity_step":"10","_links":{"self":[{"href":"https:\/\/agoravape.com\/pl\/wp-json\/wp\/v2\/product\/14646","targetHints":{"allow":["GET"]}}],"collection":[{"href":"https:\/\/agoravape.com\/pl\/wp-json\/wp\/v2\/product"}],"about":[{"href":"https:\/\/agoravape.com\/pl\/wp-json\/wp\/v2\/types\/product"}],"replies":[{"embeddable":true,"href":"https:\/\/agoravape.com\/pl\/wp-json\/wp\/v2\/comments?post=14646"}],"version-history":[{"count":0,"href":"https:\/\/agoravape.com\/pl\/wp-json\/wp\/v2\/product\/14646\/revisions"}],"wp:featuredmedia":[{"embeddable":true,"href":"https:\/\/agoravape.com\/pl\/wp-json\/wp\/v2\/media\/14644"}],"wp:attachment":[{"href":"https:\/\/agoravape.com\/pl\/wp-json\/wp\/v2\/media?parent=14646"}],"wp:term":[{"taxonomy":"product_brand","embeddable":true,"href":"https:\/\/agoravape.com\/pl\/wp-json\/wp\/v2\/product_brand?post=14646"},{"taxonomy":"product_cat","embeddable":true,"href":"https:\/\/agoravape.com\/pl\/wp-json\/wp\/v2\/product_cat?post=14646"},{"taxonomy":"product_tag","embeddable":true,"href":"https:\/\/agoravape.com\/pl\/wp-json\/wp\/v2\/product_tag?post=14646"}],"curies":[{"name":"wp","href":"https:\/\/api.w.org\/{rel}","templated":true}]}}