{"id":14671,"date":"2025-10-13T22:57:12","date_gmt":"2025-10-13T14:57:12","guid":{"rendered":"https:\/\/green-grasshopper-921422.hostingersite.com\/?post_type=product&#038;p=14671"},"modified":"2025-12-31T22:59:19","modified_gmt":"2025-12-31T14:59:19","slug":"vapen-titan-10000-puffow-vape-wielokrotnego-napelniania","status":"publish","type":"product","link":"https:\/\/agoravape.com\/pl\/product\/vapen-titan-10000-puffs-refillable-vape\/","title":{"rendered":"Vapen Titan 10000 Puffs Jednorazowy Vape wielokrotnego nape\u0142niania | Du\u017ca pojemno\u015b\u0107, \u0142atwy w u\u017cyciu"},"content":{"rendered":"<h2 data-v-md-heading=\"what-are-the-advantages-of-the-vapen-titan-10000-refillable-disposable-vape\" data-v-md-line=\"3\"><img loading=\"lazy\" decoding=\"async\" class=\"aligncenter size-full wp-image-14688\" src=\"https:\/\/agoravape.com\/wp-content\/uploads\/2025\/10\/Vapen-Titan-10000-Puffs-Refillable-Disposable-Vape_Agora_vape-1-scaled.webp\" alt=\"\" width=\"2560\" height=\"1707\" srcset=\"https:\/\/agoravape.com\/wp-content\/uploads\/2025\/10\/Vapen-Titan-10000-Puffs-Refillable-Disposable-Vape_Agora_vape-1-scaled.webp 2560w, https:\/\/agoravape.com\/wp-content\/uploads\/2025\/10\/Vapen-Titan-10000-Puffs-Refillable-Disposable-Vape_Agora_vape-1-scaled-1200x800.webp 1200w, https:\/\/agoravape.com\/wp-content\/uploads\/2025\/10\/Vapen-Titan-10000-Puffs-Refillable-Disposable-Vape_Agora_vape-1-300x200.webp 300w, https:\/\/agoravape.com\/wp-content\/uploads\/2025\/10\/Vapen-Titan-10000-Puffs-Refillable-Disposable-Vape_Agora_vape-1-1024x683.webp 1024w, https:\/\/agoravape.com\/wp-content\/uploads\/2025\/10\/Vapen-Titan-10000-Puffs-Refillable-Disposable-Vape_Agora_vape-1-768x512.webp 768w, https:\/\/agoravape.com\/wp-content\/uploads\/2025\/10\/Vapen-Titan-10000-Puffs-Refillable-Disposable-Vape_Agora_vape-1-1536x1024.webp 1536w, https:\/\/agoravape.com\/wp-content\/uploads\/2025\/10\/Vapen-Titan-10000-Puffs-Refillable-Disposable-Vape_Agora_vape-1-2048x1365.webp 2048w\" sizes=\"auto, (max-width: 2560px) 100vw, 2560px\" \/><\/h2>\n<h2 data-v-md-heading=\"what-are-the-advantages-of-the-vapen-titan-10000-refillable-disposable-vape\" data-v-md-line=\"3\">Jakie s\u0105 zalety jednorazowego waporyzatora wielokrotnego nape\u0142niania Vapen Titan 10000?<\/h2>\n<p data-v-md-line=\"4\">Je\u015bli jeste\u015b zm\u0119czony wymian\u0105 urz\u0105dzenia co kilka dni, Titan 10000 z pewno\u015bci\u0105 od\u015bwie\u017cy Tw\u00f3j umys\u0142. Zastosowano w nim powtarzaln\u0105 konstrukcj\u0119 oliwienia, specjalnie zaprojektowan\u0105 do d\u0142ugotrwa\u0142ego u\u017cytkowania, kt\u00f3ra pozwala zachowa\u0107 d\u0142ugotrwa\u0142y smak i zmniejszy\u0107 z\u0142o\u017cono\u015b\u0107 obs\u0142ugi. Wstrzyknij olej, na\u0142aduj i mo\u017cesz kontynuowa\u0107 u\u017cytkowanie.<\/p>\n<p data-v-md-line=\"6\">Je\u015bli chcesz \u0142atwo i wygodnie korzysta\u0107 z waporyzatora bez konieczno\u015bci r\u0119cznej obs\u0142ugi, jest to idealny wyb\u00f3r. Wystarczy zaci\u0105gn\u0105\u0107 si\u0119, aby go aktywowa\u0107. Ciesz si\u0119 p\u0142ynnymi doznaniami zapewnianymi przez cewk\u0119 siatkow\u0105. Mo\u017cesz pomy\u015ble\u0107, \u017ce tak trwa\u0142y produkt by\u0142by skomplikowany, ale jest prosty i \u0142atwy w u\u017cyciu, wygodny w codziennym u\u017cytkowaniu.<\/p>\n<h2 data-v-md-heading=\"excellent-performance-without-any-complexity\" data-v-md-line=\"8\">Doskona\u0142a wydajno\u015b\u0107 bez z\u0142o\u017cono\u015bci<\/h2>\n<p data-v-md-line=\"9\">Siatkowa cewka jest rdzeniem tytanu. Dlatego ka\u017cdy k\u0119s zapewnia sp\u00f3jny, czysty i g\u0142adki smak. Bateria jest \u0142adowana za po\u015brednictwem interfejsu typu C, wi\u0119c prawdopodobnie u\u017cywasz tego samego kabla do transmisji danych, co telefon. Nape\u0142nij sw\u00f3j ulubiony e-liquid i mo\u017cesz kontynuowa\u0107 korzystanie z niego, \u017cegnaj\u0105c si\u0119 z cz\u0119stymi przerwami.<\/p>\n<h2 data-v-md-heading=\"specification-overview\" data-v-md-line=\"11\">Przegl\u0105d specyfikacji<\/h2>\n<p data-v-md-line=\"12\"><strong>Liczba przyssawek<\/strong>do 10000 zasysa\u0144<br \/>\n<strong>Zawarto\u015b\u0107 nikotyny<\/strong>2% (20 mg\/ml) i 5% (50 mg\/ml) opcjonalnie<br \/>\n<strong>Pojemno\u015b\u0107 e-liquidu<\/strong>20 ml<br \/>\n<strong>Bateria<\/strong>650mAh<br \/>\n<strong>Zasada dzia\u0142ania<\/strong>: Aktywowany przez wdychanie<br \/>\n<strong>Atomizuj\u0105cy rdze\u0144<\/strong>: Siatkowy rdze\u0144 rozpylaj\u0105cy<br \/>\n<strong>\u0141adowanie<\/strong>: Interfejs USB typu C<br \/>\n<strong>Status<\/strong>: Urz\u0105dzenie jest zaplombowane. W niekt\u00f3rych krajach\/regionach UE ten produkt jest dost\u0119pny tylko w formie sprz\u0119towej, dlatego przed pierwszym u\u017cyciem nale\u017cy nape\u0142ni\u0107 go e-liquidem zgodnym z TPD.<\/p>\n<p data-v-md-line=\"21\">O\u015bwiadczenie o zgodno\u015bci: UE stanowi, \u017ce maksymalna pojemno\u015b\u0107 wst\u0119pnie nape\u0142nionych urz\u0105dze\u0144 wynosi 2 mililitry, a maksymalna zawarto\u015b\u0107 nikotyny to 20 miligram\u00f3w na mililitr. 5% opcji ma zastosowanie do rynk\u00f3w spoza UE. Klienci z UE powinni wybra\u0107 opcj\u0119 2% i u\u017cywa\u0107 e-liquid\u00f3w spe\u0142niaj\u0105cych normy TPD.<\/p>\n<h2 data-v-md-heading=\"full-range-of-flavors\" data-v-md-line=\"23\">Pe\u0142na gama smak\u00f3w<\/h2>\n<ul data-v-md-line=\"24\">\n<li>Arbuzowy l\u00f3d<\/li>\n<li>Mr. Blue Ice<\/li>\n<li>Brzoskwiniowy l\u00f3d<\/li>\n<li>Lody truskawkowo-arbuzowe<\/li>\n<li>Black Dragon Ice (smoczy owoc, cytryna)<\/li>\n<li>Love 66 (marakuja, melon, arbuz, mi\u0119ta)<\/li>\n<li>Kiwi, marakuja, guawa<\/li>\n<li>Red Bull Ice<\/li>\n<li>Cherry Soda<\/li>\n<li>Nap\u00f3j gazowany o smaku pomara\u0144czowym<\/li>\n<li>Truskawka kiwi<\/li>\n<li>Blue Acid Raspberry Ice<\/li>\n<li>L\u00f3d brzoskwiniowy, mango, ananasowy<\/li>\n<li>Sexy Beach Ice<\/li>\n<li>Ch\u0142odny l\u00f3d mentolowy<\/li>\n<li>Coca-Cola Ice<\/li>\n<li>Szalone kakao (ananas, kokos, limonka, koktajl)<\/li>\n<li>Letni sen (winogrona, pomara\u0144cze, Red Bull)<\/li>\n<li>L\u00f3d z puree jagodowym<\/li>\n<li>Truskawkowy l\u00f3d<\/li>\n<\/ul>\n<h2 data-v-md-heading=\"for-you-for-your-business\" data-v-md-line=\"45\">Dla Ciebie, dla Twojej firmy<\/h2>\n<p data-v-md-line=\"46\">Mo\u017cesz wybra\u0107 jeden do u\u017cytku osobistego lub zaopatrzy\u0107 sw\u00f3j sklep. Opakowanie hurtowe to 10 sztuk w pude\u0142ku ekspozycyjnym i 200 sztuk w pude\u0142ku zewn\u0119trznym. \u0141atwe do wystawienia i sprzeda\u017cy.<\/p>\n<p data-v-md-line=\"48\">Wsp\u00f3\u0142pracujemy z zaufanymi partnerami, takimi jak UPS, DPD i DHL, aby wysy\u0142a\u0107 na zasadzie Delivered Duty Paid (DDP), zapewniaj\u0105c szybk\u0105 dostaw\u0119 i unikaj\u0105c wypadk\u00f3w celnych. Plik jest przejrzysty, a \u015bledzenie niezawodne. Od kasy do dostawy do domu, wszystko odbywa si\u0119 za jednym zamachem.<\/p>\n<h2 data-v-md-heading=\"why-do-you-like-it\" data-v-md-line=\"50\">Dlaczego to lubisz?<\/h2>\n<p data-v-md-line=\"51\"><strong>Bardzo du\u017ca pojemno\u015b\u0107:<\/strong>\u00a0Do 10000 zaci\u0105gni\u0119\u0107, co oznacza rzadsz\u0105 wymian\u0119, u\u0142atwiaj\u0105c czerpanie przyjemno\u015bci z waporyzacji.<br \/>\n<strong>Wyb\u00f3r st\u0119\u017cenia nikotyny:<\/strong>\u00a0Wybierz koncentracj\u0119, kt\u00f3ra odpowiada Twojemu rynkowi lub preferencjom<br \/>\n<strong>Akumulator:<\/strong>\u00a0Mo\u017cesz wykorzysta\u0107 wszystkie zakupione e-liquidy bez konieczno\u015bci wyrzucania po\u0142owy urz\u0105dzenia.<br \/>\n<strong>Siatkowy rdze\u0144 atomizera:<\/strong>\u00a0Sta\u0142y smak i p\u0142ynne ssanie<br \/>\n<strong>Wygodny interfejs typu C:<\/strong>\u00a0\u0141adowanie przy u\u017cyciu istniej\u0105cego kabla do transmisji danych<\/p>\n<h2 data-v-md-heading=\"why-choose-to-collaborate-with-agoravape\" data-v-md-line=\"57\">Dlaczego warto zdecydowa\u0107 si\u0119 na wsp\u00f3\u0142prac\u0119 z AgoraVape?<\/h2>\n<p data-v-md-line=\"58\">Sprzedajemy tylko oryginalne produkty 100% i nie mamy co do tego w\u0105tpliwo\u015bci. Vapen Titan 10000 jednorazowe waporyzatory wielokrotnego nape\u0142niania, mo\u017cesz cieszy\u0107 si\u0119 obni\u017conymi cenami hurtowymi, szybk\u0105 obs\u0142ug\u0105 klienta i szybkimi us\u0142ugami dostawy DDP. Chcesz zaopatrzy\u0107 si\u0119 w sprz\u0119t, kt\u00f3ry cz\u0119sto odwiedzaj\u0105 stali klienci? Skontaktuj si\u0119 z nami, a my zorganizujemy dla Ciebie dostaw\u0119.<\/p>\n<p data-v-md-line=\"60\">Informacje dotycz\u0105ce zgodno\u015bci i bezpiecze\u0144stwa: Przed zakupem nale\u017cy sprawdzi\u0107 lokalne przepisy. W razie potrzeby nale\u017cy u\u017cywa\u0107 e-liquidu spe\u0142niaj\u0105cego normy TPD. Nale\u017cy prawid\u0142owo obchodzi\u0107 si\u0119 z bateri\u0105. P\u0142atno\u015bci s\u0105 przetwarzane za po\u015brednictwem bezpiecznej bramki, co zapewnia spok\u00f3j ducha. W razie jakichkolwiek pyta\u0144 mo\u017cna zwr\u00f3ci\u0107 lub wymieni\u0107 towar zgodnie z naszymi standardowymi zasadami.<\/p>","protected":false},"excerpt":{"rendered":"<p>&nbsp;<\/p>","protected":false},"featured_media":14701,"comment_status":"open","ping_status":"closed","template":"","meta":[],"product_brand":[214],"product_cat":[124,185,189,176,174,175,191,179,173,186,180,190,141],"product_tag":[],"class_list":{"0":"post-14671","1":"product","2":"type-product","3":"status-publish","4":"has-post-thumbnail","6":"product_brand-vapen","7":"product_cat-vape-by-brand","8":"product_cat-10000-puffs-high-capacity","9":"product_cat-20mg-standard-nicotine-vapes","10":"product_cat-beverage","11":"product_cat-fruit-flavors","12":"product_cat-icy-mint","13":"product_cat-rechargeable-disposables","14":"product_cat-unique-blends","15":"product_cat-vape-by-flavor-profile","16":"product_cat-vape-by-nicotine-strength","17":"product_cat-vape-by-puff-count","18":"product_cat-vape-by-feature-or-type","19":"product_cat-vapen","21":"first","22":"instock","23":"shipping-taxable","24":"purchasable","25":"product-type-variable","26":"has-default-attributes"},"tiered_pricing_type":"percentage","tiered_pricing_fixed_rules":[],"tiered_pricing_product_settings":{"layout":"default","base_unit_name":{"singular":null,"plural":null},"default_variation":null},"tiered_pricing_minimum_quantity":10,"tiered_pricing_roles_data":[],"tiered_pricing_percentage_rules":{"50":"35","100":"40","200":"44","500":"47","1000":"49"},"tiered_pricing_maximum_quantity":null,"tiered_pricing_quantity_step":"10","_links":{"self":[{"href":"https:\/\/agoravape.com\/pl\/wp-json\/wp\/v2\/product\/14671","targetHints":{"allow":["GET"]}}],"collection":[{"href":"https:\/\/agoravape.com\/pl\/wp-json\/wp\/v2\/product"}],"about":[{"href":"https:\/\/agoravape.com\/pl\/wp-json\/wp\/v2\/types\/product"}],"replies":[{"embeddable":true,"href":"https:\/\/agoravape.com\/pl\/wp-json\/wp\/v2\/comments?post=14671"}],"version-history":[{"count":0,"href":"https:\/\/agoravape.com\/pl\/wp-json\/wp\/v2\/product\/14671\/revisions"}],"wp:featuredmedia":[{"embeddable":true,"href":"https:\/\/agoravape.com\/pl\/wp-json\/wp\/v2\/media\/14701"}],"wp:attachment":[{"href":"https:\/\/agoravape.com\/pl\/wp-json\/wp\/v2\/media?parent=14671"}],"wp:term":[{"taxonomy":"product_brand","embeddable":true,"href":"https:\/\/agoravape.com\/pl\/wp-json\/wp\/v2\/product_brand?post=14671"},{"taxonomy":"product_cat","embeddable":true,"href":"https:\/\/agoravape.com\/pl\/wp-json\/wp\/v2\/product_cat?post=14671"},{"taxonomy":"product_tag","embeddable":true,"href":"https:\/\/agoravape.com\/pl\/wp-json\/wp\/v2\/product_tag?post=14671"}],"curies":[{"name":"wp","href":"https:\/\/api.w.org\/{rel}","templated":true}]}}