{"id":14887,"date":"2025-10-14T12:55:00","date_gmt":"2025-10-14T04:55:00","guid":{"rendered":"https:\/\/green-grasshopper-921422.hostingersite.com\/?post_type=product&#038;p=14887"},"modified":"2026-03-30T17:51:48","modified_gmt":"2026-03-30T15:51:48","slug":"arymi-k-stick-28000-puffs-dual-pod-vape","status":"publish","type":"product","link":"https:\/\/agoravape.com\/pl\/product\/arymi-k-stick-28000-puffs-dual-pod-vape\/","title":{"rendered":"Arymi K-Stick 28000 Puffs Dual Pod Jednorazowy Vape | Du\u017ca pojemno\u015b\u0107 w prosty spos\u00f3b"},"content":{"rendered":"<h2 data-v-md-heading=\"what-about-the-arymi-k-stick-28000-dual-cartridge-disposable-vape\" data-v-md-line=\"3\"><img loading=\"lazy\" decoding=\"async\" class=\"aligncenter size-full wp-image-14917\" src=\"https:\/\/agoravape.com\/wp-content\/uploads\/2025\/10\/1_Agora_vape.webp\" alt=\"\" width=\"1280\" height=\"1280\" srcset=\"https:\/\/agoravape.com\/wp-content\/uploads\/2025\/10\/1_Agora_vape.webp 1280w, https:\/\/agoravape.com\/wp-content\/uploads\/2025\/10\/1_Agora_vape-600x600.webp 600w, https:\/\/agoravape.com\/wp-content\/uploads\/2025\/10\/1_Agora_vape-1200x1200.webp 1200w, https:\/\/agoravape.com\/wp-content\/uploads\/2025\/10\/1_Agora_vape-300x300.webp 300w, https:\/\/agoravape.com\/wp-content\/uploads\/2025\/10\/1_Agora_vape-1024x1024.webp 1024w, https:\/\/agoravape.com\/wp-content\/uploads\/2025\/10\/1_Agora_vape-150x150.webp 150w, https:\/\/agoravape.com\/wp-content\/uploads\/2025\/10\/1_Agora_vape-768x768.webp 768w\" sizes=\"auto, (max-width: 1280px) 100vw, 1280px\" \/><\/h2>\n<h2 data-v-md-heading=\"what-about-the-arymi-k-stick-28000-dual-cartridge-disposable-vape\" data-v-md-line=\"3\">A co z jednorazowym vape Arymi K-Stick 28000 z dwoma wk\u0142adami?<\/h2>\n<p data-v-md-line=\"4\">Je\u015bli jeste\u015b zm\u0119czony jednorazowymi waporyzatorami, kt\u00f3re mo\u017cna zu\u017cy\u0107 w ci\u0105gu kilku dni, to ten produkt z pewno\u015bci\u0105 przyci\u0105gnie twoj\u0105 uwag\u0119. Arymi K-Stick ma bardzo du\u017c\u0105 pojemno\u015b\u0107 28000 zaci\u0105gni\u0119\u0107 i jest wyposa\u017cony w podw\u00f3jny wk\u0142ad, zaprojektowany specjalnie z my\u015bl\u0105 o d\u0142ugotrwa\u0142ym u\u017cytkowaniu i stabilnym smaku.<\/p>\n<p data-v-md-line=\"6\">Je\u015bli potrzebujesz niezawodnego i wygodnego waporyzatora, jest to idealny wyb\u00f3r. Bez menu, bez przycisk\u00f3w, po prostu podnie\u015b i ssij. Mo\u017cesz pomy\u015ble\u0107, \u017ce ten vape z tak du\u017c\u0105 liczb\u0105 ust jest niepor\u0119czny, ale zaskakuj\u0105co jest bardzo \u0142atwy do przenoszenia, o wysoko\u015bci 137 milimetr\u00f3w i \u015brednicy 28 milimetr\u00f3w. Jest solidny w dotyku i wa\u017cy zaledwie 122 gramy, dzi\u0119ki czemu jest \u0142atwy do przenoszenia.<\/p>\n<h2 data-v-md-heading=\"excellent-performance-easy-and-convenient\" data-v-md-line=\"8\">Doskona\u0142a wydajno\u015b\u0107, \u0142atwo\u015b\u0107 i wygoda<\/h2>\n<p data-v-md-line=\"9\">K-Stick wykorzystuje podw\u00f3jne cewki siatkowe, aby zapewni\u0107 sp\u00f3jny smak od pierwszego do ostatniego k\u0119sa. Konstrukcja z podw\u00f3jnym wk\u0142adem i technologia separacji cewek z p\u0142ynem wzajemnie si\u0119 uzupe\u0142niaj\u0105, pomagaj\u0105c utrzyma\u0107 \u015bwie\u017co\u015b\u0107 e-liquidu i zmniejszaj\u0105c mo\u017cliwo\u015b\u0107 wycieku oleju podczas przechowywania lub podr\u00f3\u017cy. Ponadto jest on wyposa\u017cony w prze\u0142\u0105czane dysze, kt\u00f3re mo\u017cna \u0142atwo prze\u0142\u0105cza\u0107 mi\u0119dzy wk\u0142adami za pomoc\u0105 delikatnego obrotu, zachowuj\u0105c \u015bwie\u017cy smak.<\/p>\n<h2 data-v-md-heading=\"specification-overview\" data-v-md-line=\"11\">Przegl\u0105d specyfikacji<\/h2>\n<p data-v-md-line=\"12\"><strong>Cz\u0119stotliwo\u015b\u0107 ssania<\/strong>do 28000 razy<br \/>\n<strong>Zawarto\u015b\u0107 nikotyny<\/strong>: 5% (50 miligram\u00f3w)<br \/>\n<strong>Zasada dzia\u0142ania<\/strong>: Aktywowany przez wdychanie<br \/>\n<strong>Metoda \u0142adowania<\/strong>: Nie okre\u015blono producenta<br \/>\n<strong>Status<\/strong>: Gotowy do u\u017cycia po rozpakowaniu<br \/>\n<strong>Rozmiar<\/strong>\u03c6 28 \u00d7 137 milimetr\u00f3w<br \/>\n<strong>Pojedyncza waga<\/strong>: 122 gramy<\/p>\n<h2 data-v-md-heading=\"for-you-for-your-business\" data-v-md-line=\"20\">Dla Ciebie, dla Twojej firmy<\/h2>\n<p data-v-md-line=\"21\">Mo\u017cesz u\u017cy\u0107 <a class=\"wpil_keyword_link\" href=\"https:\/\/agoravape.com\/pl\/vape-wedlug-marki\/arymi\/\" target=\"_blank\" rel=\"noopener\" title=\"ARYMI\" data-wpil-keyword-link=\"linked\" data-wpil-monitor-id=\"7172\">Arymi<\/a> K-Stick do u\u017cytku osobistego lub do zakupu w sklepie. Opakowanie hurtowe jest proste i \u0142atwe do zrozumienia. Wewn\u0119trzne pude\u0142ko mo\u017ce pomie\u015bci\u0107 10 sztuk. Zewn\u0119trzne pude\u0142ko mo\u017ce pomie\u015bci\u0107 15 pude\u0142ek wewn\u0119trznych, co daje \u0142\u0105cznie 150 sztuk. U\u0142atwia to prognozowanie i planowanie p\u00f3\u0142ek.<\/p>\n<p data-v-md-line=\"23\">Wysy\u0142amy zam\u00f3wienia za po\u015brednictwem zaufanych partner\u00f3w, takich jak UPS, DPD i DHL w spos\u00f3b op\u0142acony podatkiem DDP w ca\u0142ej Europie, aby zapewni\u0107 sprawn\u0105 odpraw\u0119 celn\u0105. Sytuacja w zakresie dostaw i opcji nikotyny mo\u017ce si\u0119 r\u00f3\u017cni\u0107 w r\u00f3\u017cnych krajach\/regionach, dlatego przed z\u0142o\u017ceniem zam\u00f3wienia nale\u017cy sprawdzi\u0107 lokalne przepisy.<\/p>\n<h2 data-v-md-heading=\"why-do-you-like-it\" data-v-md-line=\"25\">Dlaczego to lubisz?<\/h2>\n<p data-v-md-line=\"26\"><strong>Du\u017ca liczba ust<\/strong>D\u0142u\u017cszy czas u\u017cytkowania, brak konieczno\u015bci cz\u0119stej wymiany sprz\u0119tu.<br \/>\n<strong>Wy\u017csza zawarto\u015b\u0107 nikotyny<\/strong>: Zawarto\u015b\u0107 nikotyny 5% jest odpowiednia dla u\u017cytkownik\u00f3w preferuj\u0105cych mocniejszy smak.<br \/>\n<strong>Konstrukcja z dwoma wk\u0142adami<\/strong>: Wi\u0119ksza pojemno\u015b\u0107, \u0142atwe prze\u0142\u0105czanie, zapewnia \u015bwie\u017cy smak.<br \/>\n<strong>Cewki z podw\u00f3jn\u0105 siatk\u0105<\/strong>: Sta\u0142y smak i p\u0142ynne ssanie.<br \/>\n<strong>Separacja rdzenia atomizacji oleju<\/strong>: Pomaga utrzyma\u0107 \u015bwie\u017co\u015b\u0107 e-liquidu i ogranicza wyciek oleju.<\/p>\n<h2 data-v-md-heading=\"why-choose-to-collaborate-with-agoravape\" data-v-md-line=\"32\">Dlaczego warto zdecydowa\u0107 si\u0119 na wsp\u00f3\u0142prac\u0119 z AgoraVape?<\/h2>\n<p data-v-md-line=\"33\">Sprzedajemy wy\u0142\u0105cznie oryginalne produkty 100% o jasnych i niezawodnych specyfikacjach. Dla klient\u00f3w komercyjnych oznacza to, \u017ce jednorazowy vape Arymi K-Stick 28000 pack z podw\u00f3jnymi wk\u0142adami oferuje konkurencyjne ceny hurtowe, szybkie wsparcie i szybk\u0105 dostaw\u0119 DDP. Chcesz zarezerwowa\u0107 urz\u0105dzenie, po kt\u00f3re klienci b\u0119d\u0105 wraca\u0107? Skontaktuj si\u0119 z nami, a my zorganizujemy to dla Ciebie.<\/p>","protected":false},"excerpt":{"rendered":"<p>A co z jednorazowym waporyzatorem Arymi K-Stick 28000 z podw\u00f3jnym wk\u0142adem? Je\u015bli jeste\u015b zm\u0119czony jednorazowymi waporyzatorami, kt\u00f3re mog\u0105 by\u0107<\/p>","protected":false},"featured_media":14916,"comment_status":"open","ping_status":"closed","template":"","meta":[],"product_brand":[216],"product_cat":[124,185,143,177,195,174,175,193,191,178,173,186,180,190],"product_tag":[],"class_list":{"0":"post-14887","1":"product","2":"type-product","3":"status-publish","4":"has-post-thumbnail","6":"product_brand-arymi","7":"product_cat-vape-by-brand","8":"product_cat-10000-puffs-high-capacity","9":"product_cat-arymi","10":"product_cat-dessert-sweets","11":"product_cat-dual-flavor-switch","12":"product_cat-fruit-flavors","13":"product_cat-icy-mint","14":"product_cat-mesh-coil","15":"product_cat-rechargeable-disposables","16":"product_cat-tobacco","17":"product_cat-vape-by-flavor-profile","18":"product_cat-vape-by-nicotine-strength","19":"product_cat-vape-by-puff-count","20":"product_cat-vape-by-feature-or-type","22":"first","23":"onbackorder","24":"shipping-taxable","25":"purchasable","26":"product-type-variable","27":"has-default-attributes"},"tiered_pricing_type":"percentage","tiered_pricing_fixed_rules":[],"tiered_pricing_product_settings":{"layout":"default","base_unit_name":{"singular":null,"plural":null},"default_variation":null},"tiered_pricing_minimum_quantity":10,"tiered_pricing_roles_data":[],"tiered_pricing_percentage_rules":{"30":"29","50":"35","100":"40","200":"44","500":"47","1000":"49"},"tiered_pricing_maximum_quantity":null,"tiered_pricing_quantity_step":"10","_links":{"self":[{"href":"https:\/\/agoravape.com\/pl\/wp-json\/wp\/v2\/product\/14887","targetHints":{"allow":["GET"]}}],"collection":[{"href":"https:\/\/agoravape.com\/pl\/wp-json\/wp\/v2\/product"}],"about":[{"href":"https:\/\/agoravape.com\/pl\/wp-json\/wp\/v2\/types\/product"}],"replies":[{"embeddable":true,"href":"https:\/\/agoravape.com\/pl\/wp-json\/wp\/v2\/comments?post=14887"}],"version-history":[{"count":1,"href":"https:\/\/agoravape.com\/pl\/wp-json\/wp\/v2\/product\/14887\/revisions"}],"predecessor-version":[{"id":29824,"href":"https:\/\/agoravape.com\/pl\/wp-json\/wp\/v2\/product\/14887\/revisions\/29824"}],"wp:featuredmedia":[{"embeddable":true,"href":"https:\/\/agoravape.com\/pl\/wp-json\/wp\/v2\/media\/14916"}],"wp:attachment":[{"href":"https:\/\/agoravape.com\/pl\/wp-json\/wp\/v2\/media?parent=14887"}],"wp:term":[{"taxonomy":"product_brand","embeddable":true,"href":"https:\/\/agoravape.com\/pl\/wp-json\/wp\/v2\/product_brand?post=14887"},{"taxonomy":"product_cat","embeddable":true,"href":"https:\/\/agoravape.com\/pl\/wp-json\/wp\/v2\/product_cat?post=14887"},{"taxonomy":"product_tag","embeddable":true,"href":"https:\/\/agoravape.com\/pl\/wp-json\/wp\/v2\/product_tag?post=14887"}],"curies":[{"name":"wp","href":"https:\/\/api.w.org\/{rel}","templated":true}]}}