{"id":15012,"date":"2025-10-14T13:34:47","date_gmt":"2025-10-14T05:34:47","guid":{"rendered":"https:\/\/green-grasshopper-921422.hostingersite.com\/?post_type=product&#038;p=15012"},"modified":"2026-01-19T22:05:28","modified_gmt":"2026-01-19T14:05:28","slug":"grativape-boom-9000-puffs-vape","status":"publish","type":"product","link":"https:\/\/agoravape.com\/pl\/product\/grativape-boom-9000-puffs-vape\/","title":{"rendered":"Grativape Boom 9000 Puffs Jednorazowe Vape | D\u0142ugotrwa\u0142y smak w prosty spos\u00f3b"},"content":{"rendered":"<h2 data-v-md-heading=\"what-are-the-special-features-of-grativape-boom-9000-disposable-vapes\" data-v-md-line=\"3\"><img loading=\"lazy\" decoding=\"async\" class=\"aligncenter size-full wp-image-15042\" src=\"https:\/\/agoravape.com\/wp-content\/uploads\/2025\/10\/Grativape-Boom-9000-Puffs-Disposable-Vape_Agora_vape-11.webp\" alt=\"\" width=\"1920\" height=\"800\" srcset=\"https:\/\/agoravape.com\/wp-content\/uploads\/2025\/10\/Grativape-Boom-9000-Puffs-Disposable-Vape_Agora_vape-11.webp 1920w, https:\/\/agoravape.com\/wp-content\/uploads\/2025\/10\/Grativape-Boom-9000-Puffs-Disposable-Vape_Agora_vape-11-1200x500.webp 1200w, https:\/\/agoravape.com\/wp-content\/uploads\/2025\/10\/Grativape-Boom-9000-Puffs-Disposable-Vape_Agora_vape-11-300x125.webp 300w, https:\/\/agoravape.com\/wp-content\/uploads\/2025\/10\/Grativape-Boom-9000-Puffs-Disposable-Vape_Agora_vape-11-1024x427.webp 1024w, https:\/\/agoravape.com\/wp-content\/uploads\/2025\/10\/Grativape-Boom-9000-Puffs-Disposable-Vape_Agora_vape-11-768x320.webp 768w, https:\/\/agoravape.com\/wp-content\/uploads\/2025\/10\/Grativape-Boom-9000-Puffs-Disposable-Vape_Agora_vape-11-1536x640.webp 1536w\" sizes=\"auto, (max-width: 1920px) 100vw, 1920px\" \/><\/h2>\n<h2 data-v-md-heading=\"what-are-the-special-features-of-grativape-boom-9000-disposable-vapes\" data-v-md-line=\"3\">Czym wyr\u00f3\u017cniaj\u0105 si\u0119 waporyzatory jednorazowe Grativape Boom 9000?<\/h2>\n<p data-v-md-line=\"4\">Je\u015bli jeste\u015b zm\u0119czony jednorazowymi waporyzatorami, kt\u00f3re zu\u017cywaj\u0105 zbyt du\u017co paliwa, ten produkt mo\u017ce zaspokoi\u0107 Twoje potrzeby. Grativape Boom ma bardzo d\u0142ug\u0105 \u017cywotno\u015b\u0107 baterii do 9000 zaci\u0105gni\u0119\u0107 i jest wyposa\u017cony w akumulator typu C, dzi\u0119ki czemu faktycznie zu\u017cyjesz ca\u0142y zakupiony e-liquid. Bez skomplikowanego menu, \u0142atwo i wygodnie.<\/p>\n<p data-v-md-line=\"6\">Je\u015bli potrzebujesz tylko niezawodnego, pysznego i przeno\u015bnego waporyzatora, to ten produkt jest idealnym wyborem. Obs\u0142uga jest prosta, smak jest odpowiedni i nie sprawi, \u017ce poczujesz si\u0119 przesadnie.<\/p>\n<h2 data-v-md-heading=\"excellent-performance-easy-and-convenient\" data-v-md-line=\"8\">Doskona\u0142a wydajno\u015b\u0107, \u0142atwo\u015b\u0107 i wygoda<\/h2>\n<p data-v-md-line=\"9\">Boom zosta\u0142 starannie dostrojony, aby zapewni\u0107 czysty i sp\u00f3jny smak od pocz\u0105tku do ko\u0144ca. Ka\u017cdy k\u0119s jest g\u0142adki i zr\u00f3wnowa\u017cony. Gdy bateria jest roz\u0142adowana, wystarczy u\u017cy\u0107 kabla do transmisji danych typu C, powszechnie u\u017cywanego w telefonie. To proste.<\/p>\n<h2 data-v-md-heading=\"specification-overview\" data-v-md-line=\"11\">Przegl\u0105d specyfikacji<\/h2>\n<p data-v-md-line=\"12\"><strong>Cz\u0119stotliwo\u015b\u0107 ssania<\/strong>do 9000 razy<br \/>\n<strong>Zawarto\u015b\u0107 nikotyny<\/strong>: 0%, 2%, 3%, 5%<br \/>\n<strong>Zasada dzia\u0142ania<\/strong>: Wystarczy wdycha\u0107, aby aktywowa\u0107<br \/>\n<strong>\u0141adowanie<\/strong>: Interfejs USB typu C<br \/>\n<strong>Status<\/strong>: Gotowy do u\u017cycia po rozpakowaniu<br \/>\n<strong>Pojemno\u015b\u0107 e-liquidu<\/strong>: 14 mililitr\u00f3w<br \/>\n<strong>Bateria<\/strong>Akumulator 600 mAh<\/p>\n<h2 data-v-md-heading=\"multiple-flavor-options\" data-v-md-line=\"20\">Wiele opcji smakowych<\/h2>\n<ul data-v-md-line=\"21\">\n<li>Guma bananowa<\/li>\n<li>Lody winogronowe<\/li>\n<li>Podw\u00f3jne jab\u0142ka<\/li>\n<li>Truskawka Mango<\/li>\n<li>Virginia Tobacco<\/li>\n<li>R\u00f3\u017cowa cytryna<\/li>\n<li>Niebieskie lodowisko<\/li>\n<li>Soczysta wi\u015bnia<\/li>\n<li>Jak<\/li>\n<li>Arbuzowy l\u00f3d<\/li>\n<\/ul>\n<h2 data-v-md-heading=\"for-you-for-your-business\" data-v-md-line=\"32\">Dla Ciebie, dla Twojej firmy<\/h2>\n<p data-v-md-line=\"33\">Mo\u017cesz wybra\u0107 pufy Grativape Boom 9000 do u\u017cytku osobistego lub doda\u0107 je do swojego sklepu. Oferujemy hurtowe opakowania i kombinacje smak\u00f3w, aby zaspokoi\u0107 potrzeby p\u00f3\u0142ek. Zapraszamy do sk\u0142adania zapyta\u0144 o najnowsze rozmiary pude\u0142ek i ceny.<\/p>\n<p data-v-md-line=\"35\">\u015awiadczymy us\u0142ugi dostawy DDP na terenie Europy za po\u015brednictwem UPS, DPD i DHL. Oznacza to, \u017ce taryfy b\u0119d\u0105 przetwarzane z wyprzedzeniem, a zam\u00f3wienie nie napotka \u017cadnych nieoczekiwanych sytuacji w urz\u0119dzie celnym. Mo\u017cesz cieszy\u0107 si\u0119 us\u0142ugami \u015bledzenia i niezawodnym czasem dostawy.<\/p>\n<p data-v-md-line=\"37\">Przegl\u0105d przepis\u00f3w. Zgodnie z przepisami TPD, opcje Boom o pojemno\u015bci 14 mililitr\u00f3w i wy\u017cszej zawarto\u015bci nikotyny mog\u0105 nie by\u0107 dopuszczone do sprzeda\u017cy na wszystkich rynkach UE. Oferujemy opcj\u0119 zawarto\u015bci nikotyny 0%. Prosimy o zapoznanie si\u0119 z lokalnymi przepisami lub skontaktowanie si\u0119 z nami w celu uzyskania opcji zgodno\u015bci odpowiednich dla danego kraju\/regionu.<\/p>\n<h2 data-v-md-heading=\"why-do-you-like-it\" data-v-md-line=\"39\">Dlaczego to lubisz?<\/h2>\n<p data-v-md-line=\"40\"><strong>Ogromne ssanie<\/strong>: Czas ssania jest d\u0142u\u017cszy, wi\u0119c nie trzeba cz\u0119sto kupowa\u0107 nowych.<br \/>\n<strong>Wyb\u00f3r nikotyny<\/strong>: Wybierz st\u0119\u017cenie nikotyny, kt\u00f3re jest odpowiednie dla Twojej metody palenia.<br \/>\n<strong>Akumulatorowy<\/strong>: Mo\u017cna wykorzysta\u0107 ka\u017cd\u0105 kropl\u0119 e-cieczy.<br \/>\n<strong>Sp\u00f3jny smak<\/strong>: Od pierwszego do ostatniego k\u0119sa zapewnia p\u0142ynne doznania.<br \/>\n<strong>Wygodny interfejs typu C<\/strong>: Jeden kabel do transmisji danych umo\u017cliwia pod\u0142\u0105czenie telefonu i waporyzatora.<\/p>\n<h2 data-v-md-heading=\"why-collaborate-with-agoravape\" data-v-md-line=\"46\">Dlaczego warto wsp\u00f3\u0142pracowa\u0107 z AgoraVape?<\/h2>\n<p data-v-md-line=\"47\">Sprzedajemy tylko oryginalne produkty 100%, bez podr\u00f3bek. Nabywcy komercyjni mog\u0105 cieszy\u0107 si\u0119 obni\u017conymi cenami hurtowymi, niezawodnym wsparciem i szybkimi us\u0142ugami dostawy DDP w ca\u0142ej Europie. Zapewniamy bezpieczne metody p\u0142atno\u015bci i \u015bcis\u0142\u0105 weryfikacj\u0119 wieku, umo\u017cliwiaj\u0105c dokonywanie zakup\u00f3w ze spokojem. Potrzebujesz pomocy przy zwrocie lub wymianie wadliwych produkt\u00f3w? Nasz zesp\u00f3\u0142 szybko zajmie si\u0119 spraw\u0105.<\/p>\n<p data-v-md-line=\"49\">Chcesz kupi\u0107 jednorazowe waporyzatory Grativape Boom 9000? Skontaktuj si\u0119 z nami, a stworzymy smak, kt\u00f3ry sprawi, \u017ce Twoi klienci b\u0119d\u0105 wraca\u0107 w ekspresowym tempie.<\/p>","protected":false},"excerpt":{"rendered":"<p>&nbsp;<\/p>\n<p><script src=\"chrome-extension:\/\/fpelahbljekknahkcaegamhcndkfpfnc\/iFrame.js\" type=\"text\/javascript\"><\/script><\/p>\n<p><script src=\"chrome-extension:\/\/fpelahbljekknahkcaegamhcndkfpfnc\/iFrame.js\" type=\"text\/javascript\"><\/script><\/p>\n<p><script src=\"chrome-extension:\/\/fpelahbljekknahkcaegamhcndkfpfnc\/iFrame.js\" type=\"text\/javascript\"><\/script><\/p>\n<p><script src=\"chrome-extension:\/\/fpelahbljekknahkcaegamhcndkfpfnc\/iFrame.js\" type=\"text\/javascript\"><\/script><\/p>\n<p><script src=\"chrome-extension:\/\/fpelahbljekknahkcaegamhcndkfpfnc\/iFrame.js\" type=\"text\/javascript\"><\/script><\/p>\n<p><script src=\"chrome-extension:\/\/fpelahbljekknahkcaegamhcndkfpfnc\/iFrame.js\" type=\"text\/javascript\"><\/script><\/p>\n<p><script src=\"chrome-extension:\/\/fpelahbljekknahkcaegamhcndkfpfnc\/iFrame.js\" type=\"text\/javascript\"><\/script><\/p>","protected":false},"featured_media":15041,"comment_status":"open","ping_status":"closed","template":"","meta":[],"product_brand":[217],"product_cat":[124,187,185,189,176,174,144,175,191,178,173,186,180,190],"product_tag":[],"class_list":{"0":"post-15012","1":"product","2":"type-product","3":"status-publish","4":"has-post-thumbnail","6":"product_brand-grativape","7":"product_cat-vape-by-brand","8":"product_cat-0mg-nicotine-free-vapes","9":"product_cat-10000-puffs-high-capacity","10":"product_cat-20mg-standard-nicotine-vapes","11":"product_cat-beverage","12":"product_cat-fruit-flavors","13":"product_cat-grativape","14":"product_cat-icy-mint","15":"product_cat-rechargeable-disposables","16":"product_cat-tobacco","17":"product_cat-vape-by-flavor-profile","18":"product_cat-vape-by-nicotine-strength","19":"product_cat-vape-by-puff-count","20":"product_cat-vape-by-feature-or-type","22":"first","23":"onbackorder","24":"shipping-taxable","25":"purchasable","26":"product-type-variable","27":"has-default-attributes"},"tiered_pricing_type":"percentage","tiered_pricing_fixed_rules":[],"tiered_pricing_product_settings":{"layout":"default","base_unit_name":{"singular":null,"plural":null},"default_variation":null},"tiered_pricing_minimum_quantity":10,"tiered_pricing_roles_data":[],"tiered_pricing_percentage_rules":{"200":"44","500":"47","1000":"49"},"tiered_pricing_maximum_quantity":null,"tiered_pricing_quantity_step":"10","_links":{"self":[{"href":"https:\/\/agoravape.com\/pl\/wp-json\/wp\/v2\/product\/15012","targetHints":{"allow":["GET"]}}],"collection":[{"href":"https:\/\/agoravape.com\/pl\/wp-json\/wp\/v2\/product"}],"about":[{"href":"https:\/\/agoravape.com\/pl\/wp-json\/wp\/v2\/types\/product"}],"replies":[{"embeddable":true,"href":"https:\/\/agoravape.com\/pl\/wp-json\/wp\/v2\/comments?post=15012"}],"version-history":[{"count":0,"href":"https:\/\/agoravape.com\/pl\/wp-json\/wp\/v2\/product\/15012\/revisions"}],"wp:featuredmedia":[{"embeddable":true,"href":"https:\/\/agoravape.com\/pl\/wp-json\/wp\/v2\/media\/15041"}],"wp:attachment":[{"href":"https:\/\/agoravape.com\/pl\/wp-json\/wp\/v2\/media?parent=15012"}],"wp:term":[{"taxonomy":"product_brand","embeddable":true,"href":"https:\/\/agoravape.com\/pl\/wp-json\/wp\/v2\/product_brand?post=15012"},{"taxonomy":"product_cat","embeddable":true,"href":"https:\/\/agoravape.com\/pl\/wp-json\/wp\/v2\/product_cat?post=15012"},{"taxonomy":"product_tag","embeddable":true,"href":"https:\/\/agoravape.com\/pl\/wp-json\/wp\/v2\/product_tag?post=15012"}],"curies":[{"name":"wp","href":"https:\/\/api.w.org\/{rel}","templated":true}]}}