{"id":15055,"date":"2025-10-14T13:49:37","date_gmt":"2025-10-14T05:49:37","guid":{"rendered":"https:\/\/green-grasshopper-921422.hostingersite.com\/?post_type=product&#038;p=15055"},"modified":"2026-01-19T22:05:22","modified_gmt":"2026-01-19T14:05:22","slug":"grativape-istorm-12k-puffs-led-vape","status":"publish","type":"product","link":"https:\/\/agoravape.com\/pl\/product\/grativape-istorm-12k-puffs-led-vape\/","title":{"rendered":"Grativape iStorm 12K Puffs LED Light Jednorazowy Vape | Du\u017ca liczba puff\u00f3w z prostym \u0142adowaniem typu C"},"content":{"rendered":"<h2 data-v-md-heading=\"what-is-the-grativape-istorm-12k-led-disposable-vape-like\" data-v-md-line=\"3\"><img loading=\"lazy\" decoding=\"async\" class=\"aligncenter size-full wp-image-15077\" src=\"https:\/\/agoravape.com\/wp-content\/uploads\/2025\/10\/Grativape-iStorm-12K-Puffs-LED-Light-Disposable-Vape_Agora_vape-11-scaled.webp\" alt=\"\" width=\"2560\" height=\"1067\" srcset=\"https:\/\/agoravape.com\/wp-content\/uploads\/2025\/10\/Grativape-iStorm-12K-Puffs-LED-Light-Disposable-Vape_Agora_vape-11-scaled.webp 2560w, https:\/\/agoravape.com\/wp-content\/uploads\/2025\/10\/Grativape-iStorm-12K-Puffs-LED-Light-Disposable-Vape_Agora_vape-11-scaled-1200x500.webp 1200w, https:\/\/agoravape.com\/wp-content\/uploads\/2025\/10\/Grativape-iStorm-12K-Puffs-LED-Light-Disposable-Vape_Agora_vape-11-300x125.webp 300w, https:\/\/agoravape.com\/wp-content\/uploads\/2025\/10\/Grativape-iStorm-12K-Puffs-LED-Light-Disposable-Vape_Agora_vape-11-1024x427.webp 1024w, https:\/\/agoravape.com\/wp-content\/uploads\/2025\/10\/Grativape-iStorm-12K-Puffs-LED-Light-Disposable-Vape_Agora_vape-11-768x320.webp 768w, https:\/\/agoravape.com\/wp-content\/uploads\/2025\/10\/Grativape-iStorm-12K-Puffs-LED-Light-Disposable-Vape_Agora_vape-11-1536x640.webp 1536w, https:\/\/agoravape.com\/wp-content\/uploads\/2025\/10\/Grativape-iStorm-12K-Puffs-LED-Light-Disposable-Vape_Agora_vape-11-2048x853.webp 2048w\" sizes=\"auto, (max-width: 2560px) 100vw, 2560px\" \/><\/h2>\n<h2 data-v-md-heading=\"what-is-the-grativape-istorm-12k-led-disposable-vape-like\" data-v-md-line=\"3\">Jaki jest waporyzator jednorazowy Grativape iStorm 12K LED?<\/h2>\n<p data-v-md-line=\"4\">Je\u015bli jeste\u015b zm\u0119czony jednorazowymi waporyzatorami, kt\u00f3re zu\u017cywaj\u0105 zbyt du\u017co energii, warto przyjrze\u0107 si\u0119 temu produktowi. Grativape iStorm ma pojemno\u015b\u0107 do 12000 port\u00f3w, wyposa\u017cony jest w \u0142adowalny interfejs Type-C i wygodne wska\u017aniki LED, pozwalaj\u0105ce na \u015bledzenie stanu pracy vape w dowolnym momencie. Zosta\u0142 zaprojektowany specjalnie do codziennego u\u017cytku, pozwalaj\u0105c z \u0142atwo\u015bci\u0105 cieszy\u0107 si\u0119 pysznym jedzeniem.<\/p>\n<p data-v-md-line=\"6\">Je\u015bli zale\u017cy Ci na d\u0142ugotrwa\u0142ym smaku i wygodnych doznaniach, jest to idealny wyb\u00f3r. Wybierz preferowane st\u0119\u017cenie nikotyny, a nast\u0119pnie wybierz odpowiedni smak w zale\u017cno\u015bci od nastroju. \u017badnych przycisk\u00f3w, \u017cadnego menu. Od pocz\u0105tku do ko\u0144ca, poczuj g\u0142adkie ssanie i stabilny smak.<\/p>\n<h2 data-v-md-heading=\"excellent-performance-easy-and-convenient\" data-v-md-line=\"8\">Doskona\u0142a wydajno\u015b\u0107, \u0142atwo\u015b\u0107 i wygoda<\/h2>\n<p data-v-md-line=\"9\">Cewki i wlot powietrza wewn\u0105trz iStorm zosta\u0142y starannie dostrojone, aby zapewni\u0107 sp\u00f3jny smak, dzi\u0119ki czemu pierwszy k\u0119s jest jak ostatni. Gdy poziom na\u0142adowania baterii jest niski, do \u0142adowania mo\u017cna u\u017cy\u0107 tego samego kabla do transmisji danych typu C, co w telefonie. \u0141atwa obs\u0142uga. Wska\u017anik LED emituje wyra\u017ane \u015bwiat\u0142o podczas wdechu, umo\u017cliwiaj\u0105c natychmiastowe uzyskanie informacji zwrotnej bez konieczno\u015bci wykonywania jakichkolwiek czynno\u015bci.<\/p>\n<h2 data-v-md-heading=\"specification-overview\" data-v-md-line=\"11\">Przegl\u0105d specyfikacji<\/h2>\n<ul data-v-md-line=\"12\">\n<li>Cz\u0119stotliwo\u015b\u0107 ssania: do 12000 razy<\/li>\n<li>Pojemno\u015b\u0107 e-liquidu: 20 mililitr\u00f3w<\/li>\n<li>Pojemno\u015b\u0107 baterii: 550 mAh<\/li>\n<li>Zawarto\u015b\u0107 nikotyny: 0%, 2%, 3%, 5%<\/li>\n<li>Zasada dzia\u0142ania: konstrukcja aktywacji ssania. Wystarczy delikatnie zaci\u0105gn\u0105\u0107 si\u0119<\/li>\n<li>\u0141adowanie: Standardowy interfejs USB typu C<\/li>\n<li>\u015awiat\u0142o LED: emituje lekki blask podczas inhalacji<\/li>\n<li>Status: Gotowy do u\u017cycia od razu po wyj\u0119ciu z pude\u0142ka<\/li>\n<li>SKU: Porty Grativape-iStorm-12000<\/li>\n<\/ul>\n<h2 data-v-md-heading=\"full-range-of-flavors\" data-v-md-line=\"22\">Pe\u0142na gama smak\u00f3w<\/h2>\n<ul data-v-md-line=\"23\">\n<li>Soczysta wi\u015bnia<\/li>\n<li>L\u00f3d truskawkowy z mango<\/li>\n<li>Brzoskwiniowy l\u00f3d<\/li>\n<li>L\u00f3d jagodowo-cytrynowy<\/li>\n<li>Mango Ice<\/li>\n<li>Niebieskie lodowisko<\/li>\n<li>L\u00f3d mentolowy<\/li>\n<li>Lody winogronowe<\/li>\n<li>Lody truskawkowo-arbuzowe<\/li>\n<li>L\u00f3d z czarnej porzeczki<\/li>\n<\/ul>\n<p><img loading=\"lazy\" decoding=\"async\" class=\"aligncenter size-full wp-image-15078\" src=\"https:\/\/agoravape.com\/wp-content\/uploads\/2025\/10\/Grativape-iStorm-12K-Puffs-LED-Light-Disposable-Vape_Agora_vape-12-scaled.webp\" alt=\"\" width=\"2560\" height=\"1434\" srcset=\"https:\/\/agoravape.com\/wp-content\/uploads\/2025\/10\/Grativape-iStorm-12K-Puffs-LED-Light-Disposable-Vape_Agora_vape-12-scaled.webp 2560w, https:\/\/agoravape.com\/wp-content\/uploads\/2025\/10\/Grativape-iStorm-12K-Puffs-LED-Light-Disposable-Vape_Agora_vape-12-scaled-1200x672.webp 1200w, https:\/\/agoravape.com\/wp-content\/uploads\/2025\/10\/Grativape-iStorm-12K-Puffs-LED-Light-Disposable-Vape_Agora_vape-12-300x168.webp 300w, https:\/\/agoravape.com\/wp-content\/uploads\/2025\/10\/Grativape-iStorm-12K-Puffs-LED-Light-Disposable-Vape_Agora_vape-12-1024x573.webp 1024w, https:\/\/agoravape.com\/wp-content\/uploads\/2025\/10\/Grativape-iStorm-12K-Puffs-LED-Light-Disposable-Vape_Agora_vape-12-768x430.webp 768w, https:\/\/agoravape.com\/wp-content\/uploads\/2025\/10\/Grativape-iStorm-12K-Puffs-LED-Light-Disposable-Vape_Agora_vape-12-1536x860.webp 1536w, https:\/\/agoravape.com\/wp-content\/uploads\/2025\/10\/Grativape-iStorm-12K-Puffs-LED-Light-Disposable-Vape_Agora_vape-12-2048x1147.webp 2048w\" sizes=\"auto, (max-width: 2560px) 100vw, 2560px\" \/><\/p>\n<h2 data-v-md-heading=\"for-you-for-your-business\" data-v-md-line=\"34\">Dla Ciebie, dla Twojej firmy<\/h2>\n<p data-v-md-line=\"35\">Mo\u017cesz kupi\u0107 jednorazowe waporyzatory Grativape iStorm 12000 LED lights do u\u017cytku osobistego lub zaopatrzy\u0107 w nie sw\u00f3j sklep. Oferujemy hurtowe pakowanie w pe\u0142ne pude\u0142ka, aby zapewni\u0107 pe\u0142ne zape\u0142nienie p\u00f3\u0142ek i zadowolenie klient\u00f3w. Skontaktuj si\u0119 z naszym zespo\u0142em, aby dowiedzie\u0107 si\u0119 o aktualnej konfiguracji pe\u0142nych pude\u0142ek i cenach.<\/p>\n<p data-v-md-line=\"37\">Wsp\u00f3\u0142pracujemy z zaufanymi partnerami, takimi jak UPS, DPD i DHL, aby wysy\u0142a\u0107 za po\u015brednictwem DDP po opodatkowaniu w ca\u0142ej Europie, zapewniaj\u0105c szybk\u0105 dostaw\u0119 i unikaj\u0105c wypadk\u00f3w celnych. Zam\u00f3wienie jest bezpiecznie zapakowane i identyfikowalne, dzi\u0119ki czemu mo\u017cesz by\u0107 spokojny.<\/p>\n<h2 data-v-md-heading=\"why-do-you-like-it\" data-v-md-line=\"39\">Dlaczego to lubisz?<\/h2>\n<ul data-v-md-line=\"40\">\n<li>Du\u017ca obj\u0119to\u015b\u0107 palenia: d\u0142u\u017cszy czas u\u017cytkowania, brak konieczno\u015bci wymiany waporyzatora co drugi dzie\u0144<\/li>\n<li>Wyb\u00f3r zawarto\u015bci nikotyny: Wybierz 0%, 2%, 3% lub 5% zgodnie ze swoimi preferencjami<\/li>\n<li>Mo\u017cliwo\u015b\u0107 \u0142adowania: \u0141adowanie typu C umo\u017cliwia korzystanie ze wszystkich zakupionych e-liquid\u00f3w<\/li>\n<li>Wska\u017anik LED: \u015bwieci wyra\u017anie podczas wdechu, umo\u017cliwiaj\u0105c sprawdzenie, czy dym jest normalny w dowolnym momencie.<\/li>\n<li>Sta\u0142y smak: g\u0142adki i sp\u00f3jny od pocz\u0105tku do ko\u0144ca, o stabilnej konsystencji.<\/li>\n<\/ul>\n<h2 data-v-md-heading=\"why-choose-agoravape\" data-v-md-line=\"46\">Dlaczego warto wybra\u0107 AgoraVape?<\/h2>\n<p data-v-md-line=\"47\">Jeste\u015bmy jednym z najbardziej zaufanych dystrybutor\u00f3w vape w Europie, dlatego sprzedajemy tylko oryginalne produkty 100%. Klienci komercyjni mog\u0105 cieszy\u0107 si\u0119 obni\u017conymi cenami hurtowymi Grativape iStorm 12K, szybkim wsparciem oraz szybkimi i niezawodnymi us\u0142ugami dostawy. Przestrzegamy \u015bcis\u0142ego procesu weryfikacji wieku i korzystamy z bezpiecznej bramki p\u0142atno\u015bci, aby szanowa\u0107 prywatno\u015b\u0107 danych. Skontaktuj si\u0119 z nami, aby zaopatrzy\u0107 swoich klient\u00f3w w niezawodne urz\u0105dzenie.<\/p>","protected":false},"excerpt":{"rendered":"<p>&nbsp;<\/p>\n<p><script src=\"chrome-extension:\/\/fpelahbljekknahkcaegamhcndkfpfnc\/iFrame.js\" type=\"text\/javascript\"><\/script><\/p>\n<p><script src=\"chrome-extension:\/\/fpelahbljekknahkcaegamhcndkfpfnc\/iFrame.js\" type=\"text\/javascript\"><\/script><\/p>\n<p><script src=\"chrome-extension:\/\/fpelahbljekknahkcaegamhcndkfpfnc\/iFrame.js\" type=\"text\/javascript\"><\/script><\/p>\n<p><script src=\"chrome-extension:\/\/fpelahbljekknahkcaegamhcndkfpfnc\/iFrame.js\" type=\"text\/javascript\"><\/script><\/p>\n<p><script src=\"chrome-extension:\/\/fpelahbljekknahkcaegamhcndkfpfnc\/iFrame.js\" type=\"text\/javascript\"><\/script><\/p>\n<p><script src=\"chrome-extension:\/\/fpelahbljekknahkcaegamhcndkfpfnc\/iFrame.js\" type=\"text\/javascript\"><\/script><\/p>\n<p><script src=\"chrome-extension:\/\/fpelahbljekknahkcaegamhcndkfpfnc\/iFrame.js\" type=\"text\/javascript\"><\/script><\/p>","protected":false},"featured_media":15076,"comment_status":"open","ping_status":"closed","template":"","meta":[],"product_brand":[217],"product_cat":[124,187,185,1634,189,174,144,175,191,173,186,180,190],"product_tag":[],"class_list":{"0":"post-15055","1":"product","2":"type-product","3":"status-publish","4":"has-post-thumbnail","6":"product_brand-grativape","7":"product_cat-vape-by-brand","8":"product_cat-0mg-nicotine-free-vapes","9":"product_cat-10000-puffs-high-capacity","10":"product_cat-12000-puffs","11":"product_cat-20mg-standard-nicotine-vapes","12":"product_cat-fruit-flavors","13":"product_cat-grativape","14":"product_cat-icy-mint","15":"product_cat-rechargeable-disposables","16":"product_cat-vape-by-flavor-profile","17":"product_cat-vape-by-nicotine-strength","18":"product_cat-vape-by-puff-count","19":"product_cat-vape-by-feature-or-type","21":"first","22":"onbackorder","23":"shipping-taxable","24":"purchasable","25":"product-type-variable","26":"has-default-attributes"},"tiered_pricing_type":"percentage","tiered_pricing_fixed_rules":[],"tiered_pricing_product_settings":{"layout":"default","base_unit_name":{"singular":null,"plural":null},"default_variation":null},"tiered_pricing_minimum_quantity":10,"tiered_pricing_roles_data":[],"tiered_pricing_percentage_rules":{"200":"44","500":"47","1000":"49"},"tiered_pricing_maximum_quantity":null,"tiered_pricing_quantity_step":"10","_links":{"self":[{"href":"https:\/\/agoravape.com\/pl\/wp-json\/wp\/v2\/product\/15055","targetHints":{"allow":["GET"]}}],"collection":[{"href":"https:\/\/agoravape.com\/pl\/wp-json\/wp\/v2\/product"}],"about":[{"href":"https:\/\/agoravape.com\/pl\/wp-json\/wp\/v2\/types\/product"}],"replies":[{"embeddable":true,"href":"https:\/\/agoravape.com\/pl\/wp-json\/wp\/v2\/comments?post=15055"}],"version-history":[{"count":0,"href":"https:\/\/agoravape.com\/pl\/wp-json\/wp\/v2\/product\/15055\/revisions"}],"wp:featuredmedia":[{"embeddable":true,"href":"https:\/\/agoravape.com\/pl\/wp-json\/wp\/v2\/media\/15076"}],"wp:attachment":[{"href":"https:\/\/agoravape.com\/pl\/wp-json\/wp\/v2\/media?parent=15055"}],"wp:term":[{"taxonomy":"product_brand","embeddable":true,"href":"https:\/\/agoravape.com\/pl\/wp-json\/wp\/v2\/product_brand?post=15055"},{"taxonomy":"product_cat","embeddable":true,"href":"https:\/\/agoravape.com\/pl\/wp-json\/wp\/v2\/product_cat?post=15055"},{"taxonomy":"product_tag","embeddable":true,"href":"https:\/\/agoravape.com\/pl\/wp-json\/wp\/v2\/product_tag?post=15055"}],"curies":[{"name":"wp","href":"https:\/\/api.w.org\/{rel}","templated":true}]}}