{"id":15081,"date":"2025-10-14T13:59:18","date_gmt":"2025-10-14T05:59:18","guid":{"rendered":"https:\/\/green-grasshopper-921422.hostingersite.com\/?post_type=product&#038;p=15081"},"modified":"2026-01-19T22:05:16","modified_gmt":"2026-01-19T14:05:16","slug":"grativape-gbot-10000-puffs-box-vape","status":"publish","type":"product","link":"https:\/\/agoravape.com\/pl\/product\/grativape-gbot-10000-puffs-box-vape\/","title":{"rendered":"Grativape Gbot 10000 Puffs Compact Box Vape | Du\u017ca liczba zaci\u0105gni\u0119\u0107 w kieszonkowym kszta\u0142cie"},"content":{"rendered":"<h2 data-v-md-heading=\"what-exactly-is-the-grativape-gbot-10000-pack-compact-vape\" data-v-md-line=\"3\">Czym dok\u0142adnie jest kompaktowy vape Grativape Gbot 10000 Pack?<\/h2>\n<p data-v-md-line=\"4\">Je\u015bli jeste\u015b zm\u0119czony wymian\u0105 jednorazowych e-liquid\u00f3w co kilka dni, Gbot jest warty uwagi. Jest to kompaktowy vape w pude\u0142ku o pojemno\u015bci do 10000 zaci\u0105gni\u0119\u0107, co pozwala osi\u0105gn\u0105\u0107 odpowiedni\u0105 \u017cywotno\u015b\u0107 baterii bez konieczno\u015bci noszenia niepor\u0119cznych urz\u0105dze\u0144.<\/p>\n<p data-v-md-line=\"6\">Jest odpowiedni dla ka\u017cdego, kto chce prostego, \u0142atwego w u\u017cyciu, pysznego i gotowego do u\u017cycia waporyzatora. Nie potrzeba \u017cadnych przycisk\u00f3w, nie wymaga wysi\u0142ku, wystarczy otworzy\u0107 pude\u0142ko i u\u017cywa\u0107.<\/p>\n<h2 data-v-md-heading=\"excellent-performance-easy-and-convenient\" data-v-md-line=\"8\">Doskona\u0142a wydajno\u015b\u0107, \u0142atwo\u015b\u0107 i wygoda<\/h2>\n<p data-v-md-line=\"9\">Gbot zosta\u0142 starannie dostrojony, aby zachowa\u0107 sp\u00f3jny smak. Pude\u0142kowa konstrukcja jest solidna, a jednocze\u015bnie z \u0142atwo\u015bci\u0105 mie\u015bci si\u0119 w kieszeni. Wbudowana bateria 650 mAh pozwala utrzyma\u0107 wystarczaj\u0105c\u0105 moc przez ca\u0142y dzie\u0144. Je\u015bli potrzebujesz produktu, kt\u00f3ry jest prosty i \u0142atwy w u\u017cyciu, a jednocze\u015bnie zapewnia czyste i satysfakcjonuj\u0105ce ssanie, to ten produkt jest najlepszym wyborem.<\/p>\n<h2 data-v-md-heading=\"specification-introduction\" data-v-md-line=\"11\">Wprowadzenie do specyfikacji<\/h2>\n<ul data-v-md-line=\"12\">\n<li>Cz\u0119stotliwo\u015b\u0107 zasysania: do 10000 razy<\/li>\n<li>Zawarto\u015b\u0107 nikotyny: 5%<\/li>\n<li>Zasada dzia\u0142ania: Aktywowany przez wdychanie<\/li>\n<li>\u0141adowanie: Wbudowana bateria 650 mAh (typ interfejsu nie zosta\u0142 okre\u015blony)<\/li>\n<li>Pojemno\u015b\u0107 e-liquidu: 14 mililitr\u00f3w<\/li>\n<li>Rozmiar: 50 \u00d7 84 \u00d7 25 milimetr\u00f3w<\/li>\n<li>Status: Gotowy do u\u017cycia po rozpakowaniu<\/li>\n<\/ul>\n<h2 data-v-md-heading=\"full-range-of-flavors\" data-v-md-line=\"20\">Pe\u0142na gama smak\u00f3w<\/h2>\n<ul data-v-md-line=\"21\">\n<li>Koktajl jagodowy<\/li>\n<li>Blue Ice Sand<\/li>\n<li>Koktajl winogronowy<\/li>\n<li>Koktajl mi\u0119towy<\/li>\n<li>Koktajl truskawkowo-kiwi<\/li>\n<li>Malinowy koktajl arbuzowy<\/li>\n<li>R\u00f3\u017cowa woda cytrynowa Cherry Soda<\/li>\n<li>Pachn\u0105ca truskawka i gaj kokosowy, mro\u017cony piasek<\/li>\n<li>Truskawkowo-arbuzowy koktajl z gumy balonowej<\/li>\n<li>Koktajl arbuzowy<\/li>\n<\/ul>\n<h2 data-v-md-heading=\"to-create-for-you-and-your-business\" data-v-md-line=\"32\">Aby stworzy\u0107 dla Ciebie i Twojej firmy<\/h2>\n<p data-v-md-line=\"33\">Je\u015bli chcesz go wypr\u00f3bowa\u0107, mo\u017cesz go kupi\u0107 lub zaopatrzy\u0107 w niego sw\u00f3j sklep. Hurtowe pude\u0142ko kartonowe zawiera 200 sztuk, dzi\u0119ki czemu wygodnie jest zaplanowa\u0107 miejsce na p\u00f3\u0142ce. Ka\u017cde pude\u0142ko wa\u017cy oko\u0142o 19 kilogram\u00f3w, a logistyk\u0119 mo\u017cna przewidzie\u0107.<\/p>\n<p data-v-md-line=\"35\">Wsp\u00f3\u0142pracujemy z zaufanymi partnerami, takimi jak UPS, DPD i DHL, aby wysy\u0142a\u0107 za pomoc\u0105 Duty Paid Delivery (DDP). Oznacza to, \u017ce nie musisz p\u0142aci\u0107 c\u0142a i nie napotkasz \u017cadnych wypadk\u00f3w w urz\u0119dzie celnym.<\/p>\n<p data-v-md-line=\"37\">Uwaga: Przed z\u0142o\u017ceniem zam\u00f3wienia nale\u017cy zapozna\u0107 si\u0119 z przepisami dotycz\u0105cymi st\u0119\u017cenia nikotyny obowi\u0105zuj\u0105cymi w danym kraju\/regionie.<\/p>\n<h2 data-v-md-heading=\"why-do-you-like-it\" data-v-md-line=\"39\">Dlaczego to lubisz?<\/h2>\n<ul data-v-md-line=\"40\">\n<li>Du\u017ca wydajno\u015b\u0107 zasysania: do 10000 zasysa\u0144, co oznacza kr\u00f3tszy czas wymiany i wy\u017csz\u0105 op\u0142acalno\u015b\u0107.<\/li>\n<li>Wyb\u00f3r wysokiego st\u0119\u017cenia nikotyny: St\u0119\u017cenie 5% wychodzi naprzeciw klientom preferuj\u0105cym mocniejsze smaki.<\/li>\n<li>Przeno\u015bny wygl\u0105d: Kompaktowa konstrukcja pude\u0142ka, \u0142atwa do dopasowania do kurtki lub d\u017cins\u00f3w.<\/li>\n<li>Gotowy do u\u017cycia: Nie trzeba naciska\u0107 przycisk\u00f3w ani dostosowywa\u0107 ustawie\u0144.<\/li>\n<\/ul>\n<h2 data-v-md-heading=\"why-choose-to-collaborate-with-agoravape\" data-v-md-line=\"45\">Dlaczego warto zdecydowa\u0107 si\u0119 na wsp\u00f3\u0142prac\u0119 z AgoraVape?<\/h2>\n<p data-v-md-line=\"46\">Dostarczamy tylko oryginalne produkty 100%, poparte niezawodn\u0105 obs\u0142ug\u0105. Nabywcy komercyjni mog\u0105 cieszy\u0107 si\u0119 obni\u017conymi cenami hurtowymi, niezawodnym wsparciem i szybkimi us\u0142ugami dostawy DDP dla Grativape Gbot 10000 compact pack vapes. Czy chcesz mie\u0107 produkt, kt\u00f3ry jest \u0142atwy w sprzeda\u017cy i bardzo lubiany przez spo\u0142ecze\u0144stwo? Skontaktuj si\u0119 z nami, z przyjemno\u015bci\u0105 Ci pomo\u017cemy.<\/p>","protected":false},"excerpt":{"rendered":"<p>&nbsp;<\/p>\n<p><script src=\"chrome-extension:\/\/fpelahbljekknahkcaegamhcndkfpfnc\/iFrame.js\" type=\"text\/javascript\"><\/script><\/p>\n<p><script src=\"chrome-extension:\/\/fpelahbljekknahkcaegamhcndkfpfnc\/iFrame.js\" type=\"text\/javascript\"><\/script><\/p>\n<p><script src=\"chrome-extension:\/\/fpelahbljekknahkcaegamhcndkfpfnc\/iFrame.js\" type=\"text\/javascript\"><\/script><\/p>\n<p><script src=\"chrome-extension:\/\/fpelahbljekknahkcaegamhcndkfpfnc\/iFrame.js\" type=\"text\/javascript\"><\/script><\/p>\n<p><script src=\"chrome-extension:\/\/fpelahbljekknahkcaegamhcndkfpfnc\/iFrame.js\" type=\"text\/javascript\"><\/script><\/p>\n<p><script src=\"chrome-extension:\/\/fpelahbljekknahkcaegamhcndkfpfnc\/iFrame.js\" type=\"text\/javascript\"><\/script><\/p>\n<p><script src=\"chrome-extension:\/\/fpelahbljekknahkcaegamhcndkfpfnc\/iFrame.js\" type=\"text\/javascript\"><\/script><\/p>","protected":false},"featured_media":15101,"comment_status":"open","ping_status":"closed","template":"","meta":[],"product_brand":[217],"product_cat":[124,185,174,144,175,191,173,186,180,190],"product_tag":[],"class_list":{"0":"post-15081","1":"product","2":"type-product","3":"status-publish","4":"has-post-thumbnail","6":"product_brand-grativape","7":"product_cat-vape-by-brand","8":"product_cat-10000-puffs-high-capacity","9":"product_cat-fruit-flavors","10":"product_cat-grativape","11":"product_cat-icy-mint","12":"product_cat-rechargeable-disposables","13":"product_cat-vape-by-flavor-profile","14":"product_cat-vape-by-nicotine-strength","15":"product_cat-vape-by-puff-count","16":"product_cat-vape-by-feature-or-type","18":"first","19":"onbackorder","20":"shipping-taxable","21":"purchasable","22":"product-type-variable","23":"has-default-attributes"},"tiered_pricing_type":"percentage","tiered_pricing_fixed_rules":[],"tiered_pricing_product_settings":{"layout":"default","base_unit_name":{"singular":null,"plural":null},"default_variation":null},"tiered_pricing_minimum_quantity":10,"tiered_pricing_roles_data":[],"tiered_pricing_percentage_rules":{"200":"44","500":"47","1000":"49"},"tiered_pricing_maximum_quantity":null,"tiered_pricing_quantity_step":"10","_links":{"self":[{"href":"https:\/\/agoravape.com\/pl\/wp-json\/wp\/v2\/product\/15081","targetHints":{"allow":["GET"]}}],"collection":[{"href":"https:\/\/agoravape.com\/pl\/wp-json\/wp\/v2\/product"}],"about":[{"href":"https:\/\/agoravape.com\/pl\/wp-json\/wp\/v2\/types\/product"}],"replies":[{"embeddable":true,"href":"https:\/\/agoravape.com\/pl\/wp-json\/wp\/v2\/comments?post=15081"}],"version-history":[{"count":0,"href":"https:\/\/agoravape.com\/pl\/wp-json\/wp\/v2\/product\/15081\/revisions"}],"wp:featuredmedia":[{"embeddable":true,"href":"https:\/\/agoravape.com\/pl\/wp-json\/wp\/v2\/media\/15101"}],"wp:attachment":[{"href":"https:\/\/agoravape.com\/pl\/wp-json\/wp\/v2\/media?parent=15081"}],"wp:term":[{"taxonomy":"product_brand","embeddable":true,"href":"https:\/\/agoravape.com\/pl\/wp-json\/wp\/v2\/product_brand?post=15081"},{"taxonomy":"product_cat","embeddable":true,"href":"https:\/\/agoravape.com\/pl\/wp-json\/wp\/v2\/product_cat?post=15081"},{"taxonomy":"product_tag","embeddable":true,"href":"https:\/\/agoravape.com\/pl\/wp-json\/wp\/v2\/product_tag?post=15081"}],"curies":[{"name":"wp","href":"https:\/\/api.w.org\/{rel}","templated":true}]}}