{"id":15127,"date":"2025-10-14T14:14:37","date_gmt":"2025-10-14T06:14:37","guid":{"rendered":"https:\/\/green-grasshopper-921422.hostingersite.com\/?post_type=product&#038;p=15127"},"modified":"2026-01-19T22:05:05","modified_gmt":"2026-01-19T14:05:05","slug":"grativape-ipanda-15k-puffs-display-vape","status":"publish","type":"product","link":"https:\/\/agoravape.com\/pl\/product\/grativape-ipanda-15k-puffs-display-vape\/","title":{"rendered":"Grativape iPanda 15K Puffs Vape z wy\u015bwietlaczem | D\u0142ugotrwa\u0142y smak z inteligentnym wy\u015bwietlaczem"},"content":{"rendered":"<h2 data-v-md-heading=\"what-is-the-grativape-ipanda-15000-mouth-vape-with-a-display-screen-like\" data-v-md-line=\"3\"><img loading=\"lazy\" decoding=\"async\" class=\"aligncenter size-full wp-image-15139\" src=\"https:\/\/agoravape.com\/wp-content\/uploads\/2025\/10\/Grativape-iPanda-15K-Puffs-Vape-with-Display-Screen_Agora_vape-1-scaled.webp\" alt=\"\" width=\"2560\" height=\"1121\" srcset=\"https:\/\/agoravape.com\/wp-content\/uploads\/2025\/10\/Grativape-iPanda-15K-Puffs-Vape-with-Display-Screen_Agora_vape-1-scaled.webp 2560w, https:\/\/agoravape.com\/wp-content\/uploads\/2025\/10\/Grativape-iPanda-15K-Puffs-Vape-with-Display-Screen_Agora_vape-1-scaled-1200x525.webp 1200w, https:\/\/agoravape.com\/wp-content\/uploads\/2025\/10\/Grativape-iPanda-15K-Puffs-Vape-with-Display-Screen_Agora_vape-1-300x131.webp 300w, https:\/\/agoravape.com\/wp-content\/uploads\/2025\/10\/Grativape-iPanda-15K-Puffs-Vape-with-Display-Screen_Agora_vape-1-1024x448.webp 1024w, https:\/\/agoravape.com\/wp-content\/uploads\/2025\/10\/Grativape-iPanda-15K-Puffs-Vape-with-Display-Screen_Agora_vape-1-768x336.webp 768w, https:\/\/agoravape.com\/wp-content\/uploads\/2025\/10\/Grativape-iPanda-15K-Puffs-Vape-with-Display-Screen_Agora_vape-1-1536x673.webp 1536w, https:\/\/agoravape.com\/wp-content\/uploads\/2025\/10\/Grativape-iPanda-15K-Puffs-Vape-with-Display-Screen_Agora_vape-1-2048x897.webp 2048w\" sizes=\"auto, (max-width: 2560px) 100vw, 2560px\" \/><\/h2>\n<h2 data-v-md-heading=\"what-is-the-grativape-ipanda-15000-mouth-vape-with-a-display-screen-like\" data-v-md-line=\"3\">Jak wygl\u0105da waporyzator ustny Grativape iPanda 15000 z wy\u015bwietlaczem?<\/h2>\n<p data-v-md-line=\"4\">Je\u015bli jeste\u015b zm\u0119czony u\u017cywaniem jednorazowych waporyzator\u00f3w przed weekendem, to warto przyjrze\u0107 si\u0119 temu produktowi. Grativape iPanda ma pojemno\u015b\u0107 do 15000 port\u00f3w i jest wyposa\u017cony w czytelny wy\u015bwietlacz, kt\u00f3ry mo\u017ce jednocze\u015bnie pokazywa\u0107 poziom na\u0142adowania baterii i e-liquidu. Nie trzeba zgadywa\u0107 i nie b\u0119dzie zasysania na sucho.<\/p>\n<p data-v-md-line=\"6\">Jest odpowiedni dla ka\u017cdego u\u017cytkownika waporyzatora, kt\u00f3ry oczekuje prostoty, niezawodno\u015bci i niezmiennego smaku. Mo\u017cesz cieszy\u0107 si\u0119 wygodnym paleniem i wygodnym ekranem, kt\u00f3ry dok\u0142adnie pokazuje, kiedy musisz na\u0142adowa\u0107 lub kiedy poziom e-liquidu jest niski. Mo\u017cesz pomy\u015ble\u0107, \u017ce posiadanie tak du\u017cej pojemno\u015bci vape b\u0119dzie niepor\u0119czne, ale jego przeno\u015bno\u015b\u0107 ci\u0119 zaskoczy.<\/p>\n<h2 data-v-md-heading=\"excellent-performance-easy-and-convenient\" data-v-md-line=\"8\">Doskona\u0142a wydajno\u015b\u0107, \u0142atwo\u015b\u0107 i wygoda<\/h2>\n<p data-v-md-line=\"9\">Rdzeniem iPandy jest siatkowy atomizer o rezystancji 1,0 \u03a9, zapewniaj\u0105cy, \u017ce ka\u017cdy k\u0119s jest tak pyszny, jak pierwsze zaci\u0105gni\u0119cie. Akumulator o pojemno\u015bci 650 mAh zapewnia stabilne dzia\u0142anie rdzenia atomizera. Pojemno\u015b\u0107 18 ml e-liquidu umo\u017cliwia d\u0142ugotrwa\u0142e zaci\u0105ganie si\u0119, a wy\u015bwietlacz pokazuje stan baterii i e-liquidu, pozwalaj\u0105c kontrolowa\u0107 wszystko. Gdy bateria jest roz\u0142adowana, wystarczy u\u017cy\u0107 kabla do transmisji danych typu C. Prosty i wygodny.<\/p>\n<h2 data-v-md-heading=\"specification-introduction\" data-v-md-line=\"11\">Wprowadzenie do specyfikacji<\/h2>\n<ul data-v-md-line=\"12\">\n<li>Cz\u0119stotliwo\u015b\u0107 ssania: do 15000 razy<\/li>\n<li>Zawarto\u015b\u0107 nikotyny: 0%, 2%, 3% i 5%<\/li>\n<li>Zasada dzia\u0142ania: Aktywacja jednym zaci\u0105gni\u0119ciem<\/li>\n<li>\u0141adowanie: Standardowy interfejs USB typu C<\/li>\n<li>Status: Gotowy do u\u017cycia od razu po wyj\u0119ciu z pude\u0142ka<\/li>\n<\/ul>\n<h2 data-v-md-heading=\"full-range-of-flavors\" data-v-md-line=\"18\">Pe\u0142na gama smak\u00f3w<\/h2>\n<ul data-v-md-line=\"19\">\n<li>Malinowy l\u00f3d<\/li>\n<li>Mango i l\u00f3d bananowy<\/li>\n<li>Mango Ice<\/li>\n<li>Tyto\u0144<\/li>\n<li>L\u00f3d arbuzowy z liczi<\/li>\n<\/ul>\n<h2 data-v-md-heading=\"for-you-and-your-business\" data-v-md-line=\"25\">Dla Ciebie i Twojego biznesu<\/h2>\n<p data-v-md-line=\"26\">Mo\u017cesz wybra\u0107 urz\u0105dzenie do codziennego u\u017cytku lub zaopatrzy\u0107 sw\u00f3j sklep. Oferujemy indywidualne zam\u00f3wienia i opcje hurtowe, co pozwala wybra\u0107 odpowiednie produkty. \u015awiadczymy us\u0142ugi dostawy DDP na terenie Unii Europejskiej z zaufanymi partnerami, takimi jak UPS, DPD i DHL, zapewniaj\u0105c prawid\u0142ow\u0105 obs\u0142ug\u0119 taryf i unikaj\u0105c nieoczekiwanych sytuacji celnych.<\/p>\n<p data-v-md-line=\"28\">Je\u015bli jeste\u015b nabywc\u0105 detalicznym, skontaktuj si\u0119 z nami, aby uzyska\u0107 ceny hurtowe i mieszane smaki do transportu. Zachowujemy przejrzysto\u015b\u0107, aby umo\u017cliwi\u0107 dok\u0142adne zrozumienie zam\u00f3wionych produkt\u00f3w.<\/p>\n<h2 data-v-md-heading=\"why-do-you-like-it\" data-v-md-line=\"30\">Dlaczego to lubisz?<\/h2>\n<ul data-v-md-line=\"31\">\n<li>Du\u017ca pojemno\u015b\u0107: d\u0142u\u017csza \u017cywotno\u015b\u0107 baterii, brak konieczno\u015bci cz\u0119stej wymiany waporyzator\u00f3w.<\/li>\n<li>Wyb\u00f3r st\u0119\u017cenia nikotyny: Wybierz st\u0119\u017cenie nikotyny, kt\u00f3re odpowiada Twoim gustom.<\/li>\n<li>Mo\u017cliwo\u015b\u0107 wielokrotnego \u0142adowania: 18 mililitr\u00f3w e-liquidu mo\u017ce by\u0107 u\u017cywane bez odpad\u00f3w.<\/li>\n<li>Siatkowy rdze\u0144 rozpylaj\u0105cy: zapewnia stabilny i d\u0142ugotrwa\u0142y smak za ka\u017cdym razem.<\/li>\n<li>Inteligentny ekran wy\u015bwietlacza: Poziom na\u0142adowania baterii i poziom e-liquidu s\u0105 czytelne na pierwszy rzut oka, co pozwala by\u0107 gotowym w ka\u017cdej chwili.<\/li>\n<\/ul>\n<h2 data-v-md-heading=\"why-choose-agoravape\" data-v-md-line=\"37\">Dlaczego warto wybra\u0107 AgoraVape?<\/h2>\n<p data-v-md-line=\"38\">Sprzedajemy wy\u0142\u0105cznie oryginalne produkty i gwarantujemy ich jako\u015b\u0107. Dla klient\u00f3w komercyjnych oznacza to, \u017ce Grativape iPanda 15K vaping capacity with display screen oferuje konkurencyjne ceny hurtowe, responsywne wsparcie techniczne i szybk\u0105 dostaw\u0119 na terenie UE. Skontaktuj si\u0119 z nami, aby zarezerwowa\u0107 godne zaufania urz\u0105dzenie dla swoich klient\u00f3w.<\/p>","protected":false},"excerpt":{"rendered":"<p>&nbsp;<\/p>\n<p><script src=\"chrome-extension:\/\/fpelahbljekknahkcaegamhcndkfpfnc\/iFrame.js\" type=\"text\/javascript\"><\/script><\/p>\n<p><script src=\"chrome-extension:\/\/fpelahbljekknahkcaegamhcndkfpfnc\/iFrame.js\" type=\"text\/javascript\"><\/script><\/p>\n<p><script src=\"chrome-extension:\/\/fpelahbljekknahkcaegamhcndkfpfnc\/iFrame.js\" type=\"text\/javascript\"><\/script><\/p>\n<p><script src=\"chrome-extension:\/\/fpelahbljekknahkcaegamhcndkfpfnc\/iFrame.js\" type=\"text\/javascript\"><\/script><\/p>\n<p><script src=\"chrome-extension:\/\/fpelahbljekknahkcaegamhcndkfpfnc\/iFrame.js\" type=\"text\/javascript\"><\/script><\/p>\n<p><script src=\"chrome-extension:\/\/fpelahbljekknahkcaegamhcndkfpfnc\/iFrame.js\" type=\"text\/javascript\"><\/script><\/p>\n<p><script src=\"chrome-extension:\/\/fpelahbljekknahkcaegamhcndkfpfnc\/iFrame.js\" type=\"text\/javascript\"><\/script><\/p>","protected":false},"featured_media":15143,"comment_status":"open","ping_status":"closed","template":"","meta":[],"product_brand":[217],"product_cat":[124,187,185,1635,189,174,144,175,193,191,178,173,186,180,190,192],"product_tag":[],"class_list":{"0":"post-15127","1":"product","2":"type-product","3":"status-publish","4":"has-post-thumbnail","6":"product_brand-grativape","7":"product_cat-vape-by-brand","8":"product_cat-0mg-nicotine-free-vapes","9":"product_cat-10000-puffs-high-capacity","10":"product_cat-15000-puffs","11":"product_cat-20mg-standard-nicotine-vapes","12":"product_cat-fruit-flavors","13":"product_cat-grativape","14":"product_cat-icy-mint","15":"product_cat-mesh-coil","16":"product_cat-rechargeable-disposables","17":"product_cat-tobacco","18":"product_cat-vape-by-flavor-profile","19":"product_cat-vape-by-nicotine-strength","20":"product_cat-vape-by-puff-count","21":"product_cat-vape-by-feature-or-type","22":"product_cat-vapes-with-screens","24":"first","25":"onbackorder","26":"shipping-taxable","27":"purchasable","28":"product-type-variable","29":"has-default-attributes"},"tiered_pricing_type":"percentage","tiered_pricing_fixed_rules":[],"tiered_pricing_product_settings":{"layout":"default","base_unit_name":{"singular":null,"plural":null},"default_variation":null},"tiered_pricing_minimum_quantity":10,"tiered_pricing_roles_data":[],"tiered_pricing_percentage_rules":{"50":"35","100":"40","200":"44","500":"47","1000":"49"},"tiered_pricing_maximum_quantity":null,"tiered_pricing_quantity_step":"10","_links":{"self":[{"href":"https:\/\/agoravape.com\/pl\/wp-json\/wp\/v2\/product\/15127","targetHints":{"allow":["GET"]}}],"collection":[{"href":"https:\/\/agoravape.com\/pl\/wp-json\/wp\/v2\/product"}],"about":[{"href":"https:\/\/agoravape.com\/pl\/wp-json\/wp\/v2\/types\/product"}],"replies":[{"embeddable":true,"href":"https:\/\/agoravape.com\/pl\/wp-json\/wp\/v2\/comments?post=15127"}],"version-history":[{"count":0,"href":"https:\/\/agoravape.com\/pl\/wp-json\/wp\/v2\/product\/15127\/revisions"}],"wp:featuredmedia":[{"embeddable":true,"href":"https:\/\/agoravape.com\/pl\/wp-json\/wp\/v2\/media\/15143"}],"wp:attachment":[{"href":"https:\/\/agoravape.com\/pl\/wp-json\/wp\/v2\/media?parent=15127"}],"wp:term":[{"taxonomy":"product_brand","embeddable":true,"href":"https:\/\/agoravape.com\/pl\/wp-json\/wp\/v2\/product_brand?post=15127"},{"taxonomy":"product_cat","embeddable":true,"href":"https:\/\/agoravape.com\/pl\/wp-json\/wp\/v2\/product_cat?post=15127"},{"taxonomy":"product_tag","embeddable":true,"href":"https:\/\/agoravape.com\/pl\/wp-json\/wp\/v2\/product_tag?post=15127"}],"curies":[{"name":"wp","href":"https:\/\/api.w.org\/{rel}","templated":true}]}}