{"id":15178,"date":"2025-10-16T09:43:19","date_gmt":"2025-10-16T01:43:19","guid":{"rendered":"https:\/\/green-grasshopper-921422.hostingersite.com\/?post_type=product&#038;p=15178"},"modified":"2026-01-19T22:04:32","modified_gmt":"2026-01-19T14:04:32","slug":"old-school-kp10000-10k-puffs-vape","status":"publish","type":"product","link":"https:\/\/agoravape.com\/pl\/product\/old-school-kp10000-10k-puffs-vape\/","title":{"rendered":"Old School KP10000 10K Puffs Mesh Coil Vape | d\u0142ugotrwa\u0142y smak, bez zamieszania"},"content":{"rendered":"<h2 data-v-md-heading=\"what-is-special-about-the-old-school-kp10000-10k-mesh-coil-vape\" data-v-md-line=\"3\">Czym wyr\u00f3\u017cnia si\u0119 vape Old School KP10000 10K Mesh Coil?<\/h2>\n<p data-v-md-line=\"4\">Je\u015bli jeste\u015b zm\u0119czony jednorazowymi waporyzatorami, ten produkt mo\u017ce zaspokoi\u0107 Twoje potrzeby. Old School KP10000 mo\u017ce zapewni\u0107 wydajno\u015b\u0107 ssania do 10000 ugryzie\u0144, z g\u0142adkim smakiem od pierwszego do ostatniego ugryzienia. Jest \u0142atwy w u\u017cyciu, ma doskona\u0142y smak, dobrze le\u017cy w d\u0142oni i nie sprawi, \u017ce poczujesz si\u0119 jak ceg\u0142a w kieszeni.<\/p>\n<p data-v-md-line=\"6\">Je\u015bli potrzebujesz niezawodnego i wygodnego waporyzatora, jest to idealny wyb\u00f3r. Mo\u017cesz wybra\u0107 sw\u00f3j ulubiony smak, wybra\u0107 odpowiednie st\u0119\u017cenie nikotyny, a nast\u0119pnie wdycha\u0107 bezpo\u015brednio. to jest to. Bez przycisk\u00f3w, bez menu, bez zmartwie\u0144.<\/p>\n<h2 data-v-md-heading=\"excellent-performance-no-need-for-any-operation\" data-v-md-line=\"8\">Doskona\u0142a wydajno\u015b\u0107, brak konieczno\u015bci wykonywania jakichkolwiek operacji<\/h2>\n<p data-v-md-line=\"9\">Siatkowa cewka jest najwa\u017cniejszym elementem tego produktu. Mo\u017ce ona r\u00f3wnomiernie podgrzewa\u0107 e-ciecz, zapewniaj\u0105c, \u017ce ka\u017cdy k\u0119s jest r\u00f3wnomiernie czysty. Gdy bateria jest roz\u0142adowana, do jej na\u0142adowania wystarczy standardowy kabel USB. To proste. Mo\u017cna pomy\u015ble\u0107, \u017ce waporyzator o tak du\u017cej pojemno\u015bci b\u0119dzie niepor\u0119czny. Ale jego przeno\u015bno\u015b\u0107 z pewno\u015bci\u0105 Ci\u0119 zaskoczy.<\/p>\n<h2 data-v-md-heading=\"specification-overview\" data-v-md-line=\"11\">Przegl\u0105d specyfikacji<\/h2>\n<p data-v-md-line=\"12\"><strong>Cz\u0119stotliwo\u015b\u0107 ssania<\/strong>do 10000 razy<br \/>\n<strong>Zawarto\u015b\u0107 nikotyny<\/strong>: 0%, 2%, 3%, 5%<br \/>\n<strong>Zasada dzia\u0142ania<\/strong>: Wystarczy wdycha\u0107, aby aktywowa\u0107<br \/>\n<strong>\u0141adowanie<\/strong>: Port \u0142adowania USB<br \/>\n<strong>Status<\/strong>: Gotowy do u\u017cycia po rozpakowaniu<br \/>\n<strong>Pojemno\u015b\u0107 e-liquidu<\/strong>: 18 mililitr\u00f3w<br \/>\n<strong>Bateria<\/strong>600mAh<br \/>\n<strong>Typ cewki<\/strong>: Cewka siatkowa<\/p>\n<h2 data-v-md-heading=\"multiple-flavor-options\" data-v-md-line=\"21\">Wiele opcji smakowych<\/h2>\n<ul data-v-md-line=\"22\">\n<li>Truskawka i banan<\/li>\n<li>Arbuzowy l\u00f3d<\/li>\n<li>Cz\u0142owiek Arbuz<\/li>\n<li>Niebieskie lodowisko<\/li>\n<li>Sok z czarnej porzeczki<\/li>\n<li>Truskawka Mango<\/li>\n<li>Brzoskwinia<\/li>\n<li>Potr\u00f3jne mango<\/li>\n<li>Ch\u0142odna mi\u0119ta<\/li>\n<li>Aloe Vera Grape<\/li>\n<li>D\u017cem truskawkowy brzoskwinia<\/li>\n<li>Litchi<\/li>\n<li>Niebieski magnetyczny l\u00f3d<\/li>\n<li>Kiwi i marakuja<\/li>\n<li>Lody truskawkowe<\/li>\n<\/ul>\n<h2 data-v-md-heading=\"for-you-and-for-your-business-as-well\" data-v-md-line=\"38\">Dla Ciebie i dla Twojej firmy<\/h2>\n<p data-v-md-line=\"39\">Mo\u017cesz kupi\u0107 waporyzatory Old School KP10000 10K mesh coil dla siebie lub doda\u0107 je do swojego sklepu. Hurtowe pude\u0142ko kartonowe zawiera 200 sztuk, dzi\u0119ki czemu mo\u017cna \u0142atwo stworzy\u0107 naprawd\u0119 czyst\u0105 i uporz\u0105dkowan\u0105 \u015bcian\u0119 smakow\u0105. Wysy\u0142amy DDP za po\u015brednictwem zaufanych partner\u00f3w, takich jak UPS, DPD i DHL, wi\u0119c c\u0142a zosta\u0142y przetworzone i nie b\u0119dzie \u017cadnych nieoczekiwanych incydent\u00f3w w urz\u0119dzie celnym.<\/p>\n<h2 data-v-md-heading=\"why-do-you-like-it\" data-v-md-line=\"41\">Dlaczego to lubisz?<\/h2>\n<p data-v-md-line=\"42\"><strong>Ogromne ssanie<\/strong>: Dzi\u0119ki d\u0142u\u017cszej \u017cywotno\u015bci nie trzeba cz\u0119sto kupowa\u0107 nowych.<br \/>\n<strong>Wyb\u00f3r nikotyny<\/strong>: Wybierz st\u0119\u017cenie nikotyny, kt\u00f3re odpowiada Twoim nawykom.<br \/>\n<strong>Akumulatorowy<\/strong>: U\u017cyj zakupionej pojemno\u015bci 18 mililitr\u00f3w.<br \/>\n<strong>Siatka cewki<\/strong>: Mo\u017ce zapewni\u0107 ci\u0105g\u0142y i bogaty smak za ka\u017cdym razem.<\/p>\n<h2 data-v-md-heading=\"why-choose-to-collaborate-with-agoravape\" data-v-md-line=\"47\">Dlaczego warto zdecydowa\u0107 si\u0119 na wsp\u00f3\u0142prac\u0119 z AgoraVape?<\/h2>\n<p data-v-md-line=\"48\">Sprzedajemy tylko oryginalne produkty 100% od zaufanych marek. Je\u015bli kupisz Old School KP10000 10K suction mesh coil vapes hurtowo, mo\u017cesz cieszy\u0107 si\u0119 obni\u017conymi cenami, stabilnym wsparciem i szybkimi us\u0142ugami dostawy DDP. Skontaktuj si\u0119 z nami, aby zapewni\u0107 swoim klientom sprz\u0119t warty ponownego zakupu.<\/p>","protected":false},"excerpt":{"rendered":"<p>&nbsp;<\/p>\n<p><script src=\"chrome-extension:\/\/fpelahbljekknahkcaegamhcndkfpfnc\/iFrame.js\" type=\"text\/javascript\"><\/script><\/p>\n<p><script src=\"chrome-extension:\/\/fpelahbljekknahkcaegamhcndkfpfnc\/iFrame.js\" type=\"text\/javascript\"><\/script><\/p>\n<p><script src=\"chrome-extension:\/\/fpelahbljekknahkcaegamhcndkfpfnc\/iFrame.js\" type=\"text\/javascript\"><\/script><\/p>\n<p><script src=\"chrome-extension:\/\/fpelahbljekknahkcaegamhcndkfpfnc\/iFrame.js\" type=\"text\/javascript\"><\/script><\/p>\n<p><script src=\"chrome-extension:\/\/fpelahbljekknahkcaegamhcndkfpfnc\/iFrame.js\" type=\"text\/javascript\"><\/script><\/p>\n<p><script src=\"chrome-extension:\/\/fpelahbljekknahkcaegamhcndkfpfnc\/iFrame.js\" type=\"text\/javascript\"><\/script><\/p>\n<p><script src=\"chrome-extension:\/\/fpelahbljekknahkcaegamhcndkfpfnc\/iFrame.js\" type=\"text\/javascript\"><\/script><\/p>\n<p><script src=\"chrome-extension:\/\/fpelahbljekknahkcaegamhcndkfpfnc\/iFrame.js\" type=\"text\/javascript\"><\/script><\/p>","protected":false},"featured_media":15198,"comment_status":"open","ping_status":"closed","template":"","meta":[],"product_brand":[219],"product_cat":[124,187,185,189,174,175,193,146,191,173,186,180,190],"product_tag":[],"class_list":{"0":"post-15178","1":"product","2":"type-product","3":"status-publish","4":"has-post-thumbnail","6":"product_brand-old-school","7":"product_cat-vape-by-brand","8":"product_cat-0mg-nicotine-free-vapes","9":"product_cat-10000-puffs-high-capacity","10":"product_cat-20mg-standard-nicotine-vapes","11":"product_cat-fruit-flavors","12":"product_cat-icy-mint","13":"product_cat-mesh-coil","14":"product_cat-old-school","15":"product_cat-rechargeable-disposables","16":"product_cat-vape-by-flavor-profile","17":"product_cat-vape-by-nicotine-strength","18":"product_cat-vape-by-puff-count","19":"product_cat-vape-by-feature-or-type","21":"first","22":"onbackorder","23":"shipping-taxable","24":"purchasable","25":"product-type-variable","26":"has-default-attributes"},"tiered_pricing_type":"percentage","tiered_pricing_fixed_rules":[],"tiered_pricing_product_settings":{"layout":"default","base_unit_name":{"singular":null,"plural":null},"default_variation":null},"tiered_pricing_minimum_quantity":10,"tiered_pricing_roles_data":[],"tiered_pricing_percentage_rules":{"30":"29","50":"35","100":"40","200":"44","500":"47","1000":"49"},"tiered_pricing_maximum_quantity":null,"tiered_pricing_quantity_step":"10","_links":{"self":[{"href":"https:\/\/agoravape.com\/pl\/wp-json\/wp\/v2\/product\/15178","targetHints":{"allow":["GET"]}}],"collection":[{"href":"https:\/\/agoravape.com\/pl\/wp-json\/wp\/v2\/product"}],"about":[{"href":"https:\/\/agoravape.com\/pl\/wp-json\/wp\/v2\/types\/product"}],"replies":[{"embeddable":true,"href":"https:\/\/agoravape.com\/pl\/wp-json\/wp\/v2\/comments?post=15178"}],"version-history":[{"count":0,"href":"https:\/\/agoravape.com\/pl\/wp-json\/wp\/v2\/product\/15178\/revisions"}],"wp:featuredmedia":[{"embeddable":true,"href":"https:\/\/agoravape.com\/pl\/wp-json\/wp\/v2\/media\/15198"}],"wp:attachment":[{"href":"https:\/\/agoravape.com\/pl\/wp-json\/wp\/v2\/media?parent=15178"}],"wp:term":[{"taxonomy":"product_brand","embeddable":true,"href":"https:\/\/agoravape.com\/pl\/wp-json\/wp\/v2\/product_brand?post=15178"},{"taxonomy":"product_cat","embeddable":true,"href":"https:\/\/agoravape.com\/pl\/wp-json\/wp\/v2\/product_cat?post=15178"},{"taxonomy":"product_tag","embeddable":true,"href":"https:\/\/agoravape.com\/pl\/wp-json\/wp\/v2\/product_tag?post=15178"}],"curies":[{"name":"wp","href":"https:\/\/api.w.org\/{rel}","templated":true}]}}