{"id":15205,"date":"2025-10-16T10:00:30","date_gmt":"2025-10-16T02:00:30","guid":{"rendered":"https:\/\/green-grasshopper-921422.hostingersite.com\/?post_type=product&#038;p=15205"},"modified":"2026-02-22T15:15:45","modified_gmt":"2026-02-22T14:15:45","slug":"breze-stiik-bs-blaze-10k-puffs-vape","status":"publish","type":"product","link":"https:\/\/agoravape.com\/pl\/product\/breze-stiik-bs-blaze-10k-puffs-vape\/","title":{"rendered":"Breze Stiik BS Blaze 10K Puffs LED Display Vape | D\u0142ugotrwa\u0142y smak z inteligentnym ekranem"},"content":{"rendered":"<h2 data-v-md-heading=\"breze-stiik-bs-blaze-10-what-are-the-special-features-of-an-vape-with-a-thousand-led-display-screens\" data-v-md-line=\"3\">Breze Stiik BS Blaze 10, Jakie s\u0105 szczeg\u00f3lne cechy waporyzatora z tysi\u0105cem wy\u015bwietlaczy LED?<\/h2>\n<p data-v-md-line=\"4\">Je\u015bli jeste\u015b zm\u0119czony jednorazowymi waporyzatorami, ten produkt mo\u017ce znacznie u\u0142atwi\u0107 Ci tydzie\u0144. Breze Stiik BS Blaze ma pojemno\u015b\u0107 do 10000 port\u00f3w i jest wyposa\u017cony w przejrzysty ekran LED, kt\u00f3ry mo\u017ce jednocze\u015bnie wy\u015bwietla\u0107 poziom baterii i e-liquidu, umo\u017cliwiaj\u0105c \u015bledzenie stanu w dowolnym momencie.<\/p>\n<p data-v-md-line=\"6\">Jest odpowiedni dla ka\u017cdego u\u017cytkownika, kt\u00f3ry chce niezawodno\u015bci, pyszno\u015bci i nie musi martwi\u0107 si\u0119 o ustawienia. Mo\u017cesz pomy\u015ble\u0107, \u017ce posiadanie waporyzatora o tak du\u017cej pojemno\u015bci b\u0119dzie niepor\u0119czne, ale jego przeno\u015bno\u015b\u0107 Ci\u0119 zaskoczy. Lekki i przeno\u015bny, \u0142atwy w u\u017cyciu.<\/p>\n<h2 data-v-md-heading=\"excellent-performance-worry-free\" data-v-md-line=\"8\">Doskona\u0142a wydajno\u015b\u0107, bez obaw<\/h2>\n<p data-v-md-line=\"9\">Siatkowa cewka 1,2 \u03a9 zapewnia p\u0142ynne i sp\u00f3jne zasysanie za ka\u017cdym razem, co oznacza, \u017ce smak pozostaje wyra\u017any od pierwszego do ostatniego k\u0119sa. Ekran LED wy\u015bwietla pozosta\u0142y poziom na\u0142adowania baterii i poziom e-cieczy na pierwszy rzut oka, eliminuj\u0105c potrzeb\u0119 zgadywania. Gdy poziom na\u0142adowania baterii jest niski, mo\u017cesz u\u017cy\u0107 standardowego kabla do transmisji danych typu C, kt\u00f3ry mo\u017cesz ju\u017c mie\u0107, aby go na\u0142adowa\u0107. To proste.<\/p>\n<h2 data-v-md-heading=\"specification-overview\" data-v-md-line=\"11\">Przegl\u0105d specyfikacji<\/h2>\n<ul data-v-md-line=\"12\">\n<li>Cz\u0119stotliwo\u015b\u0107 zasysania: do 10000 razy<\/li>\n<li>Pojemno\u015b\u0107 e-liquidu: 18 mililitr\u00f3w<\/li>\n<li>Bateria: 650mAh (\u0142adowalna)<\/li>\n<li>Rdze\u0144 rozpylaj\u0105cy: siatka 1,2 oma<\/li>\n<li>Ekran wy\u015bwietlacza: Ekran LED wy\u015bwietlaj\u0105cy poziom na\u0142adowania baterii i poziom e-cieczy<\/li>\n<li>Zasada dzia\u0142ania: aktywacja ssania<\/li>\n<li>\u0141adowanie: Port USB typu C<\/li>\n<li>Rozmiar: 106 \u00d7 46 \u00d7 21 milimetr\u00f3w<\/li>\n<li>Waga: 72 gramy<\/li>\n<li>Status: Gotowy do u\u017cycia od razu po wyj\u0119ciu z pude\u0142ka<\/li>\n<li>Nikotyna: Dost\u0119pne st\u0119\u017cenia r\u00f3\u017cni\u0105 si\u0119 w zale\u017cno\u015bci od regionu i przepis\u00f3w. Prosimy o kontakt w celu potwierdzenia aktualnej opcji.<\/li>\n<\/ul>\n<h2 data-v-md-heading=\"full-range-of-flavors\" data-v-md-line=\"24\">Pe\u0142na gama smak\u00f3w<\/h2>\n<ul data-v-md-line=\"25\">\n<li>Arktyczne winogrona<\/li>\n<li>Czarny l\u00f3d<\/li>\n<li>Jasne i klarowne<\/li>\n<li>Cherry Lemon<\/li>\n<li>Mi\u0119ta Mi\u0119ta<\/li>\n<li>Crazy Strawberry<\/li>\n<li>Zapach Coconut Grove<\/li>\n<li>Malina z cytryn\u0105<\/li>\n<li>Kwa\u015bne jab\u0142ka<\/li>\n<li>Arbuzowy l\u00f3d<\/li>\n<\/ul>\n<h2 data-v-md-heading=\"for-you-for-your-business\" data-v-md-line=\"36\">Dla Ciebie, dla Twojej firmy<\/h2>\n<p data-v-md-line=\"37\">Mo\u017cesz kupi\u0107 jedn\u0105 sztuk\u0119 dla siebie lub zaopatrzy\u0107 sw\u00f3j sklep. BS Blaze ma 10 jednostek w pude\u0142ku i 200 jednostek w pude\u0142ku, co u\u0142atwia przewidywanie i planowanie p\u00f3\u0142ek. Zapewniamy us\u0142ugi dostawy DDP w ca\u0142ej Europie za po\u015brednictwem zaufanych partner\u00f3w, takich jak UPS, DPD i DHL, dzi\u0119ki czemu mo\u017cesz szybko otrzyma\u0107 swoje towary i zaj\u0105\u0107 si\u0119 op\u0142atami celnymi, aby unikn\u0105\u0107 nieoczekiwanych sytuacji w urz\u0119dzie celnym.<\/p>\n<p data-v-md-line=\"39\">Je\u015bli potrzebujesz wi\u0119kszych ilo\u015bci lub regularnych zam\u00f3wie\u0144, daj nam zna\u0107. Nasz zesp\u00f3\u0142 mo\u017ce zorganizowa\u0107 inwentaryzacj\u0119 i transport zgodnie z Twoim harmonogramem.<\/p>\n<h2 data-v-md-heading=\"why-do-you-like-it\" data-v-md-line=\"41\">Dlaczego to lubisz?<\/h2>\n<ul data-v-md-line=\"42\">\n<li>Ogromne ssanie: do 10000 jednostek oznacza mniej uzupe\u0142niania zapas\u00f3w i k\u0142opot\u00f3w.<\/li>\n<li>Wyb\u00f3r nikotyny: Wybierz st\u0119\u017cenie nikotyny, kt\u00f3re jest odpowiednie dla Ciebie i Twojego rynku.<\/li>\n<li>Mo\u017cliwo\u015b\u0107 wielokrotnego \u0142adowania: Mo\u017cna wykorzysta\u0107 pe\u0142ne 18 mililitr\u00f3w nikotyny, a nie tylko pozosta\u0142\u0105 ilo\u015b\u0107 po pierwszym na\u0142adowaniu.<\/li>\n<li>Siatkowa cewka: Sta\u0142y smak, p\u0142ynne i niezak\u0142\u00f3cone zasysanie za ka\u017cdym razem.<\/li>\n<li>Inteligentny ekran LED: Przegl\u0105daj informacje o baterii i e-cieczy na pierwszy rzut oka bez zgadywania.<\/li>\n<\/ul>\n<h2 data-v-md-heading=\"why-choose-agoravape\" data-v-md-line=\"48\">Dlaczego warto wybra\u0107 AgoraVape?<\/h2>\n<p data-v-md-line=\"49\">Dostarczamy tylko oryginalne produkty 100% i jeste\u015bmy odpowiedzialni za sprzedawane przez nas produkty. Kupuj\u0105c Breze Stiik BS Blaze 10K, otrzymasz bardzo konkurencyjne ceny hurtowe, responsywne wsparcie oraz szybkie i niezawodne us\u0142ugi dostawy DDP. Przeprowadzimy weryfikacj\u0119 wieku przy realizacji zam\u00f3wie\u0144 detalicznych i pomo\u017cemy klientom B2B zrozumie\u0107 lokalne wymagania, umo\u017cliwiaj\u0105c skupienie si\u0119 na sprzeda\u017cy. Chcesz zarezerwowa\u0107 urz\u0105dzenie, kt\u00f3re klienci kupi\u0105 ponownie? Skontaktuj si\u0119 z nami, a zorganizujemy to dla Ciebie.<\/p>","protected":false},"excerpt":{"rendered":"<p>Breze Stiik BS Blaze 10, Jakie s\u0105 szczeg\u00f3lne cechy waporyzatora z tysi\u0105cem wy\u015bwietlaczy LED? Je\u015bli<\/p>","protected":false},"featured_media":15223,"comment_status":"open","ping_status":"closed","template":"","meta":[],"product_brand":[220],"product_cat":[124,185,147,174,175,193,191,173,186,180,190,192],"product_tag":[],"class_list":{"0":"post-15205","1":"product","2":"type-product","3":"status-publish","4":"has-post-thumbnail","6":"product_brand-breze-stiik","7":"product_cat-vape-by-brand","8":"product_cat-10000-puffs-high-capacity","9":"product_cat-breze-stiik","10":"product_cat-fruit-flavors","11":"product_cat-icy-mint","12":"product_cat-mesh-coil","13":"product_cat-rechargeable-disposables","14":"product_cat-vape-by-flavor-profile","15":"product_cat-vape-by-nicotine-strength","16":"product_cat-vape-by-puff-count","17":"product_cat-vape-by-feature-or-type","18":"product_cat-vapes-with-screens","20":"first","21":"onbackorder","22":"shipping-taxable","23":"purchasable","24":"product-type-variable","25":"has-default-attributes"},"tiered_pricing_type":"percentage","tiered_pricing_fixed_rules":[],"tiered_pricing_product_settings":{"layout":"default","base_unit_name":{"singular":null,"plural":null},"default_variation":null},"tiered_pricing_minimum_quantity":10,"tiered_pricing_roles_data":[],"tiered_pricing_percentage_rules":{"30":"29","50":"35","100":"40","200":"44","500":"47","1000":"49"},"tiered_pricing_maximum_quantity":null,"tiered_pricing_quantity_step":"10","_links":{"self":[{"href":"https:\/\/agoravape.com\/pl\/wp-json\/wp\/v2\/product\/15205","targetHints":{"allow":["GET"]}}],"collection":[{"href":"https:\/\/agoravape.com\/pl\/wp-json\/wp\/v2\/product"}],"about":[{"href":"https:\/\/agoravape.com\/pl\/wp-json\/wp\/v2\/types\/product"}],"replies":[{"embeddable":true,"href":"https:\/\/agoravape.com\/pl\/wp-json\/wp\/v2\/comments?post=15205"}],"version-history":[{"count":0,"href":"https:\/\/agoravape.com\/pl\/wp-json\/wp\/v2\/product\/15205\/revisions"}],"wp:featuredmedia":[{"embeddable":true,"href":"https:\/\/agoravape.com\/pl\/wp-json\/wp\/v2\/media\/15223"}],"wp:attachment":[{"href":"https:\/\/agoravape.com\/pl\/wp-json\/wp\/v2\/media?parent=15205"}],"wp:term":[{"taxonomy":"product_brand","embeddable":true,"href":"https:\/\/agoravape.com\/pl\/wp-json\/wp\/v2\/product_brand?post=15205"},{"taxonomy":"product_cat","embeddable":true,"href":"https:\/\/agoravape.com\/pl\/wp-json\/wp\/v2\/product_cat?post=15205"},{"taxonomy":"product_tag","embeddable":true,"href":"https:\/\/agoravape.com\/pl\/wp-json\/wp\/v2\/product_tag?post=15205"}],"curies":[{"name":"wp","href":"https:\/\/api.w.org\/{rel}","templated":true}]}}