{"id":15244,"date":"2025-10-16T10:37:06","date_gmt":"2025-10-16T02:37:06","guid":{"rendered":"https:\/\/green-grasshopper-921422.hostingersite.com\/?post_type=product&#038;p=15244"},"modified":"2026-03-31T04:20:54","modified_gmt":"2026-03-31T02:20:54","slug":"breze-stiik-bs8500-8500-puffs-vape","status":"publish","type":"product","link":"https:\/\/agoravape.com\/pl\/product\/breze-stiik-bs8500-8500-puffs-vape\/","title":{"rendered":"Breze Stiik BS8500 8500 Puffs Akumulator Vape | Big Puffs. Proste \u0142adowanie"},"content":{"rendered":"<h2 data-v-md-heading=\"what-is-special-about-the-breze-stiik-bs8500-8500-rechargeable-vape\" data-v-md-line=\"3\"><img loading=\"lazy\" decoding=\"async\" class=\"aligncenter size-full wp-image-15242\" src=\"https:\/\/agoravape.com\/wp-content\/uploads\/2025\/10\/Breze-Stiik-BS8500-8500-Puffs-Rechargeable-Vape_Agora_vape-1-scaled.webp\" alt=\"\" width=\"2560\" height=\"1901\" srcset=\"https:\/\/agoravape.com\/wp-content\/uploads\/2025\/10\/Breze-Stiik-BS8500-8500-Puffs-Rechargeable-Vape_Agora_vape-1-scaled.webp 2560w, https:\/\/agoravape.com\/wp-content\/uploads\/2025\/10\/Breze-Stiik-BS8500-8500-Puffs-Rechargeable-Vape_Agora_vape-1-scaled-1200x891.webp 1200w, https:\/\/agoravape.com\/wp-content\/uploads\/2025\/10\/Breze-Stiik-BS8500-8500-Puffs-Rechargeable-Vape_Agora_vape-1-300x223.webp 300w, https:\/\/agoravape.com\/wp-content\/uploads\/2025\/10\/Breze-Stiik-BS8500-8500-Puffs-Rechargeable-Vape_Agora_vape-1-1024x760.webp 1024w, https:\/\/agoravape.com\/wp-content\/uploads\/2025\/10\/Breze-Stiik-BS8500-8500-Puffs-Rechargeable-Vape_Agora_vape-1-768x570.webp 768w, https:\/\/agoravape.com\/wp-content\/uploads\/2025\/10\/Breze-Stiik-BS8500-8500-Puffs-Rechargeable-Vape_Agora_vape-1-1536x1140.webp 1536w, https:\/\/agoravape.com\/wp-content\/uploads\/2025\/10\/Breze-Stiik-BS8500-8500-Puffs-Rechargeable-Vape_Agora_vape-1-2048x1521.webp 2048w\" sizes=\"auto, (max-width: 2560px) 100vw, 2560px\" \/><\/h2>\n<h2 data-v-md-heading=\"what-is-special-about-the-breze-stiik-bs8500-8500-rechargeable-vape\" data-v-md-line=\"3\">Czym wyr\u00f3\u017cnia si\u0119 vape akumulatorowy Breze Stiik BS8500 8500?<\/h2>\n<p data-v-md-line=\"4\">Je\u015bli jeste\u015b zm\u0119czony jednorazowymi waporyzatorami, kt\u00f3re s\u0105 z\u0142omowane, zanim sko\u0144czy si\u0119 e-ciecz, mo\u017cesz rzuci\u0107 okiem na Breze Stiik BS8500. Jest to jednorazowy vape z mo\u017cliwo\u015bci\u0105 wielokrotnego \u0142adowania o pojemno\u015bci do 8500 zaci\u0105gni\u0119\u0107 i 17 mililitr\u00f3w e-cieczy, co zapewnia stosunek jako\u015bci do ceny.<\/p>\n<p data-v-md-line=\"6\">Jest odpowiedni dla ka\u017cdego u\u017cytkownika vape, kt\u00f3ry chce niezawodno\u015bci, pyszno\u015bci i \u0142atwej obs\u0142ugi. Gumowa pow\u0142oka z \u017cywicy zapewnia wygodny chwyt i nie \u015blizga si\u0119. Kolorowa, przezroczysta dysza ss\u0105ca jest prosta i schludna, a kompaktowy korpus z \u0142atwo\u015bci\u0105 zmie\u015bci si\u0119 w kieszeni. Mo\u017cesz pomy\u015ble\u0107, \u017ce waporyzator o tak du\u017cej pojemno\u015bci b\u0119dzie niepor\u0119czny, ale b\u0119dziesz zaskoczony jego lekko\u015bci\u0105 i przeno\u015bno\u015bci\u0105.<\/p>\n<h2 data-v-md-heading=\"excellent-performance-easy-and-convenient\" data-v-md-line=\"8\">Doskona\u0142a wydajno\u015b\u0107, \u0142atwo\u015b\u0107 i wygoda<\/h2>\n<p data-v-md-line=\"9\">Rdze\u0144 BS8500 wykorzystuje cewki siatkowe, aby zapewni\u0107, \u017ce ka\u017cdy k\u0119s jest tak pyszny, jak pierwszy \u0142yk. Smak pozostaje sp\u00f3jny bez \u017cadnych przerw. Gdy bateria jest roz\u0142adowana, mo\u017cna j\u0105 na\u0142adowa\u0107 za pomoc\u0105 interfejsu typu C, kt\u00f3ry jest taki sam jak kabel \u0142aduj\u0105cy u\u017cywany w wi\u0119kszo\u015bci dzisiejszych telefon\u00f3w. Nie ma potrzeby stosowania specjalnych \u0142adowarek, jest to \u0142atwe i wygodne.<\/p>\n<h2 data-v-md-heading=\"specification-introduction\" data-v-md-line=\"11\">Wprowadzenie do specyfikacji<\/h2>\n<ul data-v-md-line=\"12\">\n<li>Cz\u0119stotliwo\u015b\u0107 ssania: do 8500 razy<\/li>\n<li>Zawarto\u015b\u0107 nikotyny: 2% lub 5%<\/li>\n<li>Pojemno\u015b\u0107 e-liquidu: 17 mililitr\u00f3w<\/li>\n<li>Rdze\u0144 rozpylaj\u0105cy: oczko 1,2 \u03a9<\/li>\n<li>Bateria: akumulator o pojemno\u015bci 600 mAh<\/li>\n<li>Zasada dzia\u0142ania: Aktywacja jednym zaci\u0105gni\u0119ciem<\/li>\n<li>\u0141adowanie: Standardowy interfejs USB typu C<\/li>\n<li>Status: Gotowy do u\u017cycia po rozpakowaniu<\/li>\n<\/ul>\n<h2 data-v-md-heading=\"full-range-of-flavors\" data-v-md-line=\"21\">Pe\u0142na gama smak\u00f3w<\/h2>\n<ul data-v-md-line=\"22\">\n<li>Sok pomara\u0144czowy Soda<\/li>\n<li>Jagody, maliny, cytryny<\/li>\n<li>Grape Soda<\/li>\n<li>Ananas, jab\u0142ko, gruszka<\/li>\n<li>Mango, brzoskwinia, arbuz<\/li>\n<li>Arbuzowy l\u00f3d<\/li>\n<li>Krem truskawkowy<\/li>\n<li>T\u0119czowe cukierki<\/li>\n<li>Mi\u0119ta Mi\u0119ta<\/li>\n<li>Truskawka kiwi<\/li>\n<li>Pyszne<\/li>\n<li>\u017burawina Mi\u0119ta Cytryna<\/li>\n<li>Cherry Cola<\/li>\n<li>Zapach Coconut Grove<\/li>\n<li>Mi\u0119towa guma do \u017cucia<\/li>\n<li>Truskawka i banan<\/li>\n<\/ul>\n<h2 data-v-md-heading=\"for-you-and-your-business\" data-v-md-line=\"39\">Dla Ciebie i Twojego biznesu<\/h2>\n<p data-v-md-line=\"40\">Mo\u017cesz kupi\u0107 <a class=\"wpil_keyword_link\" href=\"https:\/\/agoravape.com\/pl\/vape-wedlug-marki\/breze-stiik\/\" target=\"_blank\" rel=\"noopener\" title=\"BRYZA\" data-wpil-keyword-link=\"linked\" data-wpil-monitor-id=\"7171\">Breze Stiik<\/a> tutaj, dostosowane do standardu BS8500. Je\u015bli prowadzisz sklep z e-papierosami lub sklep internetowy, mo\u017cesz kupi\u0107 10 opakowa\u0144 hurtowo. Zam\u00f3wienia hurtowe s\u0105 wysy\u0142ane w 200 kartonowych pude\u0142kach, co u\u0142atwia uzupe\u0142nianie zapas\u00f3w.<\/p>\n<p data-v-md-line=\"42\">Wsp\u00f3\u0142pracujemy z zaufanymi partnerami, takimi jak UPS, DPD i DHL, aby \u015bwiadczy\u0107 us\u0142ugi dostawy DDP, dzi\u0119ki czemu taryfy mog\u0105 by\u0107 op\u0142acane z g\u00f3ry, aby unikn\u0105\u0107 wypadk\u00f3w celnych. Szybki transport i szybka dostawa.<\/p>\n<h2 data-v-md-heading=\"why-do-you-like-it\" data-v-md-line=\"44\">Dlaczego to lubisz?<\/h2>\n<ul data-v-md-line=\"45\">\n<li>Du\u017ca pojemno\u015b\u0107 do palenia: trwa\u0142a i d\u0142ugowieczna, nie ma potrzeby cz\u0119stego kupowania nowych papieros\u00f3w.<\/li>\n<li>Wyb\u00f3r zawarto\u015bci nikotyny: Wybierz 2% lub 5% w zale\u017cno\u015bci od preferencji.<\/li>\n<li>Mo\u017cliwo\u015b\u0107 wielokrotnego \u0142adowania: U\u017cywaj wszystkich e-liquid\u00f3w bez wyrzucania w po\u0142owie zu\u017cytego sprz\u0119tu.<\/li>\n<li>Siatkowy rdze\u0144 atomizera: Sp\u00f3jny smak, g\u0142adki i p\u0142ynny od pocz\u0105tku do ko\u0144ca.<\/li>\n<li>Wygodne \u0142adowanie: Interfejs Type-C sprawia, \u017ce \u0142adowanie jest szybkie i wygodne.<\/li>\n<\/ul>\n<h2 data-v-md-heading=\"why-choose-to-collaborate-with-agoravape\" data-v-md-line=\"51\">Dlaczego warto zdecydowa\u0107 si\u0119 na wsp\u00f3\u0142prac\u0119 z AgoraVape?<\/h2>\n<p data-v-md-line=\"52\">Sprzedajemy tylko oryginalne produkty 100% i gwarantujemy jako\u015b\u0107 naszych przesy\u0142ek. Dla klient\u00f3w komercyjnych oznacza to, \u017ce akumulator vape Breze Stiik BS8500 8500 ma bardzo konkurencyjne ceny hurtowe, niezawodne wsparcie i niezawodn\u0105 logistyk\u0119 DDP. Skontaktuj si\u0119 z nami, aby przygotowa\u0107 dla swoich klient\u00f3w urz\u0105dzenie, do kt\u00f3rego warto wraca\u0107.<\/p>","protected":false},"excerpt":{"rendered":"<p>&nbsp;<\/p>","protected":false},"featured_media":15266,"comment_status":"open","ping_status":"closed","template":"","meta":[],"product_brand":[220],"product_cat":[124,185,176,147,177,174,175,193,191,173,186,180,190],"product_tag":[],"class_list":{"0":"post-15244","1":"product","2":"type-product","3":"status-publish","4":"has-post-thumbnail","6":"product_brand-breze-stiik","7":"product_cat-vape-by-brand","8":"product_cat-10000-puffs-high-capacity","9":"product_cat-beverage","10":"product_cat-breze-stiik","11":"product_cat-dessert-sweets","12":"product_cat-fruit-flavors","13":"product_cat-icy-mint","14":"product_cat-mesh-coil","15":"product_cat-rechargeable-disposables","16":"product_cat-vape-by-flavor-profile","17":"product_cat-vape-by-nicotine-strength","18":"product_cat-vape-by-puff-count","19":"product_cat-vape-by-feature-or-type","21":"first","22":"onbackorder","23":"shipping-taxable","24":"purchasable","25":"product-type-variable","26":"has-default-attributes"},"tiered_pricing_type":"percentage","tiered_pricing_fixed_rules":[],"tiered_pricing_product_settings":{"layout":"default","base_unit_name":{"singular":null,"plural":null},"default_variation":null},"tiered_pricing_minimum_quantity":10,"tiered_pricing_roles_data":[],"tiered_pricing_percentage_rules":{"30":"29","50":"35","100":"40","200":"44","500":"47","1000":"49"},"tiered_pricing_maximum_quantity":null,"tiered_pricing_quantity_step":"10","_links":{"self":[{"href":"https:\/\/agoravape.com\/pl\/wp-json\/wp\/v2\/product\/15244","targetHints":{"allow":["GET"]}}],"collection":[{"href":"https:\/\/agoravape.com\/pl\/wp-json\/wp\/v2\/product"}],"about":[{"href":"https:\/\/agoravape.com\/pl\/wp-json\/wp\/v2\/types\/product"}],"replies":[{"embeddable":true,"href":"https:\/\/agoravape.com\/pl\/wp-json\/wp\/v2\/comments?post=15244"}],"version-history":[{"count":1,"href":"https:\/\/agoravape.com\/pl\/wp-json\/wp\/v2\/product\/15244\/revisions"}],"predecessor-version":[{"id":29823,"href":"https:\/\/agoravape.com\/pl\/wp-json\/wp\/v2\/product\/15244\/revisions\/29823"}],"wp:featuredmedia":[{"embeddable":true,"href":"https:\/\/agoravape.com\/pl\/wp-json\/wp\/v2\/media\/15266"}],"wp:attachment":[{"href":"https:\/\/agoravape.com\/pl\/wp-json\/wp\/v2\/media?parent=15244"}],"wp:term":[{"taxonomy":"product_brand","embeddable":true,"href":"https:\/\/agoravape.com\/pl\/wp-json\/wp\/v2\/product_brand?post=15244"},{"taxonomy":"product_cat","embeddable":true,"href":"https:\/\/agoravape.com\/pl\/wp-json\/wp\/v2\/product_cat?post=15244"},{"taxonomy":"product_tag","embeddable":true,"href":"https:\/\/agoravape.com\/pl\/wp-json\/wp\/v2\/product_tag?post=15244"}],"curies":[{"name":"wp","href":"https:\/\/api.w.org\/{rel}","templated":true}]}}