{"id":15287,"date":"2025-10-16T10:51:17","date_gmt":"2025-10-16T02:51:17","guid":{"rendered":"https:\/\/green-grasshopper-921422.hostingersite.com\/?post_type=product&#038;p=15287"},"modified":"2026-03-31T04:20:54","modified_gmt":"2026-03-31T02:20:54","slug":"breze-stiik-king-max-10k-dtl-vape","status":"publish","type":"product","link":"https:\/\/agoravape.com\/pl\/product\/breze-stiik-king-max-10k-dtl-vape\/","title":{"rendered":"Breze Stiik King Max 10K Puffs DTL Regulowany przep\u0142yw powietrza | D\u0142ugotrwa\u0142y smak DTL z \u0142atwym \u0142adowaniem Type-C"},"content":{"rendered":"<h2 data-v-md-heading=\"what-is-special-about-breze-stiik-king-max-10k-caliber-adjustable-dtl-e-liquid\" data-v-md-line=\"3\"><img loading=\"lazy\" decoding=\"async\" class=\"aligncenter size-full wp-image-15286\" src=\"https:\/\/agoravape.com\/wp-content\/uploads\/2025\/10\/Breze-Stiik-King-Max-10K-Puffs-DTL-Adjustable-Airflow_Agora_vape-3.webp\" alt=\"\" width=\"1000\" height=\"1000\" srcset=\"https:\/\/agoravape.com\/wp-content\/uploads\/2025\/10\/Breze-Stiik-King-Max-10K-Puffs-DTL-Adjustable-Airflow_Agora_vape-3.webp 1000w, https:\/\/agoravape.com\/wp-content\/uploads\/2025\/10\/Breze-Stiik-King-Max-10K-Puffs-DTL-Adjustable-Airflow_Agora_vape-3-600x600.webp 600w, https:\/\/agoravape.com\/wp-content\/uploads\/2025\/10\/Breze-Stiik-King-Max-10K-Puffs-DTL-Adjustable-Airflow_Agora_vape-3-300x300.webp 300w, https:\/\/agoravape.com\/wp-content\/uploads\/2025\/10\/Breze-Stiik-King-Max-10K-Puffs-DTL-Adjustable-Airflow_Agora_vape-3-150x150.webp 150w, https:\/\/agoravape.com\/wp-content\/uploads\/2025\/10\/Breze-Stiik-King-Max-10K-Puffs-DTL-Adjustable-Airflow_Agora_vape-3-768x768.webp 768w\" sizes=\"auto, (max-width: 1000px) 100vw, 1000px\" \/><\/h2>\n<h2 data-v-md-heading=\"what-is-special-about-breze-stiik-king-max-10k-caliber-adjustable-dtl-e-liquid\" data-v-md-line=\"3\">Czym wyr\u00f3\u017cnia si\u0119 e-liquid Breze Stiik King Max 10K kaliber regulowany DTL?<\/h2>\n<p data-v-md-line=\"4\">Je\u015bli masz do\u015b\u0107 jednorazowych e-liquid\u00f3w, kt\u00f3re ko\u0144cz\u0105 si\u0119, gdy zaczynasz pali\u0107, to warto przyjrze\u0107 si\u0119 temu produktowi. Breze Stiik King Max zosta\u0142 zaprojektowany specjalnie do g\u0142\u0119bokiego zasysania p\u0142uc, z regulowanym wlotem i du\u017cymi rezerwami e-cieczy. Mo\u017ce utrzyma\u0107 sw\u00f3j smak przez d\u0142ugi czas bez potrzeby skomplikowanych ustawie\u0144.<\/p>\n<p data-v-md-line=\"6\">Jest odpowiedni dla ka\u017cdego, kto lubi bardziej przejrzysty, dymny i g\u0142adki smak. Urz\u0105dzenie DTL e-liquid kalibru 10K mo\u017ce wydawa\u0107 si\u0119 niepor\u0119czne, ale produkt ten nadal mie\u015bci si\u0119 w kieszeni kurtki i z \u0142atwo\u015bci\u0105 zaspokaja codzienne potrzeby dzi\u0119ki \u0142adowaniu typu C.<\/p>\n<h2 data-v-md-heading=\"excellent-performance-no-need-for-complex-operations\" data-v-md-line=\"8\">Doskona\u0142a wydajno\u015b\u0107, brak konieczno\u015bci wykonywania skomplikowanych operacji<\/h2>\n<p data-v-md-line=\"9\">Siatkowa cewka ponosi du\u017c\u0105 odpowiedzialno\u015b\u0107, co oznacza, \u017ce mo\u017ce by\u0107 r\u00f3wnomiernie podgrzewana od pierwszego do ostatniego k\u0119sa, a smak jest sp\u00f3jny. Otw\u00f3rz wlot, aby cieszy\u0107 si\u0119 lekkim i delikatnym ssaniem; Je\u015bli wolisz wi\u0119kszy op\u00f3r, mo\u017cesz r\u00f3wnie\u017c obni\u017cy\u0107 wlot. Gdy bateria jest roz\u0142adowana, wystarczy u\u017cy\u0107 standardowego kabla do transmisji danych typu C, aby j\u0105 na\u0142adowa\u0107. Jest to ten sam kabel, kt\u00f3rego u\u017cywasz w telefonie. \u0141atwy w u\u017cyciu.<\/p>\n<h2 data-v-md-heading=\"specification-introduction\" data-v-md-line=\"11\">Wprowadzenie do specyfikacji<\/h2>\n<ul data-v-md-line=\"12\">\n<li>Cz\u0119stotliwo\u015b\u0107 zasysania: do 10000 razy<\/li>\n<li>Zawarto\u015b\u0107 nikotyny: 0 miligram\u00f3w lub 1% (10 miligram\u00f3w\/mililitr)<\/li>\n<li>Zasada dzia\u0142ania: Aktywowany przez wdychanie<\/li>\n<li>\u0141adowanie: Standardowy interfejs USB typu C<\/li>\n<li>Status: Gotowy do u\u017cycia od razu po wyj\u0119ciu z pude\u0142ka<\/li>\n<li>Pojemno\u015b\u0107 e-liquidu: 20 mililitr\u00f3w<\/li>\n<li>Bateria: akumulator o pojemno\u015bci 850 mAh<\/li>\n<\/ul>\n<h2 data-v-md-heading=\"full-range-of-flavors\" data-v-md-line=\"20\">Pe\u0142na gama smak\u00f3w<\/h2>\n<ul data-v-md-line=\"21\">\n<li>Woda jagodowo-cytrynowa<\/li>\n<li>Wata cukrowa<\/li>\n<li>Jab\u0142ko brzoskwinia<\/li>\n<li>Arbuzowy l\u00f3d<\/li>\n<li>L\u00f3d mentolowy<\/li>\n<li>Lody truskawkowe<\/li>\n<li>Bor\u00f3wki i maliny<\/li>\n<li>Brzoskwinia i mango<\/li>\n<li>Grape Soda<\/li>\n<li>Pomara\u0144cze, mango, arbuzy<\/li>\n<li>Gumisie ma\u0142y mi\u015b<\/li>\n<li>Truskawka kiwi<\/li>\n<\/ul>\n<h2 data-v-md-heading=\"for-you-and-for-your-business-as-well\" data-v-md-line=\"34\">Dla Ciebie i dla Twojej firmy<\/h2>\n<p data-v-md-line=\"35\">Kupujesz dla siebie? Otrzymasz trwa\u0142y elektroniczny papieros DTL, kt\u00f3ry jest \u0142atwy w u\u017cyciu i \u0142adowaniu. Nie wymaga menu ani przycisk\u00f3w. G\u0142adki smak, regulowany wlot powietrza, do wyboru.<\/p>\n<p data-v-md-line=\"37\">Czy zapasy s\u0105 ograniczone? Oferujemy hurtowe opakowania <a class=\"wpil_keyword_link\" href=\"https:\/\/agoravape.com\/pl\/vape-wedlug-marki\/breze-stiik\/\" target=\"_blank\" rel=\"noopener\" title=\"BRYZA\" data-wpil-keyword-link=\"linked\" data-wpil-monitor-id=\"7170\">Breze Stiik<\/a> King Max, 6 sztuk w pude\u0142ku i 180 sztuk w kartonie. \u015awiadczymy us\u0142ugi dostawy DDP za po\u015brednictwem zaufanych partner\u00f3w, takich jak UPS, DPD i DHL, dzi\u0119ki czemu c\u0142a mog\u0105 by\u0107 rozliczane z wyprzedzeniem, aby unikn\u0105\u0107 problem\u00f3w celnych. Niezawodna dostawa oznacza, \u017ce mo\u017cesz spe\u0142ni\u0107 oczekiwania swoich klient\u00f3w i naprawd\u0119 dostarczy\u0107 im to, czego potrzebuj\u0105.<\/p>\n<h2 data-v-md-heading=\"why-do-you-like-it\" data-v-md-line=\"39\">Dlaczego to lubisz?<\/h2>\n<ul data-v-md-line=\"40\">\n<li>Du\u017ca pojemno\u015b\u0107: do 10000 zaci\u0105gni\u0119\u0107, bez konieczno\u015bci cz\u0119stego kupowania nowych papieros\u00f3w.<\/li>\n<li>Opcje zawarto\u015bci nikotyny: 0 miligram\u00f3w lub 1%, mo\u017cesz wybra\u0107 najbardziej odpowiedni\u0105 dla siebie zawarto\u015b\u0107 nikotyny.<\/li>\n<li>Mo\u017cliwo\u015b\u0107 \u0142adowania: \u0141adowanie typu C pozwala w pe\u0142ni wykorzysta\u0107 ka\u017cd\u0105 kropl\u0119 e-liquidu.<\/li>\n<li>Siatkowa cewka: Sta\u0142y smak, delikatne i g\u0142adkie doznania podczas ssania DTL.<\/li>\n<li>Regulowany wlot: otwarcie mo\u017ce generowa\u0107 dym, dokr\u0119cenie mo\u017ce zwi\u0119kszy\u0107 op\u00f3r.<\/li>\n<\/ul>\n<h2 data-v-md-heading=\"why-choose-to-collaborate-with-agoravape\" data-v-md-line=\"46\">Dlaczego warto zdecydowa\u0107 si\u0119 na wsp\u00f3\u0142prac\u0119 z AgoraVape?<\/h2>\n<p data-v-md-line=\"47\">Sprzedajemy tylko oryginalne produkty 100% i gwarantujemy ich jako\u015b\u0107. Klienci korporacyjni, kt\u00f3rzy kupuj\u0105 regulowane bomby dymne Breze Stiik King Max 10K Puffs DTL, mog\u0105 cieszy\u0107 si\u0119 obni\u017conymi cenami hurtowymi, profesjonalnym wsparciem oraz szybkimi i niezawodnymi us\u0142ugami dostawy. Zapraszamy do kontaktu z nami, aby dowiedzie\u0107 si\u0119, jak stworzy\u0107 urz\u0105dzenie dla sta\u0142ych klient\u00f3w.<\/p>","protected":false},"excerpt":{"rendered":"<p>&nbsp;<\/p>","protected":false},"featured_media":15306,"comment_status":"open","ping_status":"closed","template":"","meta":[],"product_brand":[220],"product_cat":[124,187,185,188,194,176,147,177,174,175,193,191,173,186,180,190],"product_tag":[],"class_list":{"0":"post-15287","1":"product","2":"type-product","3":"status-publish","4":"has-post-thumbnail","6":"product_brand-breze-stiik","7":"product_cat-vape-by-brand","8":"product_cat-0mg-nicotine-free-vapes","9":"product_cat-10000-puffs-high-capacity","10":"product_cat-10mg-low-nicotine-vapes","11":"product_cat-adjustable-airflow","12":"product_cat-beverage","13":"product_cat-breze-stiik","14":"product_cat-dessert-sweets","15":"product_cat-fruit-flavors","16":"product_cat-icy-mint","17":"product_cat-mesh-coil","18":"product_cat-rechargeable-disposables","19":"product_cat-vape-by-flavor-profile","20":"product_cat-vape-by-nicotine-strength","21":"product_cat-vape-by-puff-count","22":"product_cat-vape-by-feature-or-type","24":"first","25":"onbackorder","26":"shipping-taxable","27":"purchasable","28":"product-type-variable","29":"has-default-attributes"},"tiered_pricing_type":"percentage","tiered_pricing_fixed_rules":[],"tiered_pricing_product_settings":{"layout":"default","base_unit_name":{"singular":null,"plural":null},"default_variation":null},"tiered_pricing_minimum_quantity":10,"tiered_pricing_roles_data":[],"tiered_pricing_percentage_rules":{"30":"29","50":"35","100":"40","200":"44","500":"47","1000":"49"},"tiered_pricing_maximum_quantity":null,"tiered_pricing_quantity_step":"10","_links":{"self":[{"href":"https:\/\/agoravape.com\/pl\/wp-json\/wp\/v2\/product\/15287","targetHints":{"allow":["GET"]}}],"collection":[{"href":"https:\/\/agoravape.com\/pl\/wp-json\/wp\/v2\/product"}],"about":[{"href":"https:\/\/agoravape.com\/pl\/wp-json\/wp\/v2\/types\/product"}],"replies":[{"embeddable":true,"href":"https:\/\/agoravape.com\/pl\/wp-json\/wp\/v2\/comments?post=15287"}],"version-history":[{"count":1,"href":"https:\/\/agoravape.com\/pl\/wp-json\/wp\/v2\/product\/15287\/revisions"}],"predecessor-version":[{"id":29822,"href":"https:\/\/agoravape.com\/pl\/wp-json\/wp\/v2\/product\/15287\/revisions\/29822"}],"wp:featuredmedia":[{"embeddable":true,"href":"https:\/\/agoravape.com\/pl\/wp-json\/wp\/v2\/media\/15306"}],"wp:attachment":[{"href":"https:\/\/agoravape.com\/pl\/wp-json\/wp\/v2\/media?parent=15287"}],"wp:term":[{"taxonomy":"product_brand","embeddable":true,"href":"https:\/\/agoravape.com\/pl\/wp-json\/wp\/v2\/product_brand?post=15287"},{"taxonomy":"product_cat","embeddable":true,"href":"https:\/\/agoravape.com\/pl\/wp-json\/wp\/v2\/product_cat?post=15287"},{"taxonomy":"product_tag","embeddable":true,"href":"https:\/\/agoravape.com\/pl\/wp-json\/wp\/v2\/product_tag?post=15287"}],"curies":[{"name":"wp","href":"https:\/\/api.w.org\/{rel}","templated":true}]}}