{"id":15323,"date":"2025-10-16T11:01:40","date_gmt":"2025-10-16T03:01:40","guid":{"rendered":"https:\/\/green-grasshopper-921422.hostingersite.com\/?post_type=product&#038;p=15323"},"modified":"2026-03-31T04:20:53","modified_gmt":"2026-03-31T02:20:53","slug":"breze-stiik-box-pro-5k-puffs-vape","status":"publish","type":"product","link":"https:\/\/agoravape.com\/pl\/product\/breze-stiik-box-pro-5k-puffs-vape\/","title":{"rendered":"Breze Stiik Box Pro 5K Puffs Vape z regulowanym przep\u0142ywem powietrza | d\u0142ugotrwa\u0142y smak, \u0142atwe w u\u017cyciu"},"content":{"rendered":"<h2 data-v-md-heading=\"what-is-special-about-the-breze-stiik-box-pro-5k-adjustable-intake-vape\" data-v-md-line=\"3\"><img loading=\"lazy\" decoding=\"async\" class=\"aligncenter size-full wp-image-15346\" src=\"https:\/\/agoravape.com\/wp-content\/uploads\/2025\/10\/Breze-Stiik-Box-Pro-5K-Puffs-Adjustable-Airflow-Vape_Agora_vape-10.webp\" alt=\"\" width=\"1000\" height=\"1000\" srcset=\"https:\/\/agoravape.com\/wp-content\/uploads\/2025\/10\/Breze-Stiik-Box-Pro-5K-Puffs-Adjustable-Airflow-Vape_Agora_vape-10.webp 1000w, https:\/\/agoravape.com\/wp-content\/uploads\/2025\/10\/Breze-Stiik-Box-Pro-5K-Puffs-Adjustable-Airflow-Vape_Agora_vape-10-600x600.webp 600w, https:\/\/agoravape.com\/wp-content\/uploads\/2025\/10\/Breze-Stiik-Box-Pro-5K-Puffs-Adjustable-Airflow-Vape_Agora_vape-10-300x300.webp 300w, https:\/\/agoravape.com\/wp-content\/uploads\/2025\/10\/Breze-Stiik-Box-Pro-5K-Puffs-Adjustable-Airflow-Vape_Agora_vape-10-150x150.webp 150w, https:\/\/agoravape.com\/wp-content\/uploads\/2025\/10\/Breze-Stiik-Box-Pro-5K-Puffs-Adjustable-Airflow-Vape_Agora_vape-10-768x768.webp 768w\" sizes=\"auto, (max-width: 1000px) 100vw, 1000px\" \/><\/h2>\n<h2 data-v-md-heading=\"what-is-special-about-the-breze-stiik-box-pro-5k-adjustable-intake-vape\" data-v-md-line=\"3\">Czym wyr\u00f3\u017cnia si\u0119 vape z regulowanym wlotem Breze Stiik Box Pro 5K?<\/h2>\n<p data-v-md-line=\"4\">Je\u015bli jeste\u015b zm\u0119czony jednorazowymi waporyzatorami, kt\u00f3re szybko si\u0119 ko\u0144cz\u0105 lub zanim sko\u0144czysz ich u\u017cywa\u0107, ten produkt u\u0142atwi Ci \u017cycie. Breze Stiik Box Pro oferuje do 5000 regulowanych wlot\u00f3w, dzi\u0119ki czemu mo\u017cna \u0142atwo dostosowa\u0107 obj\u0119to\u015b\u0107 wlotu, niezale\u017cnie od tego, czy jest on ma\u0142y czy du\u017cy, bez \u017cadnego wysi\u0142ku.<\/p>\n<p data-v-md-line=\"6\">Jest odpowiedni dla ka\u017cdego, kto poszukuje niezawodnego smaku, prostej obs\u0142ugi i mo\u017cliwo\u015bci \u0142adowania, co pozwala w pe\u0142ni cieszy\u0107 si\u0119 ka\u017cd\u0105 kropl\u0105. Jest lekki, wa\u017cy oko\u0142o 75 gram\u00f3w i z \u0142atwo\u015bci\u0105 zmie\u015bci si\u0119 w kieszeni, nie powoduj\u0105c \u017cadnego obci\u0105\u017cenia.<\/p>\n<h2 data-v-md-heading=\"excellent-performance-worry-free\" data-v-md-line=\"8\">Doskona\u0142a wydajno\u015b\u0107, bez obaw<\/h2>\n<p data-v-md-line=\"9\">Siatkowa cewka ponosi du\u017c\u0105 odpowiedzialno\u015b\u0107, dzi\u0119ki czemu ka\u017cdy k\u0119s mo\u017ce zachowa\u0107 czysty i sp\u00f3jny smak od pocz\u0105tku do ko\u0144ca. Gdy poziom na\u0142adowania baterii jest niski, w\u0142o\u017cenie kabla do transmisji danych typu C mo\u017ce szybko j\u0105 przywr\u00f3ci\u0107. Nie trzeba uczy\u0107 si\u0119 przycisk\u00f3w ani przewija\u0107 menu. Wystarczy ustawi\u0107 przep\u0142yw powietrza i mo\u017cna wdycha\u0107.<\/p>\n<h2 data-v-md-heading=\"specification-overview\" data-v-md-line=\"11\">Przegl\u0105d specyfikacji<\/h2>\n<ul data-v-md-line=\"12\">\n<li>Cz\u0119stotliwo\u015b\u0107 ssania: do 5000 razy<\/li>\n<li>Zawarto\u015b\u0107 nikotyny: 2% lub 5% (poda\u017c r\u00f3\u017cni si\u0119 w zale\u017cno\u015bci od regionu)<\/li>\n<li>Zasada dzia\u0142ania: Aktywacja poprzez wdech<\/li>\n<li>Spos\u00f3b \u0142adowania: Interfejs USB typu C<\/li>\n<li>Bateria: akumulator o pojemno\u015bci 950 mAh<\/li>\n<li>E-liquid: wst\u0119pnie zainstalowane 12 mililitr\u00f3w<\/li>\n<li>Przep\u0142yw powietrza: Regulowany<\/li>\n<li>Atomizuj\u0105cy rdze\u0144: siatka jak<\/li>\n<li>Status: Gotowy do u\u017cycia od razu po wyj\u0119ciu z pude\u0142ka<\/li>\n<\/ul>\n<p data-v-md-line=\"22\">Uwaga: Sytuacja poda\u017cowa i st\u0119\u017cenie nikotyny mog\u0105 si\u0119 r\u00f3\u017cni\u0107 w zale\u017cno\u015bci od kraju\/regionu, dlatego wysy\u0142amy tylko konfiguracje dozwolone na danym rynku.<\/p>\n<h2 data-v-md-heading=\"full-range-of-flavors\" data-v-md-line=\"24\">Pe\u0142na gama smak\u00f3w<\/h2>\n<ul data-v-md-line=\"25\">\n<li>Koktajl jagodowy<\/li>\n<li>Lody truskawkowe<\/li>\n<li>Brzoskwinia i mango<\/li>\n<li>Koktajl winogronowy<\/li>\n<li>Koktajl bananowy<\/li>\n<li>Koktajl arbuzowy<\/li>\n<li>Koktajl mi\u0119towy<\/li>\n<li>R\u00f3\u017cowa woda cytrynowa<\/li>\n<\/ul>\n<p data-v-md-line=\"34\">W przypadku zam\u00f3wie\u0144 handlowych mo\u017cemy obs\u0142ugiwa\u0107 dodatkowe smaki lub dostosowanie OEM.<\/p>\n<h2 data-v-md-heading=\"for-you-for-your-business\" data-v-md-line=\"36\">Dla Ciebie, dla Twojej firmy<\/h2>\n<p data-v-md-line=\"37\">Mo\u017cesz \u0142atwo kupi\u0107 urz\u0105dzenie do codziennego u\u017cytku lub zaopatrzy\u0107 sw\u00f3j sklep. Opakowanie hurtowe zawiera 5 sztuk w pude\u0142ku wewn\u0119trznym i 200 sztuk w pude\u0142ku. Ka\u017cde pude\u0142ko ma wag\u0119 brutto oko\u0142o 17 kilogram\u00f3w i wymiary 28 x 33 x 44 centymetry.<\/p>\n<p data-v-md-line=\"39\">Wsp\u00f3\u0142pracujemy z zaufanymi partnerami, takimi jak UPS, DPD i DHL, aby wysy\u0142a\u0107 przesy\u0142ki w ca\u0142ej Europie za po\u015brednictwem DDP, wi\u0119c nie b\u0119dzie \u017cadnych nieoczekiwanych incydent\u00f3w w urz\u0119dzie celnym. Zam\u00f3wienie zosta\u0142o opodatkowane i mo\u017ce zosta\u0107 natychmiast sprzedane.<\/p>\n<h2 data-v-md-heading=\"why-do-you-like-it\" data-v-md-line=\"41\">Dlaczego to lubisz?<\/h2>\n<ul data-v-md-line=\"42\">\n<li>Du\u017ce ssanie: Zasysanie do 5000 oznacza mniej uzupe\u0142nie\u0144 i powtarzaj\u0105cych si\u0119 zam\u00f3wie\u0144.<\/li>\n<li>Wyb\u00f3r nikotyny: Wybierz st\u0119\u017cenie nikotyny, kt\u00f3re jest odpowiednie dla Twoich codziennych nawyk\u00f3w i lokalnych przepis\u00f3w.<\/li>\n<li>Mo\u017cliwo\u015b\u0107 \u0142adowania: Bateri\u0119 mo\u017cna \u0142adowa\u0107, dzi\u0119ki czemu mo\u017cna u\u017cywa\u0107 wszystkich zakupionych e-liquid\u00f3w.<\/li>\n<li>Siatkowa cewka: Od pierwszego do ostatniego gryza, smak jest g\u0142adki i stabilny.<\/li>\n<li>Regulowany wlot: Niezale\u017cnie od tego, czy jest to szczelne zasysanie, czy przezroczyste, mo\u017cesz ustawi\u0107 je zgodnie z w\u0142asnymi potrzebami.<\/li>\n<\/ul>\n<h2 data-v-md-heading=\"why-collaborate-with-agoravape\" data-v-md-line=\"48\">Dlaczego warto wsp\u00f3\u0142pracowa\u0107 z AgoraVape?<\/h2>\n<p data-v-md-line=\"49\">Sprzedajemy wy\u0142\u0105cznie oryginalne produkty 100% i ponosimy odpowiedzialno\u015b\u0107 za sprzedawane przez nas produkty. Klienci korporacyjni, kt\u00f3rzy dokonuj\u0105 zakup\u00f3w <a class=\"wpil_keyword_link\" href=\"https:\/\/agoravape.com\/pl\/vape-wedlug-marki\/breze-stiik\/\" target=\"_blank\" rel=\"noopener\" title=\"BRYZA\" data-wpil-keyword-link=\"linked\" data-wpil-monitor-id=\"7169\">Breze Stiik<\/a> Regulowane vape'y Box Pro 5K mog\u0105 korzysta\u0107 z obni\u017conych cen hurtowych, szybkiej obs\u0142ugi klienta i szybkich us\u0142ug dostawy DDP na terenie Europy. Zapraszamy do dyskusji na temat kombinacji smak\u00f3w i regularnych aktualizacji, dzi\u0119ki czemu Twoi klienci stan\u0105 si\u0119 sta\u0142ymi klientami.<\/p>","protected":false},"excerpt":{"rendered":"<p>&nbsp;<\/p>","protected":false},"featured_media":15345,"comment_status":"open","ping_status":"closed","template":"","meta":[],"product_brand":[220],"product_cat":[124,189,184,194,147,174,175,193,191,173,186,180,190],"product_tag":[],"class_list":{"0":"post-15323","1":"product","2":"type-product","3":"status-publish","4":"has-post-thumbnail","6":"product_brand-breze-stiik","7":"product_cat-vape-by-brand","8":"product_cat-20mg-standard-nicotine-vapes","9":"product_cat-5000-8000-puffs","10":"product_cat-adjustable-airflow","11":"product_cat-breze-stiik","12":"product_cat-fruit-flavors","13":"product_cat-icy-mint","14":"product_cat-mesh-coil","15":"product_cat-rechargeable-disposables","16":"product_cat-vape-by-flavor-profile","17":"product_cat-vape-by-nicotine-strength","18":"product_cat-vape-by-puff-count","19":"product_cat-vape-by-feature-or-type","21":"first","22":"onbackorder","23":"shipping-taxable","24":"purchasable","25":"product-type-variable","26":"has-default-attributes"},"tiered_pricing_type":"percentage","tiered_pricing_fixed_rules":[],"tiered_pricing_product_settings":{"layout":"default","base_unit_name":{"singular":null,"plural":null},"default_variation":null},"tiered_pricing_minimum_quantity":10,"tiered_pricing_roles_data":[],"tiered_pricing_percentage_rules":{"30":"29","50":"35","100":"40","200":"44","500":"47","1000":"49"},"tiered_pricing_maximum_quantity":null,"tiered_pricing_quantity_step":"10","_links":{"self":[{"href":"https:\/\/agoravape.com\/pl\/wp-json\/wp\/v2\/product\/15323","targetHints":{"allow":["GET"]}}],"collection":[{"href":"https:\/\/agoravape.com\/pl\/wp-json\/wp\/v2\/product"}],"about":[{"href":"https:\/\/agoravape.com\/pl\/wp-json\/wp\/v2\/types\/product"}],"replies":[{"embeddable":true,"href":"https:\/\/agoravape.com\/pl\/wp-json\/wp\/v2\/comments?post=15323"}],"version-history":[{"count":1,"href":"https:\/\/agoravape.com\/pl\/wp-json\/wp\/v2\/product\/15323\/revisions"}],"predecessor-version":[{"id":29821,"href":"https:\/\/agoravape.com\/pl\/wp-json\/wp\/v2\/product\/15323\/revisions\/29821"}],"wp:featuredmedia":[{"embeddable":true,"href":"https:\/\/agoravape.com\/pl\/wp-json\/wp\/v2\/media\/15345"}],"wp:attachment":[{"href":"https:\/\/agoravape.com\/pl\/wp-json\/wp\/v2\/media?parent=15323"}],"wp:term":[{"taxonomy":"product_brand","embeddable":true,"href":"https:\/\/agoravape.com\/pl\/wp-json\/wp\/v2\/product_brand?post=15323"},{"taxonomy":"product_cat","embeddable":true,"href":"https:\/\/agoravape.com\/pl\/wp-json\/wp\/v2\/product_cat?post=15323"},{"taxonomy":"product_tag","embeddable":true,"href":"https:\/\/agoravape.com\/pl\/wp-json\/wp\/v2\/product_tag?post=15323"}],"curies":[{"name":"wp","href":"https:\/\/api.w.org\/{rel}","templated":true}]}}