{"id":15353,"date":"2025-10-16T12:44:02","date_gmt":"2025-10-16T04:44:02","guid":{"rendered":"https:\/\/green-grasshopper-921422.hostingersite.com\/?post_type=product&#038;p=15353"},"modified":"2026-01-19T22:03:59","modified_gmt":"2026-01-19T14:03:59","slug":"myde-ds-15-1500-puffs-vape","status":"publish","type":"product","link":"https:\/\/agoravape.com\/pl\/product\/myde-ds-15-1500-puffs-vape\/","title":{"rendered":"Myde DS-15 1500 zaci\u0105gni\u0119\u0107 kompaktowa grza\u0142ka siatkowa Vape | Przyjazny dla kieszeni smak, kt\u00f3ry nie ustaje"},"content":{"rendered":"<h2 data-v-md-heading=\"how-about-the-myde-ds-15-1500-close-fitting-mesh-coil-vape\" data-v-md-line=\"3\">Co powiesz na Myde DS-15 1500 z dopasowan\u0105 cewk\u0105 siatkow\u0105?<\/h2>\n<p data-v-md-line=\"4\">Je\u015bli potrzebujesz prostego i \u0142atwego w u\u017cyciu waporyzatora o doskona\u0142ym smaku i bez przeszk\u00f3d, Myde DS-15 jest idealnym wyborem. Jest kompaktowy i lekki, jest w stanie wyprodukowa\u0107 do 1500 zaci\u0105gni\u0119\u0107 dymem i zapewnia czyste i stabilne ssanie.<\/p>\n<p data-v-md-line=\"6\">Mo\u017ce si\u0119 wydawa\u0107, \u017ce tak du\u017ca pojemno\u015b\u0107 sprawia, \u017ce waporyzator jest niepor\u0119czny, ale ten waporyzator zachowuje smuk\u0142y wygl\u0105d, dzi\u0119ki czemu jest \u0142atwy do przenoszenia. G\u0142adka powierzchnia, bardzo wygodna do trzymania w d\u0142oni. Je\u015bli chcesz uzyska\u0107 stabilny smak bez konieczno\u015bci dostosowywania ustawie\u0144 lub wymiany wk\u0142ad\u00f3w, ten produkt jest idealnym wyborem.<\/p>\n<h2 data-v-md-heading=\"excellent-performance-easy-and-convenient\" data-v-md-line=\"8\">Doskona\u0142a wydajno\u015b\u0107, \u0142atwo\u015b\u0107 i wygoda<\/h2>\n<p data-v-md-line=\"9\">DS-15 wykorzystuje cewk\u0119 siatkow\u0105 1,2 \u03a9, kt\u00f3ra mo\u017ce r\u00f3wnomiernie rozprasza\u0107 ciep\u0142o, dzi\u0119ki czemu ka\u017cdy k\u0119s jest tak pyszny, jak pierwszy smak. Nie s\u0105 potrzebne \u017cadne przyciski. Wystarczy wzi\u0105\u0107 wdech, a urz\u0105dzenie si\u0119 uruchomi. Nie wymaga \u0142adowania, dzi\u0119ki czemu codzienne u\u017cytkowanie jest proste.<\/p>\n<h2 data-v-md-heading=\"specification-introduction\" data-v-md-line=\"11\">Wprowadzenie do specyfikacji<\/h2>\n<ul data-v-md-line=\"12\">\n<li>Cz\u0119stotliwo\u015b\u0107 ssania: do 1500 razy<\/li>\n<li>Nikotyna: do 20 miligram\u00f3w na mililitr, w zale\u017cno\u015bci od regulacji rynkowych.<\/li>\n<li>Zasada dzia\u0142ania: Aktywowany przez wdychanie<\/li>\n<li>Metoda \u0142adowania: Nie wymaga \u0142adowania<\/li>\n<li>Status: Gotowy do u\u017cycia po rozpakowaniu<\/li>\n<\/ul>\n<h2 data-v-md-heading=\"full-range-of-flavors\" data-v-md-line=\"18\">Pe\u0142na gama smak\u00f3w<\/h2>\n<ul data-v-md-line=\"19\">\n<li>Arbuzowy l\u00f3d<\/li>\n<li>Bor\u00f3wki i maliny<\/li>\n<li>Truskawka arbuz<\/li>\n<li>Truskawka i banan<\/li>\n<li>Wi\u015bnia<\/li>\n<li>Truskawkowy l\u00f3d<\/li>\n<li>Lody<\/li>\n<li>Mango Ice<\/li>\n<li>Mieszane jagody<\/li>\n<li>Winogrona truskawkowe<\/li>\n<li>Niebieskie lodowisko<\/li>\n<li>Truskawka kiwi<\/li>\n<li>Brzoskwinia i mango<\/li>\n<li>Lody brzoskwiniowe<\/li>\n<li>Jagodowa guma balonowa<\/li>\n<li>Woda jagodowo-cytrynowa<\/li>\n<li>Truskawkowy Red Bull<\/li>\n<li>Guma balonowa o smaku arbuza<\/li>\n<li>Arbuz malinowy<\/li>\n<li>Jagody, wi\u015bnie, \u017curawina<\/li>\n<li>Puff truskawkowy<\/li>\n<li>Dragon Fruit Ice<\/li>\n<li>L\u00f3d ananasowy<\/li>\n<li>Red Energy Ice<\/li>\n<li>Coca-Cola Ice<\/li>\n<li>Gruszka z lodem<\/li>\n<\/ul>\n<h2 data-v-md-heading=\"for-you-for-your-business\" data-v-md-line=\"46\">Dla Ciebie, dla Twojej firmy<\/h2>\n<p data-v-md-line=\"47\">Je\u015bli chcesz cieszy\u0107 si\u0119 waporyzacj\u0105 ka\u017cdego dnia, kup DS-15. Je\u015bli prowadzisz sklep fizyczny lub internetowy, mo\u017cemy pom\u00f3c Ci w zaopatrzeniu. Zapewniamy opakowania hurtowe i korzystamy z pe\u0142nego europejskiego transportu DDP, aby unikn\u0105\u0107 op\u00f3\u017anie\u0144 celnych lub dodatkowych op\u0142at. Wsp\u00f3\u0142pracujemy z zaufanymi partnerami, takimi jak UPS, DPD i DHL, aby zapewni\u0107 niezawodn\u0105 dostaw\u0119 i przejrzyste \u015bledzenie przesy\u0142ek.<\/p>\n<p data-v-md-line=\"49\">Je\u015bli potrzebujesz okre\u015blonych rozmiar\u00f3w opakowa\u0144 lub kombinacji smak\u00f3w, skontaktuj si\u0119 z naszym zespo\u0142em. Zajmiemy si\u0119 tym szybko.<\/p>\n<h2 data-v-md-heading=\"why-do-you-like-it\" data-v-md-line=\"51\">Dlaczego to lubisz?<\/h2>\n<ul data-v-md-line=\"52\">\n<li>Du\u017ca si\u0142a ssania: Wytrzyma\u0142y i trwa\u0142y, nie trzeba go wymienia\u0107 co kilka dni.<\/li>\n<li>Wyb\u00f3r nikotyny: Wybierz st\u0119\u017cenie, kt\u00f3re odpowiada Twojej metodzie inhalacji.<\/li>\n<li>Brak konieczno\u015bci \u0142adowania: natychmiastowe u\u017cycie, bez konieczno\u015bci pod\u0142\u0105czania przewod\u00f3w.<\/li>\n<li>Siatkowa cewka: Od pierwszego do ostatniego \u0142yka, smak pozostaje sp\u00f3jny i g\u0142adki.<\/li>\n<li>Kompaktowa konstrukcja: \u0142atwa do przenoszenia i dyskretna podczas wychodzenia z domu.<\/li>\n<\/ul>\n<h2 data-v-md-heading=\"why-collaborate-with-agoravape\" data-v-md-line=\"58\">Dlaczego warto wsp\u00f3\u0142pracowa\u0107 z AgoraVape?<\/h2>\n<p data-v-md-line=\"59\">Sprzedajemy tylko oryginalne produkty 100% i jeste\u015bmy odpowiedzialni za ich jako\u015b\u0107. Mo\u017cesz cieszy\u0107 si\u0119 wysoce konkurencyjnymi cenami hurtowymi, responsywnym wsparciem i szybk\u0105 dostaw\u0105 DDP, aby zapewni\u0107 p\u0142ynne i niezak\u0142\u00f3cone dzia\u0142anie. Przestrzegamy standard\u00f3w rynkowych UE, w tym ogranicze\u0144 TPD dotycz\u0105cych st\u0119\u017cenia nikotyny i pojemno\u015bci e-liquidu. Przeprowadzamy \u015bcis\u0142\u0105 weryfikacj\u0119 wieku wszystkich zam\u00f3wie\u0144. Je\u015bli pojawi\u0105 si\u0119 jakiekolwiek problemy, nasz uczciwy proces zwrotu i przyjazna obs\u0142uga klienta mog\u0105 pom\u00f3c w ich \u0142atwym rozwi\u0105zaniu.<\/p>\n<p data-v-md-line=\"61\">Czy chcesz wprowadzi\u0107 Myde DS-15 1500 compact mesh coil vape na swoje p\u00f3\u0142ki? Skontaktuj si\u0119 z nami, a pomo\u017cemy Ci stworzy\u0107 gam\u0119 smak\u00f3w, kt\u00f3re b\u0119d\u0105 mia\u0142y wysoki wska\u017anik utrzymania klient\u00f3w.<\/p>","protected":false},"excerpt":{"rendered":"<p>&nbsp;<\/p>","protected":false},"featured_media":15385,"comment_status":"open","ping_status":"closed","template":"","meta":[],"product_brand":[221],"product_cat":[124,182,176,177,174,175,193,148,173,186,180,190],"product_tag":[],"class_list":{"0":"post-15353","1":"product","2":"type-product","3":"status-publish","4":"has-post-thumbnail","6":"product_brand-myde","7":"product_cat-vape-by-brand","8":"product_cat-800-1500-puffs","9":"product_cat-beverage","10":"product_cat-dessert-sweets","11":"product_cat-fruit-flavors","12":"product_cat-icy-mint","13":"product_cat-mesh-coil","14":"product_cat-myde","15":"product_cat-vape-by-flavor-profile","16":"product_cat-vape-by-nicotine-strength","17":"product_cat-vape-by-puff-count","18":"product_cat-vape-by-feature-or-type","20":"first","21":"onbackorder","22":"shipping-taxable","23":"purchasable","24":"product-type-variable","25":"has-default-attributes"},"tiered_pricing_type":"percentage","tiered_pricing_fixed_rules":[],"tiered_pricing_product_settings":{"layout":"default","base_unit_name":{"singular":null,"plural":null},"default_variation":null},"tiered_pricing_minimum_quantity":10,"tiered_pricing_roles_data":[],"tiered_pricing_percentage_rules":{"100":"40","200":"44","500":"47","1000":"49"},"tiered_pricing_maximum_quantity":null,"tiered_pricing_quantity_step":"10","_links":{"self":[{"href":"https:\/\/agoravape.com\/pl\/wp-json\/wp\/v2\/product\/15353","targetHints":{"allow":["GET"]}}],"collection":[{"href":"https:\/\/agoravape.com\/pl\/wp-json\/wp\/v2\/product"}],"about":[{"href":"https:\/\/agoravape.com\/pl\/wp-json\/wp\/v2\/types\/product"}],"replies":[{"embeddable":true,"href":"https:\/\/agoravape.com\/pl\/wp-json\/wp\/v2\/comments?post=15353"}],"version-history":[{"count":0,"href":"https:\/\/agoravape.com\/pl\/wp-json\/wp\/v2\/product\/15353\/revisions"}],"wp:featuredmedia":[{"embeddable":true,"href":"https:\/\/agoravape.com\/pl\/wp-json\/wp\/v2\/media\/15385"}],"wp:attachment":[{"href":"https:\/\/agoravape.com\/pl\/wp-json\/wp\/v2\/media?parent=15353"}],"wp:term":[{"taxonomy":"product_brand","embeddable":true,"href":"https:\/\/agoravape.com\/pl\/wp-json\/wp\/v2\/product_brand?post=15353"},{"taxonomy":"product_cat","embeddable":true,"href":"https:\/\/agoravape.com\/pl\/wp-json\/wp\/v2\/product_cat?post=15353"},{"taxonomy":"product_tag","embeddable":true,"href":"https:\/\/agoravape.com\/pl\/wp-json\/wp\/v2\/product_tag?post=15353"}],"curies":[{"name":"wp","href":"https:\/\/api.w.org\/{rel}","templated":true}]}}