{"id":15417,"date":"2025-10-16T13:10:46","date_gmt":"2025-10-16T05:10:46","guid":{"rendered":"https:\/\/green-grasshopper-921422.hostingersite.com\/?post_type=product&#038;p=15417"},"modified":"2026-03-31T04:20:53","modified_gmt":"2026-03-31T02:20:53","slug":"myde-haven-18000-puffow-dual-mesh-vape","status":"publish","type":"product","link":"https:\/\/agoravape.com\/pl\/product\/myde-haven-18000-puffs-dual-mesh-vape\/","title":{"rendered":"Myde Haven 18000 zaci\u0105gni\u0119\u0107, podw\u00f3jna grza\u0142ka siatkowa, waporyzator | Du\u017ca liczba zaci\u0105gni\u0119\u0107, \u0142agodny smak"},"content":{"rendered":"<h2 data-v-md-heading=\"what-is-special-about-the-myrde-haven-18000-dual-mesh-coil-vape\" data-v-md-line=\"3\">Co wyr\u00f3\u017cnia vape Myrde Haven 18000 z podw\u00f3jn\u0105 cewk\u0105 siatkow\u0105?<\/h2>\n<p data-v-md-line=\"4\">Je\u015bli jeste\u015b zm\u0119czony jednorazowymi waporyzatorami, w kt\u00f3rych bateria wyczerpuje si\u0119 zbyt wcze\u015bnie, warto przyjrze\u0107 si\u0119 temu produktowi. MyDe Haven wykorzystuje podw\u00f3jne cewki siatkowe, kt\u00f3re mog\u0105 zapewni\u0107 pojemno\u015b\u0107 do 18000 k\u0119s\u00f3w, utrzymuj\u0105c stabilny smak od pierwszego do ostatniego k\u0119sa. Nie ma potrzeby wykonywania \u017cmudnych operacji, mo\u017cna osi\u0105gn\u0105\u0107 niezawodn\u0105 wydajno\u015b\u0107 dzie\u0144 po dniu.<\/p>\n<p data-v-md-line=\"6\">Jest odpowiedni dla ka\u017cdego u\u017cytkownika, kt\u00f3remu zale\u017cy na d\u0142ugiej \u017cywotno\u015bci, wygodnym u\u017cytkowaniu i braku potrzeby skomplikowanych ustawie\u0144. Mo\u017cna pomy\u015ble\u0107, \u017ce e-papieros z tak du\u017c\u0105 liczb\u0105 ust b\u0119dzie niepor\u0119czny, ale ten e-papieros jest bardzo przeno\u015bny. Obudowa jest wytrzyma\u0142a i lekka, dzi\u0119ki czemu z \u0142atwo\u015bci\u0105 zmie\u015bci si\u0119 w kurtce lub torbie.<\/p>\n<h2 data-v-md-heading=\"excellent-performance-worry-free\" data-v-md-line=\"8\">Doskona\u0142a wydajno\u015b\u0107, bez obaw<\/h2>\n<p data-v-md-line=\"9\">Podw\u00f3jna cewka siatkowa 1,1 \u03a9 ponosi du\u017c\u0105 odpowiedzialno\u015b\u0107. Nagrzewa si\u0119 r\u00f3wnomiernie, dzi\u0119ki czemu ka\u017cdy k\u0119s jest tak czysty jak pierwszy. Bogaty smak i trwa\u0142y rdze\u0144. Gdy bateria jest roz\u0142adowana, wystarczy j\u0105 na\u0142adowa\u0107, aby kontynuowa\u0107 u\u017cytkowanie. Prosty i wygodny. Mo\u017cesz u\u017cy\u0107 zakupionych 15 mililitr\u00f3w pe\u0142nego e-liquidu.<\/p>\n<h2 data-v-md-heading=\"specification-overview\" data-v-md-line=\"11\">Przegl\u0105d specyfikacji<\/h2>\n<ul data-v-md-line=\"12\">\n<li>Cz\u0119stotliwo\u015b\u0107 ssania: do 18000 razy<\/li>\n<li>Cewka: podw\u00f3jna siatka 1,1 \u03a9<\/li>\n<li>Pojemno\u015b\u0107 e-liquidu: 15 mililitr\u00f3w<\/li>\n<li>Bateria: akumulator o pojemno\u015bci 600 mAh<\/li>\n<li>Zasada dzia\u0142ania: Aktywacja poprzez wdech<\/li>\n<li>\u0141adowanie: Port \u0142adowania USB<\/li>\n<li>Rozmiar: 99,6 \u00d7 45 \u00d7 22,5 milimetra<\/li>\n<li>Waga: 72 gramy<\/li>\n<li>Status: Gotowy do u\u017cycia od razu po wyj\u0119ciu z pude\u0142ka<\/li>\n<li>Nikotyna: Opcje r\u00f3\u017cni\u0105 si\u0119 w zale\u017cno\u015bci od rynku. Skontaktuj si\u0119 z nami, aby potwierdzi\u0107 istniej\u0105ce zalety produktu w Twoim kraju\/regionie.<\/li>\n<\/ul>\n<h2 data-v-md-heading=\"full-flavor-series\" data-v-md-line=\"23\">Seria o pe\u0142nym smaku<\/h2>\n<ul data-v-md-line=\"24\">\n<li>Truskawkowy l\u00f3d<\/li>\n<li>Lody winogronowe<\/li>\n<li>Blackberry Dragon Fruit Ice<\/li>\n<li>Triple Berry Ice<\/li>\n<li>Lody truskawkowo-arbuzowe<\/li>\n<li>Niebieskie lodowisko<\/li>\n<li>Wi\u015bniowo-cytrynowy l\u00f3d<\/li>\n<li>Arbuzowy l\u00f3d<\/li>\n<li>L\u00f3d truskawkowo-malinowy<\/li>\n<li>Kiwi, marakuja, guawa, l\u00f3d<\/li>\n<li>L\u00f3d mentolowy<\/li>\n<li>L\u00f3d truskawkowo-\u017curawinowo-wi\u015bniowy<\/li>\n<li>Grape Berry Ice<\/li>\n<li>Brzoskwiniowy l\u00f3d arbuzowy<\/li>\n<li>L\u00f3d truskawkowy z kiwi<\/li>\n<li>Brzoskwinia, mango, arbuz, l\u00f3d<\/li>\n<li>L\u00f3d brzoskwiniowy, mango, ananasowy<\/li>\n<li>\u015awietny (smak tytoniu)<\/li>\n<li>Truskawkowo-arbuzowy l\u00f3d z gumy balonowej<\/li>\n<li>Mr. Blue Ice<\/li>\n<\/ul>\n<h2 data-v-md-heading=\"for-you-and-your-business\" data-v-md-line=\"45\">Dla Ciebie i Twojego biznesu<\/h2>\n<p data-v-md-line=\"46\">Mo\u017cesz wybra\u0107 produkty dla siebie lub zaopatrzy\u0107 sw\u00f3j sklep. Zapewniamy zapiecz\u0119towane opakowania detaliczne i du\u017ce pude\u0142ka do pakowania dla hurtownik\u00f3w. Liczba opakowa\u0144 r\u00f3\u017cni si\u0119 w zale\u017cno\u015bci od partii. Prosimy o kontakt w celu uzyskania aktualnych wymiar\u00f3w opakowa\u0144 i informacji o paletach.<\/p>\n<p data-v-md-line=\"48\">Wsp\u00f3\u0142pracujemy z zaufanymi partnerami, takimi jak UPS, DPD i DHL, aby \u015bwiadczy\u0107 us\u0142ugi dostawy DDP na terenie Unii Europejskiej. Wst\u0119pne przetwarzanie taryf w celu unikni\u0119cia nieoczekiwanych incydent\u00f3w celnych. Ca\u0142y proces mo\u017cna \u015bledzi\u0107 pod k\u0105tem dostawy. Bezpieczna metoda p\u0142atno\u015bci. Od kasy do dostawy do domu, ka\u017cdy proces jest skrupulatny.<\/p>\n<p data-v-md-line=\"50\">Uwaga dotycz\u0105ca zgodno\u015bci: Sytuacja w zakresie dostaw i st\u0119\u017cenie nikotyny mog\u0105 by\u0107 r\u00f3\u017cne w r\u00f3\u017cnych krajach\/regionach. Oferujemy modele zgodne z normami UE. Prosimy o kontakt z dostawcami na danym rynku.<\/p>\n<h2 data-v-md-heading=\"why-do-you-like-it\" data-v-md-line=\"52\">Dlaczego to lubisz?<\/h2>\n<ul data-v-md-line=\"53\">\n<li>Du\u017ca wydajno\u015b\u0107 ssania: trwa\u0142a i d\u0142ugowieczna, nie wymaga cz\u0119stych zakup\u00f3w<\/li>\n<li>Rdze\u0144 atomizera z podw\u00f3jn\u0105 siatk\u0105: Sta\u0142y smak, p\u0142ynne zasysanie za ka\u017cdym razem<\/li>\n<li>Akumulator: Pe\u0142ne wykorzystanie 15 mililitr\u00f3w pojemno\u015bci bez marnowania energii<\/li>\n<li>Przeno\u015bny i \u0142atwy do przenoszenia: du\u017ca pojemno\u015b\u0107, brak op\u00f3\u017anie\u0144<\/li>\n<li>\u0141atwy w u\u017cyciu: \u017badnych przycisk\u00f3w ani menu, tylko delikatne ssanie<\/li>\n<\/ul>\n<h2 data-v-md-heading=\"why-choose-to-collaborate-with-agoravape\" data-v-md-line=\"59\">Dlaczego warto zdecydowa\u0107 si\u0119 na wsp\u00f3\u0142prac\u0119 z AgoraVape?<\/h2>\n<p data-v-md-line=\"60\">Sprzedajemy wy\u0142\u0105cznie oryginalne produkty 100% pochodz\u0105ce z wiarygodnych \u017ar\u00f3de\u0142. Jako jeden z najbardziej zaufanych dystrybutor\u00f3w e-papieros\u00f3w w Europie oferujemy hurtowe ceny z rabatem, wysokiej jako\u015bci wsparcie techniczne oraz szybkie i niezawodne us\u0142ugi dostawcze na terenie UE. <a class=\"wpil_keyword_link\" href=\"https:\/\/agoravape.com\/pl\/vape-wedlug-marki\/mrvi\/\" target=\"_blank\" rel=\"noopener\" title=\"MALUTKI\" data-wpil-keyword-link=\"linked\" data-wpil-monitor-id=\"7168\">MyDe<\/a> E-papierosy Haven 18000 z podw\u00f3jn\u0105 cewk\u0105 siatkow\u0105. Chcesz je kupi\u0107? Skontaktuj si\u0119 z nami, a stworzymy produkt, kt\u00f3ry naprawd\u0119 przyci\u0105gnie Twoich klient\u00f3w.<\/p>","protected":false},"excerpt":{"rendered":"<p>&nbsp;<\/p>","protected":false},"featured_media":15462,"comment_status":"open","ping_status":"closed","template":"","meta":[],"product_brand":[221],"product_cat":[124,185,174,175,193,148,191,178,179,173,186,180,190],"product_tag":[],"class_list":{"0":"post-15417","1":"product","2":"type-product","3":"status-publish","4":"has-post-thumbnail","6":"product_brand-myde","7":"product_cat-vape-by-brand","8":"product_cat-10000-puffs-high-capacity","9":"product_cat-fruit-flavors","10":"product_cat-icy-mint","11":"product_cat-mesh-coil","12":"product_cat-myde","13":"product_cat-rechargeable-disposables","14":"product_cat-tobacco","15":"product_cat-unique-blends","16":"product_cat-vape-by-flavor-profile","17":"product_cat-vape-by-nicotine-strength","18":"product_cat-vape-by-puff-count","19":"product_cat-vape-by-feature-or-type","21":"first","22":"onbackorder","23":"shipping-taxable","24":"purchasable","25":"product-type-variable","26":"has-default-attributes"},"tiered_pricing_type":"percentage","tiered_pricing_fixed_rules":[],"tiered_pricing_product_settings":{"layout":"default","base_unit_name":{"singular":null,"plural":null},"default_variation":null},"tiered_pricing_minimum_quantity":10,"tiered_pricing_roles_data":[],"tiered_pricing_percentage_rules":{"100":"40","200":"44","500":"47","1000":"49"},"tiered_pricing_maximum_quantity":null,"tiered_pricing_quantity_step":"10","_links":{"self":[{"href":"https:\/\/agoravape.com\/pl\/wp-json\/wp\/v2\/product\/15417","targetHints":{"allow":["GET"]}}],"collection":[{"href":"https:\/\/agoravape.com\/pl\/wp-json\/wp\/v2\/product"}],"about":[{"href":"https:\/\/agoravape.com\/pl\/wp-json\/wp\/v2\/types\/product"}],"replies":[{"embeddable":true,"href":"https:\/\/agoravape.com\/pl\/wp-json\/wp\/v2\/comments?post=15417"}],"version-history":[{"count":1,"href":"https:\/\/agoravape.com\/pl\/wp-json\/wp\/v2\/product\/15417\/revisions"}],"predecessor-version":[{"id":29820,"href":"https:\/\/agoravape.com\/pl\/wp-json\/wp\/v2\/product\/15417\/revisions\/29820"}],"wp:featuredmedia":[{"embeddable":true,"href":"https:\/\/agoravape.com\/pl\/wp-json\/wp\/v2\/media\/15462"}],"wp:attachment":[{"href":"https:\/\/agoravape.com\/pl\/wp-json\/wp\/v2\/media?parent=15417"}],"wp:term":[{"taxonomy":"product_brand","embeddable":true,"href":"https:\/\/agoravape.com\/pl\/wp-json\/wp\/v2\/product_brand?post=15417"},{"taxonomy":"product_cat","embeddable":true,"href":"https:\/\/agoravape.com\/pl\/wp-json\/wp\/v2\/product_cat?post=15417"},{"taxonomy":"product_tag","embeddable":true,"href":"https:\/\/agoravape.com\/pl\/wp-json\/wp\/v2\/product_tag?post=15417"}],"curies":[{"name":"wp","href":"https:\/\/api.w.org\/{rel}","templated":true}]}}