{"id":15531,"date":"2025-10-16T16:14:35","date_gmt":"2025-10-16T08:14:35","guid":{"rendered":"https:\/\/green-grasshopper-921422.hostingersite.com\/?post_type=product&#038;p=15531"},"modified":"2026-01-19T22:03:39","modified_gmt":"2026-01-19T14:03:39","slug":"myde-crystal-bar-1500-puffow-vape","status":"publish","type":"product","link":"https:\/\/agoravape.com\/pl\/product\/myde-crystal-bar-1500-puffs-vape\/","title":{"rendered":"Myde Crystal Bar 1500 zaci\u0105gni\u0119\u0107 z grza\u0142k\u0105 mesh | Du\u017ca liczba zaci\u0105gni\u0119\u0107. Czysty smak siatki."},"content":{"rendered":"<h2 data-v-md-heading=\"what-is-special-about-the-myde-crystal-bar-1500-mouth-mesh-coil-vape\" data-v-md-line=\"3\">Co jest wyj\u0105tkowego w vape z cewk\u0105 siatkow\u0105 Myde Crystal Bar 1500?<\/h2>\n<p data-v-md-line=\"4\">Je\u015bli chcesz prostego waporyzatora o doskona\u0142ym smaku od pierwszego do ostatniego k\u0119sa, to ten produkt jest idealnym wyborem. Myde Crystal Bar ma konstrukcj\u0119 cewki siatkowej, co pozwala na \u0142atwe do\u015bwiadczanie bogatych smak\u00f3w bez \u017cadnych manipulacji.<\/p>\n<p data-v-md-line=\"6\">Jest odpowiedni dla ka\u017cdego, kto chce jednorazowego waporyzatora, kt\u00f3ry jest \u0142atwy i wygodny do przenoszenia. Mo\u017ce si\u0119 wydawa\u0107, \u017ce ten vape o tak du\u017cym kalibrze mo\u017ce wydawa\u0107 si\u0119 niepor\u0119czny, ale jest lekki i \u0142atwy do przenoszenia.<\/p>\n<p data-v-md-line=\"8\">Kr\u00f3tkie wyja\u015bnienie dotycz\u0105ce zgodno\u015bci. To urz\u0105dzenie mo\u017ce pomie\u015bci\u0107 2 mililitry e-liquidu i spe\u0142nia ograniczenia TPD wi\u0119kszo\u015bci rynk\u00f3w UE. Dane dotycz\u0105ce 1500 port\u00f3w pochodz\u0105 z test\u00f3w kontrolnych na kr\u00f3tkim dystansie. Rzeczywista liczba wdech\u00f3w b\u0119dzie si\u0119 r\u00f3\u017cni\u0107 w zale\u017cno\u015bci od intensywno\u015bci i czasu trwania inhalacji.<\/p>\n<h2 data-v-md-heading=\"excellent-performance-without-any-complex-operations\" data-v-md-line=\"10\">Doskona\u0142a wydajno\u015b\u0107 bez skomplikowanych operacji<\/h2>\n<p data-v-md-line=\"11\">Siatkowa cewka ponosi ca\u0142\u0105 odpowiedzialno\u015b\u0107. Mo\u017ce by\u0107 r\u00f3wnomiernie podgrzewana, aby zapewni\u0107 sp\u00f3jny smak i nie zniknie po jednym lub dw\u00f3ch dniach. Akumulator 500 mAh jest specjalnie dostosowany do cewki, aby zapewni\u0107 stabiln\u0105 moc wyj\u015bciow\u0105 podczas ca\u0142ego procesu olejowania. Wystarczy wzi\u0105\u0107 wdech, aby cieszy\u0107 si\u0119 doznaniami z waporyzacji. Przyciski i menu nie s\u0105 potrzebne.<\/p>\n<h2 data-v-md-heading=\"specification-overview\" data-v-md-line=\"13\">Przegl\u0105d specyfikacji<\/h2>\n<ul data-v-md-line=\"14\">\n<li>Cz\u0119stotliwo\u015b\u0107 ssania: do 1500 razy<\/li>\n<li>St\u0119\u017cenie nikotyny: Mog\u0105 wyst\u0119powa\u0107 r\u00f3\u017cnice na r\u00f3\u017cnych rynkach. Maksymalne dopuszczalne st\u0119\u017cenie w regionach TPD wynosi 20 miligram\u00f3w na mililitr. Prosimy o kontakt w celu potwierdzenia dost\u0119pnych opcji<\/li>\n<li>Zasada dzia\u0142ania: Aktywacja poprzez wdech<\/li>\n<li>\u0141adowanie: Obecnie niedost\u0119pne. Bateria jednorazowego u\u017cytku<\/li>\n<li>Status: Gotowy do u\u017cycia po rozpakowaniu<\/li>\n<\/ul>\n<h2 data-v-md-heading=\"full-range-of-flavors\" data-v-md-line=\"20\">Pe\u0142na gama smak\u00f3w<\/h2>\n<ul data-v-md-line=\"21\">\n<li>Cytryna i limonka<\/li>\n<li>Crazy Blue<\/li>\n<li>T\u0119czowe cukierki<\/li>\n<li>Jab\u0142ko brzoskwinia<\/li>\n<li>Woda jagodowo-cytrynowa<\/li>\n<li>Przecier truskawkowy<\/li>\n<li>Arbuzowy l\u00f3d<\/li>\n<li>Guma balonowa o smaku arbuza<\/li>\n<li>Cherry Soda<\/li>\n<li>Jagody<\/li>\n<\/ul>\n<h2 data-v-md-heading=\"for-you-and-for-your-business-as-well\" data-v-md-line=\"32\">Dla Ciebie i dla Twojej firmy<\/h2>\n<p data-v-md-line=\"33\">Zakup dla siebie, \u0142atwy i wygodny. Wybierz sw\u00f3j gust. Dodaj do koszyka. Zako\u0144czone. Je\u015bli prowadzisz sklep fizyczny lub internetowy, mo\u017cemy dostarczy\u0107 hurtowe pude\u0142ka kartonowe ze stabilnymi partiami. Ilo\u015b\u0107 karton\u00f3w mo\u017ce si\u0119 r\u00f3\u017cni\u0107 w zale\u017cno\u015bci od partii produkcyjnej. Prosimy o kontakt w celu uzyskania aktualnej ilo\u015bci i ceny.<\/p>\n<p data-v-md-line=\"35\">\u015awiadczymy us\u0142ugi Duty Paid Delivery (DDP) na terenie Europy za po\u015brednictwem UPS, DPD i DHL. Wst\u0119pne przetwarzanie taryf w celu unikni\u0119cia nieoczekiwanych potr\u0105ce\u0144 przez organy celne. Bezpieczna p\u0142atno\u015b\u0107. Kompletne faktury. Wyra\u017ane \u015bledzenie przesy\u0142ki od drzwi do drzwi.<\/p>\n<h2 data-v-md-heading=\"why-do-you-like-it\" data-v-md-line=\"37\">Dlaczego to lubisz?<\/h2>\n<ul data-v-md-line=\"38\">\n<li>Du\u017ca wydajno\u015b\u0107 ssania: zmniejsza liczb\u0119 wymian, dzi\u0119ki czemu dzie\u0144 staje si\u0119 p\u0142ynniejszy<\/li>\n<li>Siatkowa cewka: Bogata tekstura, d\u0142ugotrwa\u0142e ssanie<\/li>\n<li>Nie ma potrzeby \u0142adowania: Po u\u017cyciu nale\u017cy podda\u0107 recyklingowi zgodnie z lokalnymi wytycznymi<\/li>\n<li>Wygodne ssanie: Nie trzeba u\u017cywa\u0107 przycisk\u00f3w, wystarczy zassa\u0107<\/li>\n<li>Atomizer w rozmiarze TPD: wype\u0142nienie 2 ml spe\u0142nia przepisy UE dotycz\u0105ce pojemno\u015bci<\/li>\n<\/ul>\n<h2 data-v-md-heading=\"why-choose-to-collaborate-with-agoravape\" data-v-md-line=\"44\">Dlaczego warto zdecydowa\u0107 si\u0119 na wsp\u00f3\u0142prac\u0119 z AgoraVape?<\/h2>\n<p data-v-md-line=\"45\">Kupujemy wy\u0142\u0105cznie oryginalne produkty 100%. Ka\u017cdy produkt jest dostarczany w zapiecz\u0119towanym opakowaniu detalicznym i jest wyposa\u017cony w funkcj\u0119 \u015bledzenia partii, co pozwala bezpiecznie unikn\u0105\u0107 zakupu podrobionych produkt\u00f3w. Nasz zesp\u00f3\u0142 zapewnia sugestie dotycz\u0105ce dopasowania smaku, plany rotacji produkt\u00f3w i us\u0142ugi szybkiej wymiany w przypadku produkt\u00f3w DOA.<\/p>\n<p data-v-md-line=\"47\">Jako jeden z zaufanych dystrybutor\u00f3w vape w Europie, oferujemy obni\u017cone ceny hurtowe i szybkie us\u0142ugi dostawy DDP. Przeprowadzamy \u015bcis\u0142\u0105 weryfikacj\u0119 wieku w przypadku zam\u00f3wie\u0144 B2C, aby zapewni\u0107 zgodno\u015b\u0107 sprzeda\u017cy i chroni\u0107 Twoj\u0105 mark\u0119. Chcesz zweryfikowa\u0107 partie lub sprawdzi\u0107 stan zapas\u00f3w? Prze\u015blij nam kod produktu na kartonie. Natychmiast potwierdzimy.<\/p>","protected":false},"excerpt":{"rendered":"<p>&nbsp;<\/p>\n<p><script src=\"chrome-extension:\/\/fpelahbljekknahkcaegamhcndkfpfnc\/iFrame.js\" type=\"text\/javascript\"><\/script><\/p>\n<p><script src=\"chrome-extension:\/\/fpelahbljekknahkcaegamhcndkfpfnc\/iFrame.js\" type=\"text\/javascript\"><\/script><\/p>\n<p><script src=\"chrome-extension:\/\/fpelahbljekknahkcaegamhcndkfpfnc\/iFrame.js\" type=\"text\/javascript\"><\/script><\/p>\n<p><script src=\"chrome-extension:\/\/fpelahbljekknahkcaegamhcndkfpfnc\/iFrame.js\" type=\"text\/javascript\"><\/script><\/p>\n<p><script src=\"chrome-extension:\/\/fpelahbljekknahkcaegamhcndkfpfnc\/iFrame.js\" type=\"text\/javascript\"><\/script><\/p>\n<p><script src=\"chrome-extension:\/\/fpelahbljekknahkcaegamhcndkfpfnc\/iFrame.js\" type=\"text\/javascript\"><\/script><\/p>\n<p><script src=\"chrome-extension:\/\/fpelahbljekknahkcaegamhcndkfpfnc\/iFrame.js\" type=\"text\/javascript\"><\/script><\/p>\n<p><script src=\"chrome-extension:\/\/fpelahbljekknahkcaegamhcndkfpfnc\/iFrame.js\" type=\"text\/javascript\"><\/script><\/p>\n<p><script src=\"chrome-extension:\/\/fpelahbljekknahkcaegamhcndkfpfnc\/iFrame.js\" type=\"text\/javascript\"><\/script><\/p>\n<p><script src=\"chrome-extension:\/\/fpelahbljekknahkcaegamhcndkfpfnc\/iFrame.js\" type=\"text\/javascript\"><\/script><\/p>","protected":false},"featured_media":15561,"comment_status":"open","ping_status":"closed","template":"","meta":[],"product_brand":[221],"product_cat":[124,182,176,177,174,175,193,148,173,186,180,190],"product_tag":[],"class_list":{"0":"post-15531","1":"product","2":"type-product","3":"status-publish","4":"has-post-thumbnail","6":"product_brand-myde","7":"product_cat-vape-by-brand","8":"product_cat-800-1500-puffs","9":"product_cat-beverage","10":"product_cat-dessert-sweets","11":"product_cat-fruit-flavors","12":"product_cat-icy-mint","13":"product_cat-mesh-coil","14":"product_cat-myde","15":"product_cat-vape-by-flavor-profile","16":"product_cat-vape-by-nicotine-strength","17":"product_cat-vape-by-puff-count","18":"product_cat-vape-by-feature-or-type","20":"first","21":"onbackorder","22":"shipping-taxable","23":"purchasable","24":"product-type-variable","25":"has-default-attributes"},"tiered_pricing_type":"percentage","tiered_pricing_fixed_rules":[],"tiered_pricing_product_settings":{"layout":"default","base_unit_name":{"singular":null,"plural":null},"default_variation":null},"tiered_pricing_minimum_quantity":10,"tiered_pricing_roles_data":[],"tiered_pricing_percentage_rules":{"100":"40","200":"44","500":"47","1000":"49"},"tiered_pricing_maximum_quantity":null,"tiered_pricing_quantity_step":"10","_links":{"self":[{"href":"https:\/\/agoravape.com\/pl\/wp-json\/wp\/v2\/product\/15531","targetHints":{"allow":["GET"]}}],"collection":[{"href":"https:\/\/agoravape.com\/pl\/wp-json\/wp\/v2\/product"}],"about":[{"href":"https:\/\/agoravape.com\/pl\/wp-json\/wp\/v2\/types\/product"}],"replies":[{"embeddable":true,"href":"https:\/\/agoravape.com\/pl\/wp-json\/wp\/v2\/comments?post=15531"}],"version-history":[{"count":0,"href":"https:\/\/agoravape.com\/pl\/wp-json\/wp\/v2\/product\/15531\/revisions"}],"wp:featuredmedia":[{"embeddable":true,"href":"https:\/\/agoravape.com\/pl\/wp-json\/wp\/v2\/media\/15561"}],"wp:attachment":[{"href":"https:\/\/agoravape.com\/pl\/wp-json\/wp\/v2\/media?parent=15531"}],"wp:term":[{"taxonomy":"product_brand","embeddable":true,"href":"https:\/\/agoravape.com\/pl\/wp-json\/wp\/v2\/product_brand?post=15531"},{"taxonomy":"product_cat","embeddable":true,"href":"https:\/\/agoravape.com\/pl\/wp-json\/wp\/v2\/product_cat?post=15531"},{"taxonomy":"product_tag","embeddable":true,"href":"https:\/\/agoravape.com\/pl\/wp-json\/wp\/v2\/product_tag?post=15531"}],"curies":[{"name":"wp","href":"https:\/\/api.w.org\/{rel}","templated":true}]}}