{"id":15758,"date":"2025-10-16T21:40:51","date_gmt":"2025-10-16T13:40:51","guid":{"rendered":"https:\/\/green-grasshopper-921422.hostingersite.com\/?post_type=product&#038;p=15758"},"modified":"2026-03-26T13:22:37","modified_gmt":"2026-03-26T12:22:37","slug":"jnr-falcon-x-18000-puffow-vape","status":"publish","type":"product","link":"https:\/\/agoravape.com\/pl\/product\/jnr-falcon-x-18000-puffs-vape\/","title":{"rendered":"JNR Falcon-X 18K Puffs Vape z cyfrowym wy\u015bwietlaczem | D\u0142ugotrwa\u0142y smak i inteligentny ekran"},"content":{"rendered":"<h2 data-v-md-heading=\"how-about-jnr-falcon-x-18k-suction-digital-vape\" data-v-md-line=\"3\"><img loading=\"lazy\" decoding=\"async\" class=\"aligncenter size-full wp-image-15836\" src=\"https:\/\/agoravape.com\/wp-content\/uploads\/2025\/10\/JNR-Falcon-X-18K-Puffs-Digital-Display-Vape-Online_Agora_vape-14.webp\" alt=\"\" width=\"2048\" height=\"1152\" srcset=\"https:\/\/agoravape.com\/wp-content\/uploads\/2025\/10\/JNR-Falcon-X-18K-Puffs-Digital-Display-Vape-Online_Agora_vape-14.webp 2048w, https:\/\/agoravape.com\/wp-content\/uploads\/2025\/10\/JNR-Falcon-X-18K-Puffs-Digital-Display-Vape-Online_Agora_vape-14-1200x675.webp 1200w, https:\/\/agoravape.com\/wp-content\/uploads\/2025\/10\/JNR-Falcon-X-18K-Puffs-Digital-Display-Vape-Online_Agora_vape-14-300x169.webp 300w, https:\/\/agoravape.com\/wp-content\/uploads\/2025\/10\/JNR-Falcon-X-18K-Puffs-Digital-Display-Vape-Online_Agora_vape-14-1024x576.webp 1024w, https:\/\/agoravape.com\/wp-content\/uploads\/2025\/10\/JNR-Falcon-X-18K-Puffs-Digital-Display-Vape-Online_Agora_vape-14-768x432.webp 768w, https:\/\/agoravape.com\/wp-content\/uploads\/2025\/10\/JNR-Falcon-X-18K-Puffs-Digital-Display-Vape-Online_Agora_vape-14-1536x864.webp 1536w\" sizes=\"auto, (max-width: 2048px) 100vw, 2048px\" \/><\/h2>\n<h2 data-v-md-heading=\"how-about-jnr-falcon-x-18k-suction-digital-vape\" data-v-md-line=\"3\">Co powiesz na JNR Falcon-X 18K ss\u0105cy vape cyfrowy?<\/h2>\n<p data-v-md-line=\"4\">Je\u015bli jeste\u015b zm\u0119czony jednorazowymi waporyzatorami, kt\u00f3re szybko zu\u017cywaj\u0105 energi\u0119 lub pozostawiaj\u0105 ci\u0119 w niepewno\u015bci co do pozosta\u0142ej \u017cywotno\u015bci baterii, to warto przyjrze\u0107 si\u0119 temu produktowi. JNR Falcon-X zosta\u0142 zaprojektowany z my\u015bl\u0105 o \u0142atwym i wygodnym d\u0142ugotrwa\u0142ym u\u017cytkowaniu, z czytelnym wy\u015bwietlaczem cyfrowym, kt\u00f3ry na bie\u017c\u0105co informuje o najnowszych osi\u0105gni\u0119ciach.<\/p>\n<p data-v-md-line=\"6\">Jest odpowiedni dla ka\u017cdego, kto chce \u0142atwo cieszy\u0107 si\u0119 du\u017cymi k\u0119sami. Mo\u017cesz uzyska\u0107 wydajno\u015b\u0107 ssania do 18000 zaci\u0105gni\u0119\u0107, dostosowa\u0107 obj\u0119to\u015b\u0107 wlotow\u0105, aby precyzyjnie dostroi\u0107 ssanie, i mie\u0107 wygodny interfejs \u0142adowania typu C, co u\u0142atwia doko\u0144czenie ka\u017cdej kropli e-cieczy.<\/p>\n<h2 data-v-md-heading=\"excellent-performance-easy-and-convenient\" data-v-md-line=\"8\">Doskona\u0142a wydajno\u015b\u0107, \u0142atwo\u015b\u0107 i wygoda<\/h2>\n<p data-v-md-line=\"9\">Falcon-X wykorzystuje podw\u00f3jn\u0105 cewk\u0119 siatkow\u0105 i konstrukcj\u0119 z podw\u00f3jnym rdzeniem, co pozwala zachowa\u0107 g\u0142adki i sp\u00f3jny smak od pierwszego do ostatniego k\u0119sa. Mo\u017cna pomy\u015ble\u0107, \u017ce tak du\u017ce urz\u0105dzenie mo\u017ce wydawa\u0107 si\u0119 nudne, gdy jest ju\u017c prawie zu\u017cyte, ale technologia rdzenia atomizacji utrzymuje je w ruchu. Gdy bateria si\u0119 wyczerpie, mo\u017cesz u\u017cy\u0107 kabla do transmisji danych typu C, kt\u00f3ry mo\u017cesz ju\u017c mie\u0107, aby go na\u0142adowa\u0107. Prosty, cyfrowy ekran wy\u015bwietlacza pozwala \u0142atwo zrozumie\u0107 aktualny stan na pierwszy rzut oka.<\/p>\n<h2 data-v-md-heading=\"specification-overview\" data-v-md-line=\"11\">Przegl\u0105d specyfikacji<\/h2>\n<ul data-v-md-line=\"12\">\n<li>Liczba port\u00f3w: do 18000 port\u00f3w<\/li>\n<li>Nikotyna: 0%, 2% lub 5% opcjonalnie<\/li>\n<li>Zasada dzia\u0142ania: Brak konieczno\u015bci konfiguracji<\/li>\n<li>\u0141adowanie: Standardowy interfejs USB typu C<\/li>\n<li>Status: Gotowy do u\u017cycia od razu po wyj\u0119ciu z pude\u0142ka<\/li>\n<\/ul>\n<h2 data-v-md-heading=\"full-range-of-flavors\" data-v-md-line=\"18\">Pe\u0142na gama smak\u00f3w<\/h2>\n<ul data-v-md-line=\"19\">\n<li>Koktajl jagodowy<\/li>\n<li>Truskawka kiwi<\/li>\n<li>Koktajl arbuzowy<\/li>\n<li>Koktajl brzoskwiniowy<\/li>\n<li>Wi\u0119cej smak\u00f3w do wyboru<\/li>\n<\/ul>\n<h2 data-v-md-heading=\"for-you-and-for-your-business\" data-v-md-line=\"25\">Dla Ciebie i Twojej firmy<\/h2>\n<p data-v-md-line=\"26\">Kupuj dla siebie szybko i \u0142atwo. Je\u015bli prowadzisz sklep fizyczny lub internetowy, mo\u017cesz kupi\u0107 JNR Falcon-X na du\u017c\u0105 skal\u0119 po bardzo konkurencyjnych cenach hurtowych. Ilo\u015b\u0107 opakowa\u0144 i minimalna ilo\u015b\u0107 zam\u00f3wienia r\u00f3\u017cni\u0105 si\u0119 w zale\u017cno\u015bci od partii. Prosimy o kontakt w celu uzyskania informacji o aktualnej wielko\u015bci opakowania i stanie magazynowym.<\/p>\n<p data-v-md-line=\"28\">Zapewniamy niezawodne, op\u0142acone podatkiem opcje DDP dla r\u00f3\u017cnych lokalizacji w Europie za po\u015brednictwem UPS, DPD i DHL, kt\u00f3re mog\u0105 transportowa\u0107 towary do wielu miejsc docelowych bez \u017cadnych nieoczekiwanych incydent\u00f3w celnych. Zgodno\u015b\u0107 i sytuacja w zakresie dostaw zale\u017c\u0105 od lokalnych przepis\u00f3w, dlatego pomo\u017cemy Ci zrozumie\u0107 dopuszczalny zakres w Twoim kraju\/regionie.<\/p>\n<h2 data-v-md-heading=\"why-do-you-like-it\" data-v-md-line=\"30\">Dlaczego to lubisz?<\/h2>\n<ul data-v-md-line=\"31\">\n<li>Ogromne ssanie: Wydajno\u015b\u0107 do 18 tys. oznacza mniejsz\u0105 liczb\u0119 wymian i wy\u017csz\u0105 warto\u015b\u0107.<\/li>\n<li>Wyb\u00f3r zawarto\u015bci nikotyny: Wybierz 0%, 2% lub 5% w zale\u017cno\u015bci od preferencji.<\/li>\n<li>Mo\u017cliwo\u015b\u0107 wielokrotnego \u0142adowania: Wykorzystaj wszystkie 24 mililitry e-cieczy bez marnowania.<\/li>\n<li>Siatkowa cewka: Dwuwarstwowa cewka siatkowa utrzymuje sp\u00f3jny i satysfakcjonuj\u0105cy smak.<\/li>\n<li>Cyfrowy ekran wy\u015bwietlacza: Podgl\u0105d statusu na pierwszy rzut oka, eliminuj\u0105cy potrzeb\u0119 zgadywania.<\/li>\n<li>Regulowany przep\u0142yw powietrza: lu\u017aniejsze lub mocniejsze zasysanie dopasowane do Twojego stylu.<\/li>\n<\/ul>\n<h2 data-v-md-heading=\"why-choose-to-collaborate-with-agoravape\" data-v-md-line=\"38\">Dlaczego warto zdecydowa\u0107 si\u0119 na wsp\u00f3\u0142prac\u0119 z AgoraVape?<\/h2>\n<p data-v-md-line=\"39\">Sprzedajemy tylko oryginalne produkty 100%, a \u017ar\u00f3d\u0142o towar\u00f3w mo\u017cna zweryfikowa\u0107. JNR Falcon-X 18K Puffs digital vape, b\u0119dziesz cieszy\u0107 si\u0119 uczciwymi cenami hurtowymi, profesjonalnym wsparciem technicznym oraz szybkimi i identyfikowalnymi us\u0142ugami dostawy. Bezpieczna metoda p\u0142atno\u015bci zapewnia p\u0142ynny i bezpieczny proces p\u0142atno\u015bci. Skontaktuj si\u0119 z naszym zespo\u0142em, aby zapyta\u0107 o stany magazynowe, dost\u0119pno\u015b\u0107 smak\u00f3w i rabaty hurtowe, aby zapewni\u0107 klientom naprawd\u0119 warty odkupienia sprz\u0119t.<\/p>","protected":false},"excerpt":{"rendered":"<p>&nbsp;<\/p>\n<p><script src=\"chrome-extension:\/\/fpelahbljekknahkcaegamhcndkfpfnc\/iFrame.js\" type=\"text\/javascript\"><\/script><\/p>\n<p><script src=\"chrome-extension:\/\/fpelahbljekknahkcaegamhcndkfpfnc\/iFrame.js\" type=\"text\/javascript\"><\/script><\/p>\n<p><script src=\"chrome-extension:\/\/fpelahbljekknahkcaegamhcndkfpfnc\/iFrame.js\" type=\"text\/javascript\"><\/script><\/p>\n<p><script src=\"chrome-extension:\/\/fpelahbljekknahkcaegamhcndkfpfnc\/iFrame.js\" type=\"text\/javascript\"><\/script><\/p>\n<p><script src=\"chrome-extension:\/\/fpelahbljekknahkcaegamhcndkfpfnc\/iFrame.js\" type=\"text\/javascript\"><\/script><\/p>\n<p><script src=\"chrome-extension:\/\/fpelahbljekknahkcaegamhcndkfpfnc\/iFrame.js\" type=\"text\/javascript\"><\/script><\/p>\n<p><script src=\"chrome-extension:\/\/fpelahbljekknahkcaegamhcndkfpfnc\/iFrame.js\" type=\"text\/javascript\"><\/script><\/p>\n<p><script src=\"chrome-extension:\/\/fpelahbljekknahkcaegamhcndkfpfnc\/iFrame.js\" type=\"text\/javascript\"><\/script><\/p>\n<p><script src=\"chrome-extension:\/\/fpelahbljekknahkcaegamhcndkfpfnc\/iFrame.js\" type=\"text\/javascript\"><\/script><\/p>\n<p><script src=\"chrome-extension:\/\/fpelahbljekknahkcaegamhcndkfpfnc\/iFrame.js\" type=\"text\/javascript\"><\/script><\/p>\n<p><script src=\"chrome-extension:\/\/fpelahbljekknahkcaegamhcndkfpfnc\/iFrame.js\" type=\"text\/javascript\"><\/script><\/p>","protected":false},"featured_media":15848,"comment_status":"open","ping_status":"closed","template":"","meta":[],"product_brand":[225],"product_cat":[124,187,185,189,194,176,177,1674,174,175,152,193,191,179,173,186,180,190,192],"product_tag":[],"class_list":{"0":"post-15758","1":"product","2":"type-product","3":"status-publish","4":"has-post-thumbnail","6":"product_brand-jnr","7":"product_cat-vape-by-brand","8":"product_cat-0mg-nicotine-free-vapes","9":"product_cat-10000-puffs-high-capacity","10":"product_cat-20mg-standard-nicotine-vapes","11":"product_cat-adjustable-airflow","12":"product_cat-beverage","13":"product_cat-dessert-sweets","14":"product_cat-eu-warehouse","15":"product_cat-fruit-flavors","16":"product_cat-icy-mint","17":"product_cat-jnr","18":"product_cat-mesh-coil","19":"product_cat-rechargeable-disposables","20":"product_cat-unique-blends","21":"product_cat-vape-by-flavor-profile","22":"product_cat-vape-by-nicotine-strength","23":"product_cat-vape-by-puff-count","24":"product_cat-vape-by-feature-or-type","25":"product_cat-vapes-with-screens","27":"first","28":"instock","29":"shipping-taxable","30":"purchasable","31":"product-type-variable","32":"has-default-attributes"},"tiered_pricing_type":"percentage","tiered_pricing_fixed_rules":[],"tiered_pricing_product_settings":{"layout":"default","base_unit_name":{"singular":null,"plural":null},"default_variation":null},"tiered_pricing_minimum_quantity":10,"tiered_pricing_roles_data":[],"tiered_pricing_percentage_rules":{"50":"35","100":"40","200":"44","500":"47","1000":"49"},"tiered_pricing_maximum_quantity":null,"tiered_pricing_quantity_step":"10","_links":{"self":[{"href":"https:\/\/agoravape.com\/pl\/wp-json\/wp\/v2\/product\/15758","targetHints":{"allow":["GET"]}}],"collection":[{"href":"https:\/\/agoravape.com\/pl\/wp-json\/wp\/v2\/product"}],"about":[{"href":"https:\/\/agoravape.com\/pl\/wp-json\/wp\/v2\/types\/product"}],"replies":[{"embeddable":true,"href":"https:\/\/agoravape.com\/pl\/wp-json\/wp\/v2\/comments?post=15758"}],"version-history":[{"count":0,"href":"https:\/\/agoravape.com\/pl\/wp-json\/wp\/v2\/product\/15758\/revisions"}],"wp:featuredmedia":[{"embeddable":true,"href":"https:\/\/agoravape.com\/pl\/wp-json\/wp\/v2\/media\/15848"}],"wp:attachment":[{"href":"https:\/\/agoravape.com\/pl\/wp-json\/wp\/v2\/media?parent=15758"}],"wp:term":[{"taxonomy":"product_brand","embeddable":true,"href":"https:\/\/agoravape.com\/pl\/wp-json\/wp\/v2\/product_brand?post=15758"},{"taxonomy":"product_cat","embeddable":true,"href":"https:\/\/agoravape.com\/pl\/wp-json\/wp\/v2\/product_cat?post=15758"},{"taxonomy":"product_tag","embeddable":true,"href":"https:\/\/agoravape.com\/pl\/wp-json\/wp\/v2\/product_tag?post=15758"}],"curies":[{"name":"wp","href":"https:\/\/api.w.org\/{rel}","templated":true}]}}