{"id":15903,"date":"2025-10-16T22:10:04","date_gmt":"2025-10-16T14:10:04","guid":{"rendered":"https:\/\/green-grasshopper-921422.hostingersite.com\/?post_type=product&#038;p=15903"},"modified":"2026-03-26T13:22:37","modified_gmt":"2026-03-26T12:22:37","slug":"jnr-media-max-40000-puffow-smart-vape","status":"publish","type":"product","link":"https:\/\/agoravape.com\/pl\/product\/jnr-media-max-40000-puffs-smart-vape\/","title":{"rendered":"JNR Media Max 40K Puffs Vape z wy\u015bwietlaczem HD i mo\u017cliwo\u015bci\u0105 po\u0142\u0105cze\u0144 | Du\u017ca pojemno\u015b\u0107 i inteligentna wygoda"},"content":{"rendered":"<h2 data-v-md-heading=\"what-are-the-highlights-of-jnr-media-max-40k-vape-with-high-definition-display-and-call-function\" data-v-md-line=\"3\"><img loading=\"lazy\" decoding=\"async\" class=\"aligncenter size-full wp-image-15965\" src=\"https:\/\/agoravape.com\/wp-content\/uploads\/2025\/10\/JNR-Media-Max-40K-Puffs-Vape-with-HD-Display-Calls_Agora_vape-12.webp\" alt=\"\" width=\"1920\" height=\"1080\" srcset=\"https:\/\/agoravape.com\/wp-content\/uploads\/2025\/10\/JNR-Media-Max-40K-Puffs-Vape-with-HD-Display-Calls_Agora_vape-12.webp 1920w, https:\/\/agoravape.com\/wp-content\/uploads\/2025\/10\/JNR-Media-Max-40K-Puffs-Vape-with-HD-Display-Calls_Agora_vape-12-1200x675.webp 1200w, https:\/\/agoravape.com\/wp-content\/uploads\/2025\/10\/JNR-Media-Max-40K-Puffs-Vape-with-HD-Display-Calls_Agora_vape-12-300x169.webp 300w, https:\/\/agoravape.com\/wp-content\/uploads\/2025\/10\/JNR-Media-Max-40K-Puffs-Vape-with-HD-Display-Calls_Agora_vape-12-1024x576.webp 1024w, https:\/\/agoravape.com\/wp-content\/uploads\/2025\/10\/JNR-Media-Max-40K-Puffs-Vape-with-HD-Display-Calls_Agora_vape-12-768x432.webp 768w, https:\/\/agoravape.com\/wp-content\/uploads\/2025\/10\/JNR-Media-Max-40K-Puffs-Vape-with-HD-Display-Calls_Agora_vape-12-1536x864.webp 1536w\" sizes=\"auto, (max-width: 1920px) 100vw, 1920px\" \/><\/h2>\n<h2 data-v-md-heading=\"what-are-the-highlights-of-jnr-media-max-40k-vape-with-high-definition-display-and-call-function\" data-v-md-line=\"3\">Co wyr\u00f3\u017cnia vape JNR Media Max 40K z wy\u015bwietlaczem o wysokiej rozdzielczo\u015bci i funkcj\u0105 dzwonienia?<\/h2>\n<p data-v-md-line=\"4\">Je\u015bli jeste\u015b zm\u0119czony wymian\u0105 jednorazowych vape'\u00f3w co kilka dni, ten produkt jest zdecydowanie warty uwagi. JNR Media Max jest wyposa\u017cony w 2,4-calowy ekran o wysokiej rozdzielczo\u015bci, pojemno\u015b\u0107 do 40000 port\u00f3w i inteligentne funkcje, takie jak dzwonienie, wysy\u0142anie wiadomo\u015bci tekstowych, zdalne sterowanie kamer\u0105 i wyszukiwanie telefon\u00f3w kom\u00f3rkowych \/ vape. Zosta\u0142 zaprojektowany z my\u015bl\u0105 o u\u017cytkownikach vape, kt\u00f3rzy ceni\u0105 sobie trwa\u0142o\u015b\u0107, prostot\u0119 i praktyczno\u015b\u0107.<\/p>\n<p data-v-md-line=\"6\">Mo\u017ce ci si\u0119 wydawa\u0107, \u017ce ekran wy\u015bwietlacza i funkcja po\u0142\u0105cze\u0144 w waporyzatorach brzmi\u0105 jak sztuczki, ale w rzeczywisto\u015bci u\u0142atwiaj\u0105 \u017cycie. W czytelny spos\u00f3b mo\u017cna uzyska\u0107 informacje o urz\u0105dzeniu i szybko uzyska\u0107 dost\u0119p do r\u00f3\u017cnych funkcji bez konieczno\u015bci szukania telefonu w ka\u017cdym miejscu. W po\u0142\u0105czeniu z bogatym smakiem i du\u017c\u0105 pojemno\u015bci\u0105 e-liquidu, masz \u0142atwy w u\u017cyciu vape.<\/p>\n<h2 data-v-md-heading=\"excellent-performance-easy-and-convenient\" data-v-md-line=\"8\">Doskona\u0142a wydajno\u015b\u0107, \u0142atwo\u015b\u0107 i wygoda<\/h2>\n<p data-v-md-line=\"9\">Rdze\u0144 atomizera z podw\u00f3jn\u0105 siateczk\u0105 pozwala \u0142atwo kontrolowa\u0107 ka\u017cdy k\u0119s, zapewniaj\u0105c jedwabi\u015bcie g\u0142adki smak jak przy pierwszym zaci\u0105gni\u0119ciu. Regulowany przep\u0142yw powietrza pozwala \u0142atwo kontrolowa\u0107 mocniejszy lub bardziej przejrzysty smak. Gdy bateria jest roz\u0142adowana, mo\u017cna j\u0105 na\u0142adowa\u0107 przez USB i kontynuowa\u0107 u\u017cytkowanie. \u0141atwo\u015b\u0107 i wygoda.<\/p>\n<h2 data-v-md-heading=\"specification-overview\" data-v-md-line=\"11\">Przegl\u0105d specyfikacji<\/h2>\n<ul data-v-md-line=\"12\">\n<li>Cz\u0119stotliwo\u015b\u0107 ssania: do 40000 razy<\/li>\n<li>Zawarto\u015b\u0107 nikotyny: 5%<\/li>\n<li>Zasada dzia\u0142ania: aktywacja ssania<\/li>\n<li>Metoda \u0142adowania: Interfejs \u0142adowania USB<\/li>\n<li>Status: Gotowy do u\u017cycia od razu po wyj\u0119ciu z pude\u0142ka<\/li>\n<li>Pojemno\u015b\u0107 e-liquidu: 21 mililitr\u00f3w<\/li>\n<li>Bateria: 1000 mAh<\/li>\n<li>Dodatkowe funkcje: 2,4-calowy ekran wy\u015bwietlacza o wysokiej rozdzielczo\u015bci, po\u0142\u0105czenie, SMS, zdalna kamera, wyszukiwanie telefon\u00f3w kom\u00f3rkowych\/vapes, regulowany przep\u0142yw powietrza, podw\u00f3jny rdze\u0144 atomizera siatkowego<\/li>\n<\/ul>\n<p data-v-md-line=\"21\">Wyja\u015bnienie dotycz\u0105ce cz\u0119stotliwo\u015bci zasysania: 40000 razy to maksymalna warto\u015b\u0107 w kontrolowanych warunkach. Rzeczywisty efekt u\u017cytkowania mo\u017ce si\u0119 r\u00f3\u017cni\u0107 w zale\u017cno\u015bci od ustawienia przep\u0142ywu powietrza i czasu trwania zasysania.<\/p>\n<h2 data-v-md-heading=\"full-range-of-flavors\" data-v-md-line=\"23\">Pe\u0142na gama smak\u00f3w<\/h2>\n<ul data-v-md-line=\"24\">\n<li>Koktajl jagodowy<\/li>\n<li>Koktajl truskawkowy<\/li>\n<li>Koktajl arbuzowy<\/li>\n<li>Koktajl mi\u0119towy Miami<\/li>\n<li>Koktajl z kwa\u015bnych jab\u0142ek<\/li>\n<li>Jagodowy koktajl arbuzowy<\/li>\n<li>Niesamowity koktajl<\/li>\n<li>Koktajl wi\u015bniowo-truskawkowo-malinowy<\/li>\n<li>Koktajl arbuzowy Taomang<\/li>\n<li>Koktajl truskawkowo-bananowy<\/li>\n<\/ul>\n<p><img loading=\"lazy\" decoding=\"async\" class=\"aligncenter size-full wp-image-15956\" src=\"https:\/\/agoravape.com\/wp-content\/uploads\/2025\/10\/JNR-Media-Max-40K-Puffs-Vape-with-HD-Display-Calls_Agora_vape-3.webp\" alt=\"\" width=\"1000\" height=\"1000\" srcset=\"https:\/\/agoravape.com\/wp-content\/uploads\/2025\/10\/JNR-Media-Max-40K-Puffs-Vape-with-HD-Display-Calls_Agora_vape-3.webp 1000w, https:\/\/agoravape.com\/wp-content\/uploads\/2025\/10\/JNR-Media-Max-40K-Puffs-Vape-with-HD-Display-Calls_Agora_vape-3-600x600.webp 600w, https:\/\/agoravape.com\/wp-content\/uploads\/2025\/10\/JNR-Media-Max-40K-Puffs-Vape-with-HD-Display-Calls_Agora_vape-3-300x300.webp 300w, https:\/\/agoravape.com\/wp-content\/uploads\/2025\/10\/JNR-Media-Max-40K-Puffs-Vape-with-HD-Display-Calls_Agora_vape-3-150x150.webp 150w, https:\/\/agoravape.com\/wp-content\/uploads\/2025\/10\/JNR-Media-Max-40K-Puffs-Vape-with-HD-Display-Calls_Agora_vape-3-768x768.webp 768w\" sizes=\"auto, (max-width: 1000px) 100vw, 1000px\" \/><\/p>\n<h2 data-v-md-heading=\"for-you-and-for-your-business-as-well\" data-v-md-line=\"35\">Dla Ciebie i dla Twojej firmy<\/h2>\n<p data-v-md-line=\"36\">Mo\u017cesz wybra\u0107 JNR Media Max do u\u017cytku osobistego lub doda\u0107 go do swojego sklepu. Oferujemy opakowania hurtowe, aby u\u0142atwi\u0107 sk\u0142adanie zam\u00f3wie\u0144 hurtowych. Skontaktuj si\u0119 z naszym zespo\u0142em, aby zapyta\u0107 o ilo\u015b\u0107 opakowa\u0144, cen\u0119 i aktualn\u0105 sytuacj\u0119 poda\u017cow\u0105 na r\u00f3\u017cnych rynkach.<\/p>\n<p data-v-md-line=\"38\">Wysy\u0142amy za po\u015brednictwem zaufanych partner\u00f3w, takich jak UPS, DPD i DHL na zasadzie Duty Paid Delivery (DDP) w ca\u0142ej Europie, zapewniaj\u0105c przewidywalny czas dostawy i unikaj\u0105c wypadk\u00f3w celnych. Przepisy r\u00f3\u017cni\u0105 si\u0119 w zale\u017cno\u015bci od kraju, wi\u0119c urz\u0105dzenia o wysokiej zawarto\u015bci nikotyny do inhalacji i 5% mog\u0105 podlega\u0107 ograniczeniom. Przedstawimy zalecenia dotycz\u0105ce opcji zgodno\u015bci w zale\u017cno\u015bci od regionu.<\/p>\n<h2 data-v-md-heading=\"why-do-you-like-it\" data-v-md-line=\"40\">Dlaczego to lubisz?<\/h2>\n<ul data-v-md-line=\"41\">\n<li>Du\u017ca pojemno\u015b\u0107: Wytrzyma\u0142y i d\u0142ugotrwa\u0142y, bez konieczno\u015bci cz\u0119stej wymiany vap\u00f3w.<\/li>\n<li>Inteligentny ekran o wysokiej rozdzielczo\u015bci: Wyra\u017ane informacje na ekranie i wygodne narz\u0119dzia do dzwonienia i wysy\u0142ania wiadomo\u015bci tekstowych.<\/li>\n<li>Wiele opcji ssania: Regulowana obj\u0119to\u015b\u0107 zasysania umo\u017cliwia dostosowanie ssania do gustu.<\/li>\n<li>Akumulator: Dzi\u0119ki pojemno\u015bci 21 mililitr\u00f3w mo\u017cna go u\u017cywa\u0107 bez marnowania e-liquidu.<\/li>\n<li>Siatkowa cewka: Od pierwszego do ostatniego \u0142yku smak pozostaje niezmienny.<\/li>\n<\/ul>\n<h2 data-v-md-heading=\"why-choose-to-collaborate-with-agoravape\" data-v-md-line=\"47\">Dlaczego warto zdecydowa\u0107 si\u0119 na wsp\u00f3\u0142prac\u0119 z AgoraVape?<\/h2>\n<p data-v-md-line=\"48\">Sprzedajemy tylko oryginalne produkty 100% i gwarantujemy jako\u015b\u0107 wysy\u0142anych przez nas produkt\u00f3w. Je\u015bli jeste\u015b klientem korporacyjnym, JNR Media Max 40K vape o du\u017cej pojemno\u015bci (wyposa\u017cony w wy\u015bwietlacz o wysokiej rozdzielczo\u015bci i funkcj\u0119 po\u0142\u0105cze\u0144) zapewni Ci bardzo konkurencyjne ceny hurtowe, szybk\u0105 pomoc techniczn\u0105 i szybkie us\u0142ugi dostawy DDP. Skontaktuj si\u0119 z nami, a my przygotujemy dla Twoich klient\u00f3w bogate w funkcje urz\u0105dzenie o du\u017cej pojemno\u015bci, kt\u00f3re z pewno\u015bci\u0105 przypadnie Ci do gustu.<\/p>","protected":false},"excerpt":{"rendered":"<p>&nbsp;<\/p>\n<p><script src=\"chrome-extension:\/\/fpelahbljekknahkcaegamhcndkfpfnc\/iFrame.js\" type=\"text\/javascript\"><\/script><\/p>\n<p><script src=\"chrome-extension:\/\/fpelahbljekknahkcaegamhcndkfpfnc\/iFrame.js\" type=\"text\/javascript\"><\/script><\/p>\n<p><script src=\"chrome-extension:\/\/fpelahbljekknahkcaegamhcndkfpfnc\/iFrame.js\" type=\"text\/javascript\"><\/script><\/p>\n<p><script src=\"chrome-extension:\/\/fpelahbljekknahkcaegamhcndkfpfnc\/iFrame.js\" type=\"text\/javascript\"><\/script><\/p>\n<p><script src=\"chrome-extension:\/\/fpelahbljekknahkcaegamhcndkfpfnc\/iFrame.js\" type=\"text\/javascript\"><\/script><\/p>\n<p><script src=\"chrome-extension:\/\/fpelahbljekknahkcaegamhcndkfpfnc\/iFrame.js\" type=\"text\/javascript\"><\/script><\/p>\n<p><script src=\"chrome-extension:\/\/fpelahbljekknahkcaegamhcndkfpfnc\/iFrame.js\" type=\"text\/javascript\"><\/script><\/p>\n<p><script src=\"chrome-extension:\/\/fpelahbljekknahkcaegamhcndkfpfnc\/iFrame.js\" type=\"text\/javascript\"><\/script><\/p>\n<p><script src=\"chrome-extension:\/\/fpelahbljekknahkcaegamhcndkfpfnc\/iFrame.js\" type=\"text\/javascript\"><\/script><\/p>\n<p><script src=\"chrome-extension:\/\/fpelahbljekknahkcaegamhcndkfpfnc\/iFrame.js\" type=\"text\/javascript\"><\/script><\/p>\n<p><script src=\"chrome-extension:\/\/fpelahbljekknahkcaegamhcndkfpfnc\/iFrame.js\" type=\"text\/javascript\"><\/script><\/p>","protected":false},"featured_media":15964,"comment_status":"open","ping_status":"closed","template":"","meta":[],"product_brand":[225],"product_cat":[124,185,189,1639,194,176,177,174,175,152,193,191,179,173,186,180,190,192],"product_tag":[],"class_list":{"0":"post-15903","1":"product","2":"type-product","3":"status-publish","4":"has-post-thumbnail","6":"product_brand-jnr","7":"product_cat-vape-by-brand","8":"product_cat-10000-puffs-high-capacity","9":"product_cat-20mg-standard-nicotine-vapes","10":"product_cat-40000-puffs","11":"product_cat-adjustable-airflow","12":"product_cat-beverage","13":"product_cat-dessert-sweets","14":"product_cat-fruit-flavors","15":"product_cat-icy-mint","16":"product_cat-jnr","17":"product_cat-mesh-coil","18":"product_cat-rechargeable-disposables","19":"product_cat-unique-blends","20":"product_cat-vape-by-flavor-profile","21":"product_cat-vape-by-nicotine-strength","22":"product_cat-vape-by-puff-count","23":"product_cat-vape-by-feature-or-type","24":"product_cat-vapes-with-screens","26":"first","27":"onbackorder","28":"shipping-taxable","29":"purchasable","30":"product-type-variable","31":"has-default-attributes"},"tiered_pricing_type":"percentage","tiered_pricing_fixed_rules":[],"tiered_pricing_product_settings":{"layout":"default","base_unit_name":{"singular":null,"plural":null},"default_variation":null},"tiered_pricing_minimum_quantity":10,"tiered_pricing_roles_data":[],"tiered_pricing_percentage_rules":{"50":"35","100":"40","200":"44","500":"47","1000":"49"},"tiered_pricing_maximum_quantity":null,"tiered_pricing_quantity_step":"10","_links":{"self":[{"href":"https:\/\/agoravape.com\/pl\/wp-json\/wp\/v2\/product\/15903","targetHints":{"allow":["GET"]}}],"collection":[{"href":"https:\/\/agoravape.com\/pl\/wp-json\/wp\/v2\/product"}],"about":[{"href":"https:\/\/agoravape.com\/pl\/wp-json\/wp\/v2\/types\/product"}],"replies":[{"embeddable":true,"href":"https:\/\/agoravape.com\/pl\/wp-json\/wp\/v2\/comments?post=15903"}],"version-history":[{"count":0,"href":"https:\/\/agoravape.com\/pl\/wp-json\/wp\/v2\/product\/15903\/revisions"}],"wp:featuredmedia":[{"embeddable":true,"href":"https:\/\/agoravape.com\/pl\/wp-json\/wp\/v2\/media\/15964"}],"wp:attachment":[{"href":"https:\/\/agoravape.com\/pl\/wp-json\/wp\/v2\/media?parent=15903"}],"wp:term":[{"taxonomy":"product_brand","embeddable":true,"href":"https:\/\/agoravape.com\/pl\/wp-json\/wp\/v2\/product_brand?post=15903"},{"taxonomy":"product_cat","embeddable":true,"href":"https:\/\/agoravape.com\/pl\/wp-json\/wp\/v2\/product_cat?post=15903"},{"taxonomy":"product_tag","embeddable":true,"href":"https:\/\/agoravape.com\/pl\/wp-json\/wp\/v2\/product_tag?post=15903"}],"curies":[{"name":"wp","href":"https:\/\/api.w.org\/{rel}","templated":true}]}}