{"id":16352,"date":"2025-10-17T15:00:02","date_gmt":"2025-10-17T07:00:02","guid":{"rendered":"https:\/\/green-grasshopper-921422.hostingersite.com\/?post_type=product&#038;p=16352"},"modified":"2026-01-19T22:03:03","modified_gmt":"2026-01-19T14:03:03","slug":"vozol-vista-20000-puffow-vape","status":"publish","type":"product","link":"https:\/\/agoravape.com\/pl\/product\/vozol-vista-20000-puffs-vape\/","title":{"rendered":"Vozol Vista 20000 Puffs Power Adjustable Vape | Du\u017ca liczba zaci\u0105gni\u0119\u0107 z mo\u017cliwo\u015bci\u0105 dostosowania mocy"},"content":{"rendered":"<h2 data-v-md-heading=\"what-is-special-about-the-vozol-vista-20000-port-adjustable-power-vape\" data-v-md-line=\"3\">Czym wyr\u00f3\u017cnia si\u0119 Vozol Vista 20000 z regulowanym portem zasilania?<\/h2>\n<p data-v-md-line=\"4\">Je\u015bli jeste\u015b zm\u0119czony u\u017cywaniem jednorazowych waporyzator\u00f3w w po\u0142owie dnia pracy, warto przyjrze\u0107 si\u0119 temu produktowi. Vozol Vista 20000 charakteryzuje si\u0119 bardzo d\u0142ug\u0105 \u017cywotno\u015bci\u0105 baterii wynosz\u0105c\u0105 do 20000 port\u00f3w i jest wyposa\u017cony w prost\u0105 funkcj\u0119 regulacji mocy, kt\u00f3ra pozwala dostosowa\u0107 poziom dymu do nastroju.<\/p>\n<p data-v-md-line=\"6\">Je\u015bli zale\u017cy Ci na niezawodnej, smacznej i bezproblemowej waporyzacji, to ten produkt jest idealnym wyborem. Przejrzysty ekran wy\u015bwietla ustawienia i poziom na\u0142adowania baterii, umo\u017cliwiaj\u0105c \u015bledzenie stanu przez ca\u0142y czas. Jest \u0142atwy w obs\u0142udze, sp\u00f3jny i ma znacz\u0105ce efekty.<\/p>\n<h2 data-v-md-heading=\"excellent-performance-without-any-complexity\" data-v-md-line=\"8\">Doskona\u0142a wydajno\u015b\u0107 bez z\u0142o\u017cono\u015bci<\/h2>\n<p data-v-md-line=\"9\">Podw\u00f3jne zwoje siatki zapewniaj\u0105 g\u0142adki i bogaty smak od pierwszego do ostatniego \u0142yku. W \u015brodku nie b\u0119dzie czu\u0107 zapachu spalenizny. Mo\u017cesz wybra\u0107 jeden z sze\u015bciu poziom\u00f3w mocy na ekranie LED, co oznacza, \u017ce mo\u017cesz wybra\u0107 ch\u0142odniejsze napoje lub bogatsze chmury zgodnie z w\u0142asnymi preferencjami. Gdy bateria jest roz\u0142adowana, mo\u017cna j\u0105 na\u0142adowa\u0107 za pomoc\u0105 powszechnie u\u017cywanego interfejsu Type-C w telefonie. To proste.<\/p>\n<h2 data-v-md-heading=\"specification-overview\" data-v-md-line=\"11\">Przegl\u0105d specyfikacji<\/h2>\n<p data-v-md-line=\"12\"><strong>Liczba przyssawek<\/strong>do 20000 zasysa\u0144<br \/>\n<strong>Zawarto\u015b\u0107 nikotyny<\/strong>: 5% (50 miligram\u00f3w\/mililitr)<br \/>\n<strong>Zasada dzia\u0142ania<\/strong>: Prosty i \u0142atwy do przyswojenia<br \/>\n<strong>\u0141adowanie<\/strong>: Standardowy interfejs USB typu C<br \/>\n<strong>Rdze\u0144 rozpylaj\u0105cy<\/strong>: Rdze\u0144 rozpylaj\u0105cy z podw\u00f3jn\u0105 siatk\u0105, sp\u00f3jny smak<br \/>\n<strong>Ekran wy\u015bwietlacza<\/strong>: Cyfrowy wy\u015bwietlacz LED, 6-stopniowa regulacja mocy<br \/>\n<strong>Dodatkowe funkcje<\/strong>: Wygodny otw\u00f3r na lin\u0119 do zawieszania<br \/>\n<strong>Status<\/strong>: Gotowy do u\u017cycia po rozpakowaniu<\/p>\n<h2 data-v-md-heading=\"full-range-of-flavors\" data-v-md-line=\"21\">Pe\u0142na gama smak\u00f3w<\/h2>\n<ul data-v-md-line=\"22\">\n<li>Cherry Cola<\/li>\n<li>Brzoskwiniowy l\u00f3d<\/li>\n<li>Kwa\u015bne lody jab\u0142kowe<\/li>\n<li>Mi\u0119ta Miami<\/li>\n<li>Lody winogronowe<\/li>\n<li>Arbuzowy l\u00f3d<\/li>\n<li>Niebieskie lodowisko<\/li>\n<li>Brzoskwinia, mango, arbuz<\/li>\n<li>Truskawka Mango<\/li>\n<li>Arbuz malinowy<\/li>\n<li>VZBULL<\/li>\n<li>Guma balonowa o smaku arbuza<\/li>\n<li>Mieszane jagody<\/li>\n<li>Cytryna i limonka<\/li>\n<li>Smak truskawkowy, malinowy, wi\u015bniowy<\/li>\n<li>Smak Mango Ice<\/li>\n<li>Smak bananowo-wi\u015bniowy smoczy owoc<\/li>\n<li>Aromat grejpfrutowy z kwiatu czarnego bzu<\/li>\n<li>Zapach p\u0142omieni lawy<\/li>\n<\/ul>\n<p><img loading=\"lazy\" decoding=\"async\" class=\"aligncenter size-full wp-image-16400\" src=\"https:\/\/agoravape.com\/wp-content\/uploads\/2025\/10\/Vozol-Vista-20000-Puffs-Power-Adjustable-Vape_Agora_vape-13.webp\" alt=\"\" width=\"2002\" height=\"2560\" srcset=\"https:\/\/agoravape.com\/wp-content\/uploads\/2025\/10\/Vozol-Vista-20000-Puffs-Power-Adjustable-Vape_Agora_vape-13.webp 2002w, https:\/\/agoravape.com\/wp-content\/uploads\/2025\/10\/Vozol-Vista-20000-Puffs-Power-Adjustable-Vape_Agora_vape-13-1200x1534.webp 1200w, https:\/\/agoravape.com\/wp-content\/uploads\/2025\/10\/Vozol-Vista-20000-Puffs-Power-Adjustable-Vape_Agora_vape-13-235x300.webp 235w, https:\/\/agoravape.com\/wp-content\/uploads\/2025\/10\/Vozol-Vista-20000-Puffs-Power-Adjustable-Vape_Agora_vape-13-801x1024.webp 801w, https:\/\/agoravape.com\/wp-content\/uploads\/2025\/10\/Vozol-Vista-20000-Puffs-Power-Adjustable-Vape_Agora_vape-13-768x982.webp 768w, https:\/\/agoravape.com\/wp-content\/uploads\/2025\/10\/Vozol-Vista-20000-Puffs-Power-Adjustable-Vape_Agora_vape-13-1201x1536.webp 1201w, https:\/\/agoravape.com\/wp-content\/uploads\/2025\/10\/Vozol-Vista-20000-Puffs-Power-Adjustable-Vape_Agora_vape-13-1602x2048.webp 1602w\" sizes=\"auto, (max-width: 2002px) 100vw, 2002px\" \/><\/p>\n<h2 data-v-md-heading=\"for-you-and-for-your-business-as-well\" data-v-md-line=\"42\">Dla Ciebie i dla Twojej firmy<\/h2>\n<p data-v-md-line=\"43\">Mo\u017cesz wybra\u0107 Vozol Vista 20000 samodzielnie lub doda\u0107 go do swojego sklepu. \u015awiadczymy us\u0142ugi hurtowe na terenie Unii Europejskiej, korzystaj\u0105c z op\u0142aconego podatkowo transportu DDP, aby zapewni\u0107 sprawn\u0105 odpraw\u0119 celn\u0105 zam\u00f3wienia bez \u017cadnych nieoczekiwanych incydent\u00f3w celnych. Wsp\u00f3\u0142pracujemy z zaufanymi partnerami, takimi jak UPS DPD i DHL, aby zapewni\u0107 niezawodne us\u0142ugi \u015bledzenia.<\/p>\n<p data-v-md-line=\"45\">Je\u015bli potrzebujesz hurtowych ilo\u015bci opakowa\u0144 lub kombinacji smak\u00f3w, skontaktuj si\u0119 z nami. Spe\u0142nimy Twoje potrzeby i zapewnimy, \u017ce Twoje p\u00f3\u0142ki pozostan\u0105 niezak\u0142\u00f3cone.<\/p>\n<h2 data-v-md-heading=\"why-do-you-like-it\" data-v-md-line=\"47\">Dlaczego to lubisz?<\/h2>\n<p data-v-md-line=\"48\"><strong>Masowe palenie<\/strong>d\u0142u\u017cszy czas palenia, brak konieczno\u015bci cz\u0119stego kupowania nowych papieros\u00f3w.<br \/>\n<strong>Regulowana intensywno\u015b\u0107<\/strong>: W zale\u017cno\u015bci od potrzeb mo\u017cna wybra\u0107 delikatniejsze lub mocniejsze ssanie.<br \/>\n<strong>Akumulator, wygodny w u\u017cyciu<\/strong>: Wszystkie e-liquidy, za kt\u00f3re p\u0142acisz, mog\u0105 by\u0107 u\u017cywane.<br \/>\n<strong>Cewki z podw\u00f3jn\u0105 siatk\u0105<\/strong>mo\u017ce zapewni\u0107 sp\u00f3jny i bogaty smak za ka\u017cdym razem.<br \/>\n<strong>Wyczy\u015b\u0107 ekran<\/strong>: Poziom na\u0142adowania i czas pracy baterii s\u0105 widoczne na pierwszy rzut oka.<br \/>\n<strong>\u0141adowanie typu C<\/strong>: U\u017cyj istniej\u0105cego kabla do transmisji danych.<\/p>\n<h2 data-v-md-heading=\"why-choose-agoravape\" data-v-md-line=\"55\">Dlaczego warto wybra\u0107 AgoraVape?<\/h2>\n<p data-v-md-line=\"56\">Jeste\u015bmy jednym z najbardziej zaufanych dystrybutor\u00f3w vape w Europie. Sprzedajemy wy\u0142\u0105cznie oryginalne produkty 100% certyfikowane przez producent\u00f3w, wspierane przez bezpieczne metody p\u0142atno\u015bci i profesjonaln\u0105 obs\u0142ug\u0119 klienta. Dla klient\u00f3w komercyjnych oznacza to obni\u017cone ceny hurtowe, du\u017ce zapasy, szybk\u0105 dostaw\u0119 i odpowiedzialny proces weryfikacji wieku. Skontaktuj si\u0119 z nami natychmiast, aby zam\u00f3wi\u0107 Vozol Vista 20000 port adjustable power vape, zapewniaj\u0105c swoim klientom urz\u0105dzenie, do kt\u00f3rego warto wraca\u0107.<\/p>","protected":false},"excerpt":{"rendered":"<p>&nbsp;<\/p>\n<p><script src=\"chrome-extension:\/\/fpelahbljekknahkcaegamhcndkfpfnc\/iFrame.js\" type=\"text\/javascript\"><\/script><\/p>\n<p><script src=\"chrome-extension:\/\/fpelahbljekknahkcaegamhcndkfpfnc\/iFrame.js\" type=\"text\/javascript\"><\/script><\/p>\n<p><script src=\"chrome-extension:\/\/fpelahbljekknahkcaegamhcndkfpfnc\/iFrame.js\" type=\"text\/javascript\"><\/script><\/p>\n<p><script src=\"chrome-extension:\/\/fpelahbljekknahkcaegamhcndkfpfnc\/iFrame.js\" type=\"text\/javascript\"><\/script><\/p>\n<p><script src=\"chrome-extension:\/\/fpelahbljekknahkcaegamhcndkfpfnc\/iFrame.js\" type=\"text\/javascript\"><\/script><\/p>\n<p><script src=\"chrome-extension:\/\/fpelahbljekknahkcaegamhcndkfpfnc\/iFrame.js\" type=\"text\/javascript\"><\/script><\/p>\n<p><script src=\"chrome-extension:\/\/fpelahbljekknahkcaegamhcndkfpfnc\/iFrame.js\" type=\"text\/javascript\"><\/script><\/p>\n<p><script src=\"chrome-extension:\/\/fpelahbljekknahkcaegamhcndkfpfnc\/iFrame.js\" type=\"text\/javascript\"><\/script><\/p>\n<p><script src=\"chrome-extension:\/\/fpelahbljekknahkcaegamhcndkfpfnc\/iFrame.js\" type=\"text\/javascript\"><\/script><\/p>\n<p><script src=\"chrome-extension:\/\/fpelahbljekknahkcaegamhcndkfpfnc\/iFrame.js\" type=\"text\/javascript\"><\/script><\/p>\n<p><script src=\"chrome-extension:\/\/fpelahbljekknahkcaegamhcndkfpfnc\/iFrame.js\" type=\"text\/javascript\"><\/script><\/p>\n<p><script src=\"chrome-extension:\/\/fpelahbljekknahkcaegamhcndkfpfnc\/iFrame.js\" type=\"text\/javascript\"><\/script><\/p>","protected":false},"featured_media":16401,"comment_status":"open","ping_status":"closed","template":"","meta":[],"product_brand":[226],"product_cat":[124,185,1636,189,174,175,193,191,173,186,180,190,192,153],"product_tag":[],"class_list":{"0":"post-16352","1":"product","2":"type-product","3":"status-publish","4":"has-post-thumbnail","6":"product_brand-vozol","7":"product_cat-vape-by-brand","8":"product_cat-10000-puffs-high-capacity","9":"product_cat-20000-puffs","10":"product_cat-20mg-standard-nicotine-vapes","11":"product_cat-fruit-flavors","12":"product_cat-icy-mint","13":"product_cat-mesh-coil","14":"product_cat-rechargeable-disposables","15":"product_cat-vape-by-flavor-profile","16":"product_cat-vape-by-nicotine-strength","17":"product_cat-vape-by-puff-count","18":"product_cat-vape-by-feature-or-type","19":"product_cat-vapes-with-screens","20":"product_cat-vozol","22":"first","23":"onbackorder","24":"shipping-taxable","25":"purchasable","26":"product-type-variable","27":"has-default-attributes"},"tiered_pricing_type":"percentage","tiered_pricing_fixed_rules":[],"tiered_pricing_product_settings":{"layout":"default","base_unit_name":{"singular":null,"plural":null},"default_variation":null},"tiered_pricing_minimum_quantity":10,"tiered_pricing_roles_data":[],"tiered_pricing_percentage_rules":{"30":"29","50":"35","100":"40","200":"44","500":"47","1000":"49"},"tiered_pricing_maximum_quantity":null,"tiered_pricing_quantity_step":"10","_links":{"self":[{"href":"https:\/\/agoravape.com\/pl\/wp-json\/wp\/v2\/product\/16352","targetHints":{"allow":["GET"]}}],"collection":[{"href":"https:\/\/agoravape.com\/pl\/wp-json\/wp\/v2\/product"}],"about":[{"href":"https:\/\/agoravape.com\/pl\/wp-json\/wp\/v2\/types\/product"}],"replies":[{"embeddable":true,"href":"https:\/\/agoravape.com\/pl\/wp-json\/wp\/v2\/comments?post=16352"}],"version-history":[{"count":0,"href":"https:\/\/agoravape.com\/pl\/wp-json\/wp\/v2\/product\/16352\/revisions"}],"wp:featuredmedia":[{"embeddable":true,"href":"https:\/\/agoravape.com\/pl\/wp-json\/wp\/v2\/media\/16401"}],"wp:attachment":[{"href":"https:\/\/agoravape.com\/pl\/wp-json\/wp\/v2\/media?parent=16352"}],"wp:term":[{"taxonomy":"product_brand","embeddable":true,"href":"https:\/\/agoravape.com\/pl\/wp-json\/wp\/v2\/product_brand?post=16352"},{"taxonomy":"product_cat","embeddable":true,"href":"https:\/\/agoravape.com\/pl\/wp-json\/wp\/v2\/product_cat?post=16352"},{"taxonomy":"product_tag","embeddable":true,"href":"https:\/\/agoravape.com\/pl\/wp-json\/wp\/v2\/product_tag?post=16352"}],"curies":[{"name":"wp","href":"https:\/\/api.w.org\/{rel}","templated":true}]}}