{"id":16423,"date":"2025-10-17T15:10:49","date_gmt":"2025-10-17T07:10:49","guid":{"rendered":"https:\/\/green-grasshopper-921422.hostingersite.com\/?post_type=product&#038;p=16423"},"modified":"2026-01-19T22:02:57","modified_gmt":"2026-01-19T14:02:57","slug":"vozol-gear-power-20k-puffs-vape","status":"publish","type":"product","link":"https:\/\/agoravape.com\/pl\/product\/vozol-gear-power-20k-puffs-vape\/","title":{"rendered":"Vozol Gear Power 20k Puffs Tryb ECO\/POWER Vape | Du\u017ce zaci\u0105gni\u0119cia, prosta obs\u0142uga"},"content":{"rendered":"<h2 data-v-md-heading=\"what-is-special-about-the-vozol-gear-power-20000-pack-eco-power-mode-vape\" data-v-md-line=\"3\"><img loading=\"lazy\" decoding=\"async\" class=\"aligncenter size-full wp-image-16460\" src=\"https:\/\/agoravape.com\/wp-content\/uploads\/2025\/10\/Vozol-Gear-Power-20k-Puffs-ECOPOWER-Mode-Vape_Agora_vape-17-scaled.webp\" alt=\"\" width=\"2560\" height=\"1440\" srcset=\"https:\/\/agoravape.com\/wp-content\/uploads\/2025\/10\/Vozol-Gear-Power-20k-Puffs-ECOPOWER-Mode-Vape_Agora_vape-17-scaled.webp 2560w, https:\/\/agoravape.com\/wp-content\/uploads\/2025\/10\/Vozol-Gear-Power-20k-Puffs-ECOPOWER-Mode-Vape_Agora_vape-17-scaled-1200x675.webp 1200w, https:\/\/agoravape.com\/wp-content\/uploads\/2025\/10\/Vozol-Gear-Power-20k-Puffs-ECOPOWER-Mode-Vape_Agora_vape-17-300x169.webp 300w, https:\/\/agoravape.com\/wp-content\/uploads\/2025\/10\/Vozol-Gear-Power-20k-Puffs-ECOPOWER-Mode-Vape_Agora_vape-17-1024x576.webp 1024w, https:\/\/agoravape.com\/wp-content\/uploads\/2025\/10\/Vozol-Gear-Power-20k-Puffs-ECOPOWER-Mode-Vape_Agora_vape-17-768x432.webp 768w, https:\/\/agoravape.com\/wp-content\/uploads\/2025\/10\/Vozol-Gear-Power-20k-Puffs-ECOPOWER-Mode-Vape_Agora_vape-17-1536x864.webp 1536w, https:\/\/agoravape.com\/wp-content\/uploads\/2025\/10\/Vozol-Gear-Power-20k-Puffs-ECOPOWER-Mode-Vape_Agora_vape-17-2048x1152.webp 2048w\" sizes=\"auto, (max-width: 2560px) 100vw, 2560px\" \/><\/h2>\n<h2 data-v-md-heading=\"what-is-special-about-the-vozol-gear-power-20000-pack-eco-power-mode-vape\" data-v-md-line=\"3\">Co jest wyj\u0105tkowego w Vozol Gear Power 20000 pack ECO\/POWER mode vape?<\/h2>\n<p data-v-md-line=\"4\">Je\u015bli jeste\u015b zm\u0119czony wymian\u0105 jednorazowych waporyzator\u00f3w co kilka dni, ten produkt u\u0142atwi ci \u017cycie. Vozol Gear Power oferuje pojemno\u015b\u0107 do 20000 port\u00f3w i jest wyposa\u017cony w dwa proste tryby, mi\u0119dzy kt\u00f3rymi mo\u017cna prze\u0142\u0105cza\u0107 si\u0119 w zale\u017cno\u015bci od dnia. Tryb ECO pozwala cieszy\u0107 si\u0119 p\u0142ynnym paleniem przez ca\u0142y dzie\u0144. Tryb POWER pozwala cieszy\u0107 si\u0119 mocniejszym dymem w dowolnym miejscu i czasie.<\/p>\n<p data-v-md-line=\"6\">Jest odpowiedni dla ka\u017cdego, kto chce go u\u017cywa\u0107 przez d\u0142ugi czas i zachowa\u0107 stabilny smak bez \u017cadnych k\u0142opot\u00f3w. Posiada r\u00f3wnie\u017c przejrzysty, pe\u0142noekranowy wy\u015bwietlacz i os\u0142on\u0119 dyszy, kt\u00f3ra b\u0119dzie doskona\u0142ym wyborem, je\u015bli trzymasz go w kieszeni lub torbie.<\/p>\n<h2 data-v-md-heading=\"excellent-performance-worry-free\" data-v-md-line=\"8\">Doskona\u0142a wydajno\u015b\u0107, bez obaw<\/h2>\n<p data-v-md-line=\"9\">Rdzeniem Gear Power jest cewka z podw\u00f3jn\u0105 siatk\u0105, dzi\u0119ki czemu ka\u017cdy k\u0119s mo\u017ce zachowa\u0107 czysty i stabilny smak od pocz\u0105tku do ko\u0144ca. P\u0142ynny przep\u0142yw powietrza i trwa\u0142y dym. Gdy poziom na\u0142adowania baterii jest niski, wystarczy u\u017cy\u0107 standardowego kabla do transmisji danych typu C, kt\u00f3ry mo\u017cesz ju\u017c mie\u0107, aby go na\u0142adowa\u0107. To proste.<\/p>\n<h2 data-v-md-heading=\"specification-overview\" data-v-md-line=\"11\">Przegl\u0105d specyfikacji<\/h2>\n<ul data-v-md-line=\"12\">\n<li>Cz\u0119stotliwo\u015b\u0107 zasysania: do 20000 razy<\/li>\n<li>Zawarto\u015b\u0107 nikotyny: 5%<\/li>\n<li>Tryb: ECO i POWER<\/li>\n<li>Rdze\u0144 rozpylaj\u0105cy: podw\u00f3jna siatka<\/li>\n<li>Bateria: akumulator o pojemno\u015bci 650 mAh<\/li>\n<li>Pojemno\u015b\u0107 e-liquidu: 20 mililitr\u00f3w<\/li>\n<li>Ekran wy\u015bwietlacza: Wy\u015bwietlacz pe\u0142noekranowy<\/li>\n<li>Uchwyt na papierosa: z os\u0142on\u0105 ochronn\u0105<\/li>\n<li>\u0141adowanie: Interfejs USB typu C<\/li>\n<li>Status: Gotowy do u\u017cycia po rozpakowaniu<\/li>\n<\/ul>\n<h2 data-v-md-heading=\"multiple-flavor-options\" data-v-md-line=\"23\">Wiele opcji smakowych<\/h2>\n<ul data-v-md-line=\"24\">\n<li>Arbuzowy l\u00f3d<\/li>\n<li>Lody winogronowe<\/li>\n<li>Mango Ice<\/li>\n<li>Truskawka kiwi<\/li>\n<li>Wi\u0119cej smak\u00f3w do wyboru<\/li>\n<\/ul>\n<h2 data-v-md-heading=\"for-you-and-your-business\" data-v-md-line=\"30\">Dla Ciebie i Twojego biznesu<\/h2>\n<p data-v-md-line=\"31\">Mo\u017cesz wybra\u0107 jeden dla siebie lub zaopatrzy\u0107 w niego sw\u00f3j sklep. Oferujemy zar\u00f3wno opcje hurtowe, jak i hurtowe, dzi\u0119ki czemu mo\u017cesz mie\u0107 sprawdzone i wysoce rozpoznawalne urz\u0105dzenie o wysokiej przepustowo\u015bci, kt\u00f3re utrzymuje pe\u0142ne p\u00f3\u0142ki. Wsp\u00f3\u0142pracujemy z partnerami takimi jak UPS, DPD i DHL, aby zapewni\u0107 us\u0142ugi dostawy DDP, zapewniaj\u0105c szybk\u0105 dostaw\u0119 i unikaj\u0105c wypadk\u00f3w celnych.<\/p>\n<p data-v-md-line=\"33\">Przepisy r\u00f3\u017cni\u0105 si\u0119 w ca\u0142ej Europie, wi\u0119c poda\u017c i st\u0119\u017cenie nikotyny mog\u0105 si\u0119 r\u00f3\u017cni\u0107 w zale\u017cno\u015bci od kraju\/regionu. Je\u015bli potrzebujesz wskaz\u00f3wek dotycz\u0105cych opcji zgodno\u015bci, nasz zesp\u00f3\u0142 mo\u017ce Ci pom\u00f3c.<\/p>\n<h2 data-v-md-heading=\"why-do-you-like-it\" data-v-md-line=\"35\">Dlaczego to lubisz?<\/h2>\n<ul data-v-md-line=\"36\">\n<li>Wiele cykli ssania: Brak konieczno\u015bci cz\u0119stego uzupe\u0142niania paliwa, oszcz\u0119dno\u015b\u0107 czasu i czasu podr\u00f3\u017cy.<\/li>\n<li>Wiele opcji tryb\u00f3w: Tryb ECO mo\u017ce wyd\u0142u\u017cy\u0107 czas u\u017cytkowania, podczas gdy tryb POWER mo\u017ce zapewni\u0107 mocniejsze wra\u017cenia, gdy chcesz.<\/li>\n<li>Mo\u017cliwo\u015b\u0107 wielokrotnego \u0142adowania: Wykorzystujesz ka\u017cd\u0105 kropl\u0119 zakupionego e-liquidu.<\/li>\n<li>Siatkowa cewka: Zachowaj sp\u00f3jny smak, ostatni k\u0119s jest taki sam jak pierwszy.<\/li>\n<li>Wyra\u017any ekran wy\u015bwietlacza: czytelny na pierwszy rzut oka.<\/li>\n<li>Chronione niedopa\u0142ki papieros\u00f3w: pozwalaj\u0105 zachowa\u0107 czysto\u015b\u0107 nawet podczas podr\u00f3\u017cy.<\/li>\n<\/ul>\n<h2 data-v-md-heading=\"why-choose-to-collaborate-with-agoravape\" data-v-md-line=\"43\">Dlaczego warto zdecydowa\u0107 si\u0119 na wsp\u00f3\u0142prac\u0119 z AgoraVape?<\/h2>\n<p data-v-md-line=\"44\">Sprzedajemy wy\u0142\u0105cznie oryginalne produkty 100% marek ciesz\u0105cych si\u0119 zaufaniem naszych klient\u00f3w. Nasi klienci komercyjni mog\u0105 cieszy\u0107 si\u0119 wysoce konkurencyjnymi cenami hurtowymi, elastycznym wsparciem i szybkimi us\u0142ugami dostawy DDP w ca\u0142ej Europie. Zapraszamy do kontaktu z nami w celu zapoznania si\u0119 z ofert\u0105 waporyzator\u00f3w Vozol Gear Power 20k Puffs w trybie ECO\/POWER, zapewniaj\u0105cych klientom trwa\u0142\u0105, wygodn\u0105 i \u0142atw\u0105 w u\u017cyciu opcj\u0119, kt\u00f3r\u0105 warto ponownie zakupi\u0107.<\/p>\n<p><script src=\"chrome-extension:\/\/fpelahbljekknahkcaegamhcndkfpfnc\/iFrame.js\" type=\"text\/javascript\"><\/script><\/p>","protected":false},"excerpt":{"rendered":"<p>&nbsp;<\/p>\n<p><script src=\"chrome-extension:\/\/fpelahbljekknahkcaegamhcndkfpfnc\/iFrame.js\" type=\"text\/javascript\"><\/script><\/p>\n<p><script src=\"chrome-extension:\/\/fpelahbljekknahkcaegamhcndkfpfnc\/iFrame.js\" type=\"text\/javascript\"><\/script><\/p>\n<p><script src=\"chrome-extension:\/\/fpelahbljekknahkcaegamhcndkfpfnc\/iFrame.js\" type=\"text\/javascript\"><\/script><\/p>\n<p><script src=\"chrome-extension:\/\/fpelahbljekknahkcaegamhcndkfpfnc\/iFrame.js\" type=\"text\/javascript\"><\/script><\/p>\n<p><script src=\"chrome-extension:\/\/fpelahbljekknahkcaegamhcndkfpfnc\/iFrame.js\" type=\"text\/javascript\"><\/script><\/p>\n<p><script src=\"chrome-extension:\/\/fpelahbljekknahkcaegamhcndkfpfnc\/iFrame.js\" type=\"text\/javascript\"><\/script><\/p>\n<p><script src=\"chrome-extension:\/\/fpelahbljekknahkcaegamhcndkfpfnc\/iFrame.js\" type=\"text\/javascript\"><\/script><\/p>\n<p><script src=\"chrome-extension:\/\/fpelahbljekknahkcaegamhcndkfpfnc\/iFrame.js\" type=\"text\/javascript\"><\/script><\/p>\n<p><script src=\"chrome-extension:\/\/fpelahbljekknahkcaegamhcndkfpfnc\/iFrame.js\" type=\"text\/javascript\"><\/script><\/p>\n<p><script src=\"chrome-extension:\/\/fpelahbljekknahkcaegamhcndkfpfnc\/iFrame.js\" type=\"text\/javascript\"><\/script><\/p>\n<p><script src=\"chrome-extension:\/\/fpelahbljekknahkcaegamhcndkfpfnc\/iFrame.js\" type=\"text\/javascript\"><\/script><\/p>\n<p><script src=\"chrome-extension:\/\/fpelahbljekknahkcaegamhcndkfpfnc\/iFrame.js\" type=\"text\/javascript\"><\/script><\/p>\n<p><script src=\"chrome-extension:\/\/fpelahbljekknahkcaegamhcndkfpfnc\/iFrame.js\" type=\"text\/javascript\"><\/script><\/p>","protected":false},"featured_media":16459,"comment_status":"open","ping_status":"closed","template":"","meta":[],"product_brand":[226],"product_cat":[124,185,189,174,175,193,191,173,186,180,190,192,153],"product_tag":[],"class_list":{"0":"post-16423","1":"product","2":"type-product","3":"status-publish","4":"has-post-thumbnail","6":"product_brand-vozol","7":"product_cat-vape-by-brand","8":"product_cat-10000-puffs-high-capacity","9":"product_cat-20mg-standard-nicotine-vapes","10":"product_cat-fruit-flavors","11":"product_cat-icy-mint","12":"product_cat-mesh-coil","13":"product_cat-rechargeable-disposables","14":"product_cat-vape-by-flavor-profile","15":"product_cat-vape-by-nicotine-strength","16":"product_cat-vape-by-puff-count","17":"product_cat-vape-by-feature-or-type","18":"product_cat-vapes-with-screens","19":"product_cat-vozol","21":"first","22":"onbackorder","23":"shipping-taxable","24":"purchasable","25":"product-type-variable","26":"has-default-attributes"},"tiered_pricing_type":"percentage","tiered_pricing_fixed_rules":[],"tiered_pricing_product_settings":{"layout":"default","base_unit_name":{"singular":null,"plural":null},"default_variation":null},"tiered_pricing_minimum_quantity":10,"tiered_pricing_roles_data":[],"tiered_pricing_percentage_rules":{"30":"29","50":"35","100":"40","200":"44","500":"47","1000":"49"},"tiered_pricing_maximum_quantity":null,"tiered_pricing_quantity_step":"10","_links":{"self":[{"href":"https:\/\/agoravape.com\/pl\/wp-json\/wp\/v2\/product\/16423","targetHints":{"allow":["GET"]}}],"collection":[{"href":"https:\/\/agoravape.com\/pl\/wp-json\/wp\/v2\/product"}],"about":[{"href":"https:\/\/agoravape.com\/pl\/wp-json\/wp\/v2\/types\/product"}],"replies":[{"embeddable":true,"href":"https:\/\/agoravape.com\/pl\/wp-json\/wp\/v2\/comments?post=16423"}],"version-history":[{"count":0,"href":"https:\/\/agoravape.com\/pl\/wp-json\/wp\/v2\/product\/16423\/revisions"}],"wp:featuredmedia":[{"embeddable":true,"href":"https:\/\/agoravape.com\/pl\/wp-json\/wp\/v2\/media\/16459"}],"wp:attachment":[{"href":"https:\/\/agoravape.com\/pl\/wp-json\/wp\/v2\/media?parent=16423"}],"wp:term":[{"taxonomy":"product_brand","embeddable":true,"href":"https:\/\/agoravape.com\/pl\/wp-json\/wp\/v2\/product_brand?post=16423"},{"taxonomy":"product_cat","embeddable":true,"href":"https:\/\/agoravape.com\/pl\/wp-json\/wp\/v2\/product_cat?post=16423"},{"taxonomy":"product_tag","embeddable":true,"href":"https:\/\/agoravape.com\/pl\/wp-json\/wp\/v2\/product_tag?post=16423"}],"curies":[{"name":"wp","href":"https:\/\/api.w.org\/{rel}","templated":true}]}}