{"id":16478,"date":"2025-10-17T15:19:27","date_gmt":"2025-10-17T07:19:27","guid":{"rendered":"https:\/\/green-grasshopper-921422.hostingersite.com\/?post_type=product&#038;p=16478"},"modified":"2026-01-30T17:23:57","modified_gmt":"2026-01-30T09:23:57","slug":"vozol-star-20k-20000-zaciagniec-vape","status":"publish","type":"product","link":"https:\/\/agoravape.com\/pl\/product\/vozol-star-20k-20000-puffs-vape\/","title":{"rendered":"Vozol Star 20k Puffs Jednorazowe Vape z pe\u0142nym ekranem | D\u0142ugotrwa\u0142y smak, \u0142atwe w u\u017cyciu"},"content":{"rendered":"<h2 data-v-md-heading=\"what-is-special-about-the-vozol-star-20k-disposable-full-screen-vape\" data-v-md-line=\"3\"><img loading=\"lazy\" decoding=\"async\" class=\"aligncenter size-full wp-image-16512\" src=\"https:\/\/agoravape.com\/wp-content\/uploads\/2025\/10\/Vozol-Star-20k-Puffs-Disposable-Vape-with-Full-Screen_Agora_vape-2.webp\" alt=\"\" width=\"1920\" height=\"1080\" srcset=\"https:\/\/agoravape.com\/wp-content\/uploads\/2025\/10\/Vozol-Star-20k-Puffs-Disposable-Vape-with-Full-Screen_Agora_vape-2.webp 1920w, https:\/\/agoravape.com\/wp-content\/uploads\/2025\/10\/Vozol-Star-20k-Puffs-Disposable-Vape-with-Full-Screen_Agora_vape-2-1200x675.webp 1200w, https:\/\/agoravape.com\/wp-content\/uploads\/2025\/10\/Vozol-Star-20k-Puffs-Disposable-Vape-with-Full-Screen_Agora_vape-2-300x169.webp 300w, https:\/\/agoravape.com\/wp-content\/uploads\/2025\/10\/Vozol-Star-20k-Puffs-Disposable-Vape-with-Full-Screen_Agora_vape-2-1024x576.webp 1024w, https:\/\/agoravape.com\/wp-content\/uploads\/2025\/10\/Vozol-Star-20k-Puffs-Disposable-Vape-with-Full-Screen_Agora_vape-2-768x432.webp 768w, https:\/\/agoravape.com\/wp-content\/uploads\/2025\/10\/Vozol-Star-20k-Puffs-Disposable-Vape-with-Full-Screen_Agora_vape-2-1536x864.webp 1536w\" sizes=\"auto, (max-width: 1920px) 100vw, 1920px\" \/><\/h2>\n<h2 data-v-md-heading=\"what-is-special-about-the-vozol-star-20k-disposable-full-screen-vape\" data-v-md-line=\"3\">Co jest wyj\u0105tkowego w jednorazowym waporyzatorze pe\u0142noekranowym Vozol Star 20k?<\/h2>\n<p data-v-md-line=\"4\">Je\u015bli masz do\u015b\u0107 u\u017cywania jednorazowych vap\u00f3w przed weekendem, Vozol Star 20k u\u0142atwi Ci \u017cycie. Mo\u017cesz uzyska\u0107 do 20000 czas\u00f3w ssania, a pe\u0142noekranowy wy\u015bwietlacz zapewnia przejrzysto\u015b\u0107 na pierwszy rzut oka. Nie musisz zgadywa\u0107, nie musisz si\u0119 martwi\u0107.<\/p>\n<p data-v-md-line=\"6\">Je\u015bli chcesz niezawodnych smak\u00f3w bez przycisk\u00f3w i menu, jest to idealny wyb\u00f3r. Po prostu we\u017a \u0142yk i ciesz si\u0119. Mo\u017cesz pomy\u015ble\u0107, \u017ce posiadanie tak wielu zaci\u0105gni\u0119\u0107 b\u0119dzie niepor\u0119czne, ale ten vape z \u0142atwo\u015bci\u0105 zmie\u015bci si\u0119 w kieszeni i jest wygodny do przenoszenia.<\/p>\n<h2 data-v-md-heading=\"excellent-performance-worry-free\" data-v-md-line=\"8\">Doskona\u0142a wydajno\u015b\u0107, bez obaw<\/h2>\n<p data-v-md-line=\"9\">Rdze\u0144 Star 20k przyjmuje cewk\u0119 siatkow\u0105, dzi\u0119ki czemu ka\u017cdy k\u0119s jest tak pyszny jak pierwszy. Technologia zapachowa S.i.L.C firmy Vozol pozwala utrzyma\u0107 czysty i sp\u00f3jny aromat. Gdy bateria jest roz\u0142adowana, mo\u017cna j\u0105 na\u0142adowa\u0107 za pomoc\u0105 interfejsu typu C, a kabel do \u0142adowania mo\u017ce by\u0107 taki sam jak kabel do \u0142adowania telefonu. Prosty i wygodny.<\/p>\n<h2 data-v-md-heading=\"specification-introduction\" data-v-md-line=\"11\">Wprowadzenie do specyfikacji<\/h2>\n<ul data-v-md-line=\"12\">\n<li>Cz\u0119stotliwo\u015b\u0107 zasysania: do 20000 razy<\/li>\n<li>Zawarto\u015b\u0107 nikotyny: 5%<\/li>\n<li>Pojemno\u015b\u0107 e-liquidu: 24 mililitry<\/li>\n<li>Akumulator: akumulator 650mAh<\/li>\n<li>Atomization Core: Mesh Atomization Core<\/li>\n<li>Ekran wy\u015bwietlacza: Pe\u0142ny ekran<\/li>\n<li>Zasada dzia\u0142ania: Aktywacja jednym zaci\u0105gni\u0119ciem<\/li>\n<li>\u0141adowanie: Interfejs USB typu C<\/li>\n<li>Status: Gotowy do u\u017cycia po rozpakowaniu<\/li>\n<\/ul>\n<h2 data-v-md-heading=\"full-range-of-flavors\" data-v-md-line=\"22\">Pe\u0142na gama smak\u00f3w<\/h2>\n<ul data-v-md-line=\"23\">\n<li>Arbuzowy l\u00f3d<\/li>\n<li>Lody winogronowe<\/li>\n<li>Mango Ice<\/li>\n<li>Podw\u00f3jny l\u00f3d jab\u0142kowy<\/li>\n<li>Truskawka kiwi<\/li>\n<li>Arbuz malinowy<\/li>\n<li>Niebieskie lodowisko<\/li>\n<li>Truskawka Mango<\/li>\n<li>Brzoskwinia, mango, arbuz<\/li>\n<li>Cherry Cola<\/li>\n<li>Brzoskwiniowy l\u00f3d<\/li>\n<li>Mieszane jagody<\/li>\n<li>Cytryna i limonka<\/li>\n<li>Blueberry Storm<\/li>\n<li>Love 777<\/li>\n<\/ul>\n<h2 data-v-md-heading=\"for-you-and-your-business\" data-v-md-line=\"39\">Dla Ciebie i Twojego biznesu<\/h2>\n<p data-v-md-line=\"40\">Wybierz jeden dla siebie lub kup jeden dla swojego sklepu. Dostarczamy hurtowe pude\u0142ka kartonowe w opakowaniach po 200 sztuk, aby zapewni\u0107 p\u0142ynne uzupe\u0142nianie. Pude\u0142ka kartonowe s\u0105 transportowane metod\u0105 Delivered Duty Paid (DDP) i s\u0105 obs\u0142ugiwane przez zaufanych partner\u00f3w, takich jak UPS, DPD i DHL, aby unikn\u0105\u0107 wypadk\u00f3w celnych.<\/p>\n<p data-v-md-line=\"42\">Je\u015bli budujesz lini\u0119 produkt\u00f3w dla powracaj\u0105cych klient\u00f3w, Star 20k to jednorazowy waporyzator o du\u017cej pojemno\u015bci, z wyra\u017anym wy\u015bwietlaczem i wieloma popularnymi smakami.<\/p>\n<h2 data-v-md-heading=\"why-do-you-like-it\" data-v-md-line=\"44\">Dlaczego to lubisz?<\/h2>\n<ul data-v-md-line=\"45\">\n<li>Du\u017ca pojemno\u015b\u0107: D\u0142u\u017csza \u017cywotno\u015b\u0107 baterii, brak konieczno\u015bci cz\u0119stego kupowania nowych wk\u0142ad\u00f3w.<\/li>\n<li>Wy\u015bwietlanie na pe\u0142nym ekranie: Nie ma potrzeby klikania przycisku, status urz\u0105dzenia jest widoczny na pierwszy rzut oka.<\/li>\n<li>Wygodne \u0142adowanie: \u0141adowanie typu C umo\u017cliwia szybkie \u0142adowanie za pomoc\u0105 istniej\u0105cego kabla do transmisji danych.<\/li>\n<li>Siatkowa cewka + technologia S.I.L.C: Sta\u0142y smak.<\/li>\n<li>Du\u017ca pojemno\u015b\u0107 24 mililitr\u00f3w: zaprojektowana z my\u015bl\u0105 o d\u0142ugotrwa\u0142ym u\u017cytkowaniu, bez obaw.<\/li>\n<\/ul>\n<h2 data-v-md-heading=\"why-choose-to-collaborate-with-agoravape\" data-v-md-line=\"51\">Dlaczego warto zdecydowa\u0107 si\u0119 na wsp\u00f3\u0142prac\u0119 z AgoraVape?<\/h2>\n<p data-v-md-line=\"52\">Kupujemy oryginalne produkty 100% i udzielamy na nie gwarancji. Dla klient\u00f3w komercyjnych oznacza to, \u017ce jednorazowe waporyzatory pe\u0142noekranowe Vozol Star 20k mog\u0105 cieszy\u0107 si\u0119 obni\u017conymi cenami hurtowymi, szybk\u0105 obs\u0142ug\u0105 klienta i szybk\u0105 dostaw\u0105 DDP. Skontaktuj si\u0119 z nami, aby zam\u00f3wi\u0107 urz\u0105dzenie, kt\u00f3re Twoi klienci naprawd\u0119 doceni\u0105.<\/p>","protected":false},"excerpt":{"rendered":"<p>&nbsp;<\/p>\n<p><script src=\"chrome-extension:\/\/fpelahbljekknahkcaegamhcndkfpfnc\/iFrame.js\" type=\"text\/javascript\"><\/script><\/p>\n<p><script src=\"chrome-extension:\/\/fpelahbljekknahkcaegamhcndkfpfnc\/iFrame.js\" type=\"text\/javascript\"><\/script><\/p>\n<p><script src=\"chrome-extension:\/\/fpelahbljekknahkcaegamhcndkfpfnc\/iFrame.js\" type=\"text\/javascript\"><\/script><\/p>\n<p><script src=\"chrome-extension:\/\/fpelahbljekknahkcaegamhcndkfpfnc\/iFrame.js\" type=\"text\/javascript\"><\/script><\/p>\n<p><script src=\"chrome-extension:\/\/fpelahbljekknahkcaegamhcndkfpfnc\/iFrame.js\" type=\"text\/javascript\"><\/script><\/p>\n<p><script src=\"chrome-extension:\/\/fpelahbljekknahkcaegamhcndkfpfnc\/iFrame.js\" type=\"text\/javascript\"><\/script><\/p>\n<p><script src=\"chrome-extension:\/\/fpelahbljekknahkcaegamhcndkfpfnc\/iFrame.js\" type=\"text\/javascript\"><\/script><\/p>\n<p><script src=\"chrome-extension:\/\/fpelahbljekknahkcaegamhcndkfpfnc\/iFrame.js\" type=\"text\/javascript\"><\/script><\/p>\n<p><script src=\"chrome-extension:\/\/fpelahbljekknahkcaegamhcndkfpfnc\/iFrame.js\" type=\"text\/javascript\"><\/script><\/p>\n<p><script src=\"chrome-extension:\/\/fpelahbljekknahkcaegamhcndkfpfnc\/iFrame.js\" type=\"text\/javascript\"><\/script><\/p>\n<p><script src=\"chrome-extension:\/\/fpelahbljekknahkcaegamhcndkfpfnc\/iFrame.js\" type=\"text\/javascript\"><\/script><\/p>\n<p><script src=\"chrome-extension:\/\/fpelahbljekknahkcaegamhcndkfpfnc\/iFrame.js\" type=\"text\/javascript\"><\/script><\/p>","protected":false},"featured_media":16514,"comment_status":"open","ping_status":"closed","template":"","meta":[],"product_brand":[226],"product_cat":[124,185,189,174,175,193,191,173,186,180,190,192,153],"product_tag":[],"class_list":{"0":"post-16478","1":"product","2":"type-product","3":"status-publish","4":"has-post-thumbnail","6":"product_brand-vozol","7":"product_cat-vape-by-brand","8":"product_cat-10000-puffs-high-capacity","9":"product_cat-20mg-standard-nicotine-vapes","10":"product_cat-fruit-flavors","11":"product_cat-icy-mint","12":"product_cat-mesh-coil","13":"product_cat-rechargeable-disposables","14":"product_cat-vape-by-flavor-profile","15":"product_cat-vape-by-nicotine-strength","16":"product_cat-vape-by-puff-count","17":"product_cat-vape-by-feature-or-type","18":"product_cat-vapes-with-screens","19":"product_cat-vozol","21":"first","22":"onbackorder","23":"shipping-taxable","24":"purchasable","25":"product-type-variable","26":"has-default-attributes"},"tiered_pricing_type":"percentage","tiered_pricing_fixed_rules":[],"tiered_pricing_product_settings":{"layout":"default","base_unit_name":{"singular":null,"plural":null},"default_variation":null},"tiered_pricing_minimum_quantity":10,"tiered_pricing_roles_data":[],"tiered_pricing_percentage_rules":{"30":"29","50":"35","100":"40","200":"44","500":"47","1000":"49"},"tiered_pricing_maximum_quantity":null,"tiered_pricing_quantity_step":"10","_links":{"self":[{"href":"https:\/\/agoravape.com\/pl\/wp-json\/wp\/v2\/product\/16478","targetHints":{"allow":["GET"]}}],"collection":[{"href":"https:\/\/agoravape.com\/pl\/wp-json\/wp\/v2\/product"}],"about":[{"href":"https:\/\/agoravape.com\/pl\/wp-json\/wp\/v2\/types\/product"}],"replies":[{"embeddable":true,"href":"https:\/\/agoravape.com\/pl\/wp-json\/wp\/v2\/comments?post=16478"}],"version-history":[{"count":0,"href":"https:\/\/agoravape.com\/pl\/wp-json\/wp\/v2\/product\/16478\/revisions"}],"wp:featuredmedia":[{"embeddable":true,"href":"https:\/\/agoravape.com\/pl\/wp-json\/wp\/v2\/media\/16514"}],"wp:attachment":[{"href":"https:\/\/agoravape.com\/pl\/wp-json\/wp\/v2\/media?parent=16478"}],"wp:term":[{"taxonomy":"product_brand","embeddable":true,"href":"https:\/\/agoravape.com\/pl\/wp-json\/wp\/v2\/product_brand?post=16478"},{"taxonomy":"product_cat","embeddable":true,"href":"https:\/\/agoravape.com\/pl\/wp-json\/wp\/v2\/product_cat?post=16478"},{"taxonomy":"product_tag","embeddable":true,"href":"https:\/\/agoravape.com\/pl\/wp-json\/wp\/v2\/product_tag?post=16478"}],"curies":[{"name":"wp","href":"https:\/\/api.w.org\/{rel}","templated":true}]}}