{"id":16532,"date":"2025-10-17T15:28:04","date_gmt":"2025-10-17T07:28:04","guid":{"rendered":"https:\/\/green-grasshopper-921422.hostingersite.com\/?post_type=product&#038;p=16532"},"modified":"2026-02-22T15:15:02","modified_gmt":"2026-02-22T14:15:02","slug":"vozol-gear-shisha-25k-puffow-dtl-vape","status":"publish","type":"product","link":"https:\/\/agoravape.com\/pl\/product\/vozol-gear-shisha-25k-puffs-dtl-vape\/","title":{"rendered":"Vozol Gear Shisha 25k Audio-Interactive DTL Vape | Du\u017ce zaci\u0105gni\u0119cia, du\u017cy ekran, zero zamieszania"},"content":{"rendered":"<h2 data-v-md-heading=\"what-is-the-vozol-gear-shisha-25k-audio-interactive-dtl-vape\" data-v-md-line=\"3\"><img loading=\"lazy\" decoding=\"async\" class=\"aligncenter size-full wp-image-16549\" src=\"https:\/\/agoravape.com\/wp-content\/uploads\/2025\/10\/Vozol-Gear-Shisha-25k-Puffs-Audio-Interactive-DTL-Vape_Agora_vape-1.webp\" alt=\"\" width=\"550\" height=\"403\" srcset=\"https:\/\/agoravape.com\/wp-content\/uploads\/2025\/10\/Vozol-Gear-Shisha-25k-Puffs-Audio-Interactive-DTL-Vape_Agora_vape-1.webp 550w, https:\/\/agoravape.com\/wp-content\/uploads\/2025\/10\/Vozol-Gear-Shisha-25k-Puffs-Audio-Interactive-DTL-Vape_Agora_vape-1-300x220.webp 300w\" sizes=\"auto, (max-width: 550px) 100vw, 550px\" \/><\/h2>\n<h2 data-v-md-heading=\"what-is-the-vozol-gear-shisha-25k-audio-interactive-dtl-vape\" data-v-md-line=\"3\">Czym jest vape Vozol Gear Shisha 25k Audio Interactive DTL?<\/h2>\n<p data-v-md-line=\"4\">Je\u015bli potrzebujesz jednorazowego waporyzatora, kt\u00f3ry naprawd\u0119 zaspokoi Twoje codzienne potrzeby, ten produkt jest idealnym wyborem. Vozol Gear Shisha 25k to jednorazowy waporyzator, kt\u00f3ry mo\u017cna wdycha\u0107 bezpo\u015brednio do p\u0142uc (DTL). Umo\u017cliwia on inhalacj\u0119 do 25000 zaci\u0105gni\u0119\u0107 w trybie zwyk\u0142ym i do 18000 zaci\u0105gni\u0119\u0107 w trybie rozszerzonym. Posiada nie tylko d\u0142ug\u0105 \u017cywotno\u015b\u0107 baterii, ale tak\u017ce 2,1-calowy kolorowy ekran i interaktywny tryb audio, kt\u00f3ry reaguje na d\u017awi\u0119k. Pe\u0142en zabawy i \u0142atwy w u\u017cyciu.<\/p>\n<p data-v-md-line=\"6\">Jest odpowiedni dla ka\u017cdego, kto lubi p\u0142ynne i przejrzyste do\u015bwiadczenie ssania DTL, bez konieczno\u015bci majstrowania przy cewkach lub menu. Mo\u017cesz pomy\u015ble\u0107, \u017ce waporyzatory z ekranami i wymy\u015blnymi funkcjami mog\u0105 by\u0107 uci\u0105\u017cliwe w obs\u0142udze, ale s\u0105 one bardzo proste i \u0142atwe w u\u017cyciu. Wystarczy otworzy\u0107 opakowanie i mo\u017cna zacz\u0105\u0107 u\u017cywa\u0107.<\/p>\n<h2 data-v-md-heading=\"excellent-performance-easy-and-convenient\" data-v-md-line=\"8\">Doskona\u0142a wydajno\u015b\u0107, \u0142atwo\u015b\u0107 i wygoda<\/h2>\n<p data-v-md-line=\"9\">Podw\u00f3jna cewka siatkowa odpowiada za zapewnienie stabilnego smaku od pierwszego do ostatniego zaci\u0105gni\u0119cia. Je\u015bli chcesz uzyska\u0107 mocniejszy smak i zmniejszy\u0107 ca\u0142kowit\u0105 liczb\u0119 zaci\u0105gni\u0119\u0107, prze\u0142\u0105cz si\u0119 na tryb Boost. Gdy poziom na\u0142adowania baterii jest niski, mo\u017cesz u\u017cy\u0107 kabla do transmisji danych typu C, kt\u00f3ry mo\u017cesz ju\u017c mie\u0107, aby go na\u0142adowa\u0107. Nie wymaga specjalnych \u0142adowarek, jest \u0142atwy w obs\u0142udze.<\/p>\n<h2 data-v-md-heading=\"specification-introduction\" data-v-md-line=\"11\">Wprowadzenie do specyfikacji<\/h2>\n<ul data-v-md-line=\"12\">\n<li>Cz\u0119stotliwo\u015b\u0107 ssania: do 25000 razy (typ konwencjonalny) lub do 18000 razy (typ wzmocniony)<\/li>\n<li>E-liquid: 24 mililitry wst\u0119pnie nape\u0142nionego typu<\/li>\n<li>Zawarto\u015b\u0107 nikotyny: 5% (50 miligram\u00f3w\/mililitr), w zakresie dozwolonym przez lokalne przepisy prawa<\/li>\n<li>Bateria: akumulator 1000mAh<\/li>\n<li>Zasada dzia\u0142ania: Ssanie DTL, regulowana obj\u0119to\u015b\u0107 zasysania i zapewnienie interaktywnego trybu audio na 2,1-calowym kolorowym ekranie<\/li>\n<li>\u0141adowanie: Standardowy interfejs USB typu C<\/li>\n<li>Status: Gotowy do u\u017cycia po rozpakowaniu<\/li>\n<\/ul>\n<h2 data-v-md-heading=\"multiple-flavor-options\" data-v-md-line=\"20\">Wiele opcji smakowych<\/h2>\n<ul data-v-md-line=\"21\">\n<li>Podw\u00f3jny smak jab\u0142ka<\/li>\n<li>Arbuzowy l\u00f3d<\/li>\n<li>Smak brzoskwiniowy z mango<\/li>\n<li>Niebieskie lodowisko<\/li>\n<li>Niebieskie lodowisko<\/li>\n<li>Lody winogronowe<\/li>\n<li>Truskawkowy smak dziwnych owoc\u00f3w<\/li>\n<li>Smak jagodowy i arbuzowy<\/li>\n<li>Smak wi\u015bniowej coli<\/li>\n<li>Smak truskawkowy i arbuzowy<\/li>\n<li>Love 777<\/li>\n<li>Wi\u015bniowy l\u00f3d<\/li>\n<li>Brzoskwiniowy l\u00f3d<\/li>\n<li>Berry Ice<\/li>\n<li>S\u0142odki smak marakui<\/li>\n<li>Mro\u017cona truskawka kiwi<\/li>\n<li>Banan, wi\u015bnia, smoczy owoc<\/li>\n<\/ul>\n<h2 data-v-md-heading=\"for-you-and-for-your-business-as-well\" data-v-md-line=\"40\">Dla Ciebie i dla Twojej firmy<\/h2>\n<p data-v-md-line=\"41\">Chcesz kupowa\u0107 dla siebie? Proste i \u0142atwe do wdro\u017cenia. Wybierz sw\u00f3j ulubiony smak i ciesz si\u0119 d\u0142ugotrwa\u0142ym do\u015bwiadczeniem DTL dzi\u0119ki prostemu \u0142adowaniu typu C. Interaktywny tryb audio dodaje zabawy bez wp\u0142ywu na czyste i przyjemne ssanie.<\/p>\n<p data-v-md-line=\"43\">Chcesz zaopatrzy\u0107 sw\u00f3j sklep? Oferujemy us\u0142ugi hurtowe w cenie hurtowej 200 sztuk w pude\u0142ku (waga brutto 25,28 kg). \u015awiadczymy us\u0142ugi wysy\u0142ki DDP z zaufanymi partnerami, takimi jak UPS, DPD i DHL, dzi\u0119ki czemu taryfy mog\u0105 by\u0107 przetwarzane z wyprzedzeniem, aby unikn\u0105\u0107 nieoczekiwanych sytuacji w urz\u0119dzie celnym. Przepisy r\u00f3\u017cni\u0105 si\u0119 w ca\u0142ej Europie, wi\u0119c sytuacja poda\u017cowa, st\u0119\u017cenie nikotyny i wielko\u015b\u0107 sprzeda\u017cy mog\u0105 si\u0119 r\u00f3\u017cni\u0107 w zale\u017cno\u015bci od kraju\/regionu.<\/p>\n<h2 data-v-md-heading=\"why-do-you-like-it\" data-v-md-line=\"45\">Dlaczego to lubisz?<\/h2>\n<ul data-v-md-line=\"46\">\n<li>Masowe zasysanie: Do 25000 jednostek w trybie zwyk\u0142ym, dzi\u0119ki czemu nie trzeba ich wymienia\u0107 co kilka dni.<\/li>\n<li>Aktualizacja na \u017c\u0105danie: prze\u0142\u0105cz si\u0119 na mocniejszy e-liquid, je\u015bli chcesz wzi\u0105\u0107 kilka zaci\u0105gni\u0119\u0107, oszcz\u0119dzaj\u0105c kilka zaci\u0105gni\u0119\u0107.<\/li>\n<li>Wygodna metoda \u0142adowania: \u0141adowanie typu C oznacza, \u017ce to, czego naprawd\u0119 potrzebujesz, to zakupiony e-liquid.<\/li>\n<li>Rdze\u0144 atomizera z podw\u00f3jn\u0105 siatk\u0105: Sp\u00f3jny smak i g\u0142adki dym.<\/li>\n<li>Regulowany wlot: Regulacja zasysania DTL zgodnie z potrzebami.<\/li>\n<li>Interaktywna zabawa z d\u017awi\u0119kiem: Urz\u0105dzenie b\u0119dzie reagowa\u0107 na d\u017awi\u0119k, zapewniaj\u0105c bardziej wci\u0105gaj\u0105ce wra\u017cenia.<\/li>\n<\/ul>\n<h2 data-v-md-heading=\"why-collaborate-with-agoravape\" data-v-md-line=\"53\">Dlaczego warto wsp\u00f3\u0142pracowa\u0107 z AgoraVape?<\/h2>\n<p data-v-md-line=\"54\">Kupujemy tylko oryginalne produkty 100% od zaufanych producent\u00f3w. Oznacza to, \u017ce Vozol Gear Shisha 25k Puffs audio interactive DTL vapes oferuje niezawodne ceny hurtowe, niezawodne wsparcie produktowe oraz szybk\u0105 i niezawodn\u0105 logistyk\u0119 przyjazn\u0105 dla UE. Zapraszamy do kontaktu z nami, aby dowiedzie\u0107 si\u0119 wi\u0119cej o tym trwa\u0142ym i bogatym w funkcje jednorazowym waporyzatorze. Twoi klienci z pewno\u015bci\u0105 wr\u00f3c\u0105 ponownie.<\/p>\n<p data-v-md-line=\"56\">O\u015bwiadczenie o zgodno\u015bci: Gdy jest to dozwolone, zastosowanie ma wymieniona zawarto\u015b\u0107 nikotyny 5% i pojemno\u015b\u0107 24 mililitr\u00f3w. Przepisy TPD UE mog\u0105 ogranicza\u0107 st\u0119\u017cenie nikotyny i obj\u0119to\u015b\u0107 e-liquidu, wi\u0119c lokalne r\u00f3\u017cnice rynkowe i sytuacje poda\u017cowe mog\u0105 si\u0119 r\u00f3\u017cni\u0107.<\/p>","protected":false},"excerpt":{"rendered":"<p>&nbsp;<\/p>\n<p><script src=\"chrome-extension:\/\/fpelahbljekknahkcaegamhcndkfpfnc\/iFrame.js\" type=\"text\/javascript\"><\/script><\/p>\n<p><script src=\"chrome-extension:\/\/fpelahbljekknahkcaegamhcndkfpfnc\/iFrame.js\" type=\"text\/javascript\"><\/script><\/p>\n<p><script src=\"chrome-extension:\/\/fpelahbljekknahkcaegamhcndkfpfnc\/iFrame.js\" type=\"text\/javascript\"><\/script><\/p>\n<p><script src=\"chrome-extension:\/\/fpelahbljekknahkcaegamhcndkfpfnc\/iFrame.js\" type=\"text\/javascript\"><\/script><\/p>\n<p><script src=\"chrome-extension:\/\/fpelahbljekknahkcaegamhcndkfpfnc\/iFrame.js\" type=\"text\/javascript\"><\/script><\/p>\n<p><script src=\"chrome-extension:\/\/fpelahbljekknahkcaegamhcndkfpfnc\/iFrame.js\" type=\"text\/javascript\"><\/script><\/p>\n<p><script src=\"chrome-extension:\/\/fpelahbljekknahkcaegamhcndkfpfnc\/iFrame.js\" type=\"text\/javascript\"><\/script><\/p>\n<p><script src=\"chrome-extension:\/\/fpelahbljekknahkcaegamhcndkfpfnc\/iFrame.js\" type=\"text\/javascript\"><\/script><\/p>\n<p><script src=\"chrome-extension:\/\/fpelahbljekknahkcaegamhcndkfpfnc\/iFrame.js\" type=\"text\/javascript\"><\/script><\/p>\n<p><script src=\"chrome-extension:\/\/fpelahbljekknahkcaegamhcndkfpfnc\/iFrame.js\" type=\"text\/javascript\"><\/script><\/p>\n<p><script src=\"chrome-extension:\/\/fpelahbljekknahkcaegamhcndkfpfnc\/iFrame.js\" type=\"text\/javascript\"><\/script><\/p>\n<p><script src=\"chrome-extension:\/\/fpelahbljekknahkcaegamhcndkfpfnc\/iFrame.js\" type=\"text\/javascript\"><\/script><\/p>","protected":false},"featured_media":16554,"comment_status":"open","ping_status":"closed","template":"","meta":[],"product_brand":[226],"product_cat":[124,185,189,194,174,175,193,191,173,186,180,190,192,153],"product_tag":[],"class_list":{"0":"post-16532","1":"product","2":"type-product","3":"status-publish","4":"has-post-thumbnail","6":"product_brand-vozol","7":"product_cat-vape-by-brand","8":"product_cat-10000-puffs-high-capacity","9":"product_cat-20mg-standard-nicotine-vapes","10":"product_cat-adjustable-airflow","11":"product_cat-fruit-flavors","12":"product_cat-icy-mint","13":"product_cat-mesh-coil","14":"product_cat-rechargeable-disposables","15":"product_cat-vape-by-flavor-profile","16":"product_cat-vape-by-nicotine-strength","17":"product_cat-vape-by-puff-count","18":"product_cat-vape-by-feature-or-type","19":"product_cat-vapes-with-screens","20":"product_cat-vozol","22":"first","23":"onbackorder","24":"shipping-taxable","25":"purchasable","26":"product-type-variable","27":"has-default-attributes"},"tiered_pricing_type":"percentage","tiered_pricing_fixed_rules":[],"tiered_pricing_product_settings":{"layout":"default","base_unit_name":{"singular":null,"plural":null},"default_variation":null},"tiered_pricing_minimum_quantity":10,"tiered_pricing_roles_data":[],"tiered_pricing_percentage_rules":{"30":"29","50":"35","100":"40","200":"44","500":"47","1000":"49"},"tiered_pricing_maximum_quantity":null,"tiered_pricing_quantity_step":"10","_links":{"self":[{"href":"https:\/\/agoravape.com\/pl\/wp-json\/wp\/v2\/product\/16532","targetHints":{"allow":["GET"]}}],"collection":[{"href":"https:\/\/agoravape.com\/pl\/wp-json\/wp\/v2\/product"}],"about":[{"href":"https:\/\/agoravape.com\/pl\/wp-json\/wp\/v2\/types\/product"}],"replies":[{"embeddable":true,"href":"https:\/\/agoravape.com\/pl\/wp-json\/wp\/v2\/comments?post=16532"}],"version-history":[{"count":0,"href":"https:\/\/agoravape.com\/pl\/wp-json\/wp\/v2\/product\/16532\/revisions"}],"wp:featuredmedia":[{"embeddable":true,"href":"https:\/\/agoravape.com\/pl\/wp-json\/wp\/v2\/media\/16554"}],"wp:attachment":[{"href":"https:\/\/agoravape.com\/pl\/wp-json\/wp\/v2\/media?parent=16532"}],"wp:term":[{"taxonomy":"product_brand","embeddable":true,"href":"https:\/\/agoravape.com\/pl\/wp-json\/wp\/v2\/product_brand?post=16532"},{"taxonomy":"product_cat","embeddable":true,"href":"https:\/\/agoravape.com\/pl\/wp-json\/wp\/v2\/product_cat?post=16532"},{"taxonomy":"product_tag","embeddable":true,"href":"https:\/\/agoravape.com\/pl\/wp-json\/wp\/v2\/product_tag?post=16532"}],"curies":[{"name":"wp","href":"https:\/\/api.w.org\/{rel}","templated":true}]}}