{"id":16575,"date":"2025-10-17T15:39:59","date_gmt":"2025-10-17T07:39:59","guid":{"rendered":"https:\/\/green-grasshopper-921422.hostingersite.com\/?post_type=product&#038;p=16575"},"modified":"2026-01-13T01:09:17","modified_gmt":"2026-01-12T17:09:17","slug":"vhill-dazzle-50000-puffs-vape","status":"publish","type":"product","link":"https:\/\/agoravape.com\/pl\/product\/vhill-dazzle-50000-puffs-vape\/","title":{"rendered":"Vhill Dazzle 50K Puffs LCD Screen Dual Mesh Vape | D\u0142ugotrwa\u0142y smak, prosty w obs\u0142udze"},"content":{"rendered":"<h2 data-v-md-heading=\"what-are-the-special-features-of-vhill-dazzle-50k-suction-lcd-screen-dual-mesh-vape\" data-v-md-line=\"3\">Jakie s\u0105 szczeg\u00f3lne cechy Vhill Dazzle 50K z zasysaj\u0105cym ekranem LCD z podw\u00f3jn\u0105 siatk\u0105?<\/h2>\n<p data-v-md-line=\"4\">Je\u015bli jeste\u015b zm\u0119czony wymian\u0105 jednorazowych e-papieros\u00f3w co kilka dni, ten produkt mo\u017ce zaoszcz\u0119dzi\u0107 Ci wielu k\u0142opot\u00f3w. Vhill Dazzle jest wyposa\u017cony w akumulatory i ekran LCD, kt\u00f3ry mo\u017ce osi\u0105gn\u0105\u0107 do 50000 zaci\u0105gni\u0119\u0107 i jest \u0142atwy w obs\u0142udze.<\/p>\n<p data-v-md-line=\"6\">Je\u015bli zale\u017cy Ci na \u0142atwym i wygodnym wapowaniu przy jednoczesnym zachowaniu doskona\u0142ego smaku, ten produkt jest idealnym wyborem. Wybierz preferowane st\u0119\u017cenie nikotyny i smak, a nast\u0119pnie rozpocznij palenie. Przyciski i menu nie s\u0105 potrzebne. Sta\u0142y smak, \u0142atwe \u0142adowanie.<\/p>\n<h2 data-v-md-heading=\"excellent-performance-easy-and-convenient\" data-v-md-line=\"8\">Doskona\u0142a wydajno\u015b\u0107, \u0142atwo\u015b\u0107 i wygoda<\/h2>\n<p data-v-md-line=\"9\">Podw\u00f3jna cewka siatkowa jest rdzeniem tego produktu. Nagrzewa si\u0119 r\u00f3wnomiernie, nawet po kilku tygodniach u\u017cytkowania, ka\u017cdy k\u0119s jest tak czysty, jak pierwszy smak. Ekrany LCD zapewniaj\u0105 przejrzyste informacje na pierwszy rzut oka, dzi\u0119ki czemu codzienne u\u017cytkowanie jest wygodniejsze. Gdy bateria jest roz\u0142adowana, wystarczy u\u017cy\u0107 kabla do transmisji danych typu C, kt\u00f3ry mo\u017cesz ju\u017c mie\u0107 do pod\u0142\u0105czenia. \u0141atwy w u\u017cyciu.<\/p>\n<h2 data-v-md-heading=\"specification-introduction\" data-v-md-line=\"11\">Wprowadzenie do specyfikacji<\/h2>\n<ul data-v-md-line=\"12\">\n<li>Cz\u0119stotliwo\u015b\u0107 zasysania: do 50000 razy<\/li>\n<li>St\u0119\u017cenie nikotyny: opcjonalnie 2% i 5%<\/li>\n<li>Zasada dzia\u0142ania: Aktywowany przez wdychanie<\/li>\n<li>\u0141adowanie: Standardowy port USB typu C<\/li>\n<li>Status: Gotowy do u\u017cycia od razu po wyj\u0119ciu z pude\u0142ka<\/li>\n<li>Rdze\u0144 rozpylaj\u0105cy: podw\u00f3jna siatka 1,0 \u03a9<\/li>\n<li>Bateria: akumulator o pojemno\u015bci 850 mAh<\/li>\n<li>Pojemno\u015b\u0107 e-liquidu: oko\u0142o 40 mililitr\u00f3w<\/li>\n<li>Ekran wy\u015bwietlacza: Ekran LCD<\/li>\n<li>Wlot powietrza: regulowany<\/li>\n<\/ul>\n<h2 data-v-md-heading=\"full-flavor-series\" data-v-md-line=\"23\">Seria o pe\u0142nym smaku<\/h2>\n<p data-v-md-line=\"24\">2% Nikotyna:<\/p>\n<ul data-v-md-line=\"25\">\n<li>Smak brzoskwini i arbuza<\/li>\n<li>Smak truskawkowy Black Dragon Ice Fire Dragon Fruit<\/li>\n<li>Aloes i aromat winogronowy<\/li>\n<li>Mieszany smak jagodowy<\/li>\n<li>Brzoskwiniowy l\u00f3d<\/li>\n<li>Truskawka Malina Wi\u015bnia L\u00f3d<\/li>\n<li>Red Bull Ice<\/li>\n<li>Kiwi, marakuja, aromat guawy<\/li>\n<li>Aromat cytryny i limonki<\/li>\n<li>Smak truskawkowy i arbuzowy<\/li>\n<li>Arbuzowy l\u00f3d<\/li>\n<li>Smak jagodowy i malinowy<\/li>\n<\/ul>\n<p data-v-md-line=\"38\">5% Nikotyna:<\/p>\n<ul data-v-md-line=\"39\">\n<li>Aromat cytryny i limonki<\/li>\n<li>Smak truskawkowy Black Dragon Ice Fire Dragon Fruit<\/li>\n<li>Mieszany smak jagodowy<\/li>\n<li>Red Bull Ice<\/li>\n<li>Smak truskawkowy i arbuzowy<\/li>\n<li>Smak jagodowy i malinowy<\/li>\n<li>Truskawka Malina Wi\u015bnia L\u00f3d<\/li>\n<li>Aloes i aromat winogronowy<\/li>\n<li>Smak brzoskwini i arbuza<\/li>\n<\/ul>\n<h2 data-v-md-heading=\"for-you-and-your-business\" data-v-md-line=\"49\">Dla Ciebie i Twojego biznesu<\/h2>\n<p data-v-md-line=\"50\">Je\u015bli chcesz po prostu niezawodnego i wytrzyma\u0142ego vape'a, mo\u017cesz wybra\u0107 <a class=\"wpil_keyword_link\" title=\"Vhill\" href=\"https:\/\/agoravape.com\/pl\/marka\/vhill\/\" data-wpil-keyword-link=\"linked\" data-wpil-monitor-id=\"35\">Vhill<\/a> Dazzle 50K do u\u017cytku osobistego. Je\u015bli prowadzisz sklep, mo\u017cesz dokona\u0107 zakupu hurtowego w kartonowych pude\u0142kach po 200 sztuk, co mo\u017ce upro\u015bci\u0107 proces uzupe\u0142niania zapas\u00f3w i zwi\u0119kszy\u0107 zyski.<\/p>\n<p data-v-md-line=\"52\">\u015awiadczymy us\u0142ugi dostawy DDP w ca\u0142ej Europie za po\u015brednictwem zaufanych partner\u00f3w, takich jak UPS, DPD i DHL, zapewniaj\u0105c szybk\u0105 dostaw\u0119 i unikaj\u0105c wypadk\u00f3w celnych. Dla wygody planowania i przechowywania, g\u0142\u00f3wny rozmiar kartonu wynosi 645 \u00d7 335 \u00d7 256 milimetr\u00f3w, przy wadze brutto oko\u0142o 22 kilogram\u00f3w.<\/p>\n<h2 data-v-md-heading=\"why-do-you-like-it\" data-v-md-line=\"54\">Dlaczego to lubisz?<\/h2>\n<ul data-v-md-line=\"55\">\n<li>Du\u017ca pojemno\u015b\u0107 do palenia: trwa\u0142a i d\u0142ugowieczna, nie ma potrzeby cz\u0119stego kupowania nowych papieros\u00f3w.<\/li>\n<li>Wyb\u00f3r zawarto\u015bci nikotyny: Wybierz zawarto\u015b\u0107 nikotyny 2% lub 5% zgodnie z w\u0142asnymi preferencjami.<\/li>\n<li>Mo\u017cliwo\u015b\u0107 wielokrotnego \u0142adowania: Mo\u017cna korzysta\u0107 z zakupionego e-liquidu bez konieczno\u015bci jego wcze\u015bniejszego wyrzucania.<\/li>\n<li>Siatkowa cewka: Dwuwarstwowa cewka siatkowa zapewnia niezmienny smak przez ca\u0142y czas.<\/li>\n<li>Wygodny ekran LCD: Przejrzyste i szybkie informacje na pierwszy rzut oka, pozwalaj\u0105ce kontrolowa\u0107 wszystko.<\/li>\n<li>Regulowany przep\u0142yw powietrza: \u0141atwa regulacja ssania.<\/li>\n<li>\u0141adowanie typu C: W wi\u0119kszo\u015bci przypadk\u00f3w nale\u017cy u\u017cywa\u0107 tego samego kabla do transmisji danych, co telefon.<\/li>\n<\/ul>\n<h2 data-v-md-heading=\"why-choose-to-collaborate-with-agoravape\" data-v-md-line=\"63\">Dlaczego warto zdecydowa\u0107 si\u0119 na wsp\u00f3\u0142prac\u0119 z AgoraVape?<\/h2>\n<p data-v-md-line=\"64\">Oferujemy wy\u0142\u0105cznie oryginalne produkty 100% i zapewniamy niezawodne wsparcie oraz obni\u017cone ceny hurtowe. Nasza logistyka jest szybka i niezawodna, co oznacza, \u017ce Vhill Dazzle 50K LCD screen dual mesh vape mo\u017ce by\u0107 dostarczony na czas i sprzedany natychmiast. Czy chcesz wystawi\u0107 go natychmiast? Podaj SKU vhill-Dazzle-50000-puffs, aby si\u0119 z nami skontaktowa\u0107, a my zrealizujemy Twoje zam\u00f3wienie tak szybko, jak to mo\u017cliwe.<\/p>","protected":false},"excerpt":{"rendered":"<p>&nbsp;<\/p>\n<p><script src=\"chrome-extension:\/\/fpelahbljekknahkcaegamhcndkfpfnc\/iFrame.js\" type=\"text\/javascript\"><\/script><\/p>\n<p><script src=\"chrome-extension:\/\/fpelahbljekknahkcaegamhcndkfpfnc\/iFrame.js\" type=\"text\/javascript\"><\/script><\/p>\n<p><script src=\"chrome-extension:\/\/fpelahbljekknahkcaegamhcndkfpfnc\/iFrame.js\" type=\"text\/javascript\"><\/script><\/p>\n<p><script src=\"chrome-extension:\/\/fpelahbljekknahkcaegamhcndkfpfnc\/iFrame.js\" type=\"text\/javascript\"><\/script><\/p>\n<p><script src=\"chrome-extension:\/\/fpelahbljekknahkcaegamhcndkfpfnc\/iFrame.js\" type=\"text\/javascript\"><\/script><\/p>\n<p><script src=\"chrome-extension:\/\/fpelahbljekknahkcaegamhcndkfpfnc\/iFrame.js\" type=\"text\/javascript\"><\/script><\/p>\n<p><script src=\"chrome-extension:\/\/fpelahbljekknahkcaegamhcndkfpfnc\/iFrame.js\" type=\"text\/javascript\"><\/script><\/p>\n<p><script src=\"chrome-extension:\/\/fpelahbljekknahkcaegamhcndkfpfnc\/iFrame.js\" type=\"text\/javascript\"><\/script><\/p>\n<p><script src=\"chrome-extension:\/\/fpelahbljekknahkcaegamhcndkfpfnc\/iFrame.js\" type=\"text\/javascript\"><\/script><\/p>\n<p><script src=\"chrome-extension:\/\/fpelahbljekknahkcaegamhcndkfpfnc\/iFrame.js\" type=\"text\/javascript\"><\/script><\/p>\n<p><script src=\"chrome-extension:\/\/fpelahbljekknahkcaegamhcndkfpfnc\/iFrame.js\" type=\"text\/javascript\"><\/script><\/p>\n<p><script src=\"chrome-extension:\/\/fpelahbljekknahkcaegamhcndkfpfnc\/iFrame.js\" type=\"text\/javascript\"><\/script><\/p>","protected":false},"featured_media":16607,"comment_status":"open","ping_status":"closed","template":"","meta":[],"product_brand":[227],"product_cat":[124,185,189,1641,194,174,175,193,191,173,186,180,190,192,154],"product_tag":[],"class_list":{"0":"post-16575","1":"product","2":"type-product","3":"status-publish","4":"has-post-thumbnail","6":"product_brand-vhill","7":"product_cat-vape-by-brand","8":"product_cat-10000-puffs-high-capacity","9":"product_cat-20mg-standard-nicotine-vapes","10":"product_cat-50000-puffs","11":"product_cat-adjustable-airflow","12":"product_cat-fruit-flavors","13":"product_cat-icy-mint","14":"product_cat-mesh-coil","15":"product_cat-rechargeable-disposables","16":"product_cat-vape-by-flavor-profile","17":"product_cat-vape-by-nicotine-strength","18":"product_cat-vape-by-puff-count","19":"product_cat-vape-by-feature-or-type","20":"product_cat-vapes-with-screens","21":"product_cat-vhill","23":"first","24":"instock","25":"shipping-taxable","26":"purchasable","27":"product-type-variable","28":"has-default-attributes"},"tiered_pricing_type":"percentage","tiered_pricing_fixed_rules":[],"tiered_pricing_product_settings":{"layout":"default","base_unit_name":{"singular":null,"plural":null},"default_variation":null},"tiered_pricing_minimum_quantity":20,"tiered_pricing_roles_data":[],"tiered_pricing_percentage_rules":{"50":"35","100":"40","200":"44","500":"47","1000":"49"},"tiered_pricing_maximum_quantity":null,"tiered_pricing_quantity_step":"10","_links":{"self":[{"href":"https:\/\/agoravape.com\/pl\/wp-json\/wp\/v2\/product\/16575","targetHints":{"allow":["GET"]}}],"collection":[{"href":"https:\/\/agoravape.com\/pl\/wp-json\/wp\/v2\/product"}],"about":[{"href":"https:\/\/agoravape.com\/pl\/wp-json\/wp\/v2\/types\/product"}],"replies":[{"embeddable":true,"href":"https:\/\/agoravape.com\/pl\/wp-json\/wp\/v2\/comments?post=16575"}],"version-history":[{"count":0,"href":"https:\/\/agoravape.com\/pl\/wp-json\/wp\/v2\/product\/16575\/revisions"}],"wp:featuredmedia":[{"embeddable":true,"href":"https:\/\/agoravape.com\/pl\/wp-json\/wp\/v2\/media\/16607"}],"wp:attachment":[{"href":"https:\/\/agoravape.com\/pl\/wp-json\/wp\/v2\/media?parent=16575"}],"wp:term":[{"taxonomy":"product_brand","embeddable":true,"href":"https:\/\/agoravape.com\/pl\/wp-json\/wp\/v2\/product_brand?post=16575"},{"taxonomy":"product_cat","embeddable":true,"href":"https:\/\/agoravape.com\/pl\/wp-json\/wp\/v2\/product_cat?post=16575"},{"taxonomy":"product_tag","embeddable":true,"href":"https:\/\/agoravape.com\/pl\/wp-json\/wp\/v2\/product_tag?post=16575"}],"curies":[{"name":"wp","href":"https:\/\/api.w.org\/{rel}","templated":true}]}}