{"id":16666,"date":"2025-10-17T16:45:56","date_gmt":"2025-10-17T08:45:56","guid":{"rendered":"https:\/\/green-grasshopper-921422.hostingersite.com\/?post_type=product&#038;p=16666"},"modified":"2026-01-13T00:53:01","modified_gmt":"2026-01-12T16:53:01","slug":"vhill-20000-puffow-jednorazowy-vape","status":"publish","type":"product","link":"https:\/\/agoravape.com\/pl\/product\/vhill-20000-puffs-disposable-vape\/","title":{"rendered":"VHILL 20000 Puffs Mesh Coil Akumulatorowy Vape | Du\u017ca liczba zaci\u0105gni\u0119\u0107 i \u0142atwe \u0142adowanie przez Type-C"},"content":{"rendered":"<h2 data-v-md-heading=\"how-about-vhill-20000-port-mesh-coil-rechargeable-vape\" data-v-md-line=\"3\">Co powiesz na VHILL 20000 port mesh coil rechargeable vape?<\/h2>\n<p data-v-md-line=\"4\">Je\u015bli jeste\u015b zm\u0119czony wymian\u0105 jednorazowych vape co kilka dni, ten produkt u\u0142atwi Ci \u017cycie. Akumulator VHILL o pojemno\u015bci 20000 port\u00f3w sprawia, \u017ce codzienne u\u017cytkowanie jest \u0142atwe i wygodne, dzi\u0119ki d\u0142ugiej \u017cywotno\u015bci baterii. Nie wymaga wysi\u0142ku, wystarczy na\u0142adowa\u0107 i zassa\u0107.<\/p>\n<p data-v-md-line=\"6\">Jest odpowiedni dla ka\u017cdego, kto chce d\u0142ugotrwa\u0142ego stabilnego u\u017cytkowania bez konieczno\u015bci dostosowywania ustawie\u0144 lub cewek. Mo\u017ce si\u0119 wydawa\u0107, \u017ce tego typu urz\u0105dzenie z \u017cywotno\u015bci\u0105 baterii mo\u017ce wydawa\u0107 si\u0119 niepor\u0119czne, ale jest op\u0142acalne i \u0142atwe w obs\u0142udze.<\/p>\n<h2 data-v-md-heading=\"excellent-performance-without-any-complexity\" data-v-md-line=\"8\">Doskona\u0142a wydajno\u015b\u0107 bez z\u0142o\u017cono\u015bci<\/h2>\n<p data-v-md-line=\"9\">Siatkowa cewka 1,0 \u03a9 znajduje si\u0119 w rdzeniu urz\u0105dzenia, zapewniaj\u0105c, \u017ce ka\u017cdy port jest czysty i stabilny jak pierwszy port. Smak jest jasny i zr\u00f3wnowa\u017cony. Po wyczerpaniu baterii mo\u017cna j\u0105 na\u0142adowa\u0107 za pomoc\u0105 standardowego kabla do transmisji danych typu C (kt\u00f3rego mo\u017cna ju\u017c u\u017cywa\u0107 w telefonie). To proste.<\/p>\n<h2 data-v-md-heading=\"specification-introduction\" data-v-md-line=\"11\">Wprowadzenie do specyfikacji<\/h2>\n<p data-v-md-line=\"12\"><strong>Liczba przyssawek<\/strong>do 20000 zasysa\u0144<br \/>\n<strong>Bateria<\/strong>Akumulator 650 mAh<br \/>\n<strong>Nikotyna<\/strong>: Opcje mog\u0105 si\u0119 r\u00f3\u017cni\u0107 w zale\u017cno\u015bci od rynku. Skontaktuj si\u0119 z nami, aby potwierdzi\u0107 aktualne zalety<br \/>\n<strong>Zasada dzia\u0142ania<\/strong>: Wystarczy wdycha\u0107, aby aktywowa\u0107<br \/>\n<strong>\u0141adowanie<\/strong>: Standardowy port USB typu C<br \/>\n<strong>Status<\/strong>: Gotowy do u\u017cycia po wyj\u0119ciu z pude\u0142ka<\/p>\n<h2 data-v-md-heading=\"full-range-of-flavors\" data-v-md-line=\"19\">Pe\u0142na gama smak\u00f3w<\/h2>\n<ul data-v-md-line=\"20\">\n<li>Blackberry Ice<\/li>\n<li>Wi\u015bniowy l\u00f3d<\/li>\n<li>Jagody i arbuzy<\/li>\n<li>Lody winogronowe<\/li>\n<li>Brzoskwiniowy l\u00f3d<\/li>\n<li>Mieszane lody jagodowe<\/li>\n<li>Arbuz i malina<\/li>\n<li>R\u00f3\u017cowa woda cytrynowa<\/li>\n<li>Guma balonowa o smaku arbuza<\/li>\n<li>Truskawka arbuz<\/li>\n<li>Winogrono Truskawka<\/li>\n<li>Jagoda kiwi<\/li>\n<li>Niebieskie lodowisko<\/li>\n<\/ul>\n<h2 data-v-md-heading=\"for-you-for-your-business\" data-v-md-line=\"34\">Dla Ciebie, dla Twojej firmy<\/h2>\n<p data-v-md-line=\"35\">Mo\u017cesz kupowa\u0107 pojedyncze sztuki do u\u017cytku osobistego lub zaopatrzy\u0107 sw\u00f3j sklep. Opakowanie hurtowe zawiera 200 sztuk, wi\u0119c uzupe\u0142nianie zapas\u00f3w jest bardzo wygodne. Zapewniamy us\u0142ugi dostawy DDP w Europie z zaufanymi partnerami, takimi jak UPS, DPD i DHL, dzi\u0119ki czemu mo\u017cna uzyska\u0107 jasne koszty l\u0105dowania i identyfikowalne informacje o dostawie, unikaj\u0105c nieoczekiwanych sytuacji celnych.<\/p>\n<p data-v-md-line=\"37\">Wprowadzenie do przepis\u00f3w. W niekt\u00f3rych krajach\/regionach UE urz\u0105dzenia o wysokiej mocy ssania mog\u0105 przekracza\u0107 limity okre\u015blone w dyrektywie w sprawie wyrob\u00f3w tytoniowych (TPD). Przed z\u0142o\u017ceniem zam\u00f3wienia nale\u017cy sprawdzi\u0107 lokalne przepisy. Sprzedajemy wy\u0142\u0105cznie osobom pe\u0142noletnim i przeprowadzamy weryfikacj\u0119 wieku przy kasie.<\/p>\n<h2 data-v-md-heading=\"why-do-you-like-it\" data-v-md-line=\"39\">Dlaczego to lubisz?<\/h2>\n<p data-v-md-line=\"40\"><strong>Ogromne ssanie:<\/strong>\u00a0Ograniczenie liczby zduplikowanych zam\u00f3wie\u0144 i zminimalizowanie k\u0142opot\u00f3w<br \/>\n<strong>Wyb\u00f3r nikotyny<\/strong>: Wybierz st\u0119\u017cenie nikotyny, kt\u00f3re odpowiada Twoim nawykom.<br \/>\n<strong>Akumulatorowy<\/strong>: Zu\u017cyj ka\u017cd\u0105 kropl\u0119 zakupionego e-liquidu<br \/>\n<strong>Siatka cewki<\/strong>: Od pierwszego do ostatniego k\u0119sa smak pozostaje niezmienny.<br \/>\n<strong>Wygodny interfejs typu C:<\/strong>\u00a0\u0141adowanie mo\u017ce odbywa\u0107 si\u0119 w dowolnym miejscu bez konieczno\u015bci stosowania specjalnych kabli.<\/p>\n<h2 data-v-md-heading=\"why-choose-agoravape\" data-v-md-line=\"46\">Dlaczego warto wybra\u0107 AgoraVape?<\/h2>\n<p data-v-md-line=\"47\">Kupujemy wy\u0142\u0105cznie oryginalne produkty od autoryzowanych dealer\u00f3w. Oznacza to zapewnienie niezawodnej jako\u015bci dla Ciebie i Twoich klient\u00f3w. Klienci korporacyjni mog\u0105 cieszy\u0107 si\u0119 konkurencyjnymi cenami hurtowymi, szybk\u0105 obs\u0142ug\u0105 klienta, a tak\u017ce szybk\u0105 dostaw\u0105 DDP i pe\u0142nymi us\u0142ugami \u015bledzenia przesy\u0142ek. P\u0142atno\u015bci dokonywane s\u0105 za po\u015brednictwem bezpiecznej bramki, kt\u00f3ra obs\u0142uguje popularne karty kredytowe i PayPal. Nasz zesp\u00f3\u0142 jest zawsze dost\u0119pny, aby pom\u00f3c Ci w wyborze smaku, kwestiach zgodno\u015bci z przepisami i obs\u0142udze posprzeda\u017cowej. Czy chcesz dokona\u0107 zakupu? <a class=\"wpil_keyword_link\" title=\"Vhill\" href=\"https:\/\/agoravape.com\/pl\/marka\/vhill\/\" data-wpil-keyword-link=\"linked\" data-wpil-monitor-id=\"33\">VHILL 20000 zaci\u0105gni\u0119\u0107<\/a> Waporyzatory z wymiennymi wk\u0142adami Mesh Coil dost\u0119pne online? Skontaktuj si\u0119 z nami, zapewnimy Ci stabilne dostawy, aby zagwarantowa\u0107 powr\u00f3t klient\u00f3w.<\/p>","protected":false},"excerpt":{"rendered":"<p>&nbsp;<\/p>\n<p><script src=\"chrome-extension:\/\/fpelahbljekknahkcaegamhcndkfpfnc\/iFrame.js\" type=\"text\/javascript\"><\/script><\/p>\n<p><script src=\"chrome-extension:\/\/fpelahbljekknahkcaegamhcndkfpfnc\/iFrame.js\" type=\"text\/javascript\"><\/script><\/p>\n<p><script src=\"chrome-extension:\/\/fpelahbljekknahkcaegamhcndkfpfnc\/iFrame.js\" type=\"text\/javascript\"><\/script><\/p>\n<p><script src=\"chrome-extension:\/\/fpelahbljekknahkcaegamhcndkfpfnc\/iFrame.js\" type=\"text\/javascript\"><\/script><\/p>\n<p><script src=\"chrome-extension:\/\/fpelahbljekknahkcaegamhcndkfpfnc\/iFrame.js\" type=\"text\/javascript\"><\/script><\/p>\n<p><script src=\"chrome-extension:\/\/fpelahbljekknahkcaegamhcndkfpfnc\/iFrame.js\" type=\"text\/javascript\"><\/script><\/p>\n<p><script src=\"chrome-extension:\/\/fpelahbljekknahkcaegamhcndkfpfnc\/iFrame.js\" type=\"text\/javascript\"><\/script><\/p>\n<p><script src=\"chrome-extension:\/\/fpelahbljekknahkcaegamhcndkfpfnc\/iFrame.js\" type=\"text\/javascript\"><\/script><\/p>\n<p><script src=\"chrome-extension:\/\/fpelahbljekknahkcaegamhcndkfpfnc\/iFrame.js\" type=\"text\/javascript\"><\/script><\/p>\n<p><script src=\"chrome-extension:\/\/fpelahbljekknahkcaegamhcndkfpfnc\/iFrame.js\" type=\"text\/javascript\"><\/script><\/p>\n<p><script src=\"chrome-extension:\/\/fpelahbljekknahkcaegamhcndkfpfnc\/iFrame.js\" type=\"text\/javascript\"><\/script><\/p>\n<p><script src=\"chrome-extension:\/\/fpelahbljekknahkcaegamhcndkfpfnc\/iFrame.js\" type=\"text\/javascript\"><\/script><\/p>","protected":false},"featured_media":16687,"comment_status":"open","ping_status":"closed","template":"","meta":[],"product_brand":[227],"product_cat":[124,185,1636,189,174,175,193,191,173,186,180,190,154],"product_tag":[],"class_list":{"0":"post-16666","1":"product","2":"type-product","3":"status-publish","4":"has-post-thumbnail","6":"product_brand-vhill","7":"product_cat-vape-by-brand","8":"product_cat-10000-puffs-high-capacity","9":"product_cat-20000-puffs","10":"product_cat-20mg-standard-nicotine-vapes","11":"product_cat-fruit-flavors","12":"product_cat-icy-mint","13":"product_cat-mesh-coil","14":"product_cat-rechargeable-disposables","15":"product_cat-vape-by-flavor-profile","16":"product_cat-vape-by-nicotine-strength","17":"product_cat-vape-by-puff-count","18":"product_cat-vape-by-feature-or-type","19":"product_cat-vhill","21":"first","22":"instock","23":"shipping-taxable","24":"purchasable","25":"product-type-variable","26":"has-default-attributes"},"tiered_pricing_type":"percentage","tiered_pricing_fixed_rules":[],"tiered_pricing_product_settings":{"layout":"default","base_unit_name":{"singular":null,"plural":null},"default_variation":null},"tiered_pricing_minimum_quantity":20,"tiered_pricing_roles_data":[],"tiered_pricing_percentage_rules":{"50":"35","100":"40","200":"44","500":"47","1000":"49"},"tiered_pricing_maximum_quantity":null,"tiered_pricing_quantity_step":"10","_links":{"self":[{"href":"https:\/\/agoravape.com\/pl\/wp-json\/wp\/v2\/product\/16666","targetHints":{"allow":["GET"]}}],"collection":[{"href":"https:\/\/agoravape.com\/pl\/wp-json\/wp\/v2\/product"}],"about":[{"href":"https:\/\/agoravape.com\/pl\/wp-json\/wp\/v2\/types\/product"}],"replies":[{"embeddable":true,"href":"https:\/\/agoravape.com\/pl\/wp-json\/wp\/v2\/comments?post=16666"}],"version-history":[{"count":0,"href":"https:\/\/agoravape.com\/pl\/wp-json\/wp\/v2\/product\/16666\/revisions"}],"wp:featuredmedia":[{"embeddable":true,"href":"https:\/\/agoravape.com\/pl\/wp-json\/wp\/v2\/media\/16687"}],"wp:attachment":[{"href":"https:\/\/agoravape.com\/pl\/wp-json\/wp\/v2\/media?parent=16666"}],"wp:term":[{"taxonomy":"product_brand","embeddable":true,"href":"https:\/\/agoravape.com\/pl\/wp-json\/wp\/v2\/product_brand?post=16666"},{"taxonomy":"product_cat","embeddable":true,"href":"https:\/\/agoravape.com\/pl\/wp-json\/wp\/v2\/product_cat?post=16666"},{"taxonomy":"product_tag","embeddable":true,"href":"https:\/\/agoravape.com\/pl\/wp-json\/wp\/v2\/product_tag?post=16666"}],"curies":[{"name":"wp","href":"https:\/\/api.w.org\/{rel}","templated":true}]}}