{"id":16740,"date":"2025-10-17T17:26:17","date_gmt":"2025-10-17T09:26:17","guid":{"rendered":"https:\/\/green-grasshopper-921422.hostingersite.com\/?post_type=product&#038;p=16740"},"modified":"2026-01-19T22:02:16","modified_gmt":"2026-01-19T14:02:16","slug":"bug-monkey-12000-puffow-vape","status":"publish","type":"product","link":"https:\/\/agoravape.com\/pl\/product\/bug-monkey-12000-puffs-vape\/","title":{"rendered":"BUG Monkey 12K Puffs Mesh Coil Disposable Vape | d\u0142ugotrwa\u0142y smak, \u0142atwe \u0142adowanie"},"content":{"rendered":"<h2 data-v-md-heading=\"what-is-special-about-the-bug-monkey-12k-mesh-coil-disposable-vape\" data-v-md-line=\"3\">Co jest wyj\u0105tkowego w jednorazowym vape z cewk\u0105 siatkow\u0105 BUG Monkey 12K?<\/h2>\n<p data-v-md-line=\"4\">Je\u015bli jeste\u015b zm\u0119czony tymi waporyzatorami, kt\u00f3re s\u0105 z\u0142omowane w dni powszednie, z pewno\u015bci\u0105 zechcesz przyjrze\u0107 si\u0119 temu produktowi. BUG Monkey 12K to jednorazowy waporyzator o du\u017cej pojemno\u015bci, wyposa\u017cony w g\u0142adk\u0105 cewk\u0119 siatkow\u0105 i prosty interfejs \u0142adowania typu C, zapewniaj\u0105cy do 12000 zaci\u0105gni\u0119\u0107. Mo\u017ce pomie\u015bci\u0107 18 mililitr\u00f3w e-liquidu o zawarto\u015bci nikotyny 2%, zapewniaj\u0105c stabilne i satysfakcjonuj\u0105ce wra\u017cenia z palenia.<\/p>\n<p data-v-md-line=\"6\">Mo\u017cesz pomy\u015ble\u0107, \u017ce waporyzator o tak du\u017cej pojemno\u015bci b\u0119dzie niepor\u0119czny, ale jego kompaktowo\u015b\u0107 Ci\u0119 zaskoczy. Jego kszta\u0142t jest bardzo wygodny do trzymania w d\u0142oni i mo\u017cna go \u0142atwo umie\u015bci\u0107 w kieszeni.<\/p>\n<h2 data-v-md-heading=\"excellent-performance-without-any-complexity\" data-v-md-line=\"8\">Doskona\u0142a wydajno\u015b\u0107 bez z\u0142o\u017cono\u015bci<\/h2>\n<p data-v-md-line=\"9\">Siatkowa cewka ponosi du\u017c\u0105 odpowiedzialno\u015b\u0107. Jest ona podgrzewana r\u00f3wnomiernie, a ka\u017cdy k\u0119s jest r\u00f3wnie pyszny jak pierwszy. Funkcja aktywacji ssania sprawia, \u017ce wszystko jest proste. Nie trzeba manipulowa\u0107 \u017cadnymi przyciskami. Gdy poziom na\u0142adowania baterii jest niski, wystarczy u\u017cy\u0107 kabla do transmisji danych typu C (mo\u017cesz ju\u017c u\u017cywa\u0107 kabla do transmisji danych telefonu), aby go na\u0142adowa\u0107. To proste.<\/p>\n<h2 data-v-md-heading=\"specification-introduction\" data-v-md-line=\"11\">Wprowadzenie do specyfikacji<\/h2>\n<ul data-v-md-line=\"12\">\n<li>Cz\u0119stotliwo\u015b\u0107 ssania: do 12000 razy<\/li>\n<li>Zawarto\u015b\u0107 nikotyny: 2% (20 mg\/ml)<\/li>\n<li>Pojemno\u015b\u0107 e-liquidu: 18 mililitr\u00f3w<\/li>\n<li>Rdze\u0144 rozpylaj\u0105cy: cewka siatkowa 1,1 \u03a9<\/li>\n<li>Bateria: akumulator o pojemno\u015bci 800 mAh<\/li>\n<li>Zasada dzia\u0142ania: Aktywacja jednym zaci\u0105gni\u0119ciem<\/li>\n<li>\u0141adowanie: Standardowy interfejs USB typu C<\/li>\n<li>Rozmiar: 91 \u00d7 27 \u00d7 47 milimetr\u00f3w<\/li>\n<li>Waga: 82 gramy<\/li>\n<li>Status: Gotowy do u\u017cycia po rozpakowaniu<\/li>\n<\/ul>\n<h2 data-v-md-heading=\"multiple-flavor-options\" data-v-md-line=\"23\">Wiele opcji smakowych<\/h2>\n<ul data-v-md-line=\"24\">\n<li>Arbuzowy l\u00f3d<\/li>\n<li>Sok truskawkowy<\/li>\n<li>Galaretka winogronowa<\/li>\n<li>Brzoskwiniowy l\u00f3d<\/li>\n<li>Blackberry Ice<\/li>\n<li>Kwa\u015bny ananas<\/li>\n<li>Cytryna i limonka<\/li>\n<li>Niebieskie lodowisko<\/li>\n<li>Marakuja Pomara\u0144cza Granat<\/li>\n<li>Napoje energetyczne<\/li>\n<li>Niebieskie lodowisko<\/li>\n<li>Bor\u00f3wki i maliny<\/li>\n<\/ul>\n<h2 data-v-md-heading=\"to-create-for-you-and-your-business\" data-v-md-line=\"37\">Aby stworzy\u0107 dla Ciebie i Twojej firmy<\/h2>\n<p data-v-md-line=\"38\">Mo\u017cesz kupi\u0107 jedn\u0105 sztuk\u0119 lub hurtowo w pude\u0142kach, aby doda\u0107 je do swoich p\u00f3\u0142ek. Dostarczamy 10 sztuk w pude\u0142ku i 200 sztuk w g\u0142\u00f3wnym pude\u0142ku, dzi\u0119ki czemu mo\u017cna \u0142atwo rozszerzy\u0107 zam\u00f3wienie. \u015awiadczymy us\u0142ugi dostawy DDP na terenie Unii Europejskiej za po\u015brednictwem zaufanych partner\u00f3w, takich jak UPS, DPD i DHL, dzi\u0119ki czemu taryfy s\u0105 op\u0142acane przed przyjazdem i nie b\u0119dzie \u017cadnych nieoczekiwanych incydent\u00f3w w urz\u0119dzie celnym.<\/p>\n<p data-v-md-line=\"40\">Kupujemy tylko oryginalne urz\u0105dzenia BUG Monkey i zapewniamy szybk\u0105 wysy\u0142k\u0119 oraz pe\u0142ne us\u0142ugi \u015bledzenia. Uwaga dla sprzedawc\u00f3w: To urz\u0105dzenie zawiera 18 mililitr\u00f3w e-liquidu o zawarto\u015bci nikotyny 2%, dlatego nale\u017cy sprawdzi\u0107 lokalne przepisy TPD i wymienia\u0107 je tylko w dozwolonych miejscach.<\/p>\n<h2 data-v-md-heading=\"why-do-you-like-it\" data-v-md-line=\"42\">Dlaczego to lubisz?<\/h2>\n<ul data-v-md-line=\"43\">\n<li>Ogromne ssanie: do 12000 zaci\u0105gni\u0119\u0107, co oznacza mniejsz\u0105 liczb\u0119 wymian na urz\u0105dzenie i wy\u017csz\u0105 warto\u015b\u0107.<\/li>\n<li>Nikotyna 2%: st\u0119\u017cenie znane doros\u0142ym palaczom elektronicznym w Europie.<\/li>\n<li>Mo\u017cliwo\u015b\u0107 \u0142adowania: \u0141adowanie typu C pozwala zu\u017cy\u0107 18 mililitr\u00f3w e-liquidu do ostatniej kropli.<\/li>\n<li>Siatkowa cewka: r\u00f3wnomierne podgrzewanie, od pierwszego do ostatniego k\u0119sa, z jednolitym smakiem.<\/li>\n<li>Przeno\u015bno\u015b\u0107 w kieszeni: Kompaktowy rozmiar, wygodny do codziennego noszenia.<\/li>\n<\/ul>\n<h2 data-v-md-heading=\"why-collaborate-with-agoravape\" data-v-md-line=\"49\">Dlaczego warto wsp\u00f3\u0142pracowa\u0107 z AgoraVape?<\/h2>\n<p data-v-md-line=\"50\">Jeste\u015bmy jednym z najbardziej zaufanych dystrybutor\u00f3w waporyzator\u00f3w w Europie i sprzedajemy wy\u0142\u0105cznie oryginalne produkty 100%. Kupuj\u0105c jednorazowe waporyzatory BUG Monkey 12K z cewkami siatkowymi, mo\u017cesz cieszy\u0107 si\u0119 obni\u017conymi cenami hurtowymi, szybkim wsparciem technicznym i szybkimi us\u0142ugami dostawy DDP. Skontaktuj si\u0119 z nami, aby zaopatrzy\u0107 swoich klient\u00f3w i sprawi\u0107, by ch\u0119tnie odwiedzali nas ponownie.<\/p>","protected":false},"excerpt":{"rendered":"<p>&nbsp;<\/p>\n<p><script src=\"chrome-extension:\/\/fpelahbljekknahkcaegamhcndkfpfnc\/iFrame.js\" type=\"text\/javascript\"><\/script><\/p>\n<p><script src=\"chrome-extension:\/\/fpelahbljekknahkcaegamhcndkfpfnc\/iFrame.js\" type=\"text\/javascript\"><\/script><\/p>\n<p><script src=\"chrome-extension:\/\/fpelahbljekknahkcaegamhcndkfpfnc\/iFrame.js\" type=\"text\/javascript\"><\/script><\/p>\n<p><script src=\"chrome-extension:\/\/fpelahbljekknahkcaegamhcndkfpfnc\/iFrame.js\" type=\"text\/javascript\"><\/script><\/p>\n<p><script src=\"chrome-extension:\/\/fpelahbljekknahkcaegamhcndkfpfnc\/iFrame.js\" type=\"text\/javascript\"><\/script><\/p>\n<p><script src=\"chrome-extension:\/\/fpelahbljekknahkcaegamhcndkfpfnc\/iFrame.js\" type=\"text\/javascript\"><\/script><\/p>\n<p><script src=\"chrome-extension:\/\/fpelahbljekknahkcaegamhcndkfpfnc\/iFrame.js\" type=\"text\/javascript\"><\/script><\/p>\n<p><script src=\"chrome-extension:\/\/fpelahbljekknahkcaegamhcndkfpfnc\/iFrame.js\" type=\"text\/javascript\"><\/script><\/p>\n<p><script src=\"chrome-extension:\/\/fpelahbljekknahkcaegamhcndkfpfnc\/iFrame.js\" type=\"text\/javascript\"><\/script><\/p>\n<p><script src=\"chrome-extension:\/\/fpelahbljekknahkcaegamhcndkfpfnc\/iFrame.js\" type=\"text\/javascript\"><\/script><\/p>\n<p><script src=\"chrome-extension:\/\/fpelahbljekknahkcaegamhcndkfpfnc\/iFrame.js\" type=\"text\/javascript\"><\/script><\/p>\n<p><script src=\"chrome-extension:\/\/fpelahbljekknahkcaegamhcndkfpfnc\/iFrame.js\" type=\"text\/javascript\"><\/script><\/p>","protected":false},"featured_media":16765,"comment_status":"open","ping_status":"closed","template":"","meta":[],"product_brand":[230],"product_cat":[124,185,189,157,174,175,193,191,173,186,180,190],"product_tag":[],"class_list":{"0":"post-16740","1":"product","2":"type-product","3":"status-publish","4":"has-post-thumbnail","6":"product_brand-bug","7":"product_cat-vape-by-brand","8":"product_cat-10000-puffs-high-capacity","9":"product_cat-20mg-standard-nicotine-vapes","10":"product_cat-bug","11":"product_cat-fruit-flavors","12":"product_cat-icy-mint","13":"product_cat-mesh-coil","14":"product_cat-rechargeable-disposables","15":"product_cat-vape-by-flavor-profile","16":"product_cat-vape-by-nicotine-strength","17":"product_cat-vape-by-puff-count","18":"product_cat-vape-by-feature-or-type","20":"first","21":"onbackorder","22":"shipping-taxable","23":"purchasable","24":"product-type-variable","25":"has-default-attributes"},"tiered_pricing_type":"percentage","tiered_pricing_fixed_rules":[],"tiered_pricing_product_settings":{"layout":"default","base_unit_name":{"singular":null,"plural":null},"default_variation":null},"tiered_pricing_minimum_quantity":10,"tiered_pricing_roles_data":[],"tiered_pricing_percentage_rules":{"30":"29","50":"35","100":"40","200":"44","500":"47","1000":"49"},"tiered_pricing_maximum_quantity":null,"tiered_pricing_quantity_step":"10","_links":{"self":[{"href":"https:\/\/agoravape.com\/pl\/wp-json\/wp\/v2\/product\/16740","targetHints":{"allow":["GET"]}}],"collection":[{"href":"https:\/\/agoravape.com\/pl\/wp-json\/wp\/v2\/product"}],"about":[{"href":"https:\/\/agoravape.com\/pl\/wp-json\/wp\/v2\/types\/product"}],"replies":[{"embeddable":true,"href":"https:\/\/agoravape.com\/pl\/wp-json\/wp\/v2\/comments?post=16740"}],"version-history":[{"count":0,"href":"https:\/\/agoravape.com\/pl\/wp-json\/wp\/v2\/product\/16740\/revisions"}],"wp:featuredmedia":[{"embeddable":true,"href":"https:\/\/agoravape.com\/pl\/wp-json\/wp\/v2\/media\/16765"}],"wp:attachment":[{"href":"https:\/\/agoravape.com\/pl\/wp-json\/wp\/v2\/media?parent=16740"}],"wp:term":[{"taxonomy":"product_brand","embeddable":true,"href":"https:\/\/agoravape.com\/pl\/wp-json\/wp\/v2\/product_brand?post=16740"},{"taxonomy":"product_cat","embeddable":true,"href":"https:\/\/agoravape.com\/pl\/wp-json\/wp\/v2\/product_cat?post=16740"},{"taxonomy":"product_tag","embeddable":true,"href":"https:\/\/agoravape.com\/pl\/wp-json\/wp\/v2\/product_tag?post=16740"}],"curies":[{"name":"wp","href":"https:\/\/api.w.org\/{rel}","templated":true}]}}