{"id":16821,"date":"2025-10-17T17:58:48","date_gmt":"2025-10-17T09:58:48","guid":{"rendered":"https:\/\/green-grasshopper-921422.hostingersite.com\/?post_type=product&#038;p=16821"},"modified":"2026-01-19T22:02:03","modified_gmt":"2026-01-19T14:02:03","slug":"bug-12000-puffow-rgb-light-vape","status":"publish","type":"product","link":"https:\/\/agoravape.com\/pl\/product\/bug-12000-puffs-rgb-light-vape\/","title":{"rendered":"BUG 12K Puffs LED Display Vape z pod\u015bwietleniem RGB | D\u0142ugotrwa\u0142y, prosty i ostry wygl\u0105d"},"content":{"rendered":"<h2 data-v-md-heading=\"bug-12k-suction-capacity-led-display-vape-with-rgb-light-what-s-special-about-it\" data-v-md-line=\"3\">Wy\u015bwietlacz LED BUG 12K z pod\u015bwietleniem RGB, co jest w nim wyj\u0105tkowego?<\/h2>\n<p data-v-md-line=\"4\">Je\u015bli jeste\u015b zm\u0119czony jednorazowymi waporyzatorami, kt\u00f3re zu\u017cywaj\u0105 zbyt du\u017co paliwa, ten produkt z pewno\u015bci\u0105 sprawi, \u017ce je pokochasz. BUG 12K vape ma pojemno\u015b\u0107 do 12000 zaci\u0105gni\u0119\u0107, wyposa\u017cony jest w czytelny wy\u015bwietlacz LED i przyci\u0105gaj\u0105ce wzrok \u015bwiat\u0142a RGB, o stylowym, ale dyskretnym wygl\u0105dzie. Jest przeznaczony dla tych, kt\u00f3rzy d\u0105\u017c\u0105 do trwa\u0142o\u015bci, czystego smaku i zerowego obci\u0105\u017cenia.<\/p>\n<p data-v-md-line=\"6\">Mog\u0142oby si\u0119 wydawa\u0107, \u017ce posiadanie waporyzatora o tak du\u017cej pojemno\u015bci sprawi, \u017ce b\u0119dzie on niepor\u0119czny, ale ten waporyzator jest bardzo przeno\u015bny. Wa\u017cy 91 gram\u00f3w i mierzy oko\u0142o 116 x 32 milimetry, dzi\u0119ki czemu z \u0142atwo\u015bci\u0105 zmie\u015bci si\u0119 w kieszeni lub torbie. Zawarto\u015b\u0107 nikotyny to 2%, gotowa do u\u017cycia po wyj\u0119ciu z pude\u0142ka. Gdy bateria jest roz\u0142adowana, wystarczy u\u017cy\u0107 kabla do transmisji danych typu C, aby j\u0105 na\u0142adowa\u0107.<\/p>\n<h2 data-v-md-heading=\"excellent-performance-easy-and-convenient\" data-v-md-line=\"8\">Doskona\u0142a wydajno\u015b\u0107, \u0142atwo\u015b\u0107 i wygoda<\/h2>\n<p data-v-md-line=\"9\">Siatkowa cewka ponosi du\u017c\u0105 odpowiedzialno\u015b\u0107. Mo\u017ce ona r\u00f3wnomiernie si\u0119 nagrzewa\u0107, sprawiaj\u0105c, \u017ce pierwszy k\u0119s b\u0119dzie tak samo g\u0142adki, jak setny. Cewka 1,1 \u03a9 pomaga utrzyma\u0107 g\u0142adki i sp\u00f3jny smak. Wbudowany 16 ml e-liquid i akumulator o pojemno\u015bci 800 mAh. W razie potrzeby \u0142adowania wystarczy u\u017cy\u0107 tego samego kabla do transmisji danych typu C, co telefon. Prosty i wygodny.<\/p>\n<h2 data-v-md-heading=\"specification-introduction\" data-v-md-line=\"11\">Wprowadzenie do specyfikacji<\/h2>\n<ul data-v-md-line=\"12\">\n<li>Cz\u0119stotliwo\u015b\u0107 ssania: do 12000 razy<\/li>\n<li>Zawarto\u015b\u0107 nikotyny: 2% (20 mg\/ml)<\/li>\n<li>Zasada dzia\u0142ania: Aktywowany przez wdychanie<\/li>\n<li>\u0141adowanie: Interfejs USB typu C<\/li>\n<li>Status: Gotowy do u\u017cycia od razu po wyj\u0119ciu z pude\u0142ka<\/li>\n<li>Rdze\u0144 rozpylaj\u0105cy: oczko 1,1 \u03a9<\/li>\n<li>Pojemno\u015b\u0107 e-liquidu: 16 mililitr\u00f3w<\/li>\n<li>Bateria: akumulator o pojemno\u015bci 800 mAh<\/li>\n<li>Ekran wy\u015bwietlacza i o\u015bwietlenie: Ekran LED z o\u015bwietleniem RGB<\/li>\n<li>Dodatkowe funkcje: w tym wisz\u0105ca lina<\/li>\n<li>Rozmiar i waga: 116 \u00d7 32 milimetry, 91 gram\u00f3w<\/li>\n<\/ul>\n<h2 data-v-md-heading=\"for-you-and-your-business\" data-v-md-line=\"24\">Dla Ciebie i Twojego biznesu<\/h2>\n<p data-v-md-line=\"25\">Chcesz kupowa\u0107 dla siebie? Proste i \u0142atwe do wdro\u017cenia. Dodaj do koszyka i ciesz si\u0119 trwa\u0142ym, \u0142atwym w u\u017cyciu waporyzatorem z wyra\u017anymi odczytami LED i efektownym o\u015bwietleniem RGB.<\/p>\n<p data-v-md-line=\"27\">Robisz zakupy w sklepie stacjonarnym lub internetowym? Dostarczamy oryginalne vape BUG 12K w postaci hurtowych pude\u0142ek kartonowych, z korzystnymi cenami i stabilnymi dostawami. Wsp\u00f3\u0142pracujemy z zaufanymi partnerami, takimi jak UPS, DPD i DHL, aby \u015bwiadczy\u0107 us\u0142ugi dostawy DDP, dzi\u0119ki czemu taryfy mog\u0105 by\u0107 przetwarzane z wyprzedzeniem, aby unikn\u0105\u0107 wypadk\u00f3w celnych. Nasz zesp\u00f3\u0142 mo\u017ce pom\u00f3c w zaplanowaniu portfolio produkt\u00f3w, aby zadowoli\u0107 powracaj\u0105cych klient\u00f3w.<\/p>\n<h2 data-v-md-heading=\"why-do-you-like-it\" data-v-md-line=\"29\">Dlaczego to lubisz?<\/h2>\n<ul data-v-md-line=\"30\">\n<li>Du\u017ca pojemno\u015b\u0107 ssania: do 12 tys. port\u00f3w, co pozwala skr\u00f3ci\u0107 czas wymiany i cieszy\u0107 si\u0119 lepsz\u0105 zabaw\u0105.<\/li>\n<li>Wygodne \u0142adowanie: \u0141adowanie typu C oznacza, \u017ce mo\u017cesz u\u017cywa\u0107 wszystkich zakupionych e-liquid\u00f3w.<\/li>\n<li>Sta\u0142y smak: Siatkowa spirala zapewnia g\u0142adk\u0105 konsystencj\u0119 od pocz\u0105tku do ko\u0144ca.<\/li>\n<li>\u0141atwy w u\u017cyciu: Ekran LED wy\u015bwietla wyra\u017any obraz, a pod\u015bwietlenie RGB dodaje odrobin\u0119 zabawy.<\/li>\n<li>Przeno\u015bny i \u0142atwy do przenoszenia: Kompaktowy korpus jest wyposa\u017cony w wygodn\u0105 lin\u0119 do zawieszania, dzi\u0119ki czemu jest \u0142atwy do przenoszenia.<\/li>\n<\/ul>\n<h2 data-v-md-heading=\"why-choose-agoravape\" data-v-md-line=\"36\">Dlaczego warto wybra\u0107 AgoraVape?<\/h2>\n<p data-v-md-line=\"37\">Sprzedajemy tylko oryginalne produkty 100% od zaufanych marek. Kupuj\u0105c waporyzatory z wy\u015bwietlaczem LED BUG 12K (z o\u015bwietleniem RGB), mo\u017cesz cieszy\u0107 si\u0119 obni\u017conymi cenami hurtowymi, szybkim wsparciem technicznym i us\u0142ugami szybkiej dostawy DDP na terenie Europy. Porozmawiaj z nami o tym, jak zarezerwowa\u0107 sprz\u0119t, kt\u00f3ry klienci b\u0119d\u0105 kupowa\u0107 ponownie.<\/p>","protected":false},"excerpt":{"rendered":"<p>&nbsp;<\/p>\n<p><script src=\"chrome-extension:\/\/fpelahbljekknahkcaegamhcndkfpfnc\/iFrame.js\" type=\"text\/javascript\"><\/script><\/p>\n<p><script src=\"chrome-extension:\/\/fpelahbljekknahkcaegamhcndkfpfnc\/iFrame.js\" type=\"text\/javascript\"><\/script><\/p>\n<p><script src=\"chrome-extension:\/\/fpelahbljekknahkcaegamhcndkfpfnc\/iFrame.js\" type=\"text\/javascript\"><\/script><\/p>\n<p><script src=\"chrome-extension:\/\/fpelahbljekknahkcaegamhcndkfpfnc\/iFrame.js\" type=\"text\/javascript\"><\/script><\/p>\n<p><script src=\"chrome-extension:\/\/fpelahbljekknahkcaegamhcndkfpfnc\/iFrame.js\" type=\"text\/javascript\"><\/script><\/p>\n<p><script src=\"chrome-extension:\/\/fpelahbljekknahkcaegamhcndkfpfnc\/iFrame.js\" type=\"text\/javascript\"><\/script><\/p>\n<p><script src=\"chrome-extension:\/\/fpelahbljekknahkcaegamhcndkfpfnc\/iFrame.js\" type=\"text\/javascript\"><\/script><\/p>\n<p><script src=\"chrome-extension:\/\/fpelahbljekknahkcaegamhcndkfpfnc\/iFrame.js\" type=\"text\/javascript\"><\/script><\/p>\n<p><script src=\"chrome-extension:\/\/fpelahbljekknahkcaegamhcndkfpfnc\/iFrame.js\" type=\"text\/javascript\"><\/script><\/p>\n<p><script src=\"chrome-extension:\/\/fpelahbljekknahkcaegamhcndkfpfnc\/iFrame.js\" type=\"text\/javascript\"><\/script><\/p>\n<p><script src=\"chrome-extension:\/\/fpelahbljekknahkcaegamhcndkfpfnc\/iFrame.js\" type=\"text\/javascript\"><\/script><\/p>\n<p><script src=\"chrome-extension:\/\/fpelahbljekknahkcaegamhcndkfpfnc\/iFrame.js\" type=\"text\/javascript\"><\/script><\/p>","protected":false},"featured_media":16846,"comment_status":"open","ping_status":"closed","template":"","meta":[],"product_brand":[230],"product_cat":[124,185,189,157,174,175,193,191,173,186,180,190,192],"product_tag":[],"class_list":{"0":"post-16821","1":"product","2":"type-product","3":"status-publish","4":"has-post-thumbnail","6":"product_brand-bug","7":"product_cat-vape-by-brand","8":"product_cat-10000-puffs-high-capacity","9":"product_cat-20mg-standard-nicotine-vapes","10":"product_cat-bug","11":"product_cat-fruit-flavors","12":"product_cat-icy-mint","13":"product_cat-mesh-coil","14":"product_cat-rechargeable-disposables","15":"product_cat-vape-by-flavor-profile","16":"product_cat-vape-by-nicotine-strength","17":"product_cat-vape-by-puff-count","18":"product_cat-vape-by-feature-or-type","19":"product_cat-vapes-with-screens","21":"first","22":"onbackorder","23":"shipping-taxable","24":"purchasable","25":"product-type-variable","26":"has-default-attributes"},"tiered_pricing_type":"percentage","tiered_pricing_fixed_rules":[],"tiered_pricing_product_settings":{"layout":"default","base_unit_name":{"singular":null,"plural":null},"default_variation":null},"tiered_pricing_minimum_quantity":10,"tiered_pricing_roles_data":[],"tiered_pricing_percentage_rules":{"30":"29","50":"35","100":"40","200":"44","500":"47","1000":"49"},"tiered_pricing_maximum_quantity":null,"tiered_pricing_quantity_step":"10","_links":{"self":[{"href":"https:\/\/agoravape.com\/pl\/wp-json\/wp\/v2\/product\/16821","targetHints":{"allow":["GET"]}}],"collection":[{"href":"https:\/\/agoravape.com\/pl\/wp-json\/wp\/v2\/product"}],"about":[{"href":"https:\/\/agoravape.com\/pl\/wp-json\/wp\/v2\/types\/product"}],"replies":[{"embeddable":true,"href":"https:\/\/agoravape.com\/pl\/wp-json\/wp\/v2\/comments?post=16821"}],"version-history":[{"count":0,"href":"https:\/\/agoravape.com\/pl\/wp-json\/wp\/v2\/product\/16821\/revisions"}],"wp:featuredmedia":[{"embeddable":true,"href":"https:\/\/agoravape.com\/pl\/wp-json\/wp\/v2\/media\/16846"}],"wp:attachment":[{"href":"https:\/\/agoravape.com\/pl\/wp-json\/wp\/v2\/media?parent=16821"}],"wp:term":[{"taxonomy":"product_brand","embeddable":true,"href":"https:\/\/agoravape.com\/pl\/wp-json\/wp\/v2\/product_brand?post=16821"},{"taxonomy":"product_cat","embeddable":true,"href":"https:\/\/agoravape.com\/pl\/wp-json\/wp\/v2\/product_cat?post=16821"},{"taxonomy":"product_tag","embeddable":true,"href":"https:\/\/agoravape.com\/pl\/wp-json\/wp\/v2\/product_tag?post=16821"}],"curies":[{"name":"wp","href":"https:\/\/api.w.org\/{rel}","templated":true}]}}