{"id":16862,"date":"2025-10-17T18:05:48","date_gmt":"2025-10-17T10:05:48","guid":{"rendered":"https:\/\/green-grasshopper-921422.hostingersite.com\/?post_type=product&#038;p=16862"},"modified":"2026-01-19T22:01:57","modified_gmt":"2026-01-19T14:01:57","slug":"bug-bc5000-puffs-vape","status":"publish","type":"product","link":"https:\/\/agoravape.com\/pl\/product\/bug-bc5000-puffs-vape\/","title":{"rendered":"BUG BC5000 Puffs Kompaktowa grza\u0142ka siatkowa Jednorazowy waporyzator | Intensywny smak, kt\u00f3ry utrzymuje si\u0119 przez d\u0142ugi czas"},"content":{"rendered":"<h2 data-v-md-heading=\"what-is-special-about-the-bug-bc5000-compact-mesh-coil-disposable-vape\" data-v-md-line=\"3\">Czym wyr\u00f3\u017cnia si\u0119 kompaktowy vape jednorazowy z cewk\u0105 siatkow\u0105 BUG BC5000?<\/h2>\n<p data-v-md-line=\"4\">Je\u015bli masz do\u015b\u0107 jednorazowych e-papieros\u00f3w, kt\u00f3re trac\u0105 wa\u017cno\u015b\u0107 w ci\u0105gu jednego dnia, ten produkt jest dok\u0142adnie tym, czego potrzebujesz. BUG BC5000 jest wyposa\u017cony w cewk\u0119 siatkow\u0105, kt\u00f3ra mo\u017ce osi\u0105gn\u0105\u0107 do 5000 zassa\u0144, utrzymuj\u0105c stabilny smak od pierwszego do ostatniego k\u0119sa.<\/p>\n<p data-v-md-line=\"6\">Je\u015bli chcesz niezawodnego i wygodnego waporyzatora, jest to idealny wyb\u00f3r. Nie potrzebujesz przycisk\u00f3w ani menu. Wystarczy \u0142adowa\u0107 przez interfejs Type-C, aby wdycha\u0107 powietrze. Mo\u017cesz pomy\u015ble\u0107, \u017ce waporyzatory z tak du\u017c\u0105 liczb\u0105 zaci\u0105gni\u0119\u0107 s\u0105 niepor\u0119czne, ale ich rozmiar to tylko 81 \u00d7 41 \u00d7 20 milimetr\u00f3w, a waga to tylko 50 gram\u00f3w, co czyni je bardzo wygodnymi do przenoszenia.<\/p>\n<h2 data-v-md-heading=\"excellent-performance-easy-and-convenient\" data-v-md-line=\"8\">Doskona\u0142a wydajno\u015b\u0107, \u0142atwo\u015b\u0107 i wygoda<\/h2>\n<p data-v-md-line=\"9\">Siatkowa cewka jest r\u00f3wnomiernie podgrzewana, dzi\u0119ki czemu ka\u017cdy k\u0119s jest tak pyszny, jak pierwszy smak. Wykorzystuje rezystor 1,1 \u03a9, r\u00f3wnowa\u017c\u0105c g\u0142adki dym i bogaty smak. Gdy poziom na\u0142adowania baterii jest niski, do \u0142adowania mo\u017cna u\u017cy\u0107 tego samego kabla do transmisji danych typu C, co w telefonie. To proste.<\/p>\n<h2 data-v-md-heading=\"specification-introduction\" data-v-md-line=\"11\">Wprowadzenie do specyfikacji<\/h2>\n<p data-v-md-line=\"12\"><strong>Cz\u0119stotliwo\u015b\u0107 ssania<\/strong>do 5000 razy<br \/>\n<strong>Zawarto\u015b\u0107 nikotyny<\/strong>2% S\u00f3l nikotynowa<br \/>\n<strong>Zasada dzia\u0142ania<\/strong>: Wystarczy wdycha\u0107, aby aktywowa\u0107<br \/>\n<strong>\u0141adowanie<\/strong>: Standardowy interfejs typu C<br \/>\n<strong>Status<\/strong>: Gotowy do u\u017cycia po rozpakowaniu<\/p>\n<h2 data-v-md-heading=\"multiple-flavor-options\" data-v-md-line=\"18\">Wiele opcji smakowych<\/h2>\n<ul data-v-md-line=\"19\">\n<li>Arbuzowy l\u00f3d<\/li>\n<li>Sok truskawkowy<\/li>\n<li>Galaretka winogronowa<\/li>\n<li>Brzoskwiniowy l\u00f3d<\/li>\n<li>Blackberry Ice<\/li>\n<li>Kwa\u015bny ananas<\/li>\n<li>Cytryna i limonka<\/li>\n<li>Niebieskie lodowisko<\/li>\n<li>Truskawka Mango<\/li>\n<li>Blueberry Berry<\/li>\n<li>Kwa\u015bne jab\u0142ko z malinami<\/li>\n<li>Bor\u00f3wki i maliny<\/li>\n<\/ul>\n<h2 data-v-md-heading=\"for-you-for-your-business\" data-v-md-line=\"32\">Dla Ciebie, dla Twojej firmy<\/h2>\n<p data-v-md-line=\"33\">Mo\u017cesz kupi\u0107 BUG BC5000 dla siebie lub doda\u0107 go do swojego sklepu. Oferujemy hurtowe pude\u0142ka po 10 sztuk i du\u017ce pude\u0142ka po 200 sztuk, aby spe\u0142ni\u0107 wymagania dotycz\u0105ce zam\u00f3wie\u0144 hurtowych. Urz\u0105dzenie jest wyposa\u017cone w 12-mililitrowy zbiornik e-liquidu i akumulator 500 mAh, dzi\u0119ki czemu klienci mog\u0105 w pe\u0142ni wykorzysta\u0107 ka\u017cd\u0105 kropl\u0119 e-liquidu.<\/p>\n<p data-v-md-line=\"35\">Korzystamy z us\u0142ug zaufanych partner\u00f3w, takich jak UPS, DPD i DHL do wysy\u0142ki na terenie Europy za po\u015brednictwem DDP, dzi\u0119ki czemu taryfy i procedury celne mog\u0105 by\u0107 przetwarzane z wyprzedzeniem, a informacje o \u015bledzeniu s\u0105 jasne. Ze wzgl\u0119du na pojemno\u015b\u0107 urz\u0105dzenia wynosz\u0105c\u0105 12 mililitr\u00f3w, przed zam\u00f3wieniem produkt\u00f3w nikotynowych nale\u017cy sprawdzi\u0107 lokalne przepisy.<\/p>\n<h2 data-v-md-heading=\"why-do-you-like-it\" data-v-md-line=\"37\">Dlaczego to lubisz?<\/h2>\n<p data-v-md-line=\"38\"><strong>Du\u017ca wydajno\u015b\u0107 ssania:<\/strong>\u00a0Trwa\u0142y i d\u0142ugowieczny, nie ma potrzeby cz\u0119stego kupowania nowego e-liquidu.<br \/>\n<strong>2% Nikotyna:<\/strong>\u00a0Umiarkowana koncentracja, pe\u0142ny smak, ale nie ostry.<br \/>\n<strong>Akumulator:<\/strong>\u00a0Mo\u017cna u\u017cywa\u0107 wszystkich zakupionych e-liquid\u00f3w.<br \/>\n<strong>Siatkowy rdze\u0144 atomizera:<\/strong>\u00a0Smak jest sp\u00f3jny i za ka\u017cdym razem mo\u017cna cieszy\u0107 si\u0119 p\u0142ynnym ssaniem.<br \/>\n<strong>Kompaktowa struktura:<\/strong>\u00a0\u0141atwy do przenoszenia, wygodny uchwyt.<\/p>\n<h2 data-v-md-heading=\"why-choose-to-collaborate-with-agoravape\" data-v-md-line=\"44\">Dlaczego warto zdecydowa\u0107 si\u0119 na wsp\u00f3\u0142prac\u0119 z AgoraVape?<\/h2>\n<p data-v-md-line=\"45\">Sprzedajemy tylko oryginalny sprz\u0119t 100% i nie mamy co do tego w\u0105tpliwo\u015bci. BUG BC5000 zapewnia bardzo konkurencyjne ceny hurtowe, szybkie wsparcie i szybkie us\u0142ugi dostawy DDP. U\u017cywamy bezpiecznych bramek p\u0142atniczych i pot\u0119\u017cnych mechanizm\u00f3w weryfikacji wieku, aby zapewni\u0107 zgodno\u015b\u0107 produktu. Nasza polityka zwrot\u00f3w jest jasna i przejrzysta, co pozwala na spokojny zakup. Czy jeste\u015b gotowy na zakup urz\u0105dzenia, do kt\u00f3rego klienci b\u0119d\u0105 wraca\u0107? Zapraszamy do sk\u0142adania zapyta\u0144.<\/p>","protected":false},"excerpt":{"rendered":"<p>&nbsp;<\/p>\n<p><script src=\"chrome-extension:\/\/fpelahbljekknahkcaegamhcndkfpfnc\/iFrame.js\" type=\"text\/javascript\"><\/script><\/p>\n<p><script src=\"chrome-extension:\/\/fpelahbljekknahkcaegamhcndkfpfnc\/iFrame.js\" type=\"text\/javascript\"><\/script><\/p>\n<p><script src=\"chrome-extension:\/\/fpelahbljekknahkcaegamhcndkfpfnc\/iFrame.js\" type=\"text\/javascript\"><\/script><\/p>\n<p><script src=\"chrome-extension:\/\/fpelahbljekknahkcaegamhcndkfpfnc\/iFrame.js\" type=\"text\/javascript\"><\/script><\/p>\n<p><script src=\"chrome-extension:\/\/fpelahbljekknahkcaegamhcndkfpfnc\/iFrame.js\" type=\"text\/javascript\"><\/script><\/p>\n<p><script src=\"chrome-extension:\/\/fpelahbljekknahkcaegamhcndkfpfnc\/iFrame.js\" type=\"text\/javascript\"><\/script><\/p>\n<p><script src=\"chrome-extension:\/\/fpelahbljekknahkcaegamhcndkfpfnc\/iFrame.js\" type=\"text\/javascript\"><\/script><\/p>\n<p><script src=\"chrome-extension:\/\/fpelahbljekknahkcaegamhcndkfpfnc\/iFrame.js\" type=\"text\/javascript\"><\/script><\/p>\n<p><script src=\"chrome-extension:\/\/fpelahbljekknahkcaegamhcndkfpfnc\/iFrame.js\" type=\"text\/javascript\"><\/script><\/p>\n<p><script src=\"chrome-extension:\/\/fpelahbljekknahkcaegamhcndkfpfnc\/iFrame.js\" type=\"text\/javascript\"><\/script><\/p>\n<p><script src=\"chrome-extension:\/\/fpelahbljekknahkcaegamhcndkfpfnc\/iFrame.js\" type=\"text\/javascript\"><\/script><\/p>\n<p><script src=\"chrome-extension:\/\/fpelahbljekknahkcaegamhcndkfpfnc\/iFrame.js\" type=\"text\/javascript\"><\/script><\/p>","protected":false},"featured_media":16886,"comment_status":"open","ping_status":"closed","template":"","meta":[],"product_brand":[230],"product_cat":[124,189,184,157,174,175,193,191,173,186,180,190],"product_tag":[],"class_list":{"0":"post-16862","1":"product","2":"type-product","3":"status-publish","4":"has-post-thumbnail","6":"product_brand-bug","7":"product_cat-vape-by-brand","8":"product_cat-20mg-standard-nicotine-vapes","9":"product_cat-5000-8000-puffs","10":"product_cat-bug","11":"product_cat-fruit-flavors","12":"product_cat-icy-mint","13":"product_cat-mesh-coil","14":"product_cat-rechargeable-disposables","15":"product_cat-vape-by-flavor-profile","16":"product_cat-vape-by-nicotine-strength","17":"product_cat-vape-by-puff-count","18":"product_cat-vape-by-feature-or-type","20":"first","21":"onbackorder","22":"shipping-taxable","23":"purchasable","24":"product-type-variable","25":"has-default-attributes"},"tiered_pricing_type":"percentage","tiered_pricing_fixed_rules":[],"tiered_pricing_product_settings":{"layout":"default","base_unit_name":{"singular":null,"plural":null},"default_variation":null},"tiered_pricing_minimum_quantity":10,"tiered_pricing_roles_data":[],"tiered_pricing_percentage_rules":{"30":"29","50":"35","100":"40","200":"44","500":"47","1000":"49"},"tiered_pricing_maximum_quantity":null,"tiered_pricing_quantity_step":"10","_links":{"self":[{"href":"https:\/\/agoravape.com\/pl\/wp-json\/wp\/v2\/product\/16862","targetHints":{"allow":["GET"]}}],"collection":[{"href":"https:\/\/agoravape.com\/pl\/wp-json\/wp\/v2\/product"}],"about":[{"href":"https:\/\/agoravape.com\/pl\/wp-json\/wp\/v2\/types\/product"}],"replies":[{"embeddable":true,"href":"https:\/\/agoravape.com\/pl\/wp-json\/wp\/v2\/comments?post=16862"}],"version-history":[{"count":0,"href":"https:\/\/agoravape.com\/pl\/wp-json\/wp\/v2\/product\/16862\/revisions"}],"wp:featuredmedia":[{"embeddable":true,"href":"https:\/\/agoravape.com\/pl\/wp-json\/wp\/v2\/media\/16886"}],"wp:attachment":[{"href":"https:\/\/agoravape.com\/pl\/wp-json\/wp\/v2\/media?parent=16862"}],"wp:term":[{"taxonomy":"product_brand","embeddable":true,"href":"https:\/\/agoravape.com\/pl\/wp-json\/wp\/v2\/product_brand?post=16862"},{"taxonomy":"product_cat","embeddable":true,"href":"https:\/\/agoravape.com\/pl\/wp-json\/wp\/v2\/product_cat?post=16862"},{"taxonomy":"product_tag","embeddable":true,"href":"https:\/\/agoravape.com\/pl\/wp-json\/wp\/v2\/product_tag?post=16862"}],"curies":[{"name":"wp","href":"https:\/\/api.w.org\/{rel}","templated":true}]}}