{"id":16901,"date":"2025-10-17T18:13:13","date_gmt":"2025-10-17T10:13:13","guid":{"rendered":"https:\/\/green-grasshopper-921422.hostingersite.com\/?post_type=product&#038;p=16901"},"modified":"2026-01-19T22:01:51","modified_gmt":"2026-01-19T14:01:51","slug":"bug-30000-zaciagniec-vape-o-dwoch-smakach","status":"publish","type":"product","link":"https:\/\/agoravape.com\/pl\/product\/bug-30000-puffs-dual-flavor-vape\/","title":{"rendered":"BUG 30K Puffs Dual Flavor Switchable RGB Vape | Dwa smaki w jednym, zbudowane z my\u015bl\u0105 o trwa\u0142o\u015bci"},"content":{"rendered":"<h2 data-v-md-heading=\"how-great-is-the-30k-switchable-dual-flavor-rgb-vape-with-bug\" data-v-md-line=\"3\">Jak \u015bwietny jest vape 30K z prze\u0142\u0105czanym podw\u00f3jnym smakiem RGB z BUG?<\/h2>\n<p data-v-md-line=\"4\">Je\u015bli masz do\u015b\u0107 waporyzator\u00f3w, kt\u00f3re psuj\u0105 si\u0119 w po\u0142owie tygodnia, ten produkt jest zdecydowanie wart uwagi. BUG 30K jest wyposa\u017cony w inteligentne podw\u00f3jne ustawienia smaku, kt\u00f3re mog\u0105 prze\u0142\u0105cza\u0107 smaki do 30000 k\u0119s\u00f3w, co u\u0142atwia prze\u0142\u0105czanie bez zmiany urz\u0105dze\u0144.<\/p>\n<p data-v-md-line=\"6\">Jest odpowiedni dla ka\u017cdego u\u017cytkownika, kt\u00f3ry d\u0105\u017cy do d\u0142ugotrwa\u0142ej wydajno\u015bci i \u0142atwej wygody. Mo\u017cesz pomy\u015ble\u0107, \u017ce waporyzator o tak du\u017cej pojemno\u015bci b\u0119dzie niepor\u0119czny, ale b\u0119dziesz zaskoczony, \u017ce wa\u017cy tylko oko\u0142o 100 gram\u00f3w i jest lekki i przeno\u015bny. Pod\u015bwietlenie RGB dodaje zabawy bez popisywania si\u0119, a do\u0142\u0105czona smycz jest wygodna do codziennego noszenia.<\/p>\n<h2 data-v-md-heading=\"excellent-performance-easy-and-convenient\" data-v-md-line=\"8\">Doskona\u0142a wydajno\u015b\u0107, \u0142atwo\u015b\u0107 i wygoda<\/h2>\n<p data-v-md-line=\"9\">Siatkowa cewka 1,0 \u03a9 zapewnia jednolity smak od pocz\u0105tku do ko\u0144ca. Ogrzewanie siatkowe jest szybkie i r\u00f3wnomierne, dzi\u0119ki czemu ka\u017cdy k\u0119s smakuje czysto i bogato. Gdy poziom na\u0142adowania baterii jest niski, mo\u017cna u\u017cy\u0107 portu \u0142adowania typu C, aby na\u0142adowa\u0107 i \u0142atwo spu\u015bci\u0107 30 mililitr\u00f3w e-cieczy. Nie s\u0105 wymagane \u017cadne specjalne kable ani skomplikowane czynno\u015bci.<\/p>\n<h2 data-v-md-heading=\"specification-introduction\" data-v-md-line=\"11\">Wprowadzenie do specyfikacji<\/h2>\n<ul data-v-md-line=\"12\">\n<li>Cz\u0119stotliwo\u015b\u0107 zasysania: do 30000 razy<\/li>\n<li>Zawarto\u015b\u0107 nikotyny: 2%<\/li>\n<li>Tryb pracy: W urz\u0105dzeniu mo\u017cna w\u0142\u0105czy\u0107 dwa smaki<\/li>\n<li>\u0141adowanie: Standardowy interfejs USB typu C<\/li>\n<li>Status: Gotowy do u\u017cycia od razu po wyj\u0119ciu z pude\u0142ka<\/li>\n<\/ul>\n<h2 data-v-md-heading=\"full-range-of-flavors\" data-v-md-line=\"18\">Pe\u0142na gama smak\u00f3w<\/h2>\n<ul data-v-md-line=\"19\">\n<li>L\u00f3d arbuzowy \/ galaretka winogronowa<\/li>\n<li>L\u00f3d arbuzowy\/l\u00f3d brzoskwiniowy<\/li>\n<li>Galaretka winogronowa\/l\u00f3d je\u017cynowy<\/li>\n<li>L\u00f3d brzoskwiniowy\/kwa\u015bne jab\u0142ko malinowe<\/li>\n<li>L\u00f3d je\u017cynowy\/kwa\u015bny ananas z mango<\/li>\n<li>Nap\u00f3j energetyczny z kwa\u015bnych jab\u0142ek i malin<\/li>\n<li>L\u00f3d cytrynowy i limonkowy\/ arbuzowy<\/li>\n<li>Galaretka winogronowa\/jagody<\/li>\n<li>Jagoda\/Truskawka Kiwi<\/li>\n<li>Sok truskawkowy\/l\u00f3d je\u017cynowy<\/li>\n<li>Truskawka kiwi\/kwa\u015bne mango\/ananas<\/li>\n<li>Sok truskawkowy\/Passion Fruit Pomara\u0144cza Granat<\/li>\n<\/ul>\n<h2 data-v-md-heading=\"for-you-and-your-business\" data-v-md-line=\"32\">Dla Ciebie i Twojego biznesu<\/h2>\n<p data-v-md-line=\"33\">Przechowuj do u\u017cytku osobistego lub na zapas. Oferujemy opakowania hurtowe po 10 sztuk i du\u017ce opakowania po 200 sztuk, aby sprosta\u0107 zam\u00f3wieniom hurtowym. Urz\u0105dzenie jest dostarczane z efektami \u015bwietlnymi RGB i wisz\u0105cymi linami, dzi\u0119ki czemu stanowi estetyczne opakowanie detaliczne.<\/p>\n<p data-v-md-line=\"35\">Zapewniamy us\u0142ugi wysy\u0142kowe DDP, kt\u00f3re zosta\u0142y opodatkowane, w tym UPS, DPD i DHL, wi\u0119c nie b\u0119dzie \u017cadnych wypadk\u00f3w w urz\u0119dzie celnym. Zapewniamy standardowe us\u0142ugi \u015bledzenia, a opakowanie zosta\u0142o starannie zapakowane. Uwaga: Ze wzgl\u0119du na pojemno\u015b\u0107 produktu wynosz\u0105c\u0105 30 mililitr\u00f3w i st\u0119\u017cenie nikotyny 2%, mo\u017ce on nie spe\u0142nia\u0107 norm TPD w wielu krajach\/regionach UE. W zwi\u0105zku z tym metody dostawy produktu mog\u0105 si\u0119 r\u00f3\u017cni\u0107 w zale\u017cno\u015bci od miejsca przeznaczenia. Przed z\u0142o\u017ceniem zam\u00f3wienia nale\u017cy sprawdzi\u0107 odpowiednie przepisy obowi\u0105zuj\u0105ce w danym regionie.<\/p>\n<h2 data-v-md-heading=\"why-do-you-like-it\" data-v-md-line=\"37\">Dlaczego to lubisz?<\/h2>\n<ul data-v-md-line=\"38\">\n<li>Bardzo du\u017ca pojemno\u015b\u0107: do 30000 port\u00f3w, co oznacza kr\u00f3tszy czas uzupe\u0142niania i wymiany.<\/li>\n<li>Podw\u00f3jne prze\u0142\u0105czanie smak\u00f3w: prze\u0142\u0105czaj smaki w dowolnym momencie<\/li>\n<li>Nikotyna 2%: Zr\u00f3wnowa\u017cone st\u0119\u017cenie nikotyny, odpowiednie do codziennego u\u017cytku<\/li>\n<li>Mo\u017cliwo\u015b\u0107 \u0142adowania: \u0141adowanie typu C pozwala zu\u017cy\u0107 do 30 mililitr\u00f3w e-cieczy.<\/li>\n<li>Siatkowa cewka: Sp\u00f3jny smak<\/li>\n<li>RGB + smycz: Modny i modny, \u0142atwy do przenoszenia, kieszenie nie b\u0119d\u0105 wype\u0142nione ba\u0142aganem<\/li>\n<\/ul>\n<h2 data-v-md-heading=\"why-choose-to-collaborate-with-agoravape\" data-v-md-line=\"45\">Dlaczego warto zdecydowa\u0107 si\u0119 na wsp\u00f3\u0142prac\u0119 z AgoraVape?<\/h2>\n<p data-v-md-line=\"46\">Sprzedajemy wy\u0142\u0105cznie oryginalne produkty 100% i gwarantujemy rozs\u0105dne ceny, niezawodne wsparcie i szybk\u0105 dostaw\u0119. Dla klient\u00f3w komercyjnych oznacza to niezawodne dostawy hurtowe vape BUG 30K z podw\u00f3jnym prze\u0142\u0105cznikiem smaku RGB, a tak\u017ce bezpieczne metody p\u0142atno\u015bci i wygodne us\u0142ugi zwrotu wadliwych produkt\u00f3w. Skontaktuj si\u0119 z nami, aby zaopatrzy\u0107 swoich klient\u00f3w w prawdziwie przyjazne dla u\u017cytkownika urz\u0105dzenie.<\/p>\n<p><script src=\"chrome-extension:\/\/fpelahbljekknahkcaegamhcndkfpfnc\/iFrame.js\" type=\"text\/javascript\"><\/script><\/p>","protected":false},"excerpt":{"rendered":"<p>&nbsp;<\/p>\n<p><script src=\"chrome-extension:\/\/fpelahbljekknahkcaegamhcndkfpfnc\/iFrame.js\" type=\"text\/javascript\"><\/script><\/p>\n<p><script src=\"chrome-extension:\/\/fpelahbljekknahkcaegamhcndkfpfnc\/iFrame.js\" type=\"text\/javascript\"><\/script><\/p>\n<p><script src=\"chrome-extension:\/\/fpelahbljekknahkcaegamhcndkfpfnc\/iFrame.js\" type=\"text\/javascript\"><\/script><\/p>\n<p><script src=\"chrome-extension:\/\/fpelahbljekknahkcaegamhcndkfpfnc\/iFrame.js\" type=\"text\/javascript\"><\/script><\/p>\n<p><script src=\"chrome-extension:\/\/fpelahbljekknahkcaegamhcndkfpfnc\/iFrame.js\" type=\"text\/javascript\"><\/script><\/p>\n<p><script src=\"chrome-extension:\/\/fpelahbljekknahkcaegamhcndkfpfnc\/iFrame.js\" type=\"text\/javascript\"><\/script><\/p>\n<p><script src=\"chrome-extension:\/\/fpelahbljekknahkcaegamhcndkfpfnc\/iFrame.js\" type=\"text\/javascript\"><\/script><\/p>\n<p><script src=\"chrome-extension:\/\/fpelahbljekknahkcaegamhcndkfpfnc\/iFrame.js\" type=\"text\/javascript\"><\/script><\/p>\n<p><script src=\"chrome-extension:\/\/fpelahbljekknahkcaegamhcndkfpfnc\/iFrame.js\" type=\"text\/javascript\"><\/script><\/p>\n<p><script src=\"chrome-extension:\/\/fpelahbljekknahkcaegamhcndkfpfnc\/iFrame.js\" type=\"text\/javascript\"><\/script><\/p>\n<p><script src=\"chrome-extension:\/\/fpelahbljekknahkcaegamhcndkfpfnc\/iFrame.js\" type=\"text\/javascript\"><\/script><\/p>\n<p><script src=\"chrome-extension:\/\/fpelahbljekknahkcaegamhcndkfpfnc\/iFrame.js\" type=\"text\/javascript\"><\/script><\/p>","protected":false},"featured_media":16926,"comment_status":"open","ping_status":"closed","template":"","meta":[],"product_brand":[230],"product_cat":[124,185,189,157,195,174,175,193,191,173,186,180,190],"product_tag":[],"class_list":{"0":"post-16901","1":"product","2":"type-product","3":"status-publish","4":"has-post-thumbnail","6":"product_brand-bug","7":"product_cat-vape-by-brand","8":"product_cat-10000-puffs-high-capacity","9":"product_cat-20mg-standard-nicotine-vapes","10":"product_cat-bug","11":"product_cat-dual-flavor-switch","12":"product_cat-fruit-flavors","13":"product_cat-icy-mint","14":"product_cat-mesh-coil","15":"product_cat-rechargeable-disposables","16":"product_cat-vape-by-flavor-profile","17":"product_cat-vape-by-nicotine-strength","18":"product_cat-vape-by-puff-count","19":"product_cat-vape-by-feature-or-type","21":"first","22":"onbackorder","23":"shipping-taxable","24":"purchasable","25":"product-type-variable","26":"has-default-attributes"},"tiered_pricing_type":"percentage","tiered_pricing_fixed_rules":[],"tiered_pricing_product_settings":{"layout":"default","base_unit_name":{"singular":null,"plural":null},"default_variation":null},"tiered_pricing_minimum_quantity":10,"tiered_pricing_roles_data":[],"tiered_pricing_percentage_rules":{"30":"29","50":"35","100":"40","200":"44","500":"47","1000":"49"},"tiered_pricing_maximum_quantity":null,"tiered_pricing_quantity_step":"10","_links":{"self":[{"href":"https:\/\/agoravape.com\/pl\/wp-json\/wp\/v2\/product\/16901","targetHints":{"allow":["GET"]}}],"collection":[{"href":"https:\/\/agoravape.com\/pl\/wp-json\/wp\/v2\/product"}],"about":[{"href":"https:\/\/agoravape.com\/pl\/wp-json\/wp\/v2\/types\/product"}],"replies":[{"embeddable":true,"href":"https:\/\/agoravape.com\/pl\/wp-json\/wp\/v2\/comments?post=16901"}],"version-history":[{"count":0,"href":"https:\/\/agoravape.com\/pl\/wp-json\/wp\/v2\/product\/16901\/revisions"}],"wp:featuredmedia":[{"embeddable":true,"href":"https:\/\/agoravape.com\/pl\/wp-json\/wp\/v2\/media\/16926"}],"wp:attachment":[{"href":"https:\/\/agoravape.com\/pl\/wp-json\/wp\/v2\/media?parent=16901"}],"wp:term":[{"taxonomy":"product_brand","embeddable":true,"href":"https:\/\/agoravape.com\/pl\/wp-json\/wp\/v2\/product_brand?post=16901"},{"taxonomy":"product_cat","embeddable":true,"href":"https:\/\/agoravape.com\/pl\/wp-json\/wp\/v2\/product_cat?post=16901"},{"taxonomy":"product_tag","embeddable":true,"href":"https:\/\/agoravape.com\/pl\/wp-json\/wp\/v2\/product_tag?post=16901"}],"curies":[{"name":"wp","href":"https:\/\/api.w.org\/{rel}","templated":true}]}}