{"id":16963,"date":"2025-10-18T10:42:20","date_gmt":"2025-10-18T02:42:20","guid":{"rendered":"https:\/\/green-grasshopper-921422.hostingersite.com\/?post_type=product&#038;p=16963"},"modified":"2026-03-31T04:20:47","modified_gmt":"2026-03-31T02:20:47","slug":"bangbox-50000-puffs-dual-flavor-vape","status":"publish","type":"product","link":"https:\/\/agoravape.com\/pl\/product\/bangbox-50000-puffs-dual-flavor-vape\/","title":{"rendered":"BANGBOX 50K Puffs Dual Flavor Dual Coil Vape Online | Dwa smaki. Du\u017ca liczba zaci\u0105gni\u0119\u0107. \u0141atwe \u0142adowanie."},"content":{"rendered":"<h2 data-v-md-heading=\"what-are-the-special-features-of-online-purchase-of-bangbox-50k-dual-flavor-dual-coil-vape\" data-v-md-line=\"3\"><img loading=\"lazy\" decoding=\"async\" class=\"aligncenter size-full wp-image-16977\" src=\"https:\/\/agoravape.com\/wp-content\/uploads\/2025\/10\/BANGBOX-50K-Puffs-Dual-Flavor-Dual-Coil-Vape-Online_Agora_vape-1.webp\" alt=\"\" width=\"2000\" height=\"900\" srcset=\"https:\/\/agoravape.com\/wp-content\/uploads\/2025\/10\/BANGBOX-50K-Puffs-Dual-Flavor-Dual-Coil-Vape-Online_Agora_vape-1.webp 2000w, https:\/\/agoravape.com\/wp-content\/uploads\/2025\/10\/BANGBOX-50K-Puffs-Dual-Flavor-Dual-Coil-Vape-Online_Agora_vape-1-1200x540.webp 1200w, https:\/\/agoravape.com\/wp-content\/uploads\/2025\/10\/BANGBOX-50K-Puffs-Dual-Flavor-Dual-Coil-Vape-Online_Agora_vape-1-300x135.webp 300w, https:\/\/agoravape.com\/wp-content\/uploads\/2025\/10\/BANGBOX-50K-Puffs-Dual-Flavor-Dual-Coil-Vape-Online_Agora_vape-1-1024x461.webp 1024w, https:\/\/agoravape.com\/wp-content\/uploads\/2025\/10\/BANGBOX-50K-Puffs-Dual-Flavor-Dual-Coil-Vape-Online_Agora_vape-1-768x346.webp 768w, https:\/\/agoravape.com\/wp-content\/uploads\/2025\/10\/BANGBOX-50K-Puffs-Dual-Flavor-Dual-Coil-Vape-Online_Agora_vape-1-1536x691.webp 1536w\" sizes=\"auto, (max-width: 2000px) 100vw, 2000px\" \/><\/h2>\n<h2 data-v-md-heading=\"what-are-the-special-features-of-online-purchase-of-bangbox-50k-dual-flavor-dual-coil-vape\" data-v-md-line=\"3\">Jakie s\u0105 szczeg\u00f3lne cechy zakupu online BANGBOX 50K dual flavor dual coil vape?<\/h2>\n<p data-v-md-line=\"4\">Je\u015bli jeste\u015b zm\u0119czony zmienianiem urz\u0105dze\u0144 w celu zmiany smaku, ten produkt spe\u0142ni Twoje potrzeby. BANGBOX integruje dwa smaki w wytrzyma\u0142ym jednorazowym vape, umo\u017cliwiaj\u0105c \u0142atw\u0105 wymian\u0119 bez konieczno\u015bci noszenia zapasowego vape. \u017bywotno\u015b\u0107 baterii wynosi do 50000 jednostek, a czytelne wska\u017aniki na\u0142adowania baterii i poziomu e-liquidu informuj\u0105 u\u017cytkownika o stanie urz\u0105dzenia.<\/p>\n<p data-v-md-line=\"6\">Je\u015bli potrzebujesz prostego i \u0142atwego w u\u017cyciu waporyzatora o stabilnym smaku, bez konieczno\u015bci korzystania z menu lub uci\u0105\u017cliwych przycisk\u00f3w, ten produkt jest idealnym wyborem. Podw\u00f3jna cewka siatkowa zapewnia mocny smak, a bateri\u0119 mo\u017cna \u0142adowa\u0107 za pomoc\u0105 standardowego kabla typu C. Nie ma potrzeby wykonywania \u017cadnych \u017cmudnych operacji.<\/p>\n<h2 data-v-md-heading=\"excellent-performance-easy-and-convenient\" data-v-md-line=\"8\">Doskona\u0142a wydajno\u015b\u0107, \u0142atwo\u015b\u0107 i wygoda<\/h2>\n<p data-v-md-line=\"9\">BANGBOX jest wyposa\u017cony w podw\u00f3jne cewki siatkowe 0,8 \u03a9, kt\u00f3re zawsze utrzymuj\u0105 sta\u0142y smak. Min\u0119\u0142a po\u0142owa tygodnia i nie ma zapachu spalenizny. \u0141adowanie za pomoc\u0105 interfejsu typu C, wi\u0119c kabel \u0142aduj\u0105cy u\u017cywany do telefonu r\u00f3wnie\u017c powinien dzia\u0142a\u0107. Urz\u0105dzenie wy\u015bwietla poziom na\u0142adowania baterii, wi\u0119c nie musisz si\u0119 martwi\u0107 o zgadywanie przez ca\u0142y dzie\u0144. Mo\u017cna by pomy\u015ble\u0107, \u017ce vape z tak du\u017c\u0105 liczb\u0105 ust powinien mie\u0107 \u015bwietne wyczucie, ale nadal jest bardzo wygodny do trzymania w d\u0142oni i \u0142atwy do w\u0142o\u017cenia do kieszeni.<\/p>\n<h2 data-v-md-heading=\"specification-introduction\" data-v-md-line=\"11\">Wprowadzenie do specyfikacji<\/h2>\n<ul data-v-md-line=\"12\">\n<li>Cz\u0119stotliwo\u015b\u0107 zasysania: do 50000 razy<\/li>\n<li>Zawarto\u015b\u0107 nikotyny: 0%, 2%, 3%, 5% (konkretna poda\u017c zale\u017cy od lokalnych przepis\u00f3w)<\/li>\n<li>Pojemno\u015b\u0107 e-liquidu: 45 mililitr\u00f3w<\/li>\n<li>Rdze\u0144 rozpylaj\u0105cy: cewka z podw\u00f3jn\u0105 siatk\u0105 0,8 \u03a9<\/li>\n<li>Bateria: ogniwo 17350 z czystego kobaltu, 850 mAh, roz\u0142adowanie 5 A<\/li>\n<li>Ekran wy\u015bwietlacza: poziom na\u0142adowania baterii i wska\u017anik e-liquidu<\/li>\n<li>Zasada dzia\u0142ania: Aktywacja poprzez wdech<\/li>\n<li>\u0141adowanie: Interfejs USB typu C<\/li>\n<li>Status: Gotowy do u\u017cycia po rozpakowaniu<\/li>\n<\/ul>\n<h2 data-v-md-heading=\"multiple-flavor-options\" data-v-md-line=\"22\">Wiele opcji smakowych<\/h2>\n<ul data-v-md-line=\"23\">\n<li>Smaki truskawkowe, kiwi i podw\u00f3jne winogrona<\/li>\n<li>Smaki ananasowy, mango, brzoskwinia i truskawka z wi\u015bni\u0105<\/li>\n<li>Smaki soku brzoskwiniowego i wody cytrynowej z jagodami<\/li>\n<li>Smaki Blueberry Ice i Lemon Cola Soda<\/li>\n<li>L\u00f3d jagodowy z kwa\u015bn\u0105 malin\u0105 i mieszane smaki owocowe<\/li>\n<li>Smaki Blueberry Ice i Lemon Lime<\/li>\n<li>Arbuzowa guma balonowa i truskawkowy smak arbuzowy<\/li>\n<li>Red Bull Watermelon Ice<\/li>\n<li>Smak jab\u0142ka, gruszki, kiwi, marakui i guawy<\/li>\n<li>Black Dragon Ice Mang o smaku brzoskwiniowo-arbuzowym<\/li>\n<li>Smak truskawkowo-malinowy Sugar LOVE66<\/li>\n<li>Smak truskawkowy z owocami passiflory<\/li>\n<\/ul>\n<h2 data-v-md-heading=\"for-you-and-for-your-business-as-well\" data-v-md-line=\"36\">Dla Ciebie i dla Twojej firmy<\/h2>\n<p data-v-md-line=\"37\">Mo\u017cesz wybra\u0107 jeden do u\u017cytku osobistego lub zaopatrzy\u0107 sw\u00f3j sklep. Pakowane hurtowo, 10 sztuk w pude\u0142ku. W przypadku zakupu du\u017cych ilo\u015bci oferujemy r\u00f3wnie\u017c opakowania kartonowe. Mo\u017cesz wybra\u0107 ma\u0142e pude\u0142ka kartonowe, z kt\u00f3rych ka\u017cde zawiera 100 sztuk i wa\u017cy oko\u0142o 15 kilogram\u00f3w; lub du\u017ce pude\u0142ka kartonowe, z kt\u00f3rych ka\u017cde zawiera 200 sztuk i wa\u017cy oko\u0142o 29 kilogram\u00f3w.<\/p>\n<p data-v-md-line=\"39\">Wysy\u0142amy za po\u015brednictwem zaufanych partner\u00f3w, takich jak UPS, DPD i DHL na zasadzie DDP (Delivered Duty Paid) w ca\u0142ej Europie, dzi\u0119ki czemu taryfy mog\u0105 by\u0107 wst\u0119pnie przetwarzane. Mo\u017cesz cieszy\u0107 si\u0119 \u015bledzeniem i starannym pakowaniem, aby zapewni\u0107 sprawn\u0105 dostaw\u0119 towar\u00f3w i unikn\u0105\u0107 wypadk\u00f3w przy odprawie celnej.<\/p>\n<p data-v-md-line=\"41\">O\u015bwiadczenie o zgodno\u015bci: Opcje zawarto\u015bci nikotyny 0% i 2% maj\u0105 zastosowanie na rynkach regulowanych przez TPD\/TRRP. Wy\u017csze st\u0119\u017cenia nikotyny s\u0105 dost\u0119pne wy\u0142\u0105cznie na mocy lokalnych przepis\u00f3w. Sytuacja w zakresie dostaw mo\u017ce si\u0119 r\u00f3\u017cni\u0107 w zale\u017cno\u015bci od kraju\/regionu.<\/p>\n<h2 data-v-md-heading=\"why-do-you-like-it\" data-v-md-line=\"43\">Dlaczego to lubisz?<\/h2>\n<ul data-v-md-line=\"44\">\n<li>Ogromne ssanie: do 50000 zaci\u0105gni\u0119\u0107, co oznacza mniej powt\u00f3rnych zam\u00f3wie\u0144 i k\u0142opot\u00f3w.<\/li>\n<li>Dwa smaki do wyboru: Nie trzeba nosi\u0107 ze sob\u0105 dw\u00f3ch waporyzator\u00f3w, aby zmienia\u0107 smaki.<\/li>\n<li>Wyb\u00f3r st\u0119\u017cenia nikotyny: Wybierz st\u0119\u017cenie, kt\u00f3re odpowiada Twoim preferencjom i lokalnym przepisom.<\/li>\n<li>Mo\u017cliwo\u015b\u0107 \u0142adowania: \u0141adowanie typu C pozwala wykorzysta\u0107 ca\u0142e 45 mililitr\u00f3w e-liquidu.<\/li>\n<li>Siatkowa cewka: Podw\u00f3jne cewki 0,8 \u03a9, od pierwszego do ostatniego portu, aby utrzyma\u0107 stabilny smak.<\/li>\n<li>Wyra\u017ane wska\u017aniki: poziom na\u0142adowania baterii i poziom e-liquidu na pierwszy rzut oka, co pozwala unikn\u0105\u0107 zasysania na sucho.<\/li>\n<\/ul>\n<h2 data-v-md-heading=\"why-choose-agoravape\" data-v-md-line=\"51\">Dlaczego warto wybra\u0107 AgoraVape?<\/h2>\n<p data-v-md-line=\"52\">Wysy\u0142amy tylko oryginalne produkty 100% bezpo\u015brednio od zweryfikowanych dostawc\u00f3w. Nabywcy korporacyjni, kt\u00f3rzy kupuj\u0105 BANGBOX 50000 vapes z podw\u00f3jn\u0105 cewk\u0105 smakow\u0105, mog\u0105 cieszy\u0107 si\u0119 obni\u017conymi cenami hurtowymi, szybkim wsparciem technicznym i szybk\u0105 dostaw\u0105 DDP na terenie Europy. Spe\u0142niamy wymogi UE w zakresie weryfikacji wieku i zachowujemy przejrzysto\u015b\u0107 na naszych stronach produktowych, umo\u017cliwiaj\u0105c dokonywanie zakup\u00f3w ze spokojem.<\/p>\n<p data-v-md-line=\"54\">Gotowy do zam\u00f3wienia detalicznego lub hurtowego? Prosimy o kontakt w celu uzyskania aktualnych cen i rabat\u00f3w hurtowych.<\/p>","protected":false},"excerpt":{"rendered":"<p>&nbsp;<\/p>","protected":false},"featured_media":16989,"comment_status":"open","ping_status":"closed","template":"","meta":[],"product_brand":[231],"product_cat":[124,187,185,189,1641,158,195,174,175,193,191,173,186,180,190,192],"product_tag":[],"class_list":{"0":"post-16963","1":"product","2":"type-product","3":"status-publish","4":"has-post-thumbnail","6":"product_brand-bang-box","7":"product_cat-vape-by-brand","8":"product_cat-0mg-nicotine-free-vapes","9":"product_cat-10000-puffs-high-capacity","10":"product_cat-20mg-standard-nicotine-vapes","11":"product_cat-50000-puffs","12":"product_cat-bang-box","13":"product_cat-dual-flavor-switch","14":"product_cat-fruit-flavors","15":"product_cat-icy-mint","16":"product_cat-mesh-coil","17":"product_cat-rechargeable-disposables","18":"product_cat-vape-by-flavor-profile","19":"product_cat-vape-by-nicotine-strength","20":"product_cat-vape-by-puff-count","21":"product_cat-vape-by-feature-or-type","22":"product_cat-vapes-with-screens","24":"first","25":"instock","26":"shipping-taxable","27":"purchasable","28":"product-type-variable","29":"has-default-attributes"},"tiered_pricing_type":"percentage","tiered_pricing_fixed_rules":[],"tiered_pricing_product_settings":{"layout":"default","base_unit_name":{"singular":null,"plural":null},"default_variation":null},"tiered_pricing_minimum_quantity":10,"tiered_pricing_roles_data":[],"tiered_pricing_percentage_rules":{"30":"29","50":"35","100":"40","200":"44","500":"47","1000":"49"},"tiered_pricing_maximum_quantity":null,"tiered_pricing_quantity_step":"10","_links":{"self":[{"href":"https:\/\/agoravape.com\/pl\/wp-json\/wp\/v2\/product\/16963","targetHints":{"allow":["GET"]}}],"collection":[{"href":"https:\/\/agoravape.com\/pl\/wp-json\/wp\/v2\/product"}],"about":[{"href":"https:\/\/agoravape.com\/pl\/wp-json\/wp\/v2\/types\/product"}],"replies":[{"embeddable":true,"href":"https:\/\/agoravape.com\/pl\/wp-json\/wp\/v2\/comments?post=16963"}],"version-history":[{"count":0,"href":"https:\/\/agoravape.com\/pl\/wp-json\/wp\/v2\/product\/16963\/revisions"}],"wp:featuredmedia":[{"embeddable":true,"href":"https:\/\/agoravape.com\/pl\/wp-json\/wp\/v2\/media\/16989"}],"wp:attachment":[{"href":"https:\/\/agoravape.com\/pl\/wp-json\/wp\/v2\/media?parent=16963"}],"wp:term":[{"taxonomy":"product_brand","embeddable":true,"href":"https:\/\/agoravape.com\/pl\/wp-json\/wp\/v2\/product_brand?post=16963"},{"taxonomy":"product_cat","embeddable":true,"href":"https:\/\/agoravape.com\/pl\/wp-json\/wp\/v2\/product_cat?post=16963"},{"taxonomy":"product_tag","embeddable":true,"href":"https:\/\/agoravape.com\/pl\/wp-json\/wp\/v2\/product_tag?post=16963"}],"curies":[{"name":"wp","href":"https:\/\/api.w.org\/{rel}","templated":true}]}}