{"id":16994,"date":"2025-10-18T10:58:12","date_gmt":"2025-10-18T02:58:12","guid":{"rendered":"https:\/\/green-grasshopper-921422.hostingersite.com\/?post_type=product&#038;p=16994"},"modified":"2026-03-31T04:20:46","modified_gmt":"2026-03-31T02:20:46","slug":"bangbox-12000-puffs-vape","status":"publish","type":"product","link":"https:\/\/agoravape.com\/pl\/product\/bangbox-12000-puffs-vape\/","title":{"rendered":"BANGBOX 12000 Puffs Vape z akumulatorem i latark\u0105 | Du\u017ce zaci\u0105gni\u0119cia, \u0142atwe \u0142adowanie"},"content":{"rendered":"<h2 data-v-md-heading=\"what-is-the-bangbox-12000-rechargeable-vape-with-a-light\" data-v-md-line=\"3\"><img loading=\"lazy\" decoding=\"async\" class=\"aligncenter size-full wp-image-17008\" src=\"https:\/\/agoravape.com\/wp-content\/uploads\/2025\/10\/BANGBOX-12000-Puffs-Rechargeable-Vape-with-Light_Agora_vape-2.webp\" alt=\"\" width=\"2500\" height=\"1406\" srcset=\"https:\/\/agoravape.com\/wp-content\/uploads\/2025\/10\/BANGBOX-12000-Puffs-Rechargeable-Vape-with-Light_Agora_vape-2.webp 2500w, https:\/\/agoravape.com\/wp-content\/uploads\/2025\/10\/BANGBOX-12000-Puffs-Rechargeable-Vape-with-Light_Agora_vape-2-1200x675.webp 1200w, https:\/\/agoravape.com\/wp-content\/uploads\/2025\/10\/BANGBOX-12000-Puffs-Rechargeable-Vape-with-Light_Agora_vape-2-300x169.webp 300w, https:\/\/agoravape.com\/wp-content\/uploads\/2025\/10\/BANGBOX-12000-Puffs-Rechargeable-Vape-with-Light_Agora_vape-2-1024x576.webp 1024w, https:\/\/agoravape.com\/wp-content\/uploads\/2025\/10\/BANGBOX-12000-Puffs-Rechargeable-Vape-with-Light_Agora_vape-2-768x432.webp 768w, https:\/\/agoravape.com\/wp-content\/uploads\/2025\/10\/BANGBOX-12000-Puffs-Rechargeable-Vape-with-Light_Agora_vape-2-1536x864.webp 1536w, https:\/\/agoravape.com\/wp-content\/uploads\/2025\/10\/BANGBOX-12000-Puffs-Rechargeable-Vape-with-Light_Agora_vape-2-2048x1152.webp 2048w\" sizes=\"auto, (max-width: 2500px) 100vw, 2500px\" \/><\/h2>\n<h2 data-v-md-heading=\"what-is-the-bangbox-12000-rechargeable-vape-with-a-light\" data-v-md-line=\"3\">Co to jest vape BANGBOX 12000 z lampk\u0105?<\/h2>\n<p data-v-md-line=\"4\">Je\u015bli jeste\u015b zm\u0119czony zu\u017cywaniem jednorazowych waporyzator\u00f3w, zanim b\u0119dziesz mia\u0142 do\u015b\u0107, mo\u017cesz wypr\u00f3bowa\u0107 ten. BANGBOX 12000 jest wyposa\u017cony w akumulator i 20 ml e-liquidu o du\u017cej pojemno\u015bci, zapewniaj\u0105c zasi\u0119g do 12000 zaci\u0105gni\u0119\u0107, co zapewnia stosunek jako\u015bci do ceny.<\/p>\n<p data-v-md-line=\"6\">Je\u015bli potrzebujesz prostego i niezawodnego waporyzatora, kt\u00f3ry pozwoli Ci cieszy\u0107 si\u0119 pysznym jedzeniem za ka\u017cdym razem bez \u017cadnych k\u0142opot\u00f3w, to ten waporyzator jest idealnym wyborem. Jest on wyposa\u017cony w mi\u0119kkie o\u015bwietlenie klosza, dodaj\u0105ce odrobin\u0119 mody, ale nie przesadzone. Obudowa jest gruba i niepor\u0119czna. Wa\u017cy zaledwie 84 gramy i mierzy 137 x 40 x 40 milimetr\u00f3w, dzi\u0119ki czemu z \u0142atwo\u015bci\u0105 zmie\u015bci si\u0119 w kieszeni.<\/p>\n<h2 data-v-md-heading=\"excellent-performance-and-easy-operation\" data-v-md-line=\"8\">Doskona\u0142a wydajno\u015b\u0107 i \u0142atwa obs\u0142uga<\/h2>\n<p data-v-md-line=\"9\">Rdzeniem tego urz\u0105dzenia jest cewka siatkowa, zapewniaj\u0105ca sp\u00f3jny smak od pierwszego do ostatniego k\u0119sa. Nie wyst\u0119puje zjawisko nienormalnie niskiego ssania lub zasysania na sucho. Gdy bateria jest roz\u0142adowana, wystarczy u\u017cy\u0107 tego samego interfejsu typu C, co kabel do \u0142adowania telefonu. To proste.<\/p>\n<h2 data-v-md-heading=\"specification-introduction\" data-v-md-line=\"11\">Wprowadzenie do specyfikacji<\/h2>\n<p data-v-md-line=\"12\"><strong>Cz\u0119stotliwo\u015b\u0107 ssania<\/strong>do 12000 razy<br \/>\n<strong>Nikotyna<\/strong>: 0%, 2%, 3% i 5% opcjonalnie<br \/>\n<strong>Zasada dzia\u0142ania<\/strong>: Aktywowany przez wdychanie<br \/>\n<strong>\u0141adowanie<\/strong>: Standardowy interfejs USB typu C<br \/>\n<strong>Status<\/strong>: Gotowy do u\u017cycia po rozpakowaniu<\/p>\n<h2 data-v-md-heading=\"full-range-of-flavors\" data-v-md-line=\"18\">Pe\u0142na gama smak\u00f3w<\/h2>\n<ul data-v-md-line=\"19\">\n<li>Truskawka i banan<\/li>\n<li>Kiwi, marakuja, guawa<\/li>\n<li>Truskawka kiwi<\/li>\n<li>Black Dragon Ice<\/li>\n<li>Kwa\u015bne jab\u0142ko malina<\/li>\n<li>Guma balonowa o smaku arbuza<\/li>\n<li>Truskawka arbuz<\/li>\n<li>Sok truskawkowy<\/li>\n<li>Arbuzowy l\u00f3d<\/li>\n<li>Cz\u0142owiek Arbuz<\/li>\n<li>Niebieskie lodowisko<\/li>\n<\/ul>\n<p><img loading=\"lazy\" decoding=\"async\" class=\"aligncenter size-full wp-image-16993\" src=\"https:\/\/agoravape.com\/wp-content\/uploads\/2025\/10\/BANGBOX-12000-Puffs-Rechargeable-Vape-with-Light_Agora_vape-1-scaled.webp\" alt=\"\" width=\"1693\" height=\"2560\" srcset=\"https:\/\/agoravape.com\/wp-content\/uploads\/2025\/10\/BANGBOX-12000-Puffs-Rechargeable-Vape-with-Light_Agora_vape-1-scaled.webp 1693w, https:\/\/agoravape.com\/wp-content\/uploads\/2025\/10\/BANGBOX-12000-Puffs-Rechargeable-Vape-with-Light_Agora_vape-1-scaled-1200x1815.webp 1200w, https:\/\/agoravape.com\/wp-content\/uploads\/2025\/10\/BANGBOX-12000-Puffs-Rechargeable-Vape-with-Light_Agora_vape-1-198x300.webp 198w, https:\/\/agoravape.com\/wp-content\/uploads\/2025\/10\/BANGBOX-12000-Puffs-Rechargeable-Vape-with-Light_Agora_vape-1-677x1024.webp 677w, https:\/\/agoravape.com\/wp-content\/uploads\/2025\/10\/BANGBOX-12000-Puffs-Rechargeable-Vape-with-Light_Agora_vape-1-768x1161.webp 768w, https:\/\/agoravape.com\/wp-content\/uploads\/2025\/10\/BANGBOX-12000-Puffs-Rechargeable-Vape-with-Light_Agora_vape-1-1016x1536.webp 1016w, https:\/\/agoravape.com\/wp-content\/uploads\/2025\/10\/BANGBOX-12000-Puffs-Rechargeable-Vape-with-Light_Agora_vape-1-1355x2048.webp 1355w\" sizes=\"auto, (max-width: 1693px) 100vw, 1693px\" \/><\/p>\n<h2 data-v-md-heading=\"for-you-and-your-business\" data-v-md-line=\"31\">Dla Ciebie i Twojego biznesu<\/h2>\n<p data-v-md-line=\"32\">Mo\u017cesz kupi\u0107 BANGBOX 12000 do u\u017cytku osobistego lub hurtowo po 10 sztuk w pude\u0142ku. Planujesz masow\u0105 produkcj\u0119? Ka\u017cde pude\u0142ko zawiera 200 sztuk, dzi\u0119ki czemu uzupe\u0142nianie zapas\u00f3w jest wygodne. Wsp\u00f3\u0142pracujemy z zaufanymi partnerami, takimi jak UPS, DPD i DHL, aby wysy\u0142a\u0107 towary w ca\u0142ej Europie na zasadzie Delivered Duty Paid (DDP), unikaj\u0105c wypadk\u00f3w celnych.<\/p>\n<h2 data-v-md-heading=\"why-do-you-like-it\" data-v-md-line=\"34\">Dlaczego to lubisz?<\/h2>\n<p data-v-md-line=\"35\"><strong>Du\u017ca pojemno\u015b\u0107 palenia:<\/strong>\u00a0Trwa\u0142e i d\u0142ugowieczne, nie ma potrzeby cz\u0119stego kupowania nowych papieros\u00f3w.<br \/>\n<strong>Wyb\u00f3r nikotyny:<\/strong>\u00a0Wybierz st\u0119\u017cenie nikotyny odpowiednie na dany dzie\u0144.<br \/>\n<strong>Akumulator:<\/strong>\u00a0U\u017cywaj wszystkich e-liquid\u00f3w bez marnowania ani kropli.<br \/>\n<strong>Siatka cewki:<\/strong>\u00a0Sta\u0142y smak i p\u0142ynne doznania.<\/p>\n<h2 data-v-md-heading=\"why-choose-agoravape\" data-v-md-line=\"40\">Dlaczego warto wybra\u0107 AgoraVape?<\/h2>\n<p data-v-md-line=\"41\">Sprzedajemy tylko oryginalne produkty 100% i nie mamy co do tego \u017cadnych w\u0105tpliwo\u015bci. Dla nabywc\u00f3w komercyjnych oznacza to, \u017ce BANGBOX 12000 vapes wielokrotnego \u0142adowania (ze \u015bwiat\u0142ami) ma bardzo konkurencyjne ceny hurtowe, niezawodne wsparcie oraz szybk\u0105 i niezawodn\u0105 wysy\u0142k\u0119 w Europie. Skontaktuj si\u0119 z nami, aby zaopatrzy\u0107 swoich klient\u00f3w i sprawi\u0107, by ch\u0119tnie odwiedzali nas ponownie.<\/p>","protected":false},"excerpt":{"rendered":"<p>&nbsp;<\/p>","protected":false},"featured_media":17019,"comment_status":"open","ping_status":"closed","template":"","meta":[],"product_brand":[231],"product_cat":[124,187,185,1634,189,158,174,175,193,191,173,186,180,190],"product_tag":[],"class_list":{"0":"post-16994","1":"product","2":"type-product","3":"status-publish","4":"has-post-thumbnail","6":"product_brand-bang-box","7":"product_cat-vape-by-brand","8":"product_cat-0mg-nicotine-free-vapes","9":"product_cat-10000-puffs-high-capacity","10":"product_cat-12000-puffs","11":"product_cat-20mg-standard-nicotine-vapes","12":"product_cat-bang-box","13":"product_cat-fruit-flavors","14":"product_cat-icy-mint","15":"product_cat-mesh-coil","16":"product_cat-rechargeable-disposables","17":"product_cat-vape-by-flavor-profile","18":"product_cat-vape-by-nicotine-strength","19":"product_cat-vape-by-puff-count","20":"product_cat-vape-by-feature-or-type","22":"first","23":"onbackorder","24":"shipping-taxable","25":"purchasable","26":"product-type-variable","27":"has-default-attributes"},"tiered_pricing_type":"percentage","tiered_pricing_fixed_rules":[],"tiered_pricing_product_settings":{"layout":"default","base_unit_name":{"singular":null,"plural":null},"default_variation":null},"tiered_pricing_minimum_quantity":10,"tiered_pricing_roles_data":[],"tiered_pricing_percentage_rules":{"30":"29","50":"35","100":"40","200":"44","500":"47","1000":"49"},"tiered_pricing_maximum_quantity":null,"tiered_pricing_quantity_step":"10","_links":{"self":[{"href":"https:\/\/agoravape.com\/pl\/wp-json\/wp\/v2\/product\/16994","targetHints":{"allow":["GET"]}}],"collection":[{"href":"https:\/\/agoravape.com\/pl\/wp-json\/wp\/v2\/product"}],"about":[{"href":"https:\/\/agoravape.com\/pl\/wp-json\/wp\/v2\/types\/product"}],"replies":[{"embeddable":true,"href":"https:\/\/agoravape.com\/pl\/wp-json\/wp\/v2\/comments?post=16994"}],"version-history":[{"count":1,"href":"https:\/\/agoravape.com\/pl\/wp-json\/wp\/v2\/product\/16994\/revisions"}],"predecessor-version":[{"id":29817,"href":"https:\/\/agoravape.com\/pl\/wp-json\/wp\/v2\/product\/16994\/revisions\/29817"}],"wp:featuredmedia":[{"embeddable":true,"href":"https:\/\/agoravape.com\/pl\/wp-json\/wp\/v2\/media\/17019"}],"wp:attachment":[{"href":"https:\/\/agoravape.com\/pl\/wp-json\/wp\/v2\/media?parent=16994"}],"wp:term":[{"taxonomy":"product_brand","embeddable":true,"href":"https:\/\/agoravape.com\/pl\/wp-json\/wp\/v2\/product_brand?post=16994"},{"taxonomy":"product_cat","embeddable":true,"href":"https:\/\/agoravape.com\/pl\/wp-json\/wp\/v2\/product_cat?post=16994"},{"taxonomy":"product_tag","embeddable":true,"href":"https:\/\/agoravape.com\/pl\/wp-json\/wp\/v2\/product_tag?post=16994"}],"curies":[{"name":"wp","href":"https:\/\/api.w.org\/{rel}","templated":true}]}}