{"id":17050,"date":"2025-10-18T11:22:24","date_gmt":"2025-10-18T03:22:24","guid":{"rendered":"https:\/\/green-grasshopper-921422.hostingersite.com\/?post_type=product&#038;p=17050"},"modified":"2026-03-31T04:20:45","modified_gmt":"2026-03-31T02:20:45","slug":"bangbox-20000-puffs-vape","status":"publish","type":"product","link":"https:\/\/agoravape.com\/pl\/product\/bangbox-20000-puffs-vape\/","title":{"rendered":"BANGBOX 20000 Puffs Mesh Coil Jednorazowy Vape EU | D\u0142ugotrwa\u0142y smak, \u0142atwe \u0142adowanie"},"content":{"rendered":"<h2 data-v-md-heading=\"what-are-the-special-features-of-bangbox-20000-port-mesh-coil-disposable-vape-european-standard\" data-v-md-line=\"3\"><img loading=\"lazy\" decoding=\"async\" class=\"aligncenter size-full wp-image-17049\" src=\"https:\/\/agoravape.com\/wp-content\/uploads\/2025\/10\/BANGBOX-20000-Puffs-Mesh-Coil-Disposable-Vape-EU_Agora_vape-1.webp\" alt=\"\" width=\"2560\" height=\"1440\" srcset=\"https:\/\/agoravape.com\/wp-content\/uploads\/2025\/10\/BANGBOX-20000-Puffs-Mesh-Coil-Disposable-Vape-EU_Agora_vape-1.webp 2560w, https:\/\/agoravape.com\/wp-content\/uploads\/2025\/10\/BANGBOX-20000-Puffs-Mesh-Coil-Disposable-Vape-EU_Agora_vape-1-1200x675.webp 1200w, https:\/\/agoravape.com\/wp-content\/uploads\/2025\/10\/BANGBOX-20000-Puffs-Mesh-Coil-Disposable-Vape-EU_Agora_vape-1-300x169.webp 300w, https:\/\/agoravape.com\/wp-content\/uploads\/2025\/10\/BANGBOX-20000-Puffs-Mesh-Coil-Disposable-Vape-EU_Agora_vape-1-1024x576.webp 1024w, https:\/\/agoravape.com\/wp-content\/uploads\/2025\/10\/BANGBOX-20000-Puffs-Mesh-Coil-Disposable-Vape-EU_Agora_vape-1-768x432.webp 768w, https:\/\/agoravape.com\/wp-content\/uploads\/2025\/10\/BANGBOX-20000-Puffs-Mesh-Coil-Disposable-Vape-EU_Agora_vape-1-1536x864.webp 1536w, https:\/\/agoravape.com\/wp-content\/uploads\/2025\/10\/BANGBOX-20000-Puffs-Mesh-Coil-Disposable-Vape-EU_Agora_vape-1-2048x1152.webp 2048w\" sizes=\"auto, (max-width: 2560px) 100vw, 2560px\" \/><\/h2>\n<h2 data-v-md-heading=\"what-are-the-special-features-of-bangbox-20000-port-mesh-coil-disposable-vape-european-standard\" data-v-md-line=\"3\">Jakie s\u0105 szczeg\u00f3lne cechy jednorazowego vape z cewk\u0105 siatkow\u0105 BANGBOX 20000 (standard europejski)?<\/h2>\n<p data-v-md-line=\"4\">Je\u015bli jeste\u015b zm\u0119czony jednorazowymi vapami zu\u017cywanymi w dni powszednie, warto przyjrze\u0107 si\u0119 temu produktowi. BANGBOX ma pojemno\u015b\u0107 do 20000 port\u00f3w i jest wyposa\u017cony w czytelny wy\u015bwietlacz baterii, co pozwala dok\u0142adnie zrozumie\u0107, kiedy nale\u017cy go na\u0142adowa\u0107. Nie trzeba zgadywa\u0107, \u0142atwo i wygodnie.<\/p>\n<p data-v-md-line=\"6\">Je\u015bli chcesz niezawodnego, smacznego i gotowego do u\u017cycia waporyzatora, to ten produkt jest idealnym wyborem. Mo\u017cna by pomy\u015ble\u0107, \u017ce posiadanie urz\u0105dzenia o tak du\u017cej pojemno\u015bci sprawi, \u017ce b\u0119dzie ono niepor\u0119czne, ale rozmiar BANGBOX jest zaskakuj\u0105co ma\u0142y, tylko 142 \u00d7 33 \u00d7 33 milimetry. Wa\u017cy oko\u0142o 105 gram\u00f3w, jest solidny, ale nie sprawi, \u017ce poczujesz si\u0119 ci\u0119\u017cki.<\/p>\n<h2 data-v-md-heading=\"excellent-performance-and-easy-operation\" data-v-md-line=\"8\">Doskona\u0142a wydajno\u015b\u0107 i \u0142atwa obs\u0142uga<\/h2>\n<p data-v-md-line=\"9\">Sercem tego urz\u0105dzenia jest cewka siatkowa, zapewniaj\u0105ca sp\u00f3jny smak od pierwszego do ostatniego zaci\u0105gni\u0119cia. Wystarczy zaci\u0105gn\u0105\u0107 si\u0119, aby aktywowa\u0107 urz\u0105dzenie. Gdy poziom na\u0142adowania baterii jest niski, mo\u017cna pod\u0142\u0105czy\u0107 kabel danych typu C i u\u017cy\u0107 \u0142adowarki do telefonu, aby j\u0105 na\u0142adowa\u0107. Ma\u0142y ekran wy\u015bwietla stan baterii, umo\u017cliwiaj\u0105c kontrol\u0119 nad wszystkim.<\/p>\n<h2 data-v-md-heading=\"specification-introduction\" data-v-md-line=\"11\">Wprowadzenie do specyfikacji<\/h2>\n<p data-v-md-line=\"12\"><strong>Cz\u0119stotliwo\u015b\u0107 ssania<\/strong>do 20000 razy<br \/>\n<strong>Zawarto\u015b\u0107 nikotyny<\/strong>: 0%, 2%, 3%, 5%<br \/>\n<strong>Zasada dzia\u0142ania<\/strong>: Wystarczy wdycha\u0107, aby aktywowa\u0107<br \/>\n<strong>\u0141adowanie<\/strong>: Standardowy interfejs USB typu C<br \/>\n<strong>Status<\/strong>: Gotowy do u\u017cycia po rozpakowaniu<\/p>\n<h2 data-v-md-heading=\"full-range-of-flavors\" data-v-md-line=\"18\">Pe\u0142na gama smak\u00f3w<\/h2>\n<ul data-v-md-line=\"19\">\n<li>Truskawka kiwi<\/li>\n<li>Kiwi, marakuja, guawa<\/li>\n<li>Truskawka arbuz<\/li>\n<li>Arbuz malinowy<\/li>\n<li>Kwa\u015bny l\u00f3d jagodowo-malinowy<\/li>\n<li>Arbuzowy l\u00f3d<\/li>\n<li>L\u00f3d bananowy<\/li>\n<li>Mango i brzoskwinia<\/li>\n<li>Niebieskie lodowisko<\/li>\n<li>Mr. Blueberry (Red Bull + Mixed Berry)<\/li>\n<li>Lody winogronowe<\/li>\n<li>Mango Ice<\/li>\n<\/ul>\n<p><img loading=\"lazy\" decoding=\"async\" class=\"aligncenter size-full wp-image-17076\" src=\"https:\/\/agoravape.com\/wp-content\/uploads\/2025\/10\/BANGBOX-20000-Puffs-Mesh-Coil-Disposable-Vape-EU_Agora_vape-14.webp\" alt=\"\" width=\"2269\" height=\"1276\" srcset=\"https:\/\/agoravape.com\/wp-content\/uploads\/2025\/10\/BANGBOX-20000-Puffs-Mesh-Coil-Disposable-Vape-EU_Agora_vape-14.webp 2269w, https:\/\/agoravape.com\/wp-content\/uploads\/2025\/10\/BANGBOX-20000-Puffs-Mesh-Coil-Disposable-Vape-EU_Agora_vape-14-1200x675.webp 1200w, https:\/\/agoravape.com\/wp-content\/uploads\/2025\/10\/BANGBOX-20000-Puffs-Mesh-Coil-Disposable-Vape-EU_Agora_vape-14-300x169.webp 300w, https:\/\/agoravape.com\/wp-content\/uploads\/2025\/10\/BANGBOX-20000-Puffs-Mesh-Coil-Disposable-Vape-EU_Agora_vape-14-1024x576.webp 1024w, https:\/\/agoravape.com\/wp-content\/uploads\/2025\/10\/BANGBOX-20000-Puffs-Mesh-Coil-Disposable-Vape-EU_Agora_vape-14-768x432.webp 768w, https:\/\/agoravape.com\/wp-content\/uploads\/2025\/10\/BANGBOX-20000-Puffs-Mesh-Coil-Disposable-Vape-EU_Agora_vape-14-1536x864.webp 1536w, https:\/\/agoravape.com\/wp-content\/uploads\/2025\/10\/BANGBOX-20000-Puffs-Mesh-Coil-Disposable-Vape-EU_Agora_vape-14-2048x1152.webp 2048w\" sizes=\"auto, (max-width: 2269px) 100vw, 2269px\" \/><\/p>\n<h2 data-v-md-heading=\"for-you-and-your-business\" data-v-md-line=\"32\">Dla Ciebie i Twojego biznesu<\/h2>\n<p data-v-md-line=\"33\">Mo\u017cesz kupi\u0107 BANGBOX 20000 do u\u017cytku osobistego lub zaopatrzy\u0107 sw\u00f3j sklep. Opakowanie hurtowe to 10 sztuk w pude\u0142ku, 100 lub 200 sztuk w pude\u0142ku (je\u015bli chcesz kupi\u0107 w du\u017cych ilo\u015bciach). SKU, kt\u00f3ry jest wygodny do zamawiania to BANG-BOX-20000-puff.<\/p>\n<p data-v-md-line=\"35\">Korzystamy z us\u0142ug zaufanych partner\u00f3w, takich jak UPS, DPD i DHL, aby wysy\u0142a\u0107 produkty do wielu miejsc docelowych w UE za po\u015brednictwem DDP, aby prawid\u0142owo obs\u0142ugiwa\u0107 op\u0142aty celne i unikn\u0105\u0107 nieoczekiwanych incydent\u00f3w w urz\u0119dzie celnym. Przepisy r\u00f3\u017cni\u0105 si\u0119 na r\u00f3\u017cnych rynkach Unii Europejskiej, dlatego wa\u017cne jest, aby sprawdzi\u0107 lokalne przepisy przed importem, zw\u0142aszcza \u017ce to urz\u0105dzenie zawiera tylko 35 mililitr\u00f3w e-liquidu.<\/p>\n<h2 data-v-md-heading=\"why-do-you-like-it\" data-v-md-line=\"37\">Dlaczego to lubisz?<\/h2>\n<p data-v-md-line=\"38\"><strong>Silne ssanie<\/strong>: Starcza na d\u0142u\u017cej, wi\u0119c nie trzeba cz\u0119sto kupowa\u0107 nowego e-liquidu.<br \/>\n<strong>Wyb\u00f3r nikotyny<\/strong>: Wybierz st\u0119\u017cenie nikotyny, kt\u00f3re odpowiada Twojemu dniu.<br \/>\n<strong>Akumulatorowy<\/strong>: Zu\u017cyjesz ca\u0142y zakupiony e-liquid.<br \/>\n<strong>Siatka cewki<\/strong>: Ciesz si\u0119 g\u0142adk\u0105 i jednolit\u0105 tekstur\u0105 przy ka\u017cdym zassaniu.<br \/>\n<strong>Wy\u015bwietlacz poziomu na\u0142adowania akumulatora<\/strong>: Szybki podgl\u0105d poziomu na\u0142adowania baterii.<\/p>\n<h2 data-v-md-heading=\"why-collaborate-with-agoravape\" data-v-md-line=\"44\">Dlaczego warto wsp\u00f3\u0142pracowa\u0107 z AgoraVape?<\/h2>\n<p data-v-md-line=\"45\">Sprzedajemy tylko oryginalne produkty 100% z wiarygodnych \u017ar\u00f3de\u0142. Dla nabywc\u00f3w komercyjnych oznacza to obni\u017cone ceny hurtowe, niezawodne wsparcie i szybk\u0105 dostaw\u0119 DDP w ca\u0142ej Europie. Weryfikujemy rok produkcji, przestrzegamy standard\u00f3w bran\u017cowych i zachowujemy przejrzysto\u015b\u0107 komunikacji. Skontaktuj si\u0119 z nami natychmiast, aby zam\u00f3wi\u0107 jednorazowe waporyzatory BANGBOX 20000 z cewkami siatkowymi (wersja UE), zapewniaj\u0105c swoim klientom trwa\u0142y i godny zaufania produkt zwrotny.<\/p>","protected":false},"excerpt":{"rendered":"<p>What are the special features of BANGBOX 20000 port mesh coil disposable vape (European standard)? If you are tired of<\/p>","protected":false},"featured_media":17075,"comment_status":"open","ping_status":"closed","template":"","meta":[],"product_brand":[231],"product_cat":[124,187,185,1636,189,158,174,175,193,191,173,186,180,190,192],"product_tag":[],"class_list":{"0":"post-17050","1":"product","2":"type-product","3":"status-publish","4":"has-post-thumbnail","6":"product_brand-bang-box","7":"product_cat-vape-by-brand","8":"product_cat-0mg-nicotine-free-vapes","9":"product_cat-10000-puffs-high-capacity","10":"product_cat-20000-puffs","11":"product_cat-20mg-standard-nicotine-vapes","12":"product_cat-bang-box","13":"product_cat-fruit-flavors","14":"product_cat-icy-mint","15":"product_cat-mesh-coil","16":"product_cat-rechargeable-disposables","17":"product_cat-vape-by-flavor-profile","18":"product_cat-vape-by-nicotine-strength","19":"product_cat-vape-by-puff-count","20":"product_cat-vape-by-feature-or-type","21":"product_cat-vapes-with-screens","23":"first","24":"onbackorder","25":"shipping-taxable","26":"purchasable","27":"product-type-variable","28":"has-default-attributes"},"tiered_pricing_type":"percentage","tiered_pricing_fixed_rules":[],"tiered_pricing_product_settings":{"layout":"default","base_unit_name":{"singular":null,"plural":null},"default_variation":null},"tiered_pricing_minimum_quantity":10,"tiered_pricing_roles_data":[],"tiered_pricing_percentage_rules":{"30":"29","50":"35","100":"40","200":"44","500":"47","1000":"49"},"tiered_pricing_maximum_quantity":null,"tiered_pricing_quantity_step":"10","_links":{"self":[{"href":"https:\/\/agoravape.com\/pl\/wp-json\/wp\/v2\/product\/17050","targetHints":{"allow":["GET"]}}],"collection":[{"href":"https:\/\/agoravape.com\/pl\/wp-json\/wp\/v2\/product"}],"about":[{"href":"https:\/\/agoravape.com\/pl\/wp-json\/wp\/v2\/types\/product"}],"replies":[{"embeddable":true,"href":"https:\/\/agoravape.com\/pl\/wp-json\/wp\/v2\/comments?post=17050"}],"version-history":[{"count":1,"href":"https:\/\/agoravape.com\/pl\/wp-json\/wp\/v2\/product\/17050\/revisions"}],"predecessor-version":[{"id":29815,"href":"https:\/\/agoravape.com\/pl\/wp-json\/wp\/v2\/product\/17050\/revisions\/29815"}],"wp:featuredmedia":[{"embeddable":true,"href":"https:\/\/agoravape.com\/pl\/wp-json\/wp\/v2\/media\/17075"}],"wp:attachment":[{"href":"https:\/\/agoravape.com\/pl\/wp-json\/wp\/v2\/media?parent=17050"}],"wp:term":[{"taxonomy":"product_brand","embeddable":true,"href":"https:\/\/agoravape.com\/pl\/wp-json\/wp\/v2\/product_brand?post=17050"},{"taxonomy":"product_cat","embeddable":true,"href":"https:\/\/agoravape.com\/pl\/wp-json\/wp\/v2\/product_cat?post=17050"},{"taxonomy":"product_tag","embeddable":true,"href":"https:\/\/agoravape.com\/pl\/wp-json\/wp\/v2\/product_tag?post=17050"}],"curies":[{"name":"wp","href":"https:\/\/api.w.org\/{rel}","templated":true}]}}