{"id":17079,"date":"2025-10-18T11:37:35","date_gmt":"2025-10-18T03:37:35","guid":{"rendered":"https:\/\/green-grasshopper-921422.hostingersite.com\/?post_type=product&#038;p=17079"},"modified":"2026-03-31T04:20:45","modified_gmt":"2026-03-31T02:20:45","slug":"bangbox-30000-puffow-pojedynczy-smak-vape","status":"publish","type":"product","link":"https:\/\/agoravape.com\/pl\/product\/bangbox-30000-puffs-single-flavor-vape\/","title":{"rendered":"BANGBOX 30K Puffs Single Flavor Dual Coil Vape | Ogromna pojemno\u015b\u0107, \u0142atwe codzienne wapowanie"},"content":{"rendered":"<h2 data-v-md-heading=\"what-are-the-special-features-of-bangbox-30k-single-flavor-dual-coil-vape\" data-v-md-line=\"3\"><img loading=\"lazy\" decoding=\"async\" class=\"aligncenter size-full wp-image-17078\" src=\"https:\/\/agoravape.com\/wp-content\/uploads\/2025\/10\/BANGBOX-30K-Puffs-Single-Flavor-Dual-Coil-Vape_Agora_vape-1-scaled.webp\" alt=\"\" width=\"2560\" height=\"1440\" srcset=\"https:\/\/agoravape.com\/wp-content\/uploads\/2025\/10\/BANGBOX-30K-Puffs-Single-Flavor-Dual-Coil-Vape_Agora_vape-1-scaled.webp 2560w, https:\/\/agoravape.com\/wp-content\/uploads\/2025\/10\/BANGBOX-30K-Puffs-Single-Flavor-Dual-Coil-Vape_Agora_vape-1-scaled-1200x675.webp 1200w, https:\/\/agoravape.com\/wp-content\/uploads\/2025\/10\/BANGBOX-30K-Puffs-Single-Flavor-Dual-Coil-Vape_Agora_vape-1-300x169.webp 300w, https:\/\/agoravape.com\/wp-content\/uploads\/2025\/10\/BANGBOX-30K-Puffs-Single-Flavor-Dual-Coil-Vape_Agora_vape-1-1024x576.webp 1024w, https:\/\/agoravape.com\/wp-content\/uploads\/2025\/10\/BANGBOX-30K-Puffs-Single-Flavor-Dual-Coil-Vape_Agora_vape-1-768x432.webp 768w, https:\/\/agoravape.com\/wp-content\/uploads\/2025\/10\/BANGBOX-30K-Puffs-Single-Flavor-Dual-Coil-Vape_Agora_vape-1-1536x864.webp 1536w, https:\/\/agoravape.com\/wp-content\/uploads\/2025\/10\/BANGBOX-30K-Puffs-Single-Flavor-Dual-Coil-Vape_Agora_vape-1-2048x1152.webp 2048w\" sizes=\"auto, (max-width: 2560px) 100vw, 2560px\" \/><\/h2>\n<h2 data-v-md-heading=\"what-are-the-special-features-of-bangbox-30k-single-flavor-dual-coil-vape\" data-v-md-line=\"3\">Jakie s\u0105 szczeg\u00f3lne cechy waporyzatora BANGBOX 30K z pojedynczym smakiem i podw\u00f3jn\u0105 cewk\u0105?<\/h2>\n<p data-v-md-line=\"4\">Je\u015bli jeste\u015b zm\u0119czony wymian\u0105 vape co kilka dni, ten produkt pomo\u017ce Ci pozby\u0107 si\u0119 zmartwie\u0144. BANGBOX 30K ma pojemno\u015b\u0107 do 30000 zaci\u0105gni\u0119\u0107, zapewniaj\u0105c p\u0142ynne i sp\u00f3jne zasysanie przy zachowaniu bogatego smaku.<\/p>\n<p data-v-md-line=\"6\">Jest odpowiedni dla ka\u017cdego, kto chce d\u0142ugotrwa\u0142ej wygody bez konieczno\u015bci korzystania z uci\u0105\u017cliwych menu lub operacji. Ka\u017cde urz\u0105dzenie oferuje jeden smak, dzi\u0119ki czemu u\u017cytkownik wie, czego chce. Ponadto jest wyposa\u017cony w wygodne baterie i wska\u017aniki e-liquidu, dzi\u0119ki czemu nie musisz ju\u017c martwi\u0107 si\u0119 o zgadywanie.<\/p>\n<h2 data-v-md-heading=\"excellent-performance-without-any-doubts\" data-v-md-line=\"8\">Doskona\u0142a wydajno\u015b\u0107 bez \u017cadnych w\u0105tpliwo\u015bci<\/h2>\n<p data-v-md-line=\"9\">Rdzeniem BANGBOX 30K jest cewka z podw\u00f3jn\u0105 siatk\u0105. Dzi\u0119ki temu ka\u017cde zasysanie jest czyste i wydajne, bez stopniowego os\u0142abiania po jednym lub dw\u00f3ch dniach. Gdy bateria jest roz\u0142adowana, mo\u017cna j\u0105 na\u0142adowa\u0107 za pomoc\u0105 interfejsu typu C, a kabel do \u0142adowania mo\u017ce by\u0107 taki sam jak kabel do \u0142adowania telefonu. Bardzo wygodny. Poziomy na\u0142adowania baterii i e-liquidu s\u0105 widoczne na pierwszy rzut oka, dzi\u0119ki czemu mo\u017cesz by\u0107 spokojny i wolny od zmartwie\u0144.<\/p>\n<h2 data-v-md-heading=\"specification-introduction\" data-v-md-line=\"11\">Wprowadzenie do specyfikacji<\/h2>\n<ul data-v-md-line=\"12\">\n<li>Cz\u0119stotliwo\u015b\u0107 zasysania: do 30000 razy<\/li>\n<li>Zawarto\u015b\u0107 nikotyny: 0%, 2%, 3%, 5% opcjonalnie<\/li>\n<li>Rdze\u0144 atomizuj\u0105cy: Rdze\u0144 rozpylaj\u0105cy z podw\u00f3jn\u0105 siatk\u0105 (0,4 \u03a9), z pojedynczym rdzeniem rozpylaj\u0105cym w trybie 0,8 \u03a9. Szczeg\u00f3\u0142owe informacje mo\u017cna znale\u017a\u0107 w specyfikacji<\/li>\n<li>E-liquid: 35 mililitr\u00f3w na jednostk\u0119<\/li>\n<li>Bateria: 850 mAh (ogniwa 17350, roz\u0142adowanie 5 A)<\/li>\n<li>\u0141adowanie: Interfejs USB typu C<\/li>\n<li>Wska\u017anik \u015bwietlny: wy\u015bwietlanie poziomu e-cieczy i baterii<\/li>\n<li>Rozmiar i waga: oko\u0142o 115 \u00d7 60 \u00d7 33 milimetr\u00f3w, 100 gram\u00f3w<\/li>\n<li>Status: Gotowy do u\u017cycia od razu po wyj\u0119ciu z pude\u0142ka<\/li>\n<\/ul>\n<p data-v-md-line=\"22\">Przy tak wielu zaci\u0105gni\u0119ciach vape, du\u017ca obj\u0119to\u015b\u0107 jest zniech\u0119caj\u0105ca, ale rozmiar tego vape to tylko 115 \u00d7 60 \u00d7 33 milimetry, dzi\u0119ki czemu jest wygodny do przenoszenia.<\/p>\n<h2 data-v-md-heading=\"full-range-of-flavors\" data-v-md-line=\"24\">Pe\u0142na gama smak\u00f3w<\/h2>\n<ul data-v-md-line=\"25\">\n<li>Truskawka kiwi<\/li>\n<li>Black Gallon Burst (Black Gallon + Pudding)<\/li>\n<li>Truskawka arbuz<\/li>\n<li>Jungle Juice<\/li>\n<li>Kwa\u015bny l\u00f3d jagodowy<\/li>\n<li>Arbuzowy l\u00f3d<\/li>\n<li>Niebieskie lodowisko<\/li>\n<li>Jagody i granaty<\/li>\n<li>Blue Burst (Blueberries+Bubblegum)<\/li>\n<li>Jab\u0142ko brzoskwinia<\/li>\n<li>Marakuja<\/li>\n<li>Podw\u00f3jne winogrona<\/li>\n<\/ul>\n<h2 data-v-md-heading=\"for-you-and-your-business\" data-v-md-line=\"38\">Dla Ciebie i Twojego biznesu<\/h2>\n<p data-v-md-line=\"39\">Kupi\u0107 samemu? Wybierz smak i st\u0119\u017cenie nikotyny, aby zacz\u0105\u0107 u\u017cywa\u0107. Zaopatrywa\u0107 si\u0119 w sklepach fizycznych lub internetowych? Oferujemy wygodne opcje hurtowe i opakowania detaliczne.<\/p>\n<ul data-v-md-line=\"41\">\n<li>Opakowanie: 10 sztuk w pude\u0142ku<\/li>\n<li>Liczba karton\u00f3w: 100 ma\u0142ych pude\u0142ek lub 200 du\u017cych pude\u0142ek<\/li>\n<\/ul>\n<p data-v-md-line=\"44\">\u015awiadczymy us\u0142ugi dostawy DDP w ca\u0142ej Europie za po\u015brednictwem zaufanych partner\u00f3w, takich jak UPS, DPD i DHL, zapewniaj\u0105c przejrzyste ceny i unikaj\u0105c niespodzianek celnych.<\/p>\n<h2 data-v-md-heading=\"why-do-you-like-it\" data-v-md-line=\"46\">Dlaczego to lubisz?<\/h2>\n<ul data-v-md-line=\"47\">\n<li>Ogromne ssanie: do 30000 zaci\u0105gni\u0119\u0107, co oznacza mniejsz\u0105 liczb\u0119 wymian i wy\u017csz\u0105 warto\u015b\u0107 pojedynczego urz\u0105dzenia.<\/li>\n<li>Wyb\u00f3r st\u0119\u017cenia nikotyny: Dost\u0119pne s\u0105 cztery st\u0119\u017cenia, a u\u017cytkownik mo\u017ce wybra\u0107 to, kt\u00f3re najbardziej mu odpowiada.<\/li>\n<li>Mo\u017cliwo\u015b\u0107 \u0142adowania: \u0141adowanie typu C pomaga wykorzysta\u0107 ka\u017cd\u0105 kropl\u0119 e-liquidu.<\/li>\n<li>Podw\u00f3jne zwoje siatki: zapewniaj\u0105 stabilny smak, od pierwszego do ostatniego k\u0119sa, przynosz\u0105c satysfakcjonuj\u0105ce doznania.<\/li>\n<li>Inteligentny wska\u017anik \u015bwietlny: Kontrolki baterii i e-liquidu informuj\u0105 u\u017cytkownika o sytuacji w dowolnym momencie.<\/li>\n<\/ul>\n<h2 data-v-md-heading=\"why-choose-to-collaborate-with-agoravape\" data-v-md-line=\"53\">Dlaczego warto zdecydowa\u0107 si\u0119 na wsp\u00f3\u0142prac\u0119 z AgoraVape?<\/h2>\n<p data-v-md-line=\"54\">Sprzedajemy tylko oryginalne produkty 100% i nie mamy co do tego w\u0105tpliwo\u015bci. Nasi klienci B2B mog\u0105 cieszy\u0107 si\u0119 obni\u017conymi cenami hurtowymi, szybkim wsparciem i niezawodnymi us\u0142ugami dostawy DDP dla BANGBOX 30K single flavored dual coil vapes. Chcesz go kupi\u0107? Skontaktuj si\u0119 z nami, a my szybko pomo\u017cemy Ci z wysy\u0142k\u0105.<\/p>","protected":false},"excerpt":{"rendered":"<p>What are the special features of BANGBOX 30K single flavor dual coil vape? If you\u2019re tired of changing your vape<\/p>","protected":false},"featured_media":17103,"comment_status":"open","ping_status":"closed","template":"","meta":[],"product_brand":[231],"product_cat":[124,187,185,189,1637,158,174,175,193,191,173,186,180,190,192],"product_tag":[],"class_list":{"0":"post-17079","1":"product","2":"type-product","3":"status-publish","4":"has-post-thumbnail","6":"product_brand-bang-box","7":"product_cat-vape-by-brand","8":"product_cat-0mg-nicotine-free-vapes","9":"product_cat-10000-puffs-high-capacity","10":"product_cat-20mg-standard-nicotine-vapes","11":"product_cat-30000-puffs","12":"product_cat-bang-box","13":"product_cat-fruit-flavors","14":"product_cat-icy-mint","15":"product_cat-mesh-coil","16":"product_cat-rechargeable-disposables","17":"product_cat-vape-by-flavor-profile","18":"product_cat-vape-by-nicotine-strength","19":"product_cat-vape-by-puff-count","20":"product_cat-vape-by-feature-or-type","21":"product_cat-vapes-with-screens","23":"first","24":"onbackorder","25":"shipping-taxable","26":"purchasable","27":"product-type-variable","28":"has-default-attributes"},"tiered_pricing_type":"percentage","tiered_pricing_fixed_rules":[],"tiered_pricing_product_settings":{"layout":"default","base_unit_name":{"singular":null,"plural":null},"default_variation":null},"tiered_pricing_minimum_quantity":10,"tiered_pricing_roles_data":[],"tiered_pricing_percentage_rules":{"30":"29","50":"35","100":"40","200":"44","500":"47","1000":"49"},"tiered_pricing_maximum_quantity":null,"tiered_pricing_quantity_step":"10","_links":{"self":[{"href":"https:\/\/agoravape.com\/pl\/wp-json\/wp\/v2\/product\/17079","targetHints":{"allow":["GET"]}}],"collection":[{"href":"https:\/\/agoravape.com\/pl\/wp-json\/wp\/v2\/product"}],"about":[{"href":"https:\/\/agoravape.com\/pl\/wp-json\/wp\/v2\/types\/product"}],"replies":[{"embeddable":true,"href":"https:\/\/agoravape.com\/pl\/wp-json\/wp\/v2\/comments?post=17079"}],"version-history":[{"count":1,"href":"https:\/\/agoravape.com\/pl\/wp-json\/wp\/v2\/product\/17079\/revisions"}],"predecessor-version":[{"id":29814,"href":"https:\/\/agoravape.com\/pl\/wp-json\/wp\/v2\/product\/17079\/revisions\/29814"}],"wp:featuredmedia":[{"embeddable":true,"href":"https:\/\/agoravape.com\/pl\/wp-json\/wp\/v2\/media\/17103"}],"wp:attachment":[{"href":"https:\/\/agoravape.com\/pl\/wp-json\/wp\/v2\/media?parent=17079"}],"wp:term":[{"taxonomy":"product_brand","embeddable":true,"href":"https:\/\/agoravape.com\/pl\/wp-json\/wp\/v2\/product_brand?post=17079"},{"taxonomy":"product_cat","embeddable":true,"href":"https:\/\/agoravape.com\/pl\/wp-json\/wp\/v2\/product_cat?post=17079"},{"taxonomy":"product_tag","embeddable":true,"href":"https:\/\/agoravape.com\/pl\/wp-json\/wp\/v2\/product_tag?post=17079"}],"curies":[{"name":"wp","href":"https:\/\/api.w.org\/{rel}","templated":true}]}}