{"id":17105,"date":"2025-10-18T12:02:44","date_gmt":"2025-10-18T04:02:44","guid":{"rendered":"https:\/\/green-grasshopper-921422.hostingersite.com\/?post_type=product&#038;p=17105"},"modified":"2026-03-31T04:20:44","modified_gmt":"2026-03-31T02:20:44","slug":"bangbox-30000-puffow-vape-o-dwoch-smakach","status":"publish","type":"product","link":"https:\/\/agoravape.com\/pl\/product\/bangbox-30000-puffs-dual-flavor-vape\/","title":{"rendered":"BANGBOX 30K Puffs Dual Flavor Switchable Screen Vape | Dwa smaki na kranie, stworzone, by przetrwa\u0107"},"content":{"rendered":"<h2 data-v-md-heading=\"what-is-special-about-bangbox-30k-dual-flavor-switchable-screen-vape\" data-v-md-line=\"3\"><img loading=\"lazy\" decoding=\"async\" class=\"aligncenter size-full wp-image-17119\" src=\"https:\/\/agoravape.com\/wp-content\/uploads\/2025\/10\/BANGBOX-30K-Puffs-Dual-Flavor-Switchable-Screen-Vape_Agora_vape-1-scaled.webp\" alt=\"\" width=\"2560\" height=\"1440\" srcset=\"https:\/\/agoravape.com\/wp-content\/uploads\/2025\/10\/BANGBOX-30K-Puffs-Dual-Flavor-Switchable-Screen-Vape_Agora_vape-1-scaled.webp 2560w, https:\/\/agoravape.com\/wp-content\/uploads\/2025\/10\/BANGBOX-30K-Puffs-Dual-Flavor-Switchable-Screen-Vape_Agora_vape-1-scaled-1200x675.webp 1200w, https:\/\/agoravape.com\/wp-content\/uploads\/2025\/10\/BANGBOX-30K-Puffs-Dual-Flavor-Switchable-Screen-Vape_Agora_vape-1-300x169.webp 300w, https:\/\/agoravape.com\/wp-content\/uploads\/2025\/10\/BANGBOX-30K-Puffs-Dual-Flavor-Switchable-Screen-Vape_Agora_vape-1-1024x576.webp 1024w, https:\/\/agoravape.com\/wp-content\/uploads\/2025\/10\/BANGBOX-30K-Puffs-Dual-Flavor-Switchable-Screen-Vape_Agora_vape-1-768x432.webp 768w, https:\/\/agoravape.com\/wp-content\/uploads\/2025\/10\/BANGBOX-30K-Puffs-Dual-Flavor-Switchable-Screen-Vape_Agora_vape-1-1536x864.webp 1536w, https:\/\/agoravape.com\/wp-content\/uploads\/2025\/10\/BANGBOX-30K-Puffs-Dual-Flavor-Switchable-Screen-Vape_Agora_vape-1-2048x1152.webp 2048w\" sizes=\"auto, (max-width: 2560px) 100vw, 2560px\" \/><\/h2>\n<h2 data-v-md-heading=\"what-is-special-about-bangbox-30k-dual-flavor-switchable-screen-vape\" data-v-md-line=\"3\">Czym wyr\u00f3\u017cnia si\u0119 vape BANGBOX 30K z prze\u0142\u0105czanym ekranem o dw\u00f3ch smakach?<\/h2>\n<p data-v-md-line=\"4\">Je\u015bli jeste\u015b zm\u0119czony cz\u0119stym zmienianiem urz\u0105dze\u0144 dla smaku, ten produkt z pewno\u015bci\u0105 sprawi, \u017ce poczujesz si\u0119 szcz\u0119\u015bliwy. BANGBOX pozwala nosi\u0107 dwa smaki w jednym urz\u0105dzeniu i prze\u0142\u0105cza\u0107 ekrany w dowolnym miejscu i czasie. Nie trzeba si\u0119 wysila\u0107, nie trzeba przeszukiwa\u0107 kieszeni.<\/p>\n<p data-v-md-line=\"6\">Je\u015bli zale\u017cy Ci na d\u0142ugiej \u017cywotno\u015bci baterii i wygodnej obs\u0142udze, ten produkt jest idealnym wyborem. Kompaktowa obudowa zapewnia do 30000 zassa\u0144 i jest wyposa\u017cona w czytelny wy\u015bwietlacz, kt\u00f3ry pokazuje poziom na\u0142adowania baterii i stan e-liquidu. Wybierz preferowane st\u0119\u017cenie nikotyny. Prze\u0142\u0105czaj si\u0119 mi\u0119dzy r\u00f3\u017cnymi smakami. Rozpocznij sw\u00f3j dzie\u0144.<\/p>\n<h2 data-v-md-heading=\"excellent-performance-easy-and-convenient\" data-v-md-line=\"8\">Doskona\u0142a wydajno\u015b\u0107, \u0142atwo\u015b\u0107 i wygoda<\/h2>\n<p data-v-md-line=\"9\">Wbudowana cewka siatkowa 0,8 \u03a9 zapewnia orze\u017awiaj\u0105cy smak od pierwszego do ostatniego k\u0119sa. Siatkowa cewka jest r\u00f3wnomiernie podgrzewana, dzi\u0119ki czemu ulubione mieszane smaki s\u0105 g\u0142adkie i mocne. Gdy poziom na\u0142adowania baterii jest niski, wystarczy u\u017cy\u0107 kabla do transmisji danych typu C, kt\u00f3ry mo\u017ce by\u0107 taki sam, jak ten u\u017cywany w telefonie. To proste.<\/p>\n<h2 data-v-md-heading=\"specification-introduction\" data-v-md-line=\"11\">Wprowadzenie do specyfikacji<\/h2>\n<ul data-v-md-line=\"12\">\n<li>Cz\u0119stotliwo\u015b\u0107 zasysania: do 30000 razy<\/li>\n<li>Zawarto\u015b\u0107 nikotyny: 0%, 2%, 3%, 5%<\/li>\n<li>Zasada dzia\u0142ania: Aktywacja jednym zaci\u0105gni\u0119ciem<\/li>\n<li>\u0141adowanie: Standardowy interfejs USB typu C<\/li>\n<li>Status: Gotowy do u\u017cycia po rozpakowaniu<\/li>\n<\/ul>\n<h2 data-v-md-heading=\"full-range-of-flavors\" data-v-md-line=\"18\">Pe\u0142na gama smak\u00f3w<\/h2>\n<ul data-v-md-line=\"19\">\n<li>Koktajl arbuzowy w po\u0142\u0105czeniu z truskawkami i kiwi<\/li>\n<li>Truskawkowy arbuz w po\u0142\u0105czeniu z truskawkowym kiwi<\/li>\n<li>Koktajl jagodowy z sokiem brzoskwiniowym<\/li>\n<li>Kiwi, marakuja, guawa w po\u0142\u0105czeniu z koktajlem jagodowym<\/li>\n<li>Kwa\u015bne lody malinowe z jagodami i mieszank\u0105 owoc\u00f3w<\/li>\n<li>Potr\u00f3jny koktajl jagodowy z truskawkami i mango<\/li>\n<li>Arbuzowa guma balonowa z truskawkowym arbuzem<\/li>\n<li>Koktajl jagodowy w po\u0142\u0105czeniu z koktajlem arbuzowym<\/li>\n<li>Arbuz truskawkowy w po\u0142\u0105czeniu z kiwi, marakuj\u0105 i guaw\u0105<\/li>\n<li>Black Dragon Ice Sand z mango, brzoskwini\u0105 i arbuzem<\/li>\n<li>Koktajl jagodowy z podw\u00f3jnymi winogronami<\/li>\n<li>Koktajl jagodowy z truskawkami i mango<\/li>\n<\/ul>\n<h2 data-v-md-heading=\"for-you-and-your-business\" data-v-md-line=\"32\">Dla Ciebie i Twojego biznesu<\/h2>\n<p data-v-md-line=\"33\">Zakup dla siebie jest bardzo prosty. Wybierz ulubion\u0105 kombinacj\u0119 smak\u00f3w i zawarto\u015b\u0107 nikotyny, a tak\u017ce ciesz si\u0119 d\u0142ug\u0105 \u017cywotno\u015bci\u0105 baterii. Je\u015bli jeste\u015b sprzedawc\u0105 detalicznym, mo\u017cesz dokona\u0107 zakupu <a class=\"wpil_keyword_link\" href=\"https:\/\/agoravape.com\/pl\/marka\/bang-box\/\" target=\"_blank\" rel=\"noopener\" title=\"BANG BOX\" data-wpil-keyword-link=\"linked\" data-wpil-monitor-id=\"7161\">BANGBOX<\/a> w cenie hurtowej 10 sztuk w pude\u0142ku. Oferujemy r\u00f3wnie\u017c ma\u0142e kartonowe pude\u0142ka na 100 sztuk i du\u017ce kartonowe pude\u0142ka na 160 sztuk, co u\u0142atwia planowanie przestrzeni na p\u00f3\u0142kach.<\/p>\n<p data-v-md-line=\"35\">Zam\u00f3wienie wysy\u0142amy za po\u015brednictwem firm kurierskich UPS, DPD i DHL w ca\u0142ej Europie, aby zapewni\u0107 szybk\u0105 dostaw\u0119 i unikn\u0105\u0107 op\u0142at celnych. Je\u015bli potrzebujesz wsparcia w wyborze smaku lub szczeg\u00f3\u0142\u00f3w dotycz\u0105cych zgodno\u015bci, nasz zesp\u00f3\u0142 jest zawsze dost\u0119pny, aby Ci pom\u00f3c.<\/p>\n<h2 data-v-md-heading=\"why-do-you-like-it\" data-v-md-line=\"37\">Dlaczego to lubisz?<\/h2>\n<ul data-v-md-line=\"38\">\n<li>Nadmierne ssanie: mniej wymian, oszcz\u0119dno\u015b\u0107 pieni\u0119dzy i wysi\u0142ku<\/li>\n<li>Podw\u00f3jne prze\u0142\u0105czanie smak\u00f3w: prze\u0142\u0105czaj smaki w dowolnym momencie, aby zaspokoi\u0107 swoje potrzeby<\/li>\n<li>Wyb\u00f3r zawarto\u015bci nikotyny: 0%, 2%, 3% lub 5% nikotyny, aby spe\u0142ni\u0107 swoje preferencje<\/li>\n<li>Mo\u017cliwo\u015b\u0107 \u0142adowania: \u0141adowanie typu C umo\u017cliwia korzystanie ze wszystkich zakupionych e-liquid\u00f3w<\/li>\n<li>Siatkowa cewka: Sp\u00f3jny smak, czysty i wyra\u017any, satysfakcjonuj\u0105cy<\/li>\n<li>Czytelny ekran: kontrolki baterii i e-liquidu informuj\u0105 u\u017cytkownika przez ca\u0142y czas.<\/li>\n<\/ul>\n<h2 data-v-md-heading=\"why-collaborate-with-agoravape\" data-v-md-line=\"45\">Dlaczego warto wsp\u00f3\u0142pracowa\u0107 z AgoraVape?<\/h2>\n<p data-v-md-line=\"46\">Sprzedajemy tylko oryginalne produkty 100% i nie mamy co do tego w\u0105tpliwo\u015bci. Dla klient\u00f3w komercyjnych oznacza to, \u017ce BANGBOX 30K dual flavored switchable screen vapes oferuje obni\u017cone ceny hurtowe, szybk\u0105 obs\u0142ug\u0119 posprzeda\u017cn\u0105 i szybk\u0105 dostaw\u0119 DDP. Skontaktuj si\u0119 z nami, aby zaopatrzy\u0107 swoich klient\u00f3w i sprawi\u0107, \u017ce naprawd\u0119 si\u0119 zakochaj\u0105 i wr\u00f3c\u0105 ponownie.<\/p>\n<p data-v-md-line=\"48\">Uwaga dla ciekawskich:<\/p>\n<ul data-v-md-line=\"49\">\n<li>Bateria: tlenek litowo-kobaltowy 850 mAh, roz\u0142adowanie 5 A<\/li>\n<li>E-liquid: ca\u0142kowita pojemno\u015b\u0107 35 mililitr\u00f3w<\/li>\n<li>Rozmiar i waga: 115 \u00d7 68 \u00d7 33 milimetry, 129 gram\u00f3w<\/li>\n<li>Ekran: Wy\u015bwietla poziom na\u0142adowania baterii i poziom e-cieczy, umo\u017cliwiaj\u0105c \u0142atwe planowanie \u0142adowania i zmian\u0119 smaku.<\/li>\n<\/ul>","protected":false},"excerpt":{"rendered":"<p>What is special about BANGBOX 30K dual flavor switchable screen vape? If you are tired of frequently changing devices for<\/p>","protected":false},"featured_media":17131,"comment_status":"open","ping_status":"closed","template":"","meta":[],"product_brand":[231],"product_cat":[124,187,185,189,1637,158,195,174,175,193,191,173,186,180,190,192],"product_tag":[],"class_list":{"0":"post-17105","1":"product","2":"type-product","3":"status-publish","4":"has-post-thumbnail","6":"product_brand-bang-box","7":"product_cat-vape-by-brand","8":"product_cat-0mg-nicotine-free-vapes","9":"product_cat-10000-puffs-high-capacity","10":"product_cat-20mg-standard-nicotine-vapes","11":"product_cat-30000-puffs","12":"product_cat-bang-box","13":"product_cat-dual-flavor-switch","14":"product_cat-fruit-flavors","15":"product_cat-icy-mint","16":"product_cat-mesh-coil","17":"product_cat-rechargeable-disposables","18":"product_cat-vape-by-flavor-profile","19":"product_cat-vape-by-nicotine-strength","20":"product_cat-vape-by-puff-count","21":"product_cat-vape-by-feature-or-type","22":"product_cat-vapes-with-screens","24":"first","25":"onbackorder","26":"shipping-taxable","27":"purchasable","28":"product-type-variable","29":"has-default-attributes"},"tiered_pricing_type":"percentage","tiered_pricing_fixed_rules":[],"tiered_pricing_product_settings":{"layout":"default","base_unit_name":{"singular":null,"plural":null},"default_variation":null},"tiered_pricing_minimum_quantity":10,"tiered_pricing_roles_data":[],"tiered_pricing_percentage_rules":{"30":"29","50":"35","100":"40","200":"44","500":"47","1000":"49"},"tiered_pricing_maximum_quantity":null,"tiered_pricing_quantity_step":"10","_links":{"self":[{"href":"https:\/\/agoravape.com\/pl\/wp-json\/wp\/v2\/product\/17105","targetHints":{"allow":["GET"]}}],"collection":[{"href":"https:\/\/agoravape.com\/pl\/wp-json\/wp\/v2\/product"}],"about":[{"href":"https:\/\/agoravape.com\/pl\/wp-json\/wp\/v2\/types\/product"}],"replies":[{"embeddable":true,"href":"https:\/\/agoravape.com\/pl\/wp-json\/wp\/v2\/comments?post=17105"}],"version-history":[{"count":1,"href":"https:\/\/agoravape.com\/pl\/wp-json\/wp\/v2\/product\/17105\/revisions"}],"predecessor-version":[{"id":29813,"href":"https:\/\/agoravape.com\/pl\/wp-json\/wp\/v2\/product\/17105\/revisions\/29813"}],"wp:featuredmedia":[{"embeddable":true,"href":"https:\/\/agoravape.com\/pl\/wp-json\/wp\/v2\/media\/17131"}],"wp:attachment":[{"href":"https:\/\/agoravape.com\/pl\/wp-json\/wp\/v2\/media?parent=17105"}],"wp:term":[{"taxonomy":"product_brand","embeddable":true,"href":"https:\/\/agoravape.com\/pl\/wp-json\/wp\/v2\/product_brand?post=17105"},{"taxonomy":"product_cat","embeddable":true,"href":"https:\/\/agoravape.com\/pl\/wp-json\/wp\/v2\/product_cat?post=17105"},{"taxonomy":"product_tag","embeddable":true,"href":"https:\/\/agoravape.com\/pl\/wp-json\/wp\/v2\/product_tag?post=17105"}],"curies":[{"name":"wp","href":"https:\/\/api.w.org\/{rel}","templated":true}]}}