{"id":17136,"date":"2025-10-18T12:30:30","date_gmt":"2025-10-18T04:30:30","guid":{"rendered":"https:\/\/green-grasshopper-921422.hostingersite.com\/?post_type=product&#038;p=17136"},"modified":"2026-03-31T01:41:40","modified_gmt":"2026-03-30T23:41:40","slug":"bangbox-35000-puffs-vape","status":"publish","type":"product","link":"https:\/\/agoravape.com\/pl\/product\/bangbox-35000-puffs-vape\/","title":{"rendered":"BANGBOX 35K Puffs Regulowany Jednorazowy Vape | Du\u017ca pojemno\u015b\u0107, Prosta obs\u0142uga"},"content":{"rendered":"<h2 data-v-md-heading=\"what-is-special-about-bangbox-35k-disposable-vape-with-adjustable-power\" data-v-md-line=\"3\"><img loading=\"lazy\" decoding=\"async\" class=\"aligncenter size-full wp-image-17133\" src=\"https:\/\/agoravape.com\/wp-content\/uploads\/2025\/10\/BANGBOX-35K-Puffs-Adjustable-Power-Disposable-Vape_Agora_vape-1-scaled.webp\" alt=\"\" width=\"2560\" height=\"1805\" srcset=\"https:\/\/agoravape.com\/wp-content\/uploads\/2025\/10\/BANGBOX-35K-Puffs-Adjustable-Power-Disposable-Vape_Agora_vape-1-scaled.webp 2560w, https:\/\/agoravape.com\/wp-content\/uploads\/2025\/10\/BANGBOX-35K-Puffs-Adjustable-Power-Disposable-Vape_Agora_vape-1-scaled-1200x846.webp 1200w, https:\/\/agoravape.com\/wp-content\/uploads\/2025\/10\/BANGBOX-35K-Puffs-Adjustable-Power-Disposable-Vape_Agora_vape-1-300x212.webp 300w, https:\/\/agoravape.com\/wp-content\/uploads\/2025\/10\/BANGBOX-35K-Puffs-Adjustable-Power-Disposable-Vape_Agora_vape-1-1024x722.webp 1024w, https:\/\/agoravape.com\/wp-content\/uploads\/2025\/10\/BANGBOX-35K-Puffs-Adjustable-Power-Disposable-Vape_Agora_vape-1-768x542.webp 768w, https:\/\/agoravape.com\/wp-content\/uploads\/2025\/10\/BANGBOX-35K-Puffs-Adjustable-Power-Disposable-Vape_Agora_vape-1-1536x1083.webp 1536w, https:\/\/agoravape.com\/wp-content\/uploads\/2025\/10\/BANGBOX-35K-Puffs-Adjustable-Power-Disposable-Vape_Agora_vape-1-2048x1444.webp 2048w\" sizes=\"auto, (max-width: 2560px) 100vw, 2560px\" \/><\/h2>\n<h2 data-v-md-heading=\"what-is-special-about-bangbox-35k-disposable-vape-with-adjustable-power\" data-v-md-line=\"3\">Co wyr\u00f3\u017cnia jednorazowe vape BANGBOX 35K z regulowan\u0105 moc\u0105?<\/h2>\n<p data-v-md-line=\"4\">Je\u015bli jeste\u015b zm\u0119czony jednorazowymi waporyzatorami, kt\u00f3re zu\u017cywaj\u0105 zbyt du\u017co energii, ten produkt jest zdecydowanie warty uwagi. Jednorazowy vape BANGBOX 35K o regulowanej mocy mo\u017ce zapewni\u0107 do 35000 zaci\u0105gni\u0119\u0107 i jest wyposa\u017cony w regulowan\u0105 moc, co pozwala dostosowa\u0107 zaci\u0105gni\u0119cia do nastroju.<\/p>\n<p data-v-md-line=\"6\">Jest to idealny wyb\u00f3r dla u\u017cytkownik\u00f3w, kt\u00f3rzy chc\u0105 niezawodnego, smacznego i wygodnego waporyzatora. Wyra\u017any wska\u017anik na\u0142adowania baterii i poziomu e-liquidu pozwala zawsze wiedzie\u0107, kiedy nale\u017cy na\u0142adowa\u0107 bateri\u0119 lub kiedy jest ona na wyczerpaniu. Przy tak du\u017cej pojemno\u015bci waporyzator mo\u017ce wydawa\u0107 si\u0119 niepor\u0119czny, ale z \u0142atwo\u015bci\u0105 zmie\u015bci si\u0119 w kieszeni kurtki.<\/p>\n<h2 data-v-md-heading=\"excellent-performance-easy-and-convenient\" data-v-md-line=\"8\">Doskona\u0142a wydajno\u015b\u0107, \u0142atwo\u015b\u0107 i wygoda<\/h2>\n<p data-v-md-line=\"9\">Podw\u00f3jne zwoje siatki 0,8 \u03a9 zapewniaj\u0105 sp\u00f3jny smak od pierwszego do ostatniego k\u0119sa. Aktywacja przez poci\u0105gni\u0119cie oznacza, \u017ce nie trzeba manipulowa\u0107 \u017cadnymi przyciskami. Gdy bateria jest roz\u0142adowana, wystarczy pod\u0142\u0105czy\u0107 j\u0105 do kabla do transmisji danych typu C, kt\u00f3ry mo\u017ce by\u0107 ju\u017c u\u017cywany w telefonie. To proste.<\/p>\n<h2 data-v-md-heading=\"specification-overview\" data-v-md-line=\"11\">Przegl\u0105d specyfikacji<\/h2>\n<p data-v-md-line=\"12\"><strong>Liczba przyssawek<\/strong>do 35000 zasysa\u0144<br \/>\n<strong>Zawarto\u015b\u0107 nikotyny<\/strong>: 0%, 2%, 3% lub 5%<br \/>\n<strong>Zasada dzia\u0142ania<\/strong>: Aktywacja jednym zaci\u0105gni\u0119ciem<br \/>\n<strong>\u0141adowanie<\/strong>: Standardowy interfejs USB typu C<br \/>\n<strong>Status<\/strong>: Gotowy do u\u017cycia po rozpakowaniu<br \/>\n<strong>Pojemno\u015b\u0107 e-liquidu<\/strong>: 35 mililitr\u00f3w<br \/>\n<strong>Rdze\u0144 rozpylaj\u0105cy<\/strong>: Cewka o podw\u00f3jnych oczkach 0,8 \u03a9<br \/>\n<strong>Moc<\/strong>: Regulowana moc wyj\u015bciowa<br \/>\n<strong>Ekran wy\u015bwietlacza<\/strong>: Kontrolki baterii i e-cieczy<br \/>\n<strong>Rozmiar i waga<\/strong>: 115 \u00d7 68 \u00d7 33 milimetr\u00f3w, 105 gram\u00f3w<\/p>\n<h2 data-v-md-heading=\"full-range-of-flavors\" data-v-md-line=\"23\">Pe\u0142na gama smak\u00f3w<\/h2>\n<ul data-v-md-line=\"24\">\n<li>Truskawka kiwi<\/li>\n<li>Koktajl jagodowy<\/li>\n<li>Truskawka arbuz<\/li>\n<li>Marakuja<\/li>\n<li>Lemon Cola Soda<\/li>\n<li>Koktajl arbuzowy<\/li>\n<li>Guma balonowa o smaku arbuza<\/li>\n<li>Kiwi, marakuja, owoc guawy<\/li>\n<li>Koktajl jagodowy<\/li>\n<li>Arbuz wi\u015bnia<\/li>\n<li>Red Bull<\/li>\n<li>Grejpfrut mi\u0119towy<\/li>\n<\/ul>\n<h2 data-v-md-heading=\"for-you-and-for-your-business-as-well\" data-v-md-line=\"37\">Dla Ciebie i dla Twojej firmy<\/h2>\n<p data-v-md-line=\"38\">Mo\u017cesz wybra\u0107 <a class=\"wpil_keyword_link\" href=\"https:\/\/agoravape.com\/pl\/produkt\/bangbox-50000-puffs-dual-flavor-vape\/\" target=\"_blank\" rel=\"noopener\" title=\"BANGBOX 50K Puffs Dual Flavor Dual Coil Vape Online | Dwa smaki. Du\u017ca liczba zaci\u0105gni\u0119\u0107. \u0141atwe \u0142adowanie.\" data-wpil-keyword-link=\"linked\" data-wpil-monitor-id=\"7178\">BANGBOX<\/a> 35K do u\u017cytku osobistego lub dodaj do swojego sklepu. Opakowanie hurtowe zawieraj\u0105ce 10 sztuk w pude\u0142ku u\u0142atwia zarz\u0105dzanie zapasami. W przypadku zam\u00f3wie\u0144 hurtowych mo\u017cna wybra\u0107 ma\u0142e pude\u0142ko zawieraj\u0105ce 100 sztuk lub du\u017ce pude\u0142ko zawieraj\u0105ce 200 sztuk.<\/p>\n<p data-v-md-line=\"40\">Korzystamy z us\u0142ug zaufanych partner\u00f3w, takich jak UPS, DPD i DHL, aby wysy\u0142a\u0107 towary w ca\u0142ej Europie na zasadzie Delivered Duty Paid (DDP), zapewniaj\u0105c szybk\u0105 dostaw\u0119 i unikaj\u0105c wypadk\u00f3w celnych.<\/p>\n<h2 data-v-md-heading=\"why-do-you-like-it\" data-v-md-line=\"42\">Dlaczego to lubisz?<\/h2>\n<p data-v-md-line=\"43\"><strong>Du\u017cy kaliber:<\/strong>\u00a0Trwa\u0142y i d\u0142ugowieczny, nie ma potrzeby wymiany sprz\u0119tu co kilka dni.<br \/>\n<strong>Wyb\u00f3r nikotyny<\/strong>: Cztery st\u0119\u017cenia nikotyny pozwalaj\u0105 na precyzyjne dostrojenie po\u017c\u0105danego zaci\u0105gni\u0119cia.<br \/>\n<strong>Akumulatorowy<\/strong>: Wszystkie zakupione e-liquidy mo\u017cna zu\u017cy\u0107 od razu, bez konieczno\u015bci ich wcze\u015bniejszego wyrzucania.<br \/>\n<strong>Siatka cewki<\/strong>: Ka\u017cde zasysanie zapewnia g\u0142adk\u0105 par\u0119 i stabilny smak.<br \/>\n<strong>Regulowana moc<\/strong>: Zwi\u0119kszenie mocy mo\u017ce zapewni\u0107 mocny smak, a zmniejszenie mocy mo\u017ce zapewni\u0107 delikatniejszy smak.<br \/>\n<strong>Czytelny wy\u015bwietlacz<\/strong>: Wystarczy rzut oka, aby sprawdzi\u0107 poziom na\u0142adowania baterii i poziom e-liquidu, co pozwala by\u0107 gotowym w ka\u017cdej chwili.<\/p>\n<h2 data-v-md-heading=\"why-choose-agoravape\" data-v-md-line=\"50\">Dlaczego warto wybra\u0107 AgoraVape?<\/h2>\n<p data-v-md-line=\"51\">Kupujemy tylko 100% oryginalny sprz\u0119t od zaufanych producent\u00f3w. BANGBOX 35K jednorazowe vape o regulowanej mocy, otrzymasz bardzo konkurencyjne ceny hurtowe, szybkie wsparcie i szybkie us\u0142ugi dostawy DDP na terenie Unii Europejskiej. Jeste\u015bmy odpowiedzialni za zgodno\u015b\u0107 i weryfikacj\u0119 wieku, zapewniaj\u0105c, \u017ce mo\u017cesz sprzedawa\u0107 ze spokojem. Skontaktuj si\u0119 z naszym zespo\u0142em, aby zarezerwowa\u0107 dla swoich klient\u00f3w sprz\u0119t, do kt\u00f3rego warto wraca\u0107.<\/p>","protected":false},"excerpt":{"rendered":"<p>&nbsp;<\/p>","protected":false},"featured_media":17159,"comment_status":"open","ping_status":"closed","template":"","meta":[],"product_brand":[231],"product_cat":[124,187,185,189,158,174,175,193,191,173,186,180,190,192],"product_tag":[],"class_list":{"0":"post-17136","1":"product","2":"type-product","3":"status-publish","4":"has-post-thumbnail","6":"product_brand-bang-box","7":"product_cat-vape-by-brand","8":"product_cat-0mg-nicotine-free-vapes","9":"product_cat-10000-puffs-high-capacity","10":"product_cat-20mg-standard-nicotine-vapes","11":"product_cat-bang-box","12":"product_cat-fruit-flavors","13":"product_cat-icy-mint","14":"product_cat-mesh-coil","15":"product_cat-rechargeable-disposables","16":"product_cat-vape-by-flavor-profile","17":"product_cat-vape-by-nicotine-strength","18":"product_cat-vape-by-puff-count","19":"product_cat-vape-by-feature-or-type","20":"product_cat-vapes-with-screens","22":"first","23":"onbackorder","24":"shipping-taxable","25":"purchasable","26":"product-type-variable","27":"has-default-attributes"},"tiered_pricing_type":"percentage","tiered_pricing_fixed_rules":[],"tiered_pricing_product_settings":{"layout":"default","base_unit_name":{"singular":null,"plural":null},"default_variation":null},"tiered_pricing_minimum_quantity":10,"tiered_pricing_roles_data":[],"tiered_pricing_percentage_rules":{"30":"29","50":"35","100":"40","200":"44","500":"47","1000":"49"},"tiered_pricing_maximum_quantity":null,"tiered_pricing_quantity_step":"10","_links":{"self":[{"href":"https:\/\/agoravape.com\/pl\/wp-json\/wp\/v2\/product\/17136","targetHints":{"allow":["GET"]}}],"collection":[{"href":"https:\/\/agoravape.com\/pl\/wp-json\/wp\/v2\/product"}],"about":[{"href":"https:\/\/agoravape.com\/pl\/wp-json\/wp\/v2\/types\/product"}],"replies":[{"embeddable":true,"href":"https:\/\/agoravape.com\/pl\/wp-json\/wp\/v2\/comments?post=17136"}],"version-history":[{"count":3,"href":"https:\/\/agoravape.com\/pl\/wp-json\/wp\/v2\/product\/17136\/revisions"}],"predecessor-version":[{"id":29835,"href":"https:\/\/agoravape.com\/pl\/wp-json\/wp\/v2\/product\/17136\/revisions\/29835"}],"wp:featuredmedia":[{"embeddable":true,"href":"https:\/\/agoravape.com\/pl\/wp-json\/wp\/v2\/media\/17159"}],"wp:attachment":[{"href":"https:\/\/agoravape.com\/pl\/wp-json\/wp\/v2\/media?parent=17136"}],"wp:term":[{"taxonomy":"product_brand","embeddable":true,"href":"https:\/\/agoravape.com\/pl\/wp-json\/wp\/v2\/product_brand?post=17136"},{"taxonomy":"product_cat","embeddable":true,"href":"https:\/\/agoravape.com\/pl\/wp-json\/wp\/v2\/product_cat?post=17136"},{"taxonomy":"product_tag","embeddable":true,"href":"https:\/\/agoravape.com\/pl\/wp-json\/wp\/v2\/product_tag?post=17136"}],"curies":[{"name":"wp","href":"https:\/\/api.w.org\/{rel}","templated":true}]}}