{"id":17167,"date":"2025-10-18T14:02:56","date_gmt":"2025-10-18T06:02:56","guid":{"rendered":"https:\/\/green-grasshopper-921422.hostingersite.com\/?post_type=product&#038;p=17167"},"modified":"2026-01-19T22:01:16","modified_gmt":"2026-01-19T14:01:16","slug":"wga-30k-puffs-dual-flavor-tpd-vape","status":"publish","type":"product","link":"https:\/\/agoravape.com\/pl\/product\/wga-30k-puffs-dual-flavor-tpd-vape\/","title":{"rendered":"WGA 30k Puffs Dual Flavor TPD Compliant Vape Kit | Big Life, dwa smaki, zero zamieszania"},"content":{"rendered":"<h2 data-v-md-heading=\"what-is-special-about-the-wga-30k-dual-flavor-tpd-compatible-vape-set\" data-v-md-line=\"3\"><img loading=\"lazy\" decoding=\"async\" class=\"aligncenter size-full wp-image-17166\" src=\"https:\/\/agoravape.com\/wp-content\/uploads\/2025\/10\/WGA-30k-Puffs-Dual-Flavor-TPD-Compliant-Vape-Kit_Agora_vape-6.webp\" alt=\"\" width=\"1920\" height=\"874\" srcset=\"https:\/\/agoravape.com\/wp-content\/uploads\/2025\/10\/WGA-30k-Puffs-Dual-Flavor-TPD-Compliant-Vape-Kit_Agora_vape-6.webp 1920w, https:\/\/agoravape.com\/wp-content\/uploads\/2025\/10\/WGA-30k-Puffs-Dual-Flavor-TPD-Compliant-Vape-Kit_Agora_vape-6-1200x546.webp 1200w, https:\/\/agoravape.com\/wp-content\/uploads\/2025\/10\/WGA-30k-Puffs-Dual-Flavor-TPD-Compliant-Vape-Kit_Agora_vape-6-300x137.webp 300w, https:\/\/agoravape.com\/wp-content\/uploads\/2025\/10\/WGA-30k-Puffs-Dual-Flavor-TPD-Compliant-Vape-Kit_Agora_vape-6-1024x466.webp 1024w, https:\/\/agoravape.com\/wp-content\/uploads\/2025\/10\/WGA-30k-Puffs-Dual-Flavor-TPD-Compliant-Vape-Kit_Agora_vape-6-768x350.webp 768w, https:\/\/agoravape.com\/wp-content\/uploads\/2025\/10\/WGA-30k-Puffs-Dual-Flavor-TPD-Compliant-Vape-Kit_Agora_vape-6-1536x699.webp 1536w\" sizes=\"auto, (max-width: 1920px) 100vw, 1920px\" \/><\/h2>\n<h2 data-v-md-heading=\"what-is-special-about-the-wga-30k-dual-flavor-tpd-compatible-vape-set\" data-v-md-line=\"3\">Co jest wyj\u0105tkowego w zestawie WGA 30k o dw\u00f3ch smakach kompatybilnym z TPD?<\/h2>\n<p data-v-md-line=\"4\">Je\u015bli jeste\u015b zm\u0119czony wymian\u0105 urz\u0105dze\u0144 co kilka dni, ten zestaw u\u0142atwi Ci \u017cycie. WGA 30k spe\u0142nia normy TPD i mo\u017ce zapewni\u0107 do 30000 cykli ssania. Jest to stylowe urz\u0105dzenie akumulatorowe, kt\u00f3re jest fabrycznie wyposa\u017cone w komor\u0119 na e-liquid o pojemno\u015bci 2 ml i dwie butelki soli nikotynowej o pojemno\u015bci 10 ml. Oznacza to d\u0142ugotrwa\u0142y smak bez naruszania przepis\u00f3w TPD.<\/p>\n<p data-v-md-line=\"6\">Jest odpowiedni dla ka\u017cdego u\u017cytkownika, kt\u00f3ry d\u0105\u017cy do niezawodnej wydajno\u015bci i prostej konserwacji. Nie ma potrzeby korzystania z menu, nie ma potrzeby wykonywania \u017cmudnych operacji. Tylko bogaty smak i bateria, kt\u00f3r\u0105 mo\u017cna \u0142adowa\u0107 za pomoc\u0105 kabla do transmisji danych typu C.<\/p>\n<h2 data-v-md-heading=\"excellent-performance-easy-to-handle\" data-v-md-line=\"8\">Doskona\u0142a wydajno\u015b\u0107, \u0142atwa obs\u0142uga<\/h2>\n<p data-v-md-line=\"9\">Podw\u00f3jna cewka siatkowa jest rdzeniem tego zestawu. Dlatego ka\u017cdy k\u0119s jest tak pyszny, jak pierwszy \u0142yk. Urz\u0105dzenie wyra\u017anie wy\u015bwietla poziom e-liquidu i baterii, dzi\u0119ki czemu mo\u017cesz by\u0107 spokojny. Gdy poziom na\u0142adowania baterii jest niski, mo\u017cna pod\u0142\u0105czy\u0107 urz\u0105dzenie za pomoc\u0105 interfejsu Type-C. Ten kabel do transmisji danych mo\u017ce by\u0107 taki sam jak kabel w telefonie. Prosty i wygodny.<\/p>\n<p data-v-md-line=\"11\">Mo\u017cna pomy\u015ble\u0107, \u017ce ograniczenia TPD oznaczaj\u0105 kr\u00f3tszy czas u\u017cytkowania, ale konstrukcja podw\u00f3jnej butelki pozwala na korzystanie z niej przez d\u0142u\u017cszy czas.<\/p>\n<h2 data-v-md-heading=\"specification-introduction\" data-v-md-line=\"13\">Wprowadzenie do specyfikacji<\/h2>\n<ul data-v-md-line=\"14\">\n<li>Cz\u0119stotliwo\u015b\u0107 zasysania: do 30000 razy<\/li>\n<li>Nikotyna: S\u00f3l nikotynowa, zgodna z normami TPD (st\u0119\u017cenie r\u00f3\u017cni si\u0119 w zale\u017cno\u015bci od rynku)<\/li>\n<li>Zasada dzia\u0142ania: Aktywacja inhalacyjna<\/li>\n<li>\u0141adowanie: Standardowy interfejs USB typu C<\/li>\n<li>Status: Gotowy do u\u017cycia od razu po wyj\u0119ciu z pude\u0142ka<\/li>\n<\/ul>\n<h2 data-v-md-heading=\"full-range-of-flavors\" data-v-md-line=\"20\">Pe\u0142na gama smak\u00f3w<\/h2>\n<ul data-v-md-line=\"21\">\n<li>Smak jagodowy, malinowy, wi\u015bniowy<\/li>\n<li>Smak wody jagodowej i cytrynowej<\/li>\n<li>Smak \u017celk\u00f3w mi\u015b<\/li>\n<li>Smak mango, brzoskwini i arbuza<\/li>\n<li>I wi\u0119cej opcji dla 27 smak\u00f3w<\/li>\n<\/ul>\n<p><img loading=\"lazy\" decoding=\"async\" class=\"aligncenter size-full wp-image-17161\" src=\"https:\/\/agoravape.com\/wp-content\/uploads\/2025\/10\/WGA-30k-Puffs-Dual-Flavor-TPD-Compliant-Vape-Kit_Agora_vape-1.webp\" alt=\"\" width=\"1920\" height=\"753\" srcset=\"https:\/\/agoravape.com\/wp-content\/uploads\/2025\/10\/WGA-30k-Puffs-Dual-Flavor-TPD-Compliant-Vape-Kit_Agora_vape-1.webp 1920w, https:\/\/agoravape.com\/wp-content\/uploads\/2025\/10\/WGA-30k-Puffs-Dual-Flavor-TPD-Compliant-Vape-Kit_Agora_vape-1-1200x471.webp 1200w, https:\/\/agoravape.com\/wp-content\/uploads\/2025\/10\/WGA-30k-Puffs-Dual-Flavor-TPD-Compliant-Vape-Kit_Agora_vape-1-300x118.webp 300w, https:\/\/agoravape.com\/wp-content\/uploads\/2025\/10\/WGA-30k-Puffs-Dual-Flavor-TPD-Compliant-Vape-Kit_Agora_vape-1-1024x402.webp 1024w, https:\/\/agoravape.com\/wp-content\/uploads\/2025\/10\/WGA-30k-Puffs-Dual-Flavor-TPD-Compliant-Vape-Kit_Agora_vape-1-768x301.webp 768w, https:\/\/agoravape.com\/wp-content\/uploads\/2025\/10\/WGA-30k-Puffs-Dual-Flavor-TPD-Compliant-Vape-Kit_Agora_vape-1-1536x602.webp 1536w\" sizes=\"auto, (max-width: 1920px) 100vw, 1920px\" \/><\/p>\n<h2 data-v-md-heading=\"for-you-and-your-business\" data-v-md-line=\"27\">Dla Ciebie i Twojego biznesu<\/h2>\n<p data-v-md-line=\"28\">Zakup dla siebie. B\u0119dziesz cieszy\u0107 si\u0119 prostym procesem. U\u017cyj do\u0142\u0105czonej butelki e-liquidu o pojemno\u015bci 10 ml, sprawd\u017a pozosta\u0142\u0105 ilo\u015b\u0107 na ekranie, a nast\u0119pnie na\u0142aduj za pomoc\u0105 interfejsu Type-C. To wszystko.<\/p>\n<p data-v-md-line=\"30\">Zaopatrz sw\u00f3j sklep. Dostarczamy standardowe zestawy vape WGA 30000 dual flavor TPD w postaci 120 hurtowych pude\u0142ek kartonowych. Wsp\u00f3\u0142pracujemy z partnerami takimi jak UPS, DPD i DHL, aby \u015bwiadczy\u0107 us\u0142ugi dostawy DDP w Europie, dzi\u0119ki czemu taryfy mog\u0105 by\u0107 przetwarzane z wyprzedzeniem, aby unikn\u0105\u0107 wypadk\u00f3w celnych.<\/p>\n<h2 data-v-md-heading=\"why-do-you-like-it\" data-v-md-line=\"32\">Dlaczego to lubisz?<\/h2>\n<ul data-v-md-line=\"33\">\n<li>Bardzo du\u017ca pojemno\u015b\u0107: Za ka\u017cdym razem mo\u017cna uzupe\u0142ni\u0107 do 30 tys. port\u00f3w, zmniejszaj\u0105c cz\u0119stotliwo\u015b\u0107 zakup\u00f3w<\/li>\n<li>Dwa smaki: Jeden zestaw zawiera dwa smaki, zapewniaj\u0105c wi\u0119kszy wyb\u00f3r<\/li>\n<li>Mo\u017cliwo\u015b\u0107 \u0142adowania: \u0141adowanie typu C, pozwalaj\u0105ce wykorzysta\u0107 ka\u017cd\u0105 kropl\u0119<\/li>\n<li>Zwoje z podw\u00f3jn\u0105 siatk\u0105: od pocz\u0105tku do ko\u0144ca, niezmiennie bogaty smak<\/li>\n<li>Inteligentny ekran wy\u015bwietlacza: kontrolki baterii i e-liquidu informuj\u0105 u\u017cytkownika o sytuacji w dowolnym momencie.<\/li>\n<li>Zestaw zgodny z TPD: 2 ml wst\u0119pnie nape\u0142nionego olejku i dwie 10 ml buteleczki z sol\u0105 nikotynow\u0105 do \u0142atwego uzupe\u0142niania<\/li>\n<\/ul>\n<h2 data-v-md-heading=\"why-choose-to-collaborate-with-agoravape\" data-v-md-line=\"40\">Dlaczego warto zdecydowa\u0107 si\u0119 na wsp\u00f3\u0142prac\u0119 z AgoraVape?<\/h2>\n<p data-v-md-line=\"41\">Sprzedajemy wy\u0142\u0105cznie oryginalne produkty i nie mamy co do tego \u017cadnych w\u0105tpliwo\u015bci. Dla klient\u00f3w komercyjnych oznacza to, \u017ce zestawy vape kompatybilne z WGA 30k dual flavor TPD oferuj\u0105 obni\u017cone ceny hurtowe, przejrzyst\u0105 komunikacj\u0119 oraz szybkie i niezawodne us\u0142ugi dostawy DDP. Chcesz mie\u0107 produkt, kt\u00f3ry naprawd\u0119 przyci\u0105gnie klient\u00f3w? Zapraszamy do kontaktu.<\/p>\n<p><script src=\"chrome-extension:\/\/fpelahbljekknahkcaegamhcndkfpfnc\/iFrame.js\" type=\"text\/javascript\"><\/script><\/p>","protected":false},"excerpt":{"rendered":"<p>&nbsp;<\/p>\n<p><script src=\"chrome-extension:\/\/fpelahbljekknahkcaegamhcndkfpfnc\/iFrame.js\" type=\"text\/javascript\"><\/script><\/p>\n<p><script src=\"chrome-extension:\/\/fpelahbljekknahkcaegamhcndkfpfnc\/iFrame.js\" type=\"text\/javascript\"><\/script><\/p>\n<p><script src=\"chrome-extension:\/\/fpelahbljekknahkcaegamhcndkfpfnc\/iFrame.js\" type=\"text\/javascript\"><\/script><\/p>\n<p><script src=\"chrome-extension:\/\/fpelahbljekknahkcaegamhcndkfpfnc\/iFrame.js\" type=\"text\/javascript\"><\/script><\/p>\n<p><script src=\"chrome-extension:\/\/fpelahbljekknahkcaegamhcndkfpfnc\/iFrame.js\" type=\"text\/javascript\"><\/script><\/p>\n<p><script src=\"chrome-extension:\/\/fpelahbljekknahkcaegamhcndkfpfnc\/iFrame.js\" type=\"text\/javascript\"><\/script><\/p>\n<p><script src=\"chrome-extension:\/\/fpelahbljekknahkcaegamhcndkfpfnc\/iFrame.js\" type=\"text\/javascript\"><\/script><\/p>\n<p><script src=\"chrome-extension:\/\/fpelahbljekknahkcaegamhcndkfpfnc\/iFrame.js\" type=\"text\/javascript\"><\/script><\/p>\n<p><script src=\"chrome-extension:\/\/fpelahbljekknahkcaegamhcndkfpfnc\/iFrame.js\" type=\"text\/javascript\"><\/script><\/p>\n<p><script src=\"chrome-extension:\/\/fpelahbljekknahkcaegamhcndkfpfnc\/iFrame.js\" type=\"text\/javascript\"><\/script><\/p>\n<p><script src=\"chrome-extension:\/\/fpelahbljekknahkcaegamhcndkfpfnc\/iFrame.js\" type=\"text\/javascript\"><\/script><\/p>\n<p><script src=\"chrome-extension:\/\/fpelahbljekknahkcaegamhcndkfpfnc\/iFrame.js\" type=\"text\/javascript\"><\/script><\/p>\n<p><script src=\"chrome-extension:\/\/fpelahbljekknahkcaegamhcndkfpfnc\/iFrame.js\" type=\"text\/javascript\"><\/script><\/p>\n<p><script src=\"chrome-extension:\/\/fpelahbljekknahkcaegamhcndkfpfnc\/iFrame.js\" type=\"text\/javascript\"><\/script><\/p>","protected":false},"featured_media":17163,"comment_status":"open","ping_status":"closed","template":"","meta":[],"product_brand":[232],"product_cat":[124,185,189,195,174,175,193,191,173,186,180,190,192,159],"product_tag":[],"class_list":{"0":"post-17167","1":"product","2":"type-product","3":"status-publish","4":"has-post-thumbnail","6":"product_brand-wga","7":"product_cat-vape-by-brand","8":"product_cat-10000-puffs-high-capacity","9":"product_cat-20mg-standard-nicotine-vapes","10":"product_cat-dual-flavor-switch","11":"product_cat-fruit-flavors","12":"product_cat-icy-mint","13":"product_cat-mesh-coil","14":"product_cat-rechargeable-disposables","15":"product_cat-vape-by-flavor-profile","16":"product_cat-vape-by-nicotine-strength","17":"product_cat-vape-by-puff-count","18":"product_cat-vape-by-feature-or-type","19":"product_cat-vapes-with-screens","20":"product_cat-wga","22":"first","23":"onbackorder","24":"shipping-taxable","25":"purchasable","26":"product-type-variable","27":"has-default-attributes"},"tiered_pricing_type":"percentage","tiered_pricing_fixed_rules":[],"tiered_pricing_product_settings":{"layout":"default","base_unit_name":{"singular":null,"plural":null},"default_variation":null},"tiered_pricing_minimum_quantity":50,"tiered_pricing_roles_data":[],"tiered_pricing_percentage_rules":{"100":"40","200":"44","500":"47","1000":"49"},"tiered_pricing_maximum_quantity":null,"tiered_pricing_quantity_step":"10","_links":{"self":[{"href":"https:\/\/agoravape.com\/pl\/wp-json\/wp\/v2\/product\/17167","targetHints":{"allow":["GET"]}}],"collection":[{"href":"https:\/\/agoravape.com\/pl\/wp-json\/wp\/v2\/product"}],"about":[{"href":"https:\/\/agoravape.com\/pl\/wp-json\/wp\/v2\/types\/product"}],"replies":[{"embeddable":true,"href":"https:\/\/agoravape.com\/pl\/wp-json\/wp\/v2\/comments?post=17167"}],"version-history":[{"count":0,"href":"https:\/\/agoravape.com\/pl\/wp-json\/wp\/v2\/product\/17167\/revisions"}],"wp:featuredmedia":[{"embeddable":true,"href":"https:\/\/agoravape.com\/pl\/wp-json\/wp\/v2\/media\/17163"}],"wp:attachment":[{"href":"https:\/\/agoravape.com\/pl\/wp-json\/wp\/v2\/media?parent=17167"}],"wp:term":[{"taxonomy":"product_brand","embeddable":true,"href":"https:\/\/agoravape.com\/pl\/wp-json\/wp\/v2\/product_brand?post=17167"},{"taxonomy":"product_cat","embeddable":true,"href":"https:\/\/agoravape.com\/pl\/wp-json\/wp\/v2\/product_cat?post=17167"},{"taxonomy":"product_tag","embeddable":true,"href":"https:\/\/agoravape.com\/pl\/wp-json\/wp\/v2\/product_tag?post=17167"}],"curies":[{"name":"wp","href":"https:\/\/api.w.org\/{rel}","templated":true}]}}