{"id":17216,"date":"2025-10-18T14:19:20","date_gmt":"2025-10-18T06:19:20","guid":{"rendered":"https:\/\/green-grasshopper-921422.hostingersite.com\/?post_type=product&#038;p=17216"},"modified":"2026-01-19T22:01:08","modified_gmt":"2026-01-19T14:01:08","slug":"wga-20k-20000-zaciagniec-jednorazowe-vape","status":"publish","type":"product","link":"https:\/\/agoravape.com\/pl\/product\/wga-20k-20000-puffs-disposable-vape\/","title":{"rendered":"WGA 20k Puffs Mesh Coil High Capacity Vape | D\u0142ugotrwa\u0142y smak Mesh-Coil z \u0142adowaniem typu C"},"content":{"rendered":"<h2 data-v-md-heading=\"what-are-the-special-features-of-wga-20k-high-capacity-mesh-coil-vapes\" data-v-md-line=\"3\"><\/h2>\n<p><img loading=\"lazy\" decoding=\"async\" class=\"size-full wp-image-17252 alignright\" src=\"https:\/\/agoravape.com\/wp-content\/uploads\/2025\/10\/WGA-20k-Puffs-Mesh-Coil-High-Capacity-Vape4-8.jpg\" alt=\"\" width=\"697\" height=\"257\" srcset=\"https:\/\/agoravape.com\/wp-content\/uploads\/2025\/10\/WGA-20k-Puffs-Mesh-Coil-High-Capacity-Vape4-8.jpg 697w, https:\/\/agoravape.com\/wp-content\/uploads\/2025\/10\/WGA-20k-Puffs-Mesh-Coil-High-Capacity-Vape4-8-300x111.jpg 300w\" sizes=\"auto, (max-width: 697px) 100vw, 697px\" \/><\/p>\n<h2 data-v-md-heading=\"what-are-the-special-features-of-wga-20k-high-capacity-mesh-coil-vapes\" data-v-md-line=\"3\">Jakie s\u0105 szczeg\u00f3lne cechy waporyzator\u00f3w z cewk\u0105 siatkow\u0105 WGA 20k o du\u017cej pojemno\u015bci?<\/h2>\n<p data-v-md-line=\"4\">Je\u015bli jeste\u015b zm\u0119czony u\u017cywaniem jednorazowych waporyzator\u00f3w przed weekendem, ten produkt zmieni Twoje do\u015bwiadczenie. WGA 20k ma \u017cywotno\u015b\u0107 baterii do 20000 cykli i jest wyposa\u017cony w akumulator, dzi\u0119ki czemu faktycznie zu\u017cyjesz ca\u0142y zakupiony e-liquid.<\/p>\n<p data-v-md-line=\"6\">Je\u015bli chcesz uzyska\u0107 stabilny i niezawodny smak bez obaw, ten produkt jest idealnym wyborem. \u0141\u0105czy w sobie wygod\u0119 jednorazowych waporyzator\u00f3w z konsystencj\u0105 cewek siatkowych. Urz\u0105dzenie o tak du\u017cej pojemno\u015bci mo\u017ce wydawa\u0107 si\u0119 niepor\u0119czne, ale doskonale nadaje si\u0119 do codziennego noszenia.<\/p>\n<h2 data-v-md-heading=\"excellent-performance-easy-and-convenient\" data-v-md-line=\"8\">Doskona\u0142a wydajno\u015b\u0107, \u0142atwo\u015b\u0107 i wygoda<\/h2>\n<p data-v-md-line=\"9\">Impedancja cewki siatkowej wynosi 1,2 oma, co jest sekretem g\u0142adkiego i jednolitego dymu. Od pierwszego do ostatniego zaci\u0105gni\u0119cia si\u0119, smak pozostaje sp\u00f3jny. Po wyczerpaniu baterii mo\u017cna j\u0105 na\u0142adowa\u0107 za pomoc\u0105 kabla do transmisji danych typu C (mo\u017ce to by\u0107 ten sam kabel, kt\u00f3ry jest u\u017cywany w telefonie) bez konieczno\u015bci szukania dedykowanej \u0142adowarki.<\/p>\n<h2 data-v-md-heading=\"specification-overview\" data-v-md-line=\"11\">Przegl\u0105d specyfikacji<\/h2>\n<ul data-v-md-line=\"12\">\n<li>Cz\u0119stotliwo\u015b\u0107 zasysania: do 20000 razy<\/li>\n<li>Nikotyna: sole nikotyny 2% i 5% s\u0105 opcjonalne.<\/li>\n<li>Rdze\u0144 rozpylaj\u0105cy: rdze\u0144 rozpylaj\u0105cy o oczkach 1,2 \u03a9<\/li>\n<li>Bateria: akumulator o pojemno\u015bci 850 mAh<\/li>\n<li>Zasada dzia\u0142ania: Prosty i \u0142atwy w u\u017cyciu<\/li>\n<li>\u0141adowanie: Standardowy interfejs USB typu C<\/li>\n<li>Status: Gotowy do u\u017cycia od razu po wyj\u0119ciu z pude\u0142ka<\/li>\n<\/ul>\n<p data-v-md-line=\"20\">Uwaga: St\u0119\u017cenie 2% (20 mg\/mL) jest odpowiednie dla rynk\u00f3w regulowanych przez TPD\/TRRP. Dostarczanie st\u0119\u017cenia 5% (50 mg\/mL) zale\u017cy od lokalnych przepis\u00f3w.<\/p>\n<h2 data-v-md-heading=\"for-you-and-your-business\" data-v-md-line=\"22\">Dla Ciebie i Twojego biznesu<\/h2>\n<p data-v-md-line=\"23\">Mo\u017cesz kupi\u0107 WGA 20k do u\u017cytku osobistego, a je\u015bli prowadzisz sklep lub sklep internetowy, mo\u017cesz kupi\u0107 towar hurtowo w pude\u0142kach po 160 sztuk. Ka\u017cde pude\u0142ko kartonowe jest zapakowane w kolorowe pude\u0142ko ekspozycyjne, kt\u00f3re wyr\u00f3\u017cnia si\u0119 na p\u00f3\u0142kach. Zewn\u0119trzny rozmiar pude\u0142ka to 51 \u00d7 32,5 \u00d7 23 centymetry, przy wadze brutto 19 kilogram\u00f3w, co u\u0142atwia planowanie przechowywania i transportu.<\/p>\n<p data-v-md-line=\"25\">Wsp\u00f3\u0142pracujemy z zaufanymi partnerami, takimi jak UPS, DPD i DHL, aby korzysta\u0107 z wysy\u0142ki Delivered Duty Paid (DDP) w celu zapewnienia prawid\u0142owej obs\u0142ugi taryf i unikni\u0119cia nieoczekiwanych sytuacji celnych. Gdy zam\u00f3wienie zostanie dostarczone, dostarczymy pe\u0142ne informacje o \u015bledzeniu przesy\u0142ki i odpowiednie dokumenty.<\/p>\n<p data-v-md-line=\"25\"><img loading=\"lazy\" decoding=\"async\" class=\"size-full wp-image-17245 alignright\" src=\"https:\/\/agoravape.com\/wp-content\/uploads\/2025\/10\/WGA-20k-Puffs-Mesh-Coil-High-Capacity-Vape4-1.jpg\" alt=\"\" width=\"696\" height=\"527\" srcset=\"https:\/\/agoravape.com\/wp-content\/uploads\/2025\/10\/WGA-20k-Puffs-Mesh-Coil-High-Capacity-Vape4-1.jpg 696w, https:\/\/agoravape.com\/wp-content\/uploads\/2025\/10\/WGA-20k-Puffs-Mesh-Coil-High-Capacity-Vape4-1-300x227.jpg 300w\" sizes=\"auto, (max-width: 696px) 100vw, 696px\" \/><\/p>\n<h2 data-v-md-heading=\"why-do-you-like-it\" data-v-md-line=\"27\">Dlaczego to lubisz?<\/h2>\n<ul data-v-md-line=\"28\">\n<li>Wi\u0119cej zaci\u0105gni\u0119\u0107: d\u0142u\u017cszy czas u\u017cytkowania, brak konieczno\u015bci cz\u0119stego kupowania nowych papieros\u00f3w<\/li>\n<li>Wyb\u00f3r nikotyny: Wybierz st\u0119\u017cenie nikotyny, kt\u00f3re pasuje do Twoich codziennych nawyk\u00f3w i rynku<\/li>\n<li>Mo\u017cliwo\u015b\u0107 wielokrotnego \u0142adowania: Mo\u017cesz korzysta\u0107 z pe\u0142nego e-liquidu bez wyrzucania w po\u0142owie zu\u017cytego sprz\u0119tu<\/li>\n<li>Siatkowy rdze\u0144 atomizera: zapewnia sp\u00f3jny i czysty smak przy ka\u017cdym zassaniu<\/li>\n<li>\u0141adowanie typu C: Korzystanie z uniwersalnego kabla do transmisji danych sprawia, \u017ce wszystko jest proste<\/li>\n<\/ul>\n<h2 data-v-md-heading=\"why-choose-to-collaborate-with-agoravape\" data-v-md-line=\"34\">Dlaczego warto zdecydowa\u0107 si\u0119 na wsp\u00f3\u0142prac\u0119 z AgoraVape?<\/h2>\n<p data-v-md-line=\"35\">Sprzedajemy tylko oryginalne produkty 100% od sprawdzonych dostawc\u00f3w. Dla klient\u00f3w biznesowych oznacza to obni\u017cone ceny hurtowe, jasne specyfikacje produkt\u00f3w i szybkie wsparcie. \u015awiadczymy us\u0142ugi transportowe DDP w ca\u0142ej Europie, z szybk\u0105 wysy\u0142k\u0105, niezawodnymi przewo\u017anikami i kompleksowymi procedurami weryfikacji wieku.<\/p>\n<p data-v-md-line=\"37\">Czy Tw\u00f3j rynek wymaga opcji zgodnych z dyrektyw\u0105 TPD? Oferujemy wersj\u0119 2%. Chcesz szybko rozszerzy\u0107 dzia\u0142alno\u015b\u0107? Pomo\u017cemy Ci zaplanowa\u0107 poziomy zapas\u00f3w i harmonogramy wprowadzania na rynek. Skontaktuj si\u0119 z nami, aby doda\u0107 WGA 20k Puffs Mesh Coil o du\u017cej pojemno\u015bci do swojej linii produkt\u00f3w, zapewniaj\u0105c swoim klientom niezawodne jednorazowe waporyzatory o du\u017cej pojemno\u015bci i czyni\u0105c ich sta\u0142ymi klientami.<\/p>\n<p data-v-md-line=\"39\">Wa\u017cna informacja: Ten produkt zawiera nikotyn\u0119 i jest przeznaczony wy\u0142\u0105cznie do u\u017cytku przez osoby doros\u0142e. Nale\u017cy przestrzega\u0107 lokalnych przepis\u00f3w i wytycznych.<\/p>","protected":false},"excerpt":{"rendered":"<p>&nbsp;<\/p>","protected":false},"featured_media":17249,"comment_status":"open","ping_status":"closed","template":"","meta":[],"product_brand":[232],"product_cat":[124,185,189,174,175,193,191,173,186,180,190,159],"product_tag":[],"class_list":{"0":"post-17216","1":"product","2":"type-product","3":"status-publish","4":"has-post-thumbnail","6":"product_brand-wga","7":"product_cat-vape-by-brand","8":"product_cat-10000-puffs-high-capacity","9":"product_cat-20mg-standard-nicotine-vapes","10":"product_cat-fruit-flavors","11":"product_cat-icy-mint","12":"product_cat-mesh-coil","13":"product_cat-rechargeable-disposables","14":"product_cat-vape-by-flavor-profile","15":"product_cat-vape-by-nicotine-strength","16":"product_cat-vape-by-puff-count","17":"product_cat-vape-by-feature-or-type","18":"product_cat-wga","20":"first","21":"onbackorder","22":"shipping-taxable","23":"purchasable","24":"product-type-variable","25":"has-default-attributes"},"tiered_pricing_type":"percentage","tiered_pricing_fixed_rules":[],"tiered_pricing_product_settings":{"layout":"default","base_unit_name":{"singular":null,"plural":null},"default_variation":null},"tiered_pricing_minimum_quantity":50,"tiered_pricing_roles_data":[],"tiered_pricing_percentage_rules":{"100":"40","200":"44","500":"47","1000":"49"},"tiered_pricing_maximum_quantity":null,"tiered_pricing_quantity_step":"10","_links":{"self":[{"href":"https:\/\/agoravape.com\/pl\/wp-json\/wp\/v2\/product\/17216","targetHints":{"allow":["GET"]}}],"collection":[{"href":"https:\/\/agoravape.com\/pl\/wp-json\/wp\/v2\/product"}],"about":[{"href":"https:\/\/agoravape.com\/pl\/wp-json\/wp\/v2\/types\/product"}],"replies":[{"embeddable":true,"href":"https:\/\/agoravape.com\/pl\/wp-json\/wp\/v2\/comments?post=17216"}],"version-history":[{"count":0,"href":"https:\/\/agoravape.com\/pl\/wp-json\/wp\/v2\/product\/17216\/revisions"}],"wp:featuredmedia":[{"embeddable":true,"href":"https:\/\/agoravape.com\/pl\/wp-json\/wp\/v2\/media\/17249"}],"wp:attachment":[{"href":"https:\/\/agoravape.com\/pl\/wp-json\/wp\/v2\/media?parent=17216"}],"wp:term":[{"taxonomy":"product_brand","embeddable":true,"href":"https:\/\/agoravape.com\/pl\/wp-json\/wp\/v2\/product_brand?post=17216"},{"taxonomy":"product_cat","embeddable":true,"href":"https:\/\/agoravape.com\/pl\/wp-json\/wp\/v2\/product_cat?post=17216"},{"taxonomy":"product_tag","embeddable":true,"href":"https:\/\/agoravape.com\/pl\/wp-json\/wp\/v2\/product_tag?post=17216"}],"curies":[{"name":"wp","href":"https:\/\/api.w.org\/{rel}","templated":true}]}}