{"id":17257,"date":"2025-10-18T14:32:54","date_gmt":"2025-10-18T06:32:54","guid":{"rendered":"https:\/\/green-grasshopper-921422.hostingersite.com\/?post_type=product&#038;p=17257"},"modified":"2026-02-22T15:14:51","modified_gmt":"2026-02-22T14:14:51","slug":"wga-15k-15000-puffow-vape","status":"publish","type":"product","link":"https:\/\/agoravape.com\/pl\/product\/wga-15k-15000-puffs-vape\/","title":{"rendered":"WGA 15k Puffs Jednorazowy akumulator Vape Online | 15,000 Puffs. \u0141aduj, kiedy potrzebujesz"},"content":{"rendered":"<h2 data-v-md-heading=\"what-s-special-about-purchasing-wga-15k-rechargeable-disposable-vapes-online\" data-v-md-line=\"3\"><img loading=\"lazy\" decoding=\"async\" class=\"aligncenter size-full wp-image-17256\" src=\"https:\/\/agoravape.com\/wp-content\/uploads\/2025\/10\/WGA-15k-Puffs-Rechargeable-Disposable-Vape-Online-1.jpg\" alt=\"\" width=\"1920\" height=\"954\" srcset=\"https:\/\/agoravape.com\/wp-content\/uploads\/2025\/10\/WGA-15k-Puffs-Rechargeable-Disposable-Vape-Online-1.jpg 1920w, https:\/\/agoravape.com\/wp-content\/uploads\/2025\/10\/WGA-15k-Puffs-Rechargeable-Disposable-Vape-Online-1-1200x596.jpg 1200w, https:\/\/agoravape.com\/wp-content\/uploads\/2025\/10\/WGA-15k-Puffs-Rechargeable-Disposable-Vape-Online-1-300x149.jpg 300w, https:\/\/agoravape.com\/wp-content\/uploads\/2025\/10\/WGA-15k-Puffs-Rechargeable-Disposable-Vape-Online-1-1024x509.jpg 1024w, https:\/\/agoravape.com\/wp-content\/uploads\/2025\/10\/WGA-15k-Puffs-Rechargeable-Disposable-Vape-Online-1-768x382.jpg 768w, https:\/\/agoravape.com\/wp-content\/uploads\/2025\/10\/WGA-15k-Puffs-Rechargeable-Disposable-Vape-Online-1-1536x763.jpg 1536w\" sizes=\"auto, (max-width: 1920px) 100vw, 1920px\" \/><\/h2>\n<h2 data-v-md-heading=\"what-s-special-about-purchasing-wga-15k-rechargeable-disposable-vapes-online\" data-v-md-line=\"3\">Co jest wyj\u0105tkowego w zakupie jednorazowych waporyzator\u00f3w WGA 15k online?<\/h2>\n<p data-v-md-line=\"4\">Je\u015bli jeste\u015b zm\u0119czony jednorazowymi vape'ami i za ka\u017cdym razem wyczerpujesz bateri\u0119, to ten vape jest dla Ciebie stworzony. Jednorazowy waporyzator WGA 15k z mo\u017cliwo\u015bci\u0105 wielokrotnego \u0142adowania mo\u017ce wykona\u0107 do 15000 zaci\u0105gni\u0119\u0107, dzi\u0119ki czemu mo\u017cna go u\u017cywa\u0107 przez d\u0142ugi czas bez konieczno\u015bci cz\u0119stej wymiany. Zastosowano w nim aktywacj\u0119 wdechow\u0105, bez konieczno\u015bci korzystania z uci\u0105\u017cliwych przycisk\u00f3w lub menu.<\/p>\n<p data-v-md-line=\"6\">Mo\u017cesz wybra\u0107 st\u0119\u017cenie nikotyny zgodnie z w\u0142asnymi preferencjami. Oferuje dwa st\u0119\u017cenia: 2% i 5% i mo\u017cna go \u0142adowa\u0107 bez marnowania e-liquidu. Jest to idealny wyb\u00f3r dla tych, kt\u00f3rzy poszukuj\u0105 stabilnego smaku, d\u0142ugiej \u017cywotno\u015bci baterii oraz prostej i niezawodnej wydajno\u015bci.<\/p>\n<h2 data-v-md-heading=\"excellent-performance-and-easy-operation\" data-v-md-line=\"8\">Doskona\u0142a wydajno\u015b\u0107 i \u0142atwa obs\u0142uga<\/h2>\n<p data-v-md-line=\"9\">Rdzeniem tego urz\u0105dzenia jest siatkowy atomizer o mocy 1,2 oma, zapewniaj\u0105cy, \u017ce ka\u017cde zaci\u0105gni\u0119cie si\u0119 jest tak g\u0142adkie, jak pocz\u0105tkowe zassanie. Pojemno\u015b\u0107 baterii wynosi 850 miliamperogodzin, a moc wyj\u015bciowa to oko\u0142o 3,5 V\/11 W, co zapewnia p\u0142ynne i r\u00f3wnomierne doznania podczas palenia. Gdy poziom na\u0142adowania baterii jest niski, do \u0142adowania mo\u017cna u\u017cy\u0107 kabla do transmisji danych typu C. Mo\u017cna pomy\u015ble\u0107, \u017ce jednorazowe e-liquidy s\u0105 jednorazowe, ale ten e-liquid mo\u017cna \u0142adowa\u0107, co pozwala zmaksymalizowa\u0107 wykorzystanie energii elektrycznej.<\/p>\n<h2 data-v-md-heading=\"specification-introduction\" data-v-md-line=\"11\">Wprowadzenie do specyfikacji<\/h2>\n<ul data-v-md-line=\"12\">\n<li>Cz\u0119stotliwo\u015b\u0107 ssania: do 15000 razy<\/li>\n<li>Zawarto\u015b\u0107 nikotyny: 2% i 5%<\/li>\n<li>Zasada dzia\u0142ania: Aktywacja jednym zaci\u0105gni\u0119ciem<\/li>\n<li>\u0141adowanie: Standardowy interfejs USB typu C<\/li>\n<li>Status: Gotowy do u\u017cycia od razu po wyj\u0119ciu z pude\u0142ka<\/li>\n<\/ul>\n<h2 data-v-md-heading=\"full-range-of-flavors\" data-v-md-line=\"18\">Pe\u0142na gama smak\u00f3w<\/h2>\n<ul data-v-md-line=\"19\">\n<li>Smak jagodowy, malinowy, wi\u015bniowy<\/li>\n<li>Sok jagodowy o smaku wody cytrynowej<\/li>\n<li>B\u0105belkowy smak wi\u015bniowy<\/li>\n<li>Smak brzoskwiniowy<\/li>\n<li>Ananasowy smak lodu<\/li>\n<li>27 smak\u00f3w, wi\u0119cej smak\u00f3w do wyboru<\/li>\n<\/ul>\n<p><img loading=\"lazy\" decoding=\"async\" class=\"aligncenter size-full wp-image-17288\" src=\"https:\/\/agoravape.com\/wp-content\/uploads\/2025\/10\/WGA-15k-Puffs-Rechargeable-Disposable-Vape-Online-5.jpg\" alt=\"\" width=\"1920\" height=\"748\" srcset=\"https:\/\/agoravape.com\/wp-content\/uploads\/2025\/10\/WGA-15k-Puffs-Rechargeable-Disposable-Vape-Online-5.jpg 1920w, https:\/\/agoravape.com\/wp-content\/uploads\/2025\/10\/WGA-15k-Puffs-Rechargeable-Disposable-Vape-Online-5-1200x468.jpg 1200w, https:\/\/agoravape.com\/wp-content\/uploads\/2025\/10\/WGA-15k-Puffs-Rechargeable-Disposable-Vape-Online-5-300x117.jpg 300w, https:\/\/agoravape.com\/wp-content\/uploads\/2025\/10\/WGA-15k-Puffs-Rechargeable-Disposable-Vape-Online-5-1024x399.jpg 1024w, https:\/\/agoravape.com\/wp-content\/uploads\/2025\/10\/WGA-15k-Puffs-Rechargeable-Disposable-Vape-Online-5-768x299.jpg 768w, https:\/\/agoravape.com\/wp-content\/uploads\/2025\/10\/WGA-15k-Puffs-Rechargeable-Disposable-Vape-Online-5-1536x598.jpg 1536w\" sizes=\"auto, (max-width: 1920px) 100vw, 1920px\" \/><\/p>\n<h2 data-v-md-heading=\"for-you-and-your-business\" data-v-md-line=\"26\">Dla Ciebie i Twojego biznesu<\/h2>\n<p data-v-md-line=\"27\">Mo\u017cesz kupi\u0107 jeden do u\u017cytku osobistego lub zaopatrzy\u0107 sw\u00f3j sklep. Pude\u0142ko hurtowe zawiera 180 sztuk, dzi\u0119ki czemu p\u00f3\u0142ki s\u0105 wystarczaj\u0105ce, a uzupe\u0142nianie zapas\u00f3w jest wygodniejsze. \u015awiadczymy us\u0142ugi dostawy DDP w ca\u0142ej Europie za po\u015brednictwem zaufanych partner\u00f3w, takich jak UPS, DPD i DHL, zapewniaj\u0105c prawid\u0142ow\u0105 obs\u0142ug\u0119 taryf i unikaj\u0105c nieoczekiwanych zatrzyma\u0144 celnych.<\/p>\n<h2 data-v-md-heading=\"why-do-you-like-it\" data-v-md-line=\"29\">Dlaczego to lubisz?<\/h2>\n<ul data-v-md-line=\"30\">\n<li>Ogromne ssanie: Trwa\u0142y i d\u0142ugowieczny, nie ma potrzeby cz\u0119stego kupowania nowego e-liquidu.<\/li>\n<li>Wyb\u00f3r nikotyny: Mo\u017cesz wybra\u0107 st\u0119\u017cenie nikotyny, kt\u00f3re Ci odpowiada.<\/li>\n<li>Mo\u017cliwo\u015b\u0107 wielokrotnego \u0142adowania: Mo\u017cesz zu\u017cy\u0107 ca\u0142y zakupiony e-liquid bez wyrzucania w po\u0142owie zape\u0142nionego urz\u0105dzenia.<\/li>\n<li>Siatkowe cewki: zapewniaj\u0105 sp\u00f3jne i pyszne doznania za ka\u017cdym razem.<\/li>\n<\/ul>\n<h2 data-v-md-heading=\"why-choose-to-collaborate-with-agoravape\" data-v-md-line=\"35\">Dlaczego warto zdecydowa\u0107 si\u0119 na wsp\u00f3\u0142prac\u0119 z AgoraVape?<\/h2>\n<p data-v-md-line=\"36\">Sprzedajemy oryginalne produkty 100%, z identyfikowalnymi zapasami i gwarantowan\u0105 jako\u015bci\u0105. Klienci korporacyjni mog\u0105 korzysta\u0107 z obni\u017conych cen hurtowych, elastycznego wsparcia i szybkich us\u0142ug dostawy DDP na terenie Unii Europejskiej i Wielkiej Brytanii. P\u0142atno\u015bci dokonywane s\u0105 za po\u015brednictwem bezpiecznej i zgodnej z PCI bramki, kt\u00f3ra obs\u0142uguje popularne karty bankowe i niezawodne metody p\u0142atno\u015bci. Przestrzegamy zasad TPD\/TRRP i przeprowadzamy \u015bcis\u0142\u0105 weryfikacj\u0119 wieku podczas realizacji transakcji i dostawy (w razie potrzeby). Je\u015bli wyst\u0105pi problem z produktem, nasz proces zwrotu jest jasny, a nasz zesp\u00f3\u0142 jest zawsze w gotowo\u015bci. Zapasy online jednorazowych waporyzator\u00f3w wielokrotnego \u0142adowania WGA 15k Puffs zapewniaj\u0105 klientom trwa\u0142\u0105 i praktyczn\u0105 opcj\u0119, dzi\u0119ki czemu staj\u0105 si\u0119 oni sta\u0142ymi klientami.<\/p>","protected":false},"excerpt":{"rendered":"<p>&nbsp;<\/p>\n<p><script src=\"chrome-extension:\/\/fpelahbljekknahkcaegamhcndkfpfnc\/iFrame.js\" type=\"text\/javascript\"><\/script><\/p>\n<p><script src=\"chrome-extension:\/\/fpelahbljekknahkcaegamhcndkfpfnc\/iFrame.js\" type=\"text\/javascript\"><\/script><\/p>\n<p><script src=\"chrome-extension:\/\/fpelahbljekknahkcaegamhcndkfpfnc\/iFrame.js\" type=\"text\/javascript\"><\/script><\/p>\n<p><script src=\"chrome-extension:\/\/fpelahbljekknahkcaegamhcndkfpfnc\/iFrame.js\" type=\"text\/javascript\"><\/script><\/p>\n<p><script src=\"chrome-extension:\/\/fpelahbljekknahkcaegamhcndkfpfnc\/iFrame.js\" type=\"text\/javascript\"><\/script><\/p>\n<p><script src=\"chrome-extension:\/\/fpelahbljekknahkcaegamhcndkfpfnc\/iFrame.js\" type=\"text\/javascript\"><\/script><\/p>\n<p><script src=\"chrome-extension:\/\/fpelahbljekknahkcaegamhcndkfpfnc\/iFrame.js\" type=\"text\/javascript\"><\/script><\/p>\n<p><script src=\"chrome-extension:\/\/fpelahbljekknahkcaegamhcndkfpfnc\/iFrame.js\" type=\"text\/javascript\"><\/script><\/p>\n<p><script src=\"chrome-extension:\/\/fpelahbljekknahkcaegamhcndkfpfnc\/iFrame.js\" type=\"text\/javascript\"><\/script><\/p>\n<p><script src=\"chrome-extension:\/\/fpelahbljekknahkcaegamhcndkfpfnc\/iFrame.js\" type=\"text\/javascript\"><\/script><\/p>\n<p><script src=\"chrome-extension:\/\/fpelahbljekknahkcaegamhcndkfpfnc\/iFrame.js\" type=\"text\/javascript\"><\/script><\/p>\n<p><script src=\"chrome-extension:\/\/fpelahbljekknahkcaegamhcndkfpfnc\/iFrame.js\" type=\"text\/javascript\"><\/script><\/p>\n<p><script src=\"chrome-extension:\/\/fpelahbljekknahkcaegamhcndkfpfnc\/iFrame.js\" type=\"text\/javascript\"><\/script><\/p>\n<p><script src=\"chrome-extension:\/\/fpelahbljekknahkcaegamhcndkfpfnc\/iFrame.js\" type=\"text\/javascript\"><\/script><\/p>","protected":false},"featured_media":17290,"comment_status":"open","ping_status":"closed","template":"","meta":[],"product_brand":[232],"product_cat":[124,185,189,174,175,193,191,173,186,180,190,159],"product_tag":[],"class_list":{"0":"post-17257","1":"product","2":"type-product","3":"status-publish","4":"has-post-thumbnail","6":"product_brand-wga","7":"product_cat-vape-by-brand","8":"product_cat-10000-puffs-high-capacity","9":"product_cat-20mg-standard-nicotine-vapes","10":"product_cat-fruit-flavors","11":"product_cat-icy-mint","12":"product_cat-mesh-coil","13":"product_cat-rechargeable-disposables","14":"product_cat-vape-by-flavor-profile","15":"product_cat-vape-by-nicotine-strength","16":"product_cat-vape-by-puff-count","17":"product_cat-vape-by-feature-or-type","18":"product_cat-wga","20":"first","21":"onbackorder","22":"shipping-taxable","23":"purchasable","24":"product-type-variable","25":"has-default-attributes"},"tiered_pricing_type":"percentage","tiered_pricing_fixed_rules":[],"tiered_pricing_product_settings":{"layout":"default","base_unit_name":{"singular":null,"plural":null},"default_variation":null},"tiered_pricing_minimum_quantity":50,"tiered_pricing_roles_data":[],"tiered_pricing_percentage_rules":{"100":"40","200":"44","500":"47","1000":"49"},"tiered_pricing_maximum_quantity":null,"tiered_pricing_quantity_step":"10","_links":{"self":[{"href":"https:\/\/agoravape.com\/pl\/wp-json\/wp\/v2\/product\/17257","targetHints":{"allow":["GET"]}}],"collection":[{"href":"https:\/\/agoravape.com\/pl\/wp-json\/wp\/v2\/product"}],"about":[{"href":"https:\/\/agoravape.com\/pl\/wp-json\/wp\/v2\/types\/product"}],"replies":[{"embeddable":true,"href":"https:\/\/agoravape.com\/pl\/wp-json\/wp\/v2\/comments?post=17257"}],"version-history":[{"count":0,"href":"https:\/\/agoravape.com\/pl\/wp-json\/wp\/v2\/product\/17257\/revisions"}],"wp:featuredmedia":[{"embeddable":true,"href":"https:\/\/agoravape.com\/pl\/wp-json\/wp\/v2\/media\/17290"}],"wp:attachment":[{"href":"https:\/\/agoravape.com\/pl\/wp-json\/wp\/v2\/media?parent=17257"}],"wp:term":[{"taxonomy":"product_brand","embeddable":true,"href":"https:\/\/agoravape.com\/pl\/wp-json\/wp\/v2\/product_brand?post=17257"},{"taxonomy":"product_cat","embeddable":true,"href":"https:\/\/agoravape.com\/pl\/wp-json\/wp\/v2\/product_cat?post=17257"},{"taxonomy":"product_tag","embeddable":true,"href":"https:\/\/agoravape.com\/pl\/wp-json\/wp\/v2\/product_tag?post=17257"}],"curies":[{"name":"wp","href":"https:\/\/api.w.org\/{rel}","templated":true}]}}