{"id":17376,"date":"2025-10-18T16:52:16","date_gmt":"2025-10-18T08:52:16","guid":{"rendered":"https:\/\/green-grasshopper-921422.hostingersite.com\/?post_type=product&#038;p=17376"},"modified":"2025-12-15T21:30:17","modified_gmt":"2025-12-15T13:30:17","slug":"mesii-triple-niice-35k-regulowany-vape","status":"publish","type":"product","link":"https:\/\/agoravape.com\/pl\/product\/mesii-triple-niice-35k-adjustable-vape\/","title":{"rendered":"Mesii Triple NIICE 35K Puffs Regulowany Ice &amp; Nic Vape | Du\u017ca liczba zaci\u0105gni\u0119\u0107. Wybierany komfort."},"content":{"rendered":"<h2 data-v-md-heading=\"what-is-special-about-mesii-triple-niice-35000-puff-adjustable-freezing-point-and-nicotine-vape\" data-v-md-line=\"3\"><img loading=\"lazy\" decoding=\"async\" class=\"aligncenter size-full wp-image-17393\" src=\"https:\/\/agoravape.com\/wp-content\/uploads\/2025\/10\/Mesii-Triple-NIICE-35K-Puffs-Adjustable-Ice-Nic-Vape_Agora_vape-1.webp\" alt=\"\" width=\"1000\" height=\"1000\" srcset=\"https:\/\/agoravape.com\/wp-content\/uploads\/2025\/10\/Mesii-Triple-NIICE-35K-Puffs-Adjustable-Ice-Nic-Vape_Agora_vape-1.webp 1000w, https:\/\/agoravape.com\/wp-content\/uploads\/2025\/10\/Mesii-Triple-NIICE-35K-Puffs-Adjustable-Ice-Nic-Vape_Agora_vape-1-600x600.webp 600w, https:\/\/agoravape.com\/wp-content\/uploads\/2025\/10\/Mesii-Triple-NIICE-35K-Puffs-Adjustable-Ice-Nic-Vape_Agora_vape-1-300x300.webp 300w, https:\/\/agoravape.com\/wp-content\/uploads\/2025\/10\/Mesii-Triple-NIICE-35K-Puffs-Adjustable-Ice-Nic-Vape_Agora_vape-1-150x150.webp 150w, https:\/\/agoravape.com\/wp-content\/uploads\/2025\/10\/Mesii-Triple-NIICE-35K-Puffs-Adjustable-Ice-Nic-Vape_Agora_vape-1-768x768.webp 768w\" sizes=\"auto, (max-width: 1000px) 100vw, 1000px\" \/><\/h2>\n<h2 data-v-md-heading=\"what-is-special-about-mesii-triple-niice-35000-puff-adjustable-freezing-point-and-nicotine-vape\" data-v-md-line=\"3\">Co jest wyj\u0105tkowego w Mesii Triple NIICE 35000 puff z regulowan\u0105 temperatur\u0105 zamarzania i vape nikotynowym?<\/h2>\n<p data-v-md-line=\"4\">Je\u015bli jeste\u015b zm\u0119czony jednorazowymi waporyzatorami, kt\u00f3re ko\u0144cz\u0105 si\u0119 w ci\u0105gu tygodnia, warto przyjrze\u0107 si\u0119 temu produktowi. Mesii Triple NIICE mo\u017ce pomie\u015bci\u0107 do 35000 k\u0119s\u00f3w, zapewniaj\u0105c g\u0142adki i niezawodny smak oraz d\u0142ugotrwa\u0142\u0105 pyszno\u015b\u0107.<\/p>\n<p data-v-md-line=\"6\">Zosta\u0142 zaprojektowany specjalnie dla tych, kt\u00f3rzy d\u0105\u017c\u0105 do \u0142atwej kontroli. Na urz\u0105dzeniu mo\u017cna regulowa\u0107 temperatur\u0119 zamarzania i st\u0119\u017cenie nikotyny. Oznacza to, \u017ce mo\u017cesz znale\u017a\u0107 idealn\u0105 r\u00f3wnowag\u0119 mi\u0119dzy uderzeniem w gard\u0142o a lodowatym uczuciem, a nast\u0119pnie cieszy\u0107 si\u0119 nim w pe\u0142ni. Mog\u0142oby si\u0119 wydawa\u0107, \u017ce waporyzator tak du\u017cego kalibru b\u0119dzie niepor\u0119czny, ale zaskoczy Ci\u0119 jego lekko\u015b\u0107 i przeno\u015bno\u015b\u0107.<\/p>\n<h2 data-v-md-heading=\"excellent-performance-and-easy-operation\" data-v-md-line=\"8\">Doskona\u0142a wydajno\u015b\u0107 i \u0142atwa obs\u0142uga<\/h2>\n<p data-v-md-line=\"9\">Rdzeniem Triple NIICE jest cewka siatkowa. Nagrzewa si\u0119 ona r\u00f3wnomiernie, sprawiaj\u0105c, \u017ce ka\u017cdy k\u0119s jest tak pyszny, jak pierwszy \u0142yk. Gdy bateria jest roz\u0142adowana, wystarczy j\u0105 pod\u0142\u0105czy\u0107 i na\u0142adowa\u0107 przez USB-C. Nie s\u0105 wymagane \u017cadne specjalne kable ani uci\u0105\u017cliwe interfejsy. \u0141atwy w u\u017cyciu.<\/p>\n<h2 data-v-md-heading=\"specification-introduction\" data-v-md-line=\"11\">Wprowadzenie do specyfikacji<\/h2>\n<ul data-v-md-line=\"12\">\n<li>Cz\u0119stotliwo\u015b\u0107 ssania: do 35000 razy<\/li>\n<li>Pojemno\u015b\u0107 e-liquidu: 20 ml + 10 ml + 10 ml (trzy zbiorniki)<\/li>\n<li>Bateria: akumulator o pojemno\u015bci 800 mAh<\/li>\n<li>St\u0119\u017cenie nikotyny: 0%, 2%, 3%, 5% opcjonalnie<\/li>\n<li>Poziom lodu: brak lodu, niski, \u015bredni, bardzo wysoki<\/li>\n<li>Wbudowana w urz\u0105dzenie kontrola st\u0119\u017cenia nikotyny: brak, niskie, \u015brednie, mocne<\/li>\n<li>Zasada dzia\u0142ania: Aktywowany przez wdychanie<\/li>\n<li>Rdze\u0144 rozpylaj\u0105cy: Siatkowy rdze\u0144 rozpylaj\u0105cy, sp\u00f3jny smak<\/li>\n<li>\u0141adowanie: Standardowy interfejs USB-C<\/li>\n<li>Status: Gotowy do u\u017cycia po rozpakowaniu<\/li>\n<\/ul>\n<h2 data-v-md-heading=\"full-range-of-flavors\" data-v-md-line=\"23\">Pe\u0142na gama smak\u00f3w<\/h2>\n<ul data-v-md-line=\"24\">\n<li>Arbuzowy l\u00f3d<\/li>\n<li>Lody winogronowe<\/li>\n<li>Niebieskie lodowisko<\/li>\n<li>L\u00f3d jagodowy i arbuzowy<\/li>\n<li>L\u00f3d limonkowo-mi\u0119towy<\/li>\n<li>Brzoskwiniowy l\u00f3d<\/li>\n<li>Truskawkowy l\u00f3d<\/li>\n<li>Mieszane lody jagodowe<\/li>\n<li>Podw\u00f3jny l\u00f3d jab\u0142kowy<\/li>\n<li>Cherry Coke Ice<\/li>\n<\/ul>\n<h2 data-v-md-heading=\"to-create-for-you-and-your-business\" data-v-md-line=\"35\">Aby stworzy\u0107 dla Ciebie i Twojej firmy<\/h2>\n<p data-v-md-line=\"36\">Mo\u017cesz kupi\u0107 Mesii Triple NIICE 35K dla siebie lub dla swojego sklepu. Hurtowe pude\u0142ko kartonowe zawiera 160 sztuk, dzi\u0119ki czemu mo\u017cna \u0142atwo stworzy\u0107 prosty, przyci\u0105gaj\u0105cy wzrok i dynamiczny efekt wy\u015bwietlania.<\/p>\n<p data-v-md-line=\"38\">\u015awiadczymy us\u0142ugi dostawy DDP w ca\u0142ej Europie za po\u015brednictwem zaufanych partner\u00f3w, takich jak UPS, DPD i DHL. Oznacza to, \u017ce taryfy b\u0119d\u0105 przetwarzane z wyprzedzeniem, wi\u0119c nie b\u0119dzie \u017cadnych nieoczekiwanych incydent\u00f3w w urz\u0119dzie celnym. Zawarto\u015b\u0107 nikotyny i dost\u0119pno\u015b\u0107 r\u00f3\u017cni\u0105 si\u0119 w zale\u017cno\u015bci od kraju\/regionu, dlatego przed z\u0142o\u017ceniem zam\u00f3wienia nale\u017cy sprawdzi\u0107 lokalne przepisy.<\/p>\n<h2 data-v-md-heading=\"why-do-you-like-it\" data-v-md-line=\"40\">Dlaczego to lubisz?<\/h2>\n<ul data-v-md-line=\"41\">\n<li>Masowe palenie: Trwa\u0142e i d\u0142ugowieczne, nie ma potrzeby cz\u0119stego kupowania nowych papieros\u00f3w.<\/li>\n<li>Wyb\u00f3r zawarto\u015bci nikotyny: Wybierz 0%, 2%, 3% lub 5% w zale\u017cno\u015bci od preferencji.<\/li>\n<li>Mo\u017cliwo\u015b\u0107 \u0142adowania: Mo\u017cna u\u017cywa\u0107 wszystkich zakupionych e-liquid\u00f3w.<\/li>\n<li>Siatkowa cewka: Zapewnia sp\u00f3jny i bogaty smak za ka\u017cdym razem.<\/li>\n<li>Regulowana zawarto\u015b\u0107 lodu: Dostosuj zawarto\u015b\u0107 lodu do swojego nastroju, od zera do ekstremalnego.<\/li>\n<\/ul>\n<h2 data-v-md-heading=\"why-collaborate-with-agoravape\" data-v-md-line=\"47\">Dlaczego warto wsp\u00f3\u0142pracowa\u0107 z AgoraVape?<\/h2>\n<p data-v-md-line=\"48\">Sprzedajemy tylko oryginalne produkty 100% i nie mamy co do tego \u017cadnych w\u0105tpliwo\u015bci. Dla klient\u00f3w komercyjnych oznacza to, \u017ce regulowany punkt zamarzania i vape nikotynowy Mesii Triple NIICE 35K ma bardzo konkurencyjne ceny hurtowe, wygodne wsparcie posprzeda\u017cowe oraz szybkie i niezawodne us\u0142ugi dostawy. Je\u015bli potrzebujesz regulowanego jednorazowego vape o wysokiej temperaturze dymu, kt\u00f3ry mo\u017ce zwi\u0119kszy\u0107 wska\u017anik utrzymania klient\u00f3w, skontaktuj si\u0119 z nami.<\/p>","protected":false},"excerpt":{"rendered":"<p>&nbsp;<\/p>\n<p><script src=\"chrome-extension:\/\/fpelahbljekknahkcaegamhcndkfpfnc\/iFrame.js\" type=\"text\/javascript\"><\/script><\/p>\n<p><script src=\"chrome-extension:\/\/fpelahbljekknahkcaegamhcndkfpfnc\/iFrame.js\" type=\"text\/javascript\"><\/script><\/p>\n<p><script src=\"chrome-extension:\/\/fpelahbljekknahkcaegamhcndkfpfnc\/iFrame.js\" type=\"text\/javascript\"><\/script><\/p>\n<p><script src=\"chrome-extension:\/\/fpelahbljekknahkcaegamhcndkfpfnc\/iFrame.js\" type=\"text\/javascript\"><\/script><\/p>\n<p><script src=\"chrome-extension:\/\/fpelahbljekknahkcaegamhcndkfpfnc\/iFrame.js\" type=\"text\/javascript\"><\/script><\/p>\n<p><script src=\"chrome-extension:\/\/fpelahbljekknahkcaegamhcndkfpfnc\/iFrame.js\" type=\"text\/javascript\"><\/script><\/p>\n<p><script src=\"chrome-extension:\/\/fpelahbljekknahkcaegamhcndkfpfnc\/iFrame.js\" type=\"text\/javascript\"><\/script><\/p>\n<p><script src=\"chrome-extension:\/\/fpelahbljekknahkcaegamhcndkfpfnc\/iFrame.js\" type=\"text\/javascript\"><\/script><\/p>\n<p><script src=\"chrome-extension:\/\/fpelahbljekknahkcaegamhcndkfpfnc\/iFrame.js\" type=\"text\/javascript\"><\/script><\/p>\n<p><script src=\"chrome-extension:\/\/fpelahbljekknahkcaegamhcndkfpfnc\/iFrame.js\" type=\"text\/javascript\"><\/script><\/p>\n<p><script src=\"chrome-extension:\/\/fpelahbljekknahkcaegamhcndkfpfnc\/iFrame.js\" type=\"text\/javascript\"><\/script><\/p>\n<p><script src=\"chrome-extension:\/\/fpelahbljekknahkcaegamhcndkfpfnc\/iFrame.js\" type=\"text\/javascript\"><\/script><\/p>\n<p><script src=\"chrome-extension:\/\/fpelahbljekknahkcaegamhcndkfpfnc\/iFrame.js\" type=\"text\/javascript\"><\/script><\/p>\n<p><script src=\"chrome-extension:\/\/fpelahbljekknahkcaegamhcndkfpfnc\/iFrame.js\" type=\"text\/javascript\"><\/script><\/p>\n<p><script src=\"chrome-extension:\/\/fpelahbljekknahkcaegamhcndkfpfnc\/iFrame.js\" type=\"text\/javascript\"><\/script><\/p>","protected":false},"featured_media":17403,"comment_status":"open","ping_status":"closed","template":"","meta":[],"product_brand":[234],"product_cat":[124,187,185,189,174,175,193,161,191,173,186,180,190,192],"product_tag":[],"class_list":{"0":"post-17376","1":"product","2":"type-product","3":"status-publish","4":"has-post-thumbnail","6":"product_brand-mesii","7":"product_cat-vape-by-brand","8":"product_cat-0mg-nicotine-free-vapes","9":"product_cat-10000-puffs-high-capacity","10":"product_cat-20mg-standard-nicotine-vapes","11":"product_cat-fruit-flavors","12":"product_cat-icy-mint","13":"product_cat-mesh-coil","14":"product_cat-mesii","15":"product_cat-rechargeable-disposables","16":"product_cat-vape-by-flavor-profile","17":"product_cat-vape-by-nicotine-strength","18":"product_cat-vape-by-puff-count","19":"product_cat-vape-by-feature-or-type","20":"product_cat-vapes-with-screens","22":"first","23":"instock","24":"shipping-taxable","25":"purchasable","26":"product-type-variable","27":"has-default-attributes"},"tiered_pricing_type":"percentage","tiered_pricing_fixed_rules":[],"tiered_pricing_product_settings":{"layout":"default","base_unit_name":{"singular":null,"plural":null},"default_variation":null},"tiered_pricing_minimum_quantity":10,"tiered_pricing_roles_data":[],"tiered_pricing_percentage_rules":{"30":"29","50":"35","100":"40","200":"44","500":"47","1000":"49"},"tiered_pricing_maximum_quantity":null,"tiered_pricing_quantity_step":"10","_links":{"self":[{"href":"https:\/\/agoravape.com\/pl\/wp-json\/wp\/v2\/product\/17376","targetHints":{"allow":["GET"]}}],"collection":[{"href":"https:\/\/agoravape.com\/pl\/wp-json\/wp\/v2\/product"}],"about":[{"href":"https:\/\/agoravape.com\/pl\/wp-json\/wp\/v2\/types\/product"}],"replies":[{"embeddable":true,"href":"https:\/\/agoravape.com\/pl\/wp-json\/wp\/v2\/comments?post=17376"}],"version-history":[{"count":0,"href":"https:\/\/agoravape.com\/pl\/wp-json\/wp\/v2\/product\/17376\/revisions"}],"wp:featuredmedia":[{"embeddable":true,"href":"https:\/\/agoravape.com\/pl\/wp-json\/wp\/v2\/media\/17403"}],"wp:attachment":[{"href":"https:\/\/agoravape.com\/pl\/wp-json\/wp\/v2\/media?parent=17376"}],"wp:term":[{"taxonomy":"product_brand","embeddable":true,"href":"https:\/\/agoravape.com\/pl\/wp-json\/wp\/v2\/product_brand?post=17376"},{"taxonomy":"product_cat","embeddable":true,"href":"https:\/\/agoravape.com\/pl\/wp-json\/wp\/v2\/product_cat?post=17376"},{"taxonomy":"product_tag","embeddable":true,"href":"https:\/\/agoravape.com\/pl\/wp-json\/wp\/v2\/product_tag?post=17376"}],"curies":[{"name":"wp","href":"https:\/\/api.w.org\/{rel}","templated":true}]}}