{"id":17416,"date":"2025-10-18T17:04:25","date_gmt":"2025-10-18T09:04:25","guid":{"rendered":"https:\/\/green-grasshopper-921422.hostingersite.com\/?post_type=product&#038;p=17416"},"modified":"2026-02-22T15:15:40","modified_gmt":"2026-02-22T14:15:40","slug":"mesii-vast-energy-30000-puffow-vape","status":"publish","type":"product","link":"https:\/\/agoravape.com\/pl\/product\/mesii-vast-energy-30000-puffs-vape\/","title":{"rendered":"Mesii Vast Energy 30K Puffs 4-Mode LED Marquee Vape | Du\u017ca liczba zaci\u0105gni\u0119\u0107, proste sterowanie dotykowe"},"content":{"rendered":"<h2 data-v-md-heading=\"what-are-the-special-features-of-mesii-vast-energy-30k-suction-capacity-4-speed-led-screen-vape\" data-v-md-line=\"3\"><img loading=\"lazy\" decoding=\"async\" class=\"aligncenter size-full wp-image-17443\" src=\"https:\/\/agoravape.com\/wp-content\/uploads\/2025\/10\/Mesii-Vast-Energy-30K-Puffs-4-Mode-LED-Marquee-Vape_Agora_vape-16.webp\" alt=\"\" width=\"1600\" height=\"1600\" srcset=\"https:\/\/agoravape.com\/wp-content\/uploads\/2025\/10\/Mesii-Vast-Energy-30K-Puffs-4-Mode-LED-Marquee-Vape_Agora_vape-16.webp 1600w, https:\/\/agoravape.com\/wp-content\/uploads\/2025\/10\/Mesii-Vast-Energy-30K-Puffs-4-Mode-LED-Marquee-Vape_Agora_vape-16-600x600.webp 600w, https:\/\/agoravape.com\/wp-content\/uploads\/2025\/10\/Mesii-Vast-Energy-30K-Puffs-4-Mode-LED-Marquee-Vape_Agora_vape-16-1200x1200.webp 1200w, https:\/\/agoravape.com\/wp-content\/uploads\/2025\/10\/Mesii-Vast-Energy-30K-Puffs-4-Mode-LED-Marquee-Vape_Agora_vape-16-300x300.webp 300w, https:\/\/agoravape.com\/wp-content\/uploads\/2025\/10\/Mesii-Vast-Energy-30K-Puffs-4-Mode-LED-Marquee-Vape_Agora_vape-16-1024x1024.webp 1024w, https:\/\/agoravape.com\/wp-content\/uploads\/2025\/10\/Mesii-Vast-Energy-30K-Puffs-4-Mode-LED-Marquee-Vape_Agora_vape-16-150x150.webp 150w, https:\/\/agoravape.com\/wp-content\/uploads\/2025\/10\/Mesii-Vast-Energy-30K-Puffs-4-Mode-LED-Marquee-Vape_Agora_vape-16-768x768.webp 768w, https:\/\/agoravape.com\/wp-content\/uploads\/2025\/10\/Mesii-Vast-Energy-30K-Puffs-4-Mode-LED-Marquee-Vape_Agora_vape-16-1536x1536.webp 1536w\" sizes=\"auto, (max-width: 1600px) 100vw, 1600px\" \/><\/h2>\n<h2 data-v-md-heading=\"what-are-the-special-features-of-mesii-vast-energy-30k-suction-capacity-4-speed-led-screen-vape\" data-v-md-line=\"3\">Jakie s\u0105 cechy szczeg\u00f3lne 4-biegowego vape z ekranem LED Mesii Vast Energy 30K?<\/h2>\n<p data-v-md-line=\"4\">Je\u015bli jeste\u015b zm\u0119czony jednorazowymi vape'ami i za ka\u017cdym razem szybko je zu\u017cywasz, to ten vape jest zdecydowanie najlepszym wyborem. Mesii Vast Energy ma do 30000 zaci\u0105gni\u0119\u0107 i jest wyposa\u017cony w efektowny ekran LED 360 \u00b0 w stylu vape, dzi\u0119ki czemu mo\u017cna go naprawd\u0119 u\u017cywa\u0107, zamiast tylko na niego patrze\u0107. Dotknij prze\u0142\u0105cznika dotykowego, aby prze\u0142\u0105cza\u0107 si\u0119 mi\u0119dzy czterema trybami, otwieraj\u0105c wspania\u0142e wra\u017cenia na ca\u0142y dzie\u0144.<\/p>\n<p data-v-md-line=\"6\">Je\u015bli chcesz \u0142atwo cieszy\u0107 si\u0119 bogatymi smakami bez k\u0142opotliwej obs\u0142ugi, ten waporyzator jest idealnym wyborem. Brak skomplikowanego menu, brak skomplikowanych przycisk\u00f3w, stylowy wygl\u0105d, prosta obs\u0142uga i doskona\u0142a wydajno\u015b\u0107.<\/p>\n<h2 data-v-md-heading=\"excellent-performance-without-any-complex-operations\" data-v-md-line=\"8\">Doskona\u0142a wydajno\u015b\u0107 bez skomplikowanych operacji<\/h2>\n<p data-v-md-line=\"9\">Cztery wygodne tryby - ECO, PLUS, PRO i MAX - pozwalaj\u0105 na swobodne dostosowanie po\u017c\u0105danej g\u0142o\u015bno\u015bci i mocy ssania. Tryb ECO wyd\u0142u\u017ca czas u\u017cytkowania. Tryb MAX zapewnia mocniejsze doznania. Cewka zosta\u0142a dostrojona i ma stabilny smak, a pierwszy k\u0119s jest tak g\u0142adki, jak ostatni. Zasilany bateri\u0105 800 mAh, jest wystarczaj\u0105cy do obs\u0142ugi du\u017cej pojemno\u015bci 30 ml. Wystarczy dotkn\u0105\u0107, aby prze\u0142\u0105czy\u0107 tryby do normalnego u\u017cytkowania.<\/p>\n<h2 data-v-md-heading=\"specification-overview\" data-v-md-line=\"11\">Przegl\u0105d specyfikacji<\/h2>\n<p data-v-md-line=\"12\"><strong>Cz\u0119stotliwo\u015b\u0107 ssania<\/strong>do 30000 razy<br \/>\n<strong>Zawarto\u015b\u0107 nikotyny<\/strong>: 0%, 2%, 3%, 5%<br \/>\n<strong>Zasada dzia\u0142ania<\/strong>: Dotykowy prze\u0142\u0105cznik do prze\u0142\u0105czania mi\u0119dzy trybami ECO, PLUS, PRO i MAX. Nie ma potrzeby wprowadzania skomplikowanych ustawie\u0144<br \/>\n<strong>\u0141adowanie:<\/strong>\u00a0Wbudowana bateria o pojemno\u015bci 800 mAh<br \/>\n<strong>Status:<\/strong>\u00a0Gotowy do u\u017cycia po wyj\u0119ciu z pude\u0142ka<\/p>\n<h2 data-v-md-heading=\"full-range-of-flavors\" data-v-md-line=\"18\">Pe\u0142na gama smak\u00f3w<\/h2>\n<ul data-v-md-line=\"19\">\n<li>Arbuzowy l\u00f3d<\/li>\n<li>Lody winogronowe<\/li>\n<li>Bomba jagodowa<\/li>\n<li>Truskawka kiwi<\/li>\n<li>Niebieskie lodowisko<\/li>\n<li>Brzoskwiniowy l\u00f3d<\/li>\n<li>Cherry Coke Ice<\/li>\n<li>Kwa\u015bne lody jab\u0142kowe<\/li>\n<li>Mi\u0119ta Miami<\/li>\n<li>Cytryna i limonka<\/li>\n<li>Truskawka arbuz<\/li>\n<li>Bai Xiang Orange Guava<\/li>\n<li>Arbuz malinowy<\/li>\n<li>Ananas Mango<\/li>\n<li>Smoczy owoc, banan, wi\u015bnia<\/li>\n<\/ul>\n<h2 data-v-md-heading=\"for-you-for-your-business\" data-v-md-line=\"35\">Dla Ciebie, dla Twojej firmy<\/h2>\n<p data-v-md-line=\"36\">Mo\u017cesz wybra\u0107 jeden dla siebie lub zaopatrzy\u0107 sw\u00f3j sklep. Hurtowe pude\u0142ka kartonowe po 150 sztuk w pude\u0142ku, o wadze brutto oko\u0142o 18 kilogram\u00f3w. Wysy\u0142amy za po\u015brednictwem zaufanych partner\u00f3w, takich jak UPS, DPD i DHL na zasadzie Delivered Duty Paid (DDP), dzi\u0119ki czemu Twoje zam\u00f3wienie mo\u017ce zosta\u0107 dostarczone szybko i unikn\u0105\u0107 nieoczekiwanych incydent\u00f3w celnych.<\/p>\n<p data-v-md-line=\"38\">Je\u015bli potrzebujesz cennika dla zam\u00f3wie\u0144 hurtowych lub mieszanych wk\u0142ad\u00f3w smakowych, skontaktuj si\u0119 z naszym zespo\u0142em. Pomo\u017cemy Ci stworzy\u0107 seri\u0119 produkt\u00f3w, kt\u00f3re naprawd\u0119 przyci\u0105gn\u0105 powracaj\u0105cych klient\u00f3w.<\/p>\n<h2 data-v-md-heading=\"why-do-you-like-it\" data-v-md-line=\"40\">Dlaczego to lubisz?<\/h2>\n<p data-v-md-line=\"41\"><strong>Nadmierne ssanie:<\/strong>\u00a0Kr\u00f3tszy czas wymiany, oszcz\u0119dno\u015b\u0107 czasu i k\u0142opot\u00f3w<br \/>\n<strong>Cztery tryby zasilania:<\/strong>\u00a0Dostosuj ssanie do swojego nastroju, niezale\u017cnie od tego, czy wolisz mi\u0119kko\u015b\u0107, czy si\u0142\u0119.<br \/>\n<strong>Przewijane \u015bwiat\u0142o LED 360\u00b0:<\/strong>\u00a0\u017bywy wygl\u0105d, wyra\u017ane i widoczne informacje zwrotne dotycz\u0105ce trybu<br \/>\n<strong>Wyb\u00f3r nikotyny:<\/strong>\u00a0Od 0% do wy\u017cszych st\u0119\u017ce\u0144, mo\u017cesz wybra\u0107 ten, kt\u00f3ry najbardziej Ci odpowiada<br \/>\n<strong>Sterowanie dotykowe:<\/strong>\u00a0Wystarczy dotkn\u0105\u0107, aby szybko prze\u0142\u0105cza\u0107 tryby<\/p>\n<h2 data-v-md-heading=\"why-collaborate-with-agoravape\" data-v-md-line=\"47\">Dlaczego warto wsp\u00f3\u0142pracowa\u0107 z AgoraVape?<\/h2>\n<p data-v-md-line=\"48\">Sprzedajemy tylko oryginalne produkty 100% naszych zaufanych marek. Jako jeden z najbardziej zaufanych dystrybutor\u00f3w vape w Europie, oferujemy obni\u017cone ceny hurtowe, niezawodne wsparcie i szybk\u0105 dostaw\u0119 DDP dla Mesii Vast Energy 30K palenie 4-trybowe LED ticker vapes. Chcesz go kupi\u0107? Skontaktuj si\u0119 z nami, a my zorganizujemy to dla Ciebie, eliminuj\u0105c Twoje zmartwienia.<\/p>\n<p data-v-md-line=\"50\">Informacja dla sprzedawc\u00f3w detalicznych w UE: Przed sprzeda\u017c\u0105 detaliczn\u0105 nale\u017cy sprawdzi\u0107 lokalne przepisy dotycz\u0105ce wyrob\u00f3w tytoniowych (TPD)\/wyrob\u00f3w tytoniowych i opakowa\u0144 (TRPR). Opcja pojemno\u015bci 30 ml i wy\u017cszej zawarto\u015bci nikotyny mo\u017ce by\u0107 niedozwolona na niekt\u00f3rych rynkach europejskich. S\u0142u\u017cymy rad\u0105 w zakresie zgodno\u015bci z przepisami obowi\u0105zuj\u0105cymi w danym kraju\/regionie.<\/p>","protected":false},"excerpt":{"rendered":"<p>&nbsp;<\/p>\n<p><script src=\"chrome-extension:\/\/fpelahbljekknahkcaegamhcndkfpfnc\/iFrame.js\" type=\"text\/javascript\"><\/script><\/p>\n<p><script src=\"chrome-extension:\/\/fpelahbljekknahkcaegamhcndkfpfnc\/iFrame.js\" type=\"text\/javascript\"><\/script><\/p>\n<p><script src=\"chrome-extension:\/\/fpelahbljekknahkcaegamhcndkfpfnc\/iFrame.js\" type=\"text\/javascript\"><\/script><\/p>\n<p><script src=\"chrome-extension:\/\/fpelahbljekknahkcaegamhcndkfpfnc\/iFrame.js\" type=\"text\/javascript\"><\/script><\/p>\n<p><script src=\"chrome-extension:\/\/fpelahbljekknahkcaegamhcndkfpfnc\/iFrame.js\" type=\"text\/javascript\"><\/script><\/p>\n<p><script src=\"chrome-extension:\/\/fpelahbljekknahkcaegamhcndkfpfnc\/iFrame.js\" type=\"text\/javascript\"><\/script><\/p>\n<p><script src=\"chrome-extension:\/\/fpelahbljekknahkcaegamhcndkfpfnc\/iFrame.js\" type=\"text\/javascript\"><\/script><\/p>\n<p><script src=\"chrome-extension:\/\/fpelahbljekknahkcaegamhcndkfpfnc\/iFrame.js\" type=\"text\/javascript\"><\/script><\/p>\n<p><script src=\"chrome-extension:\/\/fpelahbljekknahkcaegamhcndkfpfnc\/iFrame.js\" type=\"text\/javascript\"><\/script><\/p>\n<p><script src=\"chrome-extension:\/\/fpelahbljekknahkcaegamhcndkfpfnc\/iFrame.js\" type=\"text\/javascript\"><\/script><\/p>\n<p><script src=\"chrome-extension:\/\/fpelahbljekknahkcaegamhcndkfpfnc\/iFrame.js\" type=\"text\/javascript\"><\/script><\/p>\n<p><script src=\"chrome-extension:\/\/fpelahbljekknahkcaegamhcndkfpfnc\/iFrame.js\" type=\"text\/javascript\"><\/script><\/p>\n<p><script src=\"chrome-extension:\/\/fpelahbljekknahkcaegamhcndkfpfnc\/iFrame.js\" type=\"text\/javascript\"><\/script><\/p>\n<p><script src=\"chrome-extension:\/\/fpelahbljekknahkcaegamhcndkfpfnc\/iFrame.js\" type=\"text\/javascript\"><\/script><\/p>\n<p><script src=\"chrome-extension:\/\/fpelahbljekknahkcaegamhcndkfpfnc\/iFrame.js\" type=\"text\/javascript\"><\/script><\/p>","protected":false},"featured_media":17442,"comment_status":"open","ping_status":"closed","template":"","meta":[],"product_brand":[234],"product_cat":[124,187,185,189,1637,174,175,193,161,191,173,186,180,190,192],"product_tag":[],"class_list":{"0":"post-17416","1":"product","2":"type-product","3":"status-publish","4":"has-post-thumbnail","6":"product_brand-mesii","7":"product_cat-vape-by-brand","8":"product_cat-0mg-nicotine-free-vapes","9":"product_cat-10000-puffs-high-capacity","10":"product_cat-20mg-standard-nicotine-vapes","11":"product_cat-30000-puffs","12":"product_cat-fruit-flavors","13":"product_cat-icy-mint","14":"product_cat-mesh-coil","15":"product_cat-mesii","16":"product_cat-rechargeable-disposables","17":"product_cat-vape-by-flavor-profile","18":"product_cat-vape-by-nicotine-strength","19":"product_cat-vape-by-puff-count","20":"product_cat-vape-by-feature-or-type","21":"product_cat-vapes-with-screens","23":"first","24":"instock","25":"shipping-taxable","26":"purchasable","27":"product-type-variable","28":"has-default-attributes"},"tiered_pricing_type":"percentage","tiered_pricing_fixed_rules":[],"tiered_pricing_product_settings":{"layout":"default","base_unit_name":{"singular":null,"plural":null},"default_variation":null},"tiered_pricing_minimum_quantity":10,"tiered_pricing_roles_data":[],"tiered_pricing_percentage_rules":{"30":"29","50":"35","100":"40","200":"44","500":"47","1000":"49"},"tiered_pricing_maximum_quantity":null,"tiered_pricing_quantity_step":"10","_links":{"self":[{"href":"https:\/\/agoravape.com\/pl\/wp-json\/wp\/v2\/product\/17416","targetHints":{"allow":["GET"]}}],"collection":[{"href":"https:\/\/agoravape.com\/pl\/wp-json\/wp\/v2\/product"}],"about":[{"href":"https:\/\/agoravape.com\/pl\/wp-json\/wp\/v2\/types\/product"}],"replies":[{"embeddable":true,"href":"https:\/\/agoravape.com\/pl\/wp-json\/wp\/v2\/comments?post=17416"}],"version-history":[{"count":0,"href":"https:\/\/agoravape.com\/pl\/wp-json\/wp\/v2\/product\/17416\/revisions"}],"wp:featuredmedia":[{"embeddable":true,"href":"https:\/\/agoravape.com\/pl\/wp-json\/wp\/v2\/media\/17442"}],"wp:attachment":[{"href":"https:\/\/agoravape.com\/pl\/wp-json\/wp\/v2\/media?parent=17416"}],"wp:term":[{"taxonomy":"product_brand","embeddable":true,"href":"https:\/\/agoravape.com\/pl\/wp-json\/wp\/v2\/product_brand?post=17416"},{"taxonomy":"product_cat","embeddable":true,"href":"https:\/\/agoravape.com\/pl\/wp-json\/wp\/v2\/product_cat?post=17416"},{"taxonomy":"product_tag","embeddable":true,"href":"https:\/\/agoravape.com\/pl\/wp-json\/wp\/v2\/product_tag?post=17416"}],"curies":[{"name":"wp","href":"https:\/\/api.w.org\/{rel}","templated":true}]}}